{"id":3979,"date":"2025-06-09T10:43:53","date_gmt":"2025-06-09T10:43:53","guid":{"rendered":"https:\/\/www.happrunprojector.com\/?post_type=product&#038;p=3979"},"modified":"2025-10-15T09:18:20","modified_gmt":"2025-10-15T09:18:20","slug":"happrun-1080p-bluetooth-outdoor-home-theater-projector-hdmi-usb","status":"publish","type":"product","link":"https:\/\/www.happrunprojector.com\/sv\/happrun-1080p-bluetooth-utomhus-hemmabio-projektor-hdmi-usb\/","title":{"rendered":"HAPPRUN 1080P Bluetooth utomhus- och hemmabioprojektor (HDMI\/USB)"},"content":{"rendered":"<p data-start=\"390\" data-end=\"637\">Ta med dig biografen hem med <strong data-start=\"421\" data-end=\"458\">HAPPRUN Native 1080P HD-projektor<\/strong> - utformad f\u00f6r kristallklara bilder och omslutande ljud. Med en <strong data-start=\"524\" data-end=\"548\">\u00e4kta 240 ANSI-lumen<\/strong> ljusstyrka (ISO\/IEC 21118-kompatibel) f\u00e5r du \u00e4rlig prestanda utan uppbl\u00e5sta specifikationer.<\/p>\n<p data-start=\"639\" data-end=\"898\">Enkel installation med <strong data-start=\"667\" data-end=\"689\">E-Fokus-teknik<\/strong> - ett klick ger en skarp, fokuserad bild p\u00e5 n\u00e5gra sekunder.<br data-start=\"745\" data-end=\"748\" \/>Inbyggd <strong data-start=\"757\" data-end=\"783\">Bluetooth-anslutning<\/strong> g\u00f6r att du kan koppla ihop externa h\u00f6gtalare f\u00f6r ett fylligt surroundljud, oavsett om du tittar p\u00e5 film eller har fest.<\/p>\n<p data-start=\"900\" data-end=\"1076\">Denna projektor \u00e4r <strong data-start=\"918\" data-end=\"1002\">kompatibel med TV Stick, b\u00e4rbara datorer, smartphones, surfplattor, spelkonsoler m.m.<\/strong>vilket g\u00f6r den till ett m\u00e5ngsidigt underh\u00e5llningscenter f\u00f6r b\u00e5de inomhus- och utomhusbruk.<\/p>","protected":false},"excerpt":{"rendered":"<p>HAPPRUN 1080P-projektor med automatisk E-fokus, Bluetooth-ljud och 240 ANSI-lumen ljusstyrka. Perfekt f\u00f6r utomhusbio, hemmabio, spel och presentationer. Fungerar med HDMI, USB, TV Stick och smartphones.<\/p>","protected":false},"featured_media":3980,"comment_status":"open","ping_status":"closed","template":"","meta":{"_themeisle_gutenberg_block_has_review":false},"product_cat":[134],"product_tag":[],"class_list":{"0":"post-3979","1":"product","2":"type-product","3":"status-publish","4":"has-post-thumbnail","6":"product_cat-projector","8":"first","9":"instock","10":"sale","11":"shipping-taxable","12":"product-type-external"},"yoast_head":"<!-- This site is optimized with the Yoast SEO plugin v22.7 - https:\/\/yoast.com\/wordpress\/plugins\/seo\/ -->\n<title>HAPPRUN 1080P Bluetooth Outdoor &amp; Home Theater Projector (HDMI\/USB) - Happrun Projector<\/title>\n<meta name=\"description\" content=\"Experience crystal-clear 1080P visuals with Bluetooth audio &amp; E-focus. HAPPRUN projector \u2013 perfect for home theater, outdoor movies &amp; gaming.\" \/>\n<meta name=\"robots\" content=\"index, follow, max-snippet:-1, max-image-preview:large, max-video-preview:-1\" \/>\n<link rel=\"canonical\" href=\"https:\/\/www.happrunprojector.com\/sv\/happrun-1080p-bluetooth-outdoor-home-theater-projector-hdmi-usb\/\" \/>\n<meta property=\"og:locale\" content=\"sv_SE\" \/>\n<meta property=\"og:type\" content=\"article\" \/>\n<meta property=\"og:title\" content=\"HAPPRUN 1080P Bluetooth Outdoor &amp; Home Theater Projector (HDMI\/USB) - Happrun Projector\" \/>\n<meta property=\"og:description\" content=\"Experience crystal-clear 1080P visuals with Bluetooth audio &amp; E-focus. HAPPRUN projector \u2013 perfect for home theater, outdoor movies &amp; gaming.\" \/>\n<meta property=\"og:url\" content=\"https:\/\/www.happrunprojector.com\/sv\/happrun-1080p-bluetooth-outdoor-home-theater-projector-hdmi-usb\/\" \/>\n<meta property=\"og:site_name\" content=\"Happrun Projector\" \/>\n<meta property=\"article:modified_time\" content=\"2025-10-15T09:18:20+00:00\" \/>\n<meta property=\"og:image\" content=\"https:\/\/www.happrunprojector.com\/wp-content\/uploads\/2025\/06\/71J4E-mQikL._AC_SL1500_.jpg\" \/>\n\t<meta property=\"og:image:width\" content=\"1500\" \/>\n\t<meta property=\"og:image:height\" content=\"821\" \/>\n\t<meta property=\"og:image:type\" content=\"image\/jpeg\" \/>\n<meta name=\"twitter:card\" content=\"summary_large_image\" \/>\n<meta name=\"twitter:label1\" content=\"Ber\u00e4knad l\u00e4stid\" \/>\n\t<meta name=\"twitter:data1\" content=\"1 minut\" \/>\n<script type=\"application\/ld+json\" class=\"yoast-schema-graph\">{\"@context\":\"https:\/\/schema.org\",\"@graph\":[{\"@type\":\"WebPage\",\"@id\":\"https:\/\/www.happrunprojector.com\/happrun-1080p-bluetooth-outdoor-home-theater-projector-hdmi-usb\/\",\"url\":\"https:\/\/www.happrunprojector.com\/happrun-1080p-bluetooth-outdoor-home-theater-projector-hdmi-usb\/\",\"name\":\"HAPPRUN 1080P Bluetooth Outdoor & Home Theater Projector (HDMI\/USB) - Happrun Projector\",\"isPartOf\":{\"@id\":\"https:\/\/www.happrunprojector.com\/#website\"},\"primaryImageOfPage\":{\"@id\":\"https:\/\/www.happrunprojector.com\/happrun-1080p-bluetooth-outdoor-home-theater-projector-hdmi-usb\/#primaryimage\"},\"image\":{\"@id\":\"https:\/\/www.happrunprojector.com\/happrun-1080p-bluetooth-outdoor-home-theater-projector-hdmi-usb\/#primaryimage\"},\"thumbnailUrl\":\"https:\/\/www.happrunprojector.com\/wp-content\/uploads\/2025\/06\/71J4E-mQikL._AC_SL1500_.jpg\",\"datePublished\":\"2025-06-09T10:43:53+00:00\",\"dateModified\":\"2025-10-15T09:18:20+00:00\",\"description\":\"Experience crystal-clear 1080P visuals with Bluetooth audio & E-focus. HAPPRUN projector \u2013 perfect for home theater, outdoor movies & gaming.\",\"breadcrumb\":{\"@id\":\"https:\/\/www.happrunprojector.com\/happrun-1080p-bluetooth-outdoor-home-theater-projector-hdmi-usb\/#breadcrumb\"},\"inLanguage\":\"sv-SE\",\"potentialAction\":[{\"@type\":\"ReadAction\",\"target\":[\"https:\/\/www.happrunprojector.com\/happrun-1080p-bluetooth-outdoor-home-theater-projector-hdmi-usb\/\"]}]},{\"@type\":\"ImageObject\",\"inLanguage\":\"sv-SE\",\"@id\":\"https:\/\/www.happrunprojector.com\/happrun-1080p-bluetooth-outdoor-home-theater-projector-hdmi-usb\/#primaryimage\",\"url\":\"https:\/\/www.happrunprojector.com\/wp-content\/uploads\/2025\/06\/71J4E-mQikL._AC_SL1500_.jpg\",\"contentUrl\":\"https:\/\/www.happrunprojector.com\/wp-content\/uploads\/2025\/06\/71J4E-mQikL._AC_SL1500_.jpg\",\"width\":1500,\"height\":821,\"caption\":\"HAPPRUN 1080P Bluetooth Outdoor & Home Theater Projector (HDMI\/USB)\"},{\"@type\":\"BreadcrumbList\",\"@id\":\"https:\/\/www.happrunprojector.com\/happrun-1080p-bluetooth-outdoor-home-theater-projector-hdmi-usb\/#breadcrumb\",\"itemListElement\":[{\"@type\":\"ListItem\",\"position\":1,\"name\":\"Home\",\"item\":\"https:\/\/www.happrunprojector.com\/\"},{\"@type\":\"ListItem\",\"position\":2,\"name\":\"Shop\",\"item\":\"https:\/\/www.happrunprojector.com\/shop\/\"},{\"@type\":\"ListItem\",\"position\":3,\"name\":\"HAPPRUN 1080P Bluetooth Outdoor &#038; Home Theater Projector (HDMI\/USB)\"}]},{\"@type\":\"WebSite\",\"@id\":\"https:\/\/www.happrunprojector.com\/#website\",\"url\":\"https:\/\/www.happrunprojector.com\/\",\"name\":\"Happrun Projector\",\"description\":\"\",\"potentialAction\":[{\"@type\":\"SearchAction\",\"target\":{\"@type\":\"EntryPoint\",\"urlTemplate\":\"https:\/\/www.happrunprojector.com\/?s={search_term_string}\"},\"query-input\":\"required name=search_term_string\"}],\"inLanguage\":\"sv-SE\"}]}<\/script>\n<!-- \/ Yoast SEO plugin. -->","yoast_head_json":{"title":"HAPPRUN 1080P Bluetooth Outdoor & Home Theater Projector (HDMI\/USB) - Happrun Projector","description":"Experience crystal-clear 1080P visuals with Bluetooth audio & E-focus. HAPPRUN projector \u2013 perfect for home theater, outdoor movies & gaming.","robots":{"index":"index","follow":"follow","max-snippet":"max-snippet:-1","max-image-preview":"max-image-preview:large","max-video-preview":"max-video-preview:-1"},"canonical":"https:\/\/www.happrunprojector.com\/sv\/happrun-1080p-bluetooth-outdoor-home-theater-projector-hdmi-usb\/","og_locale":"sv_SE","og_type":"article","og_title":"HAPPRUN 1080P Bluetooth Outdoor & Home Theater Projector (HDMI\/USB) - Happrun Projector","og_description":"Experience crystal-clear 1080P visuals with Bluetooth audio & E-focus. HAPPRUN projector \u2013 perfect for home theater, outdoor movies & gaming.","og_url":"https:\/\/www.happrunprojector.com\/sv\/happrun-1080p-bluetooth-outdoor-home-theater-projector-hdmi-usb\/","og_site_name":"Happrun Projector","article_modified_time":"2025-10-15T09:18:20+00:00","og_image":[{"width":1500,"height":821,"url":"https:\/\/www.happrunprojector.com\/wp-content\/uploads\/2025\/06\/71J4E-mQikL._AC_SL1500_.jpg","type":"image\/jpeg"}],"twitter_card":"summary_large_image","twitter_misc":{"Ber\u00e4knad l\u00e4stid":"1 minut"},"schema":{"@context":"https:\/\/schema.org","@graph":[{"@type":"WebPage","@id":"https:\/\/www.happrunprojector.com\/happrun-1080p-bluetooth-outdoor-home-theater-projector-hdmi-usb\/","url":"https:\/\/www.happrunprojector.com\/happrun-1080p-bluetooth-outdoor-home-theater-projector-hdmi-usb\/","name":"HAPPRUN 1080P Bluetooth Outdoor & Home Theater Projector (HDMI\/USB) - Happrun Projector","isPartOf":{"@id":"https:\/\/www.happrunprojector.com\/#website"},"primaryImageOfPage":{"@id":"https:\/\/www.happrunprojector.com\/happrun-1080p-bluetooth-outdoor-home-theater-projector-hdmi-usb\/#primaryimage"},"image":{"@id":"https:\/\/www.happrunprojector.com\/happrun-1080p-bluetooth-outdoor-home-theater-projector-hdmi-usb\/#primaryimage"},"thumbnailUrl":"https:\/\/www.happrunprojector.com\/wp-content\/uploads\/2025\/06\/71J4E-mQikL._AC_SL1500_.jpg","datePublished":"2025-06-09T10:43:53+00:00","dateModified":"2025-10-15T09:18:20+00:00","description":"Experience crystal-clear 1080P visuals with Bluetooth audio & E-focus. HAPPRUN projector \u2013 perfect for home theater, outdoor movies & gaming.","breadcrumb":{"@id":"https:\/\/www.happrunprojector.com\/happrun-1080p-bluetooth-outdoor-home-theater-projector-hdmi-usb\/#breadcrumb"},"inLanguage":"sv-SE","potentialAction":[{"@type":"ReadAction","target":["https:\/\/www.happrunprojector.com\/happrun-1080p-bluetooth-outdoor-home-theater-projector-hdmi-usb\/"]}]},{"@type":"ImageObject","inLanguage":"sv-SE","@id":"https:\/\/www.happrunprojector.com\/happrun-1080p-bluetooth-outdoor-home-theater-projector-hdmi-usb\/#primaryimage","url":"https:\/\/www.happrunprojector.com\/wp-content\/uploads\/2025\/06\/71J4E-mQikL._AC_SL1500_.jpg","contentUrl":"https:\/\/www.happrunprojector.com\/wp-content\/uploads\/2025\/06\/71J4E-mQikL._AC_SL1500_.jpg","width":1500,"height":821,"caption":"HAPPRUN 1080P Bluetooth Outdoor & Home Theater Projector (HDMI\/USB)"},{"@type":"BreadcrumbList","@id":"https:\/\/www.happrunprojector.com\/happrun-1080p-bluetooth-outdoor-home-theater-projector-hdmi-usb\/#breadcrumb","itemListElement":[{"@type":"ListItem","position":1,"name":"Home","item":"https:\/\/www.happrunprojector.com\/"},{"@type":"ListItem","position":2,"name":"Shop","item":"https:\/\/www.happrunprojector.com\/shop\/"},{"@type":"ListItem","position":3,"name":"HAPPRUN 1080P Bluetooth Outdoor &#038; Home Theater Projector (HDMI\/USB)"}]},{"@type":"WebSite","@id":"https:\/\/www.happrunprojector.com\/#website","url":"https:\/\/www.happrunprojector.com\/","name":"Happrun Projector","description":"","potentialAction":[{"@type":"SearchAction","target":{"@type":"EntryPoint","urlTemplate":"https:\/\/www.happrunprojector.com\/?s={search_term_string}"},"query-input":"required name=search_term_string"}],"inLanguage":"sv-SE"}]}},"_links":{"self":[{"href":"https:\/\/www.happrunprojector.com\/sv\/wp-json\/wp\/v2\/product\/3979","targetHints":{"allow":["GET"]}}],"collection":[{"href":"https:\/\/www.happrunprojector.com\/sv\/wp-json\/wp\/v2\/product"}],"about":[{"href":"https:\/\/www.happrunprojector.com\/sv\/wp-json\/wp\/v2\/types\/product"}],"replies":[{"embeddable":true,"href":"https:\/\/www.happrunprojector.com\/sv\/wp-json\/wp\/v2\/comments?post=3979"}],"version-history":[{"count":1,"href":"https:\/\/www.happrunprojector.com\/sv\/wp-json\/wp\/v2\/product\/3979\/revisions"}],"predecessor-version":[{"id":3987,"href":"https:\/\/www.happrunprojector.com\/sv\/wp-json\/wp\/v2\/product\/3979\/revisions\/3987"}],"wp:featuredmedia":[{"embeddable":true,"href":"https:\/\/www.happrunprojector.com\/sv\/wp-json\/wp\/v2\/media\/3980"}],"wp:attachment":[{"href":"https:\/\/www.happrunprojector.com\/sv\/wp-json\/wp\/v2\/media?parent=3979"}],"wp:term":[{"taxonomy":"product_cat","embeddable":true,"href":"https:\/\/www.happrunprojector.com\/sv\/wp-json\/wp\/v2\/product_cat?post=3979"},{"taxonomy":"product_tag","embeddable":true,"href":"https:\/\/www.happrunprojector.com\/sv\/wp-json\/wp\/v2\/product_tag?post=3979"}],"curies":[{"name":"wp","href":"https:\/\/api.w.org\/{rel}","templated":true}]}}