{"id":3929,"date":"2025-04-28T08:07:00","date_gmt":"2025-04-28T08:07:00","guid":{"rendered":"https:\/\/www.happrunprojector.com\/?post_type=product&#038;p=3929"},"modified":"2025-04-28T08:07:01","modified_gmt":"2025-04-28T08:07:01","slug":"happrun-smart-projector-with-wifi-and-bluetooth-netflix-certified-400-ansi-native-1080p-dolby-audio","status":"publish","type":"product","link":"https:\/\/www.happrunprojector.com\/sv\/happrun-smart-projektor-med-wifi-och-bluetooth-netflix-certifierad-400-ansi-native-1080p-dolby-audio\/","title":{"rendered":"HAPPRUN Smart projektor med WiFi och Bluetooth - Netflix-certifierad, 400 ANSI, native 1080P, Dolby Audio"},"content":{"rendered":"<p class=\"\" data-start=\"367\" data-end=\"696\"><strong data-start=\"367\" data-end=\"444\">Ta med filmisk briljans till ditt hem med HAPPRUN Smart Projector!<\/strong><br data-start=\"444\" data-end=\"447\" \/>Med ett inbyggt Smart TV OS och officiella <strong data-start=\"488\" data-end=\"539\">Netflix, Prime Video och YouTube-certifiering<\/strong>kan du streama dina favoritprogram och filmer utan att beh\u00f6va n\u00e5gra externa enheter - smidigt, enkelt och officiellt licensierat f\u00f6r oavbruten underh\u00e5llning.<\/p>\n<p class=\"\" data-start=\"698\" data-end=\"934\"><strong data-start=\"698\" data-end=\"739\">Skarpare bilder med enkel installation:<\/strong><br data-start=\"739\" data-end=\"742\" \/>Med <strong data-start=\"752\" data-end=\"770\">elektriskt fokus<\/strong> och <strong data-start=\"775\" data-end=\"806\">4-punkts keystone-korrigering<\/strong>kan du justera bilden med ett enda tryck f\u00f6r att f\u00e5 en perfekt skarp och justerad bild, oavsett var projektorn \u00e4r placerad.<\/p>\n<p class=\"\" data-start=\"936\" data-end=\"1267\"><strong data-start=\"936\" data-end=\"974\">Exceptionellt ljud, b\u00e5de p\u00e5 insidan och utsidan:<\/strong><br data-start=\"974\" data-end=\"977\" \/>Njut av premiumljud med <strong data-start=\"1002\" data-end=\"1017\">Dolby Audio<\/strong> teknik och den inbyggda h\u00f6gtalaren, eller anslut externa h\u00f6gtalare via <strong data-start=\"1092\" data-end=\"1119\">dubbelriktad Bluetooth<\/strong> f\u00f6r en \u00e4nnu rikare upplevelse. Som en bonus f\u00e5r du dessutom en extra <strong data-start=\"1194\" data-end=\"1215\">Bluetooth-h\u00f6gtalare<\/strong> ing\u00e5r - perfekt f\u00f6r att uppgradera din hemmabio!<\/p>\n<p class=\"\" data-start=\"1269\" data-end=\"1591\"><strong data-start=\"1269\" data-end=\"1305\">Kompakt design, stor prestanda:<\/strong><br data-start=\"1305\" data-end=\"1308\" \/>Denna l\u00e4ttviktiga projektor \u00e4r <strong data-start=\"1338\" data-end=\"1370\">tillr\u00e4ckligt liten f\u00f6r att passa \u00f6verallt<\/strong> men tillr\u00e4ckligt kraftfull f\u00f6r att leverera <strong data-start=\"1402\" data-end=\"1432\">400 ANSI-lumen ljusstyrka<\/strong>, <strong data-start=\"1434\" data-end=\"1461\">inbyggd 1080P-uppl\u00f6sning<\/strong>och upp till en <strong data-start=\"1475\" data-end=\"1495\">200-tums sk\u00e4rm<\/strong>. Den <strong data-start=\"1501\" data-end=\"1539\">6-lagers h\u00f6gbrytande glaslins<\/strong> ger skarpa, levande bilder utan suddiga kanter.<\/p>\n<p class=\"\" data-start=\"1593\" data-end=\"1801\"><strong data-start=\"1593\" data-end=\"1623\">Smidig tr\u00e5dl\u00f6s streaming:<\/strong><br data-start=\"1623\" data-end=\"1626\" \/>Med <strong data-start=\"1631\" data-end=\"1659\">WiFi med dubbla band (5G\/2.4G)<\/strong> Support f\u00e5r du snabbare och stabilare anslutningar f\u00f6r filmer, spel och casting fr\u00e5n dina mobila enheter utan f\u00f6rdr\u00f6jningar eller avbrott.<\/p>\n<p class=\"\" data-start=\"1803\" data-end=\"2055\"><strong data-start=\"1803\" data-end=\"1837\">Byggd f\u00f6r l\u00e5ngvarig njutning:<\/strong><br data-start=\"1837\" data-end=\"1840\" \/>HAPPRUN-projektorn \u00e4r utformad med ett avancerat kyl- och dammt\u00e4tt system och ger en l\u00e4ngre livsl\u00e4ngd och j\u00e4mn prestanda. Dessutom kommer du att dra nytta av <strong data-start=\"1997\" data-end=\"2027\">Livstids teknisk support<\/strong> f\u00f6r fullst\u00e4ndig sinnesfrid.<\/p>\n<hr class=\"\" data-start=\"2057\" data-end=\"2060\" \/>\n<p class=\"\" data-start=\"2062\" data-end=\"2514\"><strong data-start=\"2062\" data-end=\"2079\">Viktiga egenskaper:<\/strong><br data-start=\"2079\" data-end=\"2082\" \/>\u2714 Officiellt licensierad Netflix-, Prime Video- och YouTube-\u00e5tkomst<br data-start=\"2144\" data-end=\"2147\" \/>\u2714 400 ANSI-lumen ljusstyrka och inbyggd 1080P-uppl\u00f6sning<br data-start=\"2203\" data-end=\"2206\" \/>\u2714 Elektrisk fokus och 4P keystone-korrigering f\u00f6r perfekt justering<br data-start=\"2271\" data-end=\"2274\" \/>\u2714 Inbyggt Dolby Audio-ljud + Bluetooth-h\u00f6gtalare ing\u00e5r som bonus<br data-start=\"2337\" data-end=\"2340\" \/>\u2714 St\u00f6djer WiFi 6 (5G\/2.4G) och dubbelriktad Bluetooth 5.2<br data-start=\"2399\" data-end=\"2402\" \/>\u2714 Max 200-tums storbildsprojektion<br data-start=\"2440\" data-end=\"2443\" \/>\u2714 Kompakt, l\u00e4tt och enkel att b\u00e4ra<br data-start=\"2484\" data-end=\"2487\" \/>\u2714 Livstids kundsupport<\/p>\n<hr class=\"\" data-start=\"2516\" data-end=\"2519\" \/>\n<p class=\"\" data-start=\"2521\" data-end=\"2667\"><strong data-start=\"2521\" data-end=\"2667\">Uppt\u00e4ck ett smartare, skarpare och kraftfullare s\u00e4tt att titta p\u00e5 med HAPPRUN Smart Projector - perfekt f\u00f6r alla rum, alla evenemang och alla \u00e4ventyr.<\/strong><\/p>","protected":false},"excerpt":{"rendered":"<p>\u2714 Officiellt licensierad Netflix-, Prime Video- och YouTube-\u00e5tkomst<br data-start=\"2144\" data-end=\"2147\" \/>\u2714 400 ANSI-lumen ljusstyrka och inbyggd 1080P-uppl\u00f6sning<br data-start=\"2203\" data-end=\"2206\" \/>\u2714 Elektrisk fokus och 4P keystone-korrigering f\u00f6r perfekt justering<br data-start=\"2271\" data-end=\"2274\" \/>\u2714 Inbyggt Dolby Audio-ljud + Bluetooth-h\u00f6gtalare ing\u00e5r som bonus<br data-start=\"2337\" data-end=\"2340\" \/>\u2714 St\u00f6djer WiFi 6 (5G\/2.4G) och dubbelriktad Bluetooth 5.2<br data-start=\"2399\" data-end=\"2402\" \/>\u2714 Max 200-tums storbildsprojektion<br data-start=\"2440\" data-end=\"2443\" \/>\u2714 Kompakt, l\u00e4tt och enkel att b\u00e4ra<br data-start=\"2484\" data-end=\"2487\" \/>\u2714 Livstids kundsupport<\/p>","protected":false},"featured_media":3931,"comment_status":"open","ping_status":"closed","template":"","meta":{"_themeisle_gutenberg_block_has_review":false},"product_cat":[134],"product_tag":[],"class_list":{"0":"post-3929","1":"product","2":"type-product","3":"status-publish","4":"has-post-thumbnail","6":"product_cat-projector","8":"first","9":"instock","10":"sale","11":"shipping-taxable","12":"product-type-external"},"yoast_head":"<!-- This site is optimized with the Yoast SEO plugin v22.7 - https:\/\/yoast.com\/wordpress\/plugins\/seo\/ -->\n<title>HAPPRUN Smart Projector with WiFi and Bluetooth \u2013 Netflix-Certified, 400 ANSI, Native 1080P, Dolby Audio - Happrun Projector<\/title>\n<meta name=\"description\" content=\"Bring cinematic brilliance to your home with the HAPPRUN Smart Projector!With a built-in Smart TV OS and official Netflix, Prime Video, and YouTube certification\" \/>\n<meta name=\"robots\" content=\"index, follow, max-snippet:-1, max-image-preview:large, max-video-preview:-1\" \/>\n<link rel=\"canonical\" href=\"https:\/\/www.happrunprojector.com\/sv\/happrun-smart-projector-with-wifi-and-bluetooth-netflix-certified-400-ansi-native-1080p-dolby-audio\/\" \/>\n<meta property=\"og:locale\" content=\"sv_SE\" \/>\n<meta property=\"og:type\" content=\"article\" \/>\n<meta property=\"og:title\" content=\"HAPPRUN Smart Projector with WiFi and Bluetooth \u2013 Netflix-Certified, 400 ANSI, Native 1080P, Dolby Audio - Happrun Projector\" \/>\n<meta property=\"og:description\" content=\"Bring cinematic brilliance to your home with the HAPPRUN Smart Projector!With a built-in Smart TV OS and official Netflix, Prime Video, and YouTube certification\" \/>\n<meta property=\"og:url\" content=\"https:\/\/www.happrunprojector.com\/sv\/happrun-smart-projector-with-wifi-and-bluetooth-netflix-certified-400-ansi-native-1080p-dolby-audio\/\" \/>\n<meta property=\"og:site_name\" content=\"Happrun Projector\" \/>\n<meta property=\"article:modified_time\" content=\"2025-04-28T08:07:01+00:00\" \/>\n<meta property=\"og:image\" content=\"https:\/\/www.happrunprojector.com\/wp-content\/uploads\/2025\/04\/71-ykfMp5L._AC_SL1500_.jpg\" \/>\n\t<meta property=\"og:image:width\" content=\"1500\" \/>\n\t<meta property=\"og:image:height\" content=\"1455\" \/>\n\t<meta property=\"og:image:type\" content=\"image\/jpeg\" \/>\n<meta name=\"twitter:card\" content=\"summary_large_image\" \/>\n<meta name=\"twitter:label1\" content=\"Ber\u00e4knad l\u00e4stid\" \/>\n\t<meta name=\"twitter:data1\" content=\"2 minuter\" \/>\n<script type=\"application\/ld+json\" class=\"yoast-schema-graph\">{\"@context\":\"https:\/\/schema.org\",\"@graph\":[{\"@type\":\"WebPage\",\"@id\":\"https:\/\/www.happrunprojector.com\/happrun-smart-projector-with-wifi-and-bluetooth-netflix-certified-400-ansi-native-1080p-dolby-audio\/\",\"url\":\"https:\/\/www.happrunprojector.com\/happrun-smart-projector-with-wifi-and-bluetooth-netflix-certified-400-ansi-native-1080p-dolby-audio\/\",\"name\":\"HAPPRUN Smart Projector with WiFi and Bluetooth \u2013 Netflix-Certified, 400 ANSI, Native 1080P, Dolby Audio - Happrun Projector\",\"isPartOf\":{\"@id\":\"https:\/\/www.happrunprojector.com\/#website\"},\"primaryImageOfPage\":{\"@id\":\"https:\/\/www.happrunprojector.com\/happrun-smart-projector-with-wifi-and-bluetooth-netflix-certified-400-ansi-native-1080p-dolby-audio\/#primaryimage\"},\"image\":{\"@id\":\"https:\/\/www.happrunprojector.com\/happrun-smart-projector-with-wifi-and-bluetooth-netflix-certified-400-ansi-native-1080p-dolby-audio\/#primaryimage\"},\"thumbnailUrl\":\"https:\/\/www.happrunprojector.com\/wp-content\/uploads\/2025\/04\/71-ykfMp5L._AC_SL1500_.jpg\",\"datePublished\":\"2025-04-28T08:07:00+00:00\",\"dateModified\":\"2025-04-28T08:07:01+00:00\",\"description\":\"Bring cinematic brilliance to your home with the HAPPRUN Smart Projector!With a built-in Smart TV OS and official Netflix, Prime Video, and YouTube certification\",\"breadcrumb\":{\"@id\":\"https:\/\/www.happrunprojector.com\/happrun-smart-projector-with-wifi-and-bluetooth-netflix-certified-400-ansi-native-1080p-dolby-audio\/#breadcrumb\"},\"inLanguage\":\"sv-SE\",\"potentialAction\":[{\"@type\":\"ReadAction\",\"target\":[\"https:\/\/www.happrunprojector.com\/happrun-smart-projector-with-wifi-and-bluetooth-netflix-certified-400-ansi-native-1080p-dolby-audio\/\"]}]},{\"@type\":\"ImageObject\",\"inLanguage\":\"sv-SE\",\"@id\":\"https:\/\/www.happrunprojector.com\/happrun-smart-projector-with-wifi-and-bluetooth-netflix-certified-400-ansi-native-1080p-dolby-audio\/#primaryimage\",\"url\":\"https:\/\/www.happrunprojector.com\/wp-content\/uploads\/2025\/04\/71-ykfMp5L._AC_SL1500_.jpg\",\"contentUrl\":\"https:\/\/www.happrunprojector.com\/wp-content\/uploads\/2025\/04\/71-ykfMp5L._AC_SL1500_.jpg\",\"width\":1500,\"height\":1455,\"caption\":\"HAPPRUN Smart Projector with WiFi and Bluetooth \u2013 Netflix-Certified, 400 ANSI, Native 1080P, Dolby Audio\"},{\"@type\":\"BreadcrumbList\",\"@id\":\"https:\/\/www.happrunprojector.com\/happrun-smart-projector-with-wifi-and-bluetooth-netflix-certified-400-ansi-native-1080p-dolby-audio\/#breadcrumb\",\"itemListElement\":[{\"@type\":\"ListItem\",\"position\":1,\"name\":\"Home\",\"item\":\"https:\/\/www.happrunprojector.com\/\"},{\"@type\":\"ListItem\",\"position\":2,\"name\":\"Shop\",\"item\":\"https:\/\/www.happrunprojector.com\/shop\/\"},{\"@type\":\"ListItem\",\"position\":3,\"name\":\"HAPPRUN Smart Projector with WiFi and Bluetooth \u2013 Netflix-Certified, 400 ANSI, Native 1080P, Dolby Audio\"}]},{\"@type\":\"WebSite\",\"@id\":\"https:\/\/www.happrunprojector.com\/#website\",\"url\":\"https:\/\/www.happrunprojector.com\/\",\"name\":\"Happrun Projector\",\"description\":\"\",\"potentialAction\":[{\"@type\":\"SearchAction\",\"target\":{\"@type\":\"EntryPoint\",\"urlTemplate\":\"https:\/\/www.happrunprojector.com\/?s={search_term_string}\"},\"query-input\":\"required name=search_term_string\"}],\"inLanguage\":\"sv-SE\"}]}<\/script>\n<!-- \/ Yoast SEO plugin. -->","yoast_head_json":{"title":"HAPPRUN Smart Projector with WiFi and Bluetooth \u2013 Netflix-Certified, 400 ANSI, Native 1080P, Dolby Audio - Happrun Projector","description":"Bring cinematic brilliance to your home with the HAPPRUN Smart Projector!With a built-in Smart TV OS and official Netflix, Prime Video, and YouTube certification","robots":{"index":"index","follow":"follow","max-snippet":"max-snippet:-1","max-image-preview":"max-image-preview:large","max-video-preview":"max-video-preview:-1"},"canonical":"https:\/\/www.happrunprojector.com\/sv\/happrun-smart-projector-with-wifi-and-bluetooth-netflix-certified-400-ansi-native-1080p-dolby-audio\/","og_locale":"sv_SE","og_type":"article","og_title":"HAPPRUN Smart Projector with WiFi and Bluetooth \u2013 Netflix-Certified, 400 ANSI, Native 1080P, Dolby Audio - Happrun Projector","og_description":"Bring cinematic brilliance to your home with the HAPPRUN Smart Projector!With a built-in Smart TV OS and official Netflix, Prime Video, and YouTube certification","og_url":"https:\/\/www.happrunprojector.com\/sv\/happrun-smart-projector-with-wifi-and-bluetooth-netflix-certified-400-ansi-native-1080p-dolby-audio\/","og_site_name":"Happrun Projector","article_modified_time":"2025-04-28T08:07:01+00:00","og_image":[{"width":1500,"height":1455,"url":"https:\/\/www.happrunprojector.com\/wp-content\/uploads\/2025\/04\/71-ykfMp5L._AC_SL1500_.jpg","type":"image\/jpeg"}],"twitter_card":"summary_large_image","twitter_misc":{"Ber\u00e4knad l\u00e4stid":"2 minuter"},"schema":{"@context":"https:\/\/schema.org","@graph":[{"@type":"WebPage","@id":"https:\/\/www.happrunprojector.com\/happrun-smart-projector-with-wifi-and-bluetooth-netflix-certified-400-ansi-native-1080p-dolby-audio\/","url":"https:\/\/www.happrunprojector.com\/happrun-smart-projector-with-wifi-and-bluetooth-netflix-certified-400-ansi-native-1080p-dolby-audio\/","name":"HAPPRUN Smart Projector with WiFi and Bluetooth \u2013 Netflix-Certified, 400 ANSI, Native 1080P, Dolby Audio - Happrun Projector","isPartOf":{"@id":"https:\/\/www.happrunprojector.com\/#website"},"primaryImageOfPage":{"@id":"https:\/\/www.happrunprojector.com\/happrun-smart-projector-with-wifi-and-bluetooth-netflix-certified-400-ansi-native-1080p-dolby-audio\/#primaryimage"},"image":{"@id":"https:\/\/www.happrunprojector.com\/happrun-smart-projector-with-wifi-and-bluetooth-netflix-certified-400-ansi-native-1080p-dolby-audio\/#primaryimage"},"thumbnailUrl":"https:\/\/www.happrunprojector.com\/wp-content\/uploads\/2025\/04\/71-ykfMp5L._AC_SL1500_.jpg","datePublished":"2025-04-28T08:07:00+00:00","dateModified":"2025-04-28T08:07:01+00:00","description":"Bring cinematic brilliance to your home with the HAPPRUN Smart Projector!With a built-in Smart TV OS and official Netflix, Prime Video, and YouTube certification","breadcrumb":{"@id":"https:\/\/www.happrunprojector.com\/happrun-smart-projector-with-wifi-and-bluetooth-netflix-certified-400-ansi-native-1080p-dolby-audio\/#breadcrumb"},"inLanguage":"sv-SE","potentialAction":[{"@type":"ReadAction","target":["https:\/\/www.happrunprojector.com\/happrun-smart-projector-with-wifi-and-bluetooth-netflix-certified-400-ansi-native-1080p-dolby-audio\/"]}]},{"@type":"ImageObject","inLanguage":"sv-SE","@id":"https:\/\/www.happrunprojector.com\/happrun-smart-projector-with-wifi-and-bluetooth-netflix-certified-400-ansi-native-1080p-dolby-audio\/#primaryimage","url":"https:\/\/www.happrunprojector.com\/wp-content\/uploads\/2025\/04\/71-ykfMp5L._AC_SL1500_.jpg","contentUrl":"https:\/\/www.happrunprojector.com\/wp-content\/uploads\/2025\/04\/71-ykfMp5L._AC_SL1500_.jpg","width":1500,"height":1455,"caption":"HAPPRUN Smart Projector with WiFi and Bluetooth \u2013 Netflix-Certified, 400 ANSI, Native 1080P, Dolby Audio"},{"@type":"BreadcrumbList","@id":"https:\/\/www.happrunprojector.com\/happrun-smart-projector-with-wifi-and-bluetooth-netflix-certified-400-ansi-native-1080p-dolby-audio\/#breadcrumb","itemListElement":[{"@type":"ListItem","position":1,"name":"Home","item":"https:\/\/www.happrunprojector.com\/"},{"@type":"ListItem","position":2,"name":"Shop","item":"https:\/\/www.happrunprojector.com\/shop\/"},{"@type":"ListItem","position":3,"name":"HAPPRUN Smart Projector with WiFi and Bluetooth \u2013 Netflix-Certified, 400 ANSI, Native 1080P, Dolby Audio"}]},{"@type":"WebSite","@id":"https:\/\/www.happrunprojector.com\/#website","url":"https:\/\/www.happrunprojector.com\/","name":"Happrun Projector","description":"","potentialAction":[{"@type":"SearchAction","target":{"@type":"EntryPoint","urlTemplate":"https:\/\/www.happrunprojector.com\/?s={search_term_string}"},"query-input":"required name=search_term_string"}],"inLanguage":"sv-SE"}]}},"_links":{"self":[{"href":"https:\/\/www.happrunprojector.com\/sv\/wp-json\/wp\/v2\/product\/3929","targetHints":{"allow":["GET"]}}],"collection":[{"href":"https:\/\/www.happrunprojector.com\/sv\/wp-json\/wp\/v2\/product"}],"about":[{"href":"https:\/\/www.happrunprojector.com\/sv\/wp-json\/wp\/v2\/types\/product"}],"replies":[{"embeddable":true,"href":"https:\/\/www.happrunprojector.com\/sv\/wp-json\/wp\/v2\/comments?post=3929"}],"version-history":[{"count":1,"href":"https:\/\/www.happrunprojector.com\/sv\/wp-json\/wp\/v2\/product\/3929\/revisions"}],"predecessor-version":[{"id":3938,"href":"https:\/\/www.happrunprojector.com\/sv\/wp-json\/wp\/v2\/product\/3929\/revisions\/3938"}],"wp:featuredmedia":[{"embeddable":true,"href":"https:\/\/www.happrunprojector.com\/sv\/wp-json\/wp\/v2\/media\/3931"}],"wp:attachment":[{"href":"https:\/\/www.happrunprojector.com\/sv\/wp-json\/wp\/v2\/media?parent=3929"}],"wp:term":[{"taxonomy":"product_cat","embeddable":true,"href":"https:\/\/www.happrunprojector.com\/sv\/wp-json\/wp\/v2\/product_cat?post=3929"},{"taxonomy":"product_tag","embeddable":true,"href":"https:\/\/www.happrunprojector.com\/sv\/wp-json\/wp\/v2\/product_tag?post=3929"}],"curies":[{"name":"wp","href":"https:\/\/api.w.org\/{rel}","templated":true}]}}