{"id":3910,"date":"2025-04-28T07:24:48","date_gmt":"2025-04-28T07:24:48","guid":{"rendered":"https:\/\/www.happrunprojector.com\/?post_type=product&#038;p=3910"},"modified":"2025-04-28T07:24:49","modified_gmt":"2025-04-28T07:24:49","slug":"120-inch-projector-screen-169-foldable-anti-crease-portable-polyester-screen-for-home-theater","status":"publish","type":"product","link":"https:\/\/www.happrunprojector.com\/sv\/120-tums-projektorskarm-169-vikbar-anti-veck-barbar-polyesterskarm-for-hemmabio\/","title":{"rendered":"120-tums projektorduk - 16:9 vikbar, antikreas, b\u00e4rbar polyestersk\u00e4rm f\u00f6r hemmabio"},"content":{"rendered":"<p class=\"\" data-start=\"266\" data-end=\"718\">Njut av kristallklara filmkv\u00e4llar var som helst med denna <strong data-start=\"334\" data-end=\"372\">120-tums vikbar projektorduk<\/strong>!<br data-start=\"373\" data-end=\"376\" \/>Tillverkad av premium <strong data-start=\"397\" data-end=\"425\">tyg av naturlig polyester<\/strong>ger den skarpare och ljusare bilder med <strong data-start=\"469\" data-end=\"484\">anti-kreas<\/strong> teknik, vilket ger en sl\u00e4t yta \u00e4ven efter vikning. Den <strong data-start=\"547\" data-end=\"573\">16:9 widescreen-format<\/strong> och <strong data-start=\"578\" data-end=\"605\">104\u2033 x 58\u2033 visningsyta<\/strong> \u00e4r perfekta f\u00f6r att skapa en \u00e4kta bioupplevelse hemma, p\u00e5 bakg\u00e5rden eller under f\u00f6retagspresentationer.<\/p>\n<p class=\"\" data-start=\"720\" data-end=\"1014\">L\u00e4tt och ultraportabel, sk\u00e4rmen kan vikas ihop kompakt f\u00f6r att enkelt f\u00e5 plats i din <strong data-start=\"808\" data-end=\"832\">ryggs\u00e4ck eller resv\u00e4ska<\/strong>. Den st\u00f6der <strong data-start=\"846\" data-end=\"880\">b\u00e5de fram\u00e5t- och bak\u00e5tprojektion<\/strong> och kan vara <strong data-start=\"892\" data-end=\"911\">snabbt monterad<\/strong> med hj\u00e4lp av krokar, rep, spikar, dubbelsidig tejp eller ett f\u00e4ste - vilket g\u00f6r installationen enkel var du \u00e4n befinner dig.<\/p>\n<p class=\"\" data-start=\"1016\" data-end=\"1165\"><strong data-start=\"1016\" data-end=\"1032\">Perfekt f\u00f6r:<\/strong><br data-start=\"1032\" data-end=\"1035\" \/>\ud83c\udfac Hemmabiografer<br data-start=\"1051\" data-end=\"1054\" \/>\ud83c\udfe1 Filmkv\u00e4llar utomhus<br data-start=\"1077\" data-end=\"1080\" \/>\ud83c\udfe2 Presentationer p\u00e5 kontoret<br data-start=\"1103\" data-end=\"1106\" \/>\ud83c\udfeb Pedagogiska uppl\u00e4gg<br data-start=\"1127\" data-end=\"1130\" \/>\ud83c\udf89 Offentliga uppvisningar och firanden<\/p>\n<p class=\"\" data-start=\"1167\" data-end=\"1252\">Skapa of\u00f6rgl\u00f6mliga visnings\u00f6gonblick n\u00e4r som helst, var som helst - enkelt, skarpt och s\u00f6ml\u00f6st!<\/p>","protected":false},"excerpt":{"rendered":"<p class=\"\" data-start=\"1016\" data-end=\"1165\"><strong data-start=\"1016\" data-end=\"1032\">Perfekt f\u00f6r:<\/strong><br data-start=\"1032\" data-end=\"1035\" \/>\ud83c\udfac Hemmabiografer<br data-start=\"1051\" data-end=\"1054\" \/>\ud83c\udfe1 Filmkv\u00e4llar utomhus<br data-start=\"1077\" data-end=\"1080\" \/>\ud83c\udfe2 Presentationer p\u00e5 kontoret<br data-start=\"1103\" data-end=\"1106\" \/>\ud83c\udfeb Pedagogiska uppl\u00e4gg<br data-start=\"1127\" data-end=\"1130\" \/>\ud83c\udf89 Offentliga uppvisningar och firanden<\/p>\n<p class=\"\" data-start=\"1167\" data-end=\"1252\">Skapa of\u00f6rgl\u00f6mliga visnings\u00f6gonblick n\u00e4r som helst, var som helst - enkelt, skarpt och s\u00f6ml\u00f6st!<\/p>","protected":false},"featured_media":3911,"comment_status":"open","ping_status":"closed","template":"","meta":{"_themeisle_gutenberg_block_has_review":false},"product_cat":[137],"product_tag":[],"class_list":{"0":"post-3910","1":"product","2":"type-product","3":"status-publish","4":"has-post-thumbnail","6":"product_cat-projector-screen","8":"first","9":"instock","10":"sale","11":"shipping-taxable","12":"product-type-external"},"yoast_head":"<!-- This site is optimized with the Yoast SEO plugin v22.7 - https:\/\/yoast.com\/wordpress\/plugins\/seo\/ -->\n<title>120-Inch Projector Screen \u2013 16:9 Foldable, Anti-Crease, Portable Polyester Screen for Home Theater - Happrun Projector<\/title>\n<meta name=\"description\" content=\"Enjoy crystal-clear movie nights anywhere with this 120-inch Foldable Projector Screen!Crafted from premium natural polyester fabric, it delivers sharper, brighter images with anti-crease technology\" \/>\n<meta name=\"robots\" content=\"index, follow, max-snippet:-1, max-image-preview:large, max-video-preview:-1\" \/>\n<link rel=\"canonical\" href=\"https:\/\/www.happrunprojector.com\/sv\/120-inch-projector-screen-169-foldable-anti-crease-portable-polyester-screen-for-home-theater\/\" \/>\n<meta property=\"og:locale\" content=\"sv_SE\" \/>\n<meta property=\"og:type\" content=\"article\" \/>\n<meta property=\"og:title\" content=\"120-Inch Projector Screen \u2013 16:9 Foldable, Anti-Crease, Portable Polyester Screen for Home Theater - Happrun Projector\" \/>\n<meta property=\"og:description\" content=\"Enjoy crystal-clear movie nights anywhere with this 120-inch Foldable Projector Screen!Crafted from premium natural polyester fabric, it delivers sharper, brighter images with anti-crease technology\" \/>\n<meta property=\"og:url\" content=\"https:\/\/www.happrunprojector.com\/sv\/120-inch-projector-screen-169-foldable-anti-crease-portable-polyester-screen-for-home-theater\/\" \/>\n<meta property=\"og:site_name\" content=\"Happrun Projector\" \/>\n<meta property=\"article:modified_time\" content=\"2025-04-28T07:24:49+00:00\" \/>\n<meta property=\"og:image\" content=\"https:\/\/www.happrunprojector.com\/wp-content\/uploads\/2025\/04\/81lKMedjwaS._AC_SL1500_.jpg\" \/>\n\t<meta property=\"og:image:width\" content=\"1446\" \/>\n\t<meta property=\"og:image:height\" content=\"1482\" \/>\n\t<meta property=\"og:image:type\" content=\"image\/jpeg\" \/>\n<meta name=\"twitter:card\" content=\"summary_large_image\" \/>\n<meta name=\"twitter:label1\" content=\"Ber\u00e4knad l\u00e4stid\" \/>\n\t<meta name=\"twitter:data1\" content=\"1 minut\" \/>\n<script type=\"application\/ld+json\" class=\"yoast-schema-graph\">{\"@context\":\"https:\/\/schema.org\",\"@graph\":[{\"@type\":\"WebPage\",\"@id\":\"https:\/\/www.happrunprojector.com\/120-inch-projector-screen-169-foldable-anti-crease-portable-polyester-screen-for-home-theater\/\",\"url\":\"https:\/\/www.happrunprojector.com\/120-inch-projector-screen-169-foldable-anti-crease-portable-polyester-screen-for-home-theater\/\",\"name\":\"120-Inch Projector Screen \u2013 16:9 Foldable, Anti-Crease, Portable Polyester Screen for Home Theater - Happrun Projector\",\"isPartOf\":{\"@id\":\"https:\/\/www.happrunprojector.com\/#website\"},\"primaryImageOfPage\":{\"@id\":\"https:\/\/www.happrunprojector.com\/120-inch-projector-screen-169-foldable-anti-crease-portable-polyester-screen-for-home-theater\/#primaryimage\"},\"image\":{\"@id\":\"https:\/\/www.happrunprojector.com\/120-inch-projector-screen-169-foldable-anti-crease-portable-polyester-screen-for-home-theater\/#primaryimage\"},\"thumbnailUrl\":\"https:\/\/www.happrunprojector.com\/wp-content\/uploads\/2025\/04\/81lKMedjwaS._AC_SL1500_.jpg\",\"datePublished\":\"2025-04-28T07:24:48+00:00\",\"dateModified\":\"2025-04-28T07:24:49+00:00\",\"description\":\"Enjoy crystal-clear movie nights anywhere with this 120-inch Foldable Projector Screen!Crafted from premium natural polyester fabric, it delivers sharper, brighter images with anti-crease technology\",\"breadcrumb\":{\"@id\":\"https:\/\/www.happrunprojector.com\/120-inch-projector-screen-169-foldable-anti-crease-portable-polyester-screen-for-home-theater\/#breadcrumb\"},\"inLanguage\":\"sv-SE\",\"potentialAction\":[{\"@type\":\"ReadAction\",\"target\":[\"https:\/\/www.happrunprojector.com\/120-inch-projector-screen-169-foldable-anti-crease-portable-polyester-screen-for-home-theater\/\"]}]},{\"@type\":\"ImageObject\",\"inLanguage\":\"sv-SE\",\"@id\":\"https:\/\/www.happrunprojector.com\/120-inch-projector-screen-169-foldable-anti-crease-portable-polyester-screen-for-home-theater\/#primaryimage\",\"url\":\"https:\/\/www.happrunprojector.com\/wp-content\/uploads\/2025\/04\/81lKMedjwaS._AC_SL1500_.jpg\",\"contentUrl\":\"https:\/\/www.happrunprojector.com\/wp-content\/uploads\/2025\/04\/81lKMedjwaS._AC_SL1500_.jpg\",\"width\":1446,\"height\":1482,\"caption\":\"120-Inch Projector Screen \u2013 16:9 Foldable, Anti-Crease, Portable Polyester Screen for Home Theater\"},{\"@type\":\"BreadcrumbList\",\"@id\":\"https:\/\/www.happrunprojector.com\/120-inch-projector-screen-169-foldable-anti-crease-portable-polyester-screen-for-home-theater\/#breadcrumb\",\"itemListElement\":[{\"@type\":\"ListItem\",\"position\":1,\"name\":\"Home\",\"item\":\"https:\/\/www.happrunprojector.com\/\"},{\"@type\":\"ListItem\",\"position\":2,\"name\":\"Shop\",\"item\":\"https:\/\/www.happrunprojector.com\/shop\/\"},{\"@type\":\"ListItem\",\"position\":3,\"name\":\"120-Inch Projector Screen \u2013 16:9 Foldable, Anti-Crease, Portable Polyester Screen for Home Theater\"}]},{\"@type\":\"WebSite\",\"@id\":\"https:\/\/www.happrunprojector.com\/#website\",\"url\":\"https:\/\/www.happrunprojector.com\/\",\"name\":\"Happrun Projector\",\"description\":\"\",\"potentialAction\":[{\"@type\":\"SearchAction\",\"target\":{\"@type\":\"EntryPoint\",\"urlTemplate\":\"https:\/\/www.happrunprojector.com\/?s={search_term_string}\"},\"query-input\":\"required name=search_term_string\"}],\"inLanguage\":\"sv-SE\"}]}<\/script>\n<!-- \/ Yoast SEO plugin. -->","yoast_head_json":{"title":"120-Inch Projector Screen \u2013 16:9 Foldable, Anti-Crease, Portable Polyester Screen for Home Theater - Happrun Projector","description":"Enjoy crystal-clear movie nights anywhere with this 120-inch Foldable Projector Screen!Crafted from premium natural polyester fabric, it delivers sharper, brighter images with anti-crease technology","robots":{"index":"index","follow":"follow","max-snippet":"max-snippet:-1","max-image-preview":"max-image-preview:large","max-video-preview":"max-video-preview:-1"},"canonical":"https:\/\/www.happrunprojector.com\/sv\/120-inch-projector-screen-169-foldable-anti-crease-portable-polyester-screen-for-home-theater\/","og_locale":"sv_SE","og_type":"article","og_title":"120-Inch Projector Screen \u2013 16:9 Foldable, Anti-Crease, Portable Polyester Screen for Home Theater - Happrun Projector","og_description":"Enjoy crystal-clear movie nights anywhere with this 120-inch Foldable Projector Screen!Crafted from premium natural polyester fabric, it delivers sharper, brighter images with anti-crease technology","og_url":"https:\/\/www.happrunprojector.com\/sv\/120-inch-projector-screen-169-foldable-anti-crease-portable-polyester-screen-for-home-theater\/","og_site_name":"Happrun Projector","article_modified_time":"2025-04-28T07:24:49+00:00","og_image":[{"width":1446,"height":1482,"url":"https:\/\/www.happrunprojector.com\/wp-content\/uploads\/2025\/04\/81lKMedjwaS._AC_SL1500_.jpg","type":"image\/jpeg"}],"twitter_card":"summary_large_image","twitter_misc":{"Ber\u00e4knad l\u00e4stid":"1 minut"},"schema":{"@context":"https:\/\/schema.org","@graph":[{"@type":"WebPage","@id":"https:\/\/www.happrunprojector.com\/120-inch-projector-screen-169-foldable-anti-crease-portable-polyester-screen-for-home-theater\/","url":"https:\/\/www.happrunprojector.com\/120-inch-projector-screen-169-foldable-anti-crease-portable-polyester-screen-for-home-theater\/","name":"120-Inch Projector Screen \u2013 16:9 Foldable, Anti-Crease, Portable Polyester Screen for Home Theater - Happrun Projector","isPartOf":{"@id":"https:\/\/www.happrunprojector.com\/#website"},"primaryImageOfPage":{"@id":"https:\/\/www.happrunprojector.com\/120-inch-projector-screen-169-foldable-anti-crease-portable-polyester-screen-for-home-theater\/#primaryimage"},"image":{"@id":"https:\/\/www.happrunprojector.com\/120-inch-projector-screen-169-foldable-anti-crease-portable-polyester-screen-for-home-theater\/#primaryimage"},"thumbnailUrl":"https:\/\/www.happrunprojector.com\/wp-content\/uploads\/2025\/04\/81lKMedjwaS._AC_SL1500_.jpg","datePublished":"2025-04-28T07:24:48+00:00","dateModified":"2025-04-28T07:24:49+00:00","description":"Enjoy crystal-clear movie nights anywhere with this 120-inch Foldable Projector Screen!Crafted from premium natural polyester fabric, it delivers sharper, brighter images with anti-crease technology","breadcrumb":{"@id":"https:\/\/www.happrunprojector.com\/120-inch-projector-screen-169-foldable-anti-crease-portable-polyester-screen-for-home-theater\/#breadcrumb"},"inLanguage":"sv-SE","potentialAction":[{"@type":"ReadAction","target":["https:\/\/www.happrunprojector.com\/120-inch-projector-screen-169-foldable-anti-crease-portable-polyester-screen-for-home-theater\/"]}]},{"@type":"ImageObject","inLanguage":"sv-SE","@id":"https:\/\/www.happrunprojector.com\/120-inch-projector-screen-169-foldable-anti-crease-portable-polyester-screen-for-home-theater\/#primaryimage","url":"https:\/\/www.happrunprojector.com\/wp-content\/uploads\/2025\/04\/81lKMedjwaS._AC_SL1500_.jpg","contentUrl":"https:\/\/www.happrunprojector.com\/wp-content\/uploads\/2025\/04\/81lKMedjwaS._AC_SL1500_.jpg","width":1446,"height":1482,"caption":"120-Inch Projector Screen \u2013 16:9 Foldable, Anti-Crease, Portable Polyester Screen for Home Theater"},{"@type":"BreadcrumbList","@id":"https:\/\/www.happrunprojector.com\/120-inch-projector-screen-169-foldable-anti-crease-portable-polyester-screen-for-home-theater\/#breadcrumb","itemListElement":[{"@type":"ListItem","position":1,"name":"Home","item":"https:\/\/www.happrunprojector.com\/"},{"@type":"ListItem","position":2,"name":"Shop","item":"https:\/\/www.happrunprojector.com\/shop\/"},{"@type":"ListItem","position":3,"name":"120-Inch Projector Screen \u2013 16:9 Foldable, Anti-Crease, Portable Polyester Screen for Home Theater"}]},{"@type":"WebSite","@id":"https:\/\/www.happrunprojector.com\/#website","url":"https:\/\/www.happrunprojector.com\/","name":"Happrun Projector","description":"","potentialAction":[{"@type":"SearchAction","target":{"@type":"EntryPoint","urlTemplate":"https:\/\/www.happrunprojector.com\/?s={search_term_string}"},"query-input":"required name=search_term_string"}],"inLanguage":"sv-SE"}]}},"_links":{"self":[{"href":"https:\/\/www.happrunprojector.com\/sv\/wp-json\/wp\/v2\/product\/3910","targetHints":{"allow":["GET"]}}],"collection":[{"href":"https:\/\/www.happrunprojector.com\/sv\/wp-json\/wp\/v2\/product"}],"about":[{"href":"https:\/\/www.happrunprojector.com\/sv\/wp-json\/wp\/v2\/types\/product"}],"replies":[{"embeddable":true,"href":"https:\/\/www.happrunprojector.com\/sv\/wp-json\/wp\/v2\/comments?post=3910"}],"version-history":[{"count":1,"href":"https:\/\/www.happrunprojector.com\/sv\/wp-json\/wp\/v2\/product\/3910\/revisions"}],"predecessor-version":[{"id":3912,"href":"https:\/\/www.happrunprojector.com\/sv\/wp-json\/wp\/v2\/product\/3910\/revisions\/3912"}],"wp:featuredmedia":[{"embeddable":true,"href":"https:\/\/www.happrunprojector.com\/sv\/wp-json\/wp\/v2\/media\/3911"}],"wp:attachment":[{"href":"https:\/\/www.happrunprojector.com\/sv\/wp-json\/wp\/v2\/media?parent=3910"}],"wp:term":[{"taxonomy":"product_cat","embeddable":true,"href":"https:\/\/www.happrunprojector.com\/sv\/wp-json\/wp\/v2\/product_cat?post=3910"},{"taxonomy":"product_tag","embeddable":true,"href":"https:\/\/www.happrunprojector.com\/sv\/wp-json\/wp\/v2\/product_tag?post=3910"}],"curies":[{"name":"wp","href":"https:\/\/api.w.org\/{rel}","templated":true}]}}