{"id":3905,"date":"2025-04-28T07:19:22","date_gmt":"2025-04-28T07:19:22","guid":{"rendered":"https:\/\/www.happrunprojector.com\/?post_type=product&#038;p=3905"},"modified":"2025-04-28T07:19:23","modified_gmt":"2025-04-28T07:19:23","slug":"16ft-inflatable-movie-screen-for-outdoor-projector-front-rear-projection-quick-inflate-with-180w-air-blower","status":"publish","type":"product","link":"https:\/\/www.happrunprojector.com\/sv\/16ft-uppblasbar-filmduk-for-utomhusprojektor-framre-bakprojektion-snabb-uppblasning-med-180w-luftblasare\/","title":{"rendered":"16FT uppbl\u00e5sbar filmduk f\u00f6r utomhusprojektor - projektion framifr\u00e5n och bakifr\u00e5n, snabb uppbl\u00e5sning med 180W luftbl\u00e5sare"},"content":{"rendered":"<p class=\"\" data-start=\"327\" data-end=\"680\">F\u00f6rvandla alla utomhusutrymmen till en privat biograf med denna <strong data-start=\"403\" data-end=\"438\">16-fots uppbl\u00e5sbar filmduk<\/strong>!<br data-start=\"439\" data-end=\"442\" \/>Tillverkad av uppgraderad f\u00f6rtjockad polyester och slitstark 210D oxfordv\u00e4v, st\u00f6der den <strong data-start=\"527\" data-end=\"561\">b\u00e5de fram\u00e5t- och bak\u00e5tprojektion<\/strong>som erbjuder livfulla f\u00e4rger, en <strong data-start=\"590\" data-end=\"617\">160\u00b0 bred betraktningsvinkel<\/strong>och en <strong data-start=\"625\" data-end=\"646\">16:9 bildf\u00f6rh\u00e5llande<\/strong> f\u00f6r en verkligt uppslukande upplevelse.<\/p>\n<p class=\"\" data-start=\"682\" data-end=\"1067\">Tack vare <strong data-start=\"696\" data-end=\"722\">h\u00f6geffektiv 180W fl\u00e4kt<\/strong>sk\u00e4rmen bl\u00e5ses upp p\u00e5 bara <strong data-start=\"752\" data-end=\"765\">2 minuter<\/strong> och f\u00f6rblir fullt uppbl\u00e5st under hela showen. Installationen \u00e4r snabb och enkel - med medf\u00f6ljande <strong data-start=\"853\" data-end=\"894\">p\u00e5lar, f\u00f6rankringsanordningar och en b\u00e4rv\u00e4ska<\/strong> f\u00f6r enkel transport och f\u00f6rvaring. Den <strong data-start=\"937\" data-end=\"975\">avtagbar, maskintv\u00e4ttbar sk\u00e4rm<\/strong> g\u00f6r reng\u00f6ring och underh\u00e5ll enkelt, s\u00e5 att din sk\u00e4rm f\u00f6rblir perfekt efter varje evenemang.<\/p>\n<p class=\"\" data-start=\"1069\" data-end=\"1238\">Oavsett om det \u00e4r en <strong data-start=\"1084\" data-end=\"1162\">filmkv\u00e4ll i tr\u00e4dg\u00e5rden, campingresa, f\u00f6delsedagsfest eller br\u00f6llopsfirande<\/strong>Med denna b\u00e4rbara uppbl\u00e5sbara sk\u00e4rm kan du skapa magi p\u00e5 storbildssk\u00e4rmen var du \u00e4n g\u00e5r!<\/p>\n<p class=\"\" data-start=\"1240\" data-end=\"1443\"><strong data-start=\"1240\" data-end=\"1255\">H\u00f6jdpunkter:<\/strong><br data-start=\"1255\" data-end=\"1258\" \/>\u2714 St\u00f6djer projektion framifr\u00e5n och bakifr\u00e5n<br data-start=\"1292\" data-end=\"1295\" \/>\u2714 Bl\u00e5ses upp p\u00e5 bara 2 minuter<br data-start=\"1323\" data-end=\"1326\" \/>\u2714 Slitstarka och tv\u00e4ttbara material<br data-start=\"1358\" data-end=\"1361\" \/>\u2714 Enkel installation med medf\u00f6ljande tillbeh\u00f6r<br data-start=\"1399\" data-end=\"1402\" \/>\u2714 L\u00e4tt och b\u00e4rbar med b\u00e4rv\u00e4ska<\/p>","protected":false},"excerpt":{"rendered":"<p>\u2714 St\u00f6djer projektion framifr\u00e5n och bakifr\u00e5n<br data-start=\"1292\" data-end=\"1295\" \/>\u2714 Bl\u00e5ses upp p\u00e5 bara 2 minuter<br data-start=\"1323\" data-end=\"1326\" \/>\u2714 Slitstarka och tv\u00e4ttbara material<br data-start=\"1358\" data-end=\"1361\" \/>\u2714 Enkel installation med medf\u00f6ljande tillbeh\u00f6r<br data-start=\"1399\" data-end=\"1402\" \/>\u2714 L\u00e4tt och b\u00e4rbar med b\u00e4rv\u00e4ska<\/p>","protected":false},"featured_media":3906,"comment_status":"open","ping_status":"closed","template":"","meta":{"_themeisle_gutenberg_block_has_review":false},"product_cat":[137],"product_tag":[],"class_list":{"0":"post-3905","1":"product","2":"type-product","3":"status-publish","4":"has-post-thumbnail","6":"product_cat-projector-screen","8":"first","9":"instock","10":"sale","11":"shipping-taxable","12":"product-type-external"},"yoast_head":"<!-- This site is optimized with the Yoast SEO plugin v22.7 - https:\/\/yoast.com\/wordpress\/plugins\/seo\/ -->\n<title>16FT Inflatable Movie Screen for Outdoor Projector \u2013 Front\/Rear Projection, Quick Inflate with 180W Air Blower - Happrun Projector<\/title>\n<meta name=\"description\" content=\"Transform any outdoor space into a private cinema with this 16-foot Inflatable Movie Screen!Crafted from upgraded thickened polyester and durable 210D oxford cloth, it supports both front and rear projection\" \/>\n<meta name=\"robots\" content=\"index, follow, max-snippet:-1, max-image-preview:large, max-video-preview:-1\" \/>\n<link rel=\"canonical\" href=\"https:\/\/www.happrunprojector.com\/sv\/16ft-inflatable-movie-screen-for-outdoor-projector-front-rear-projection-quick-inflate-with-180w-air-blower\/\" \/>\n<meta property=\"og:locale\" content=\"sv_SE\" \/>\n<meta property=\"og:type\" content=\"article\" \/>\n<meta property=\"og:title\" content=\"16FT Inflatable Movie Screen for Outdoor Projector \u2013 Front\/Rear Projection, Quick Inflate with 180W Air Blower - Happrun Projector\" \/>\n<meta property=\"og:description\" content=\"Transform any outdoor space into a private cinema with this 16-foot Inflatable Movie Screen!Crafted from upgraded thickened polyester and durable 210D oxford cloth, it supports both front and rear projection\" \/>\n<meta property=\"og:url\" content=\"https:\/\/www.happrunprojector.com\/sv\/16ft-inflatable-movie-screen-for-outdoor-projector-front-rear-projection-quick-inflate-with-180w-air-blower\/\" \/>\n<meta property=\"og:site_name\" content=\"Happrun Projector\" \/>\n<meta property=\"article:modified_time\" content=\"2025-04-28T07:19:23+00:00\" \/>\n<meta property=\"og:image\" content=\"https:\/\/www.happrunprojector.com\/wp-content\/uploads\/2025\/04\/61HXC4kDfeL._AC_SL1500_.jpg\" \/>\n\t<meta property=\"og:image:width\" content=\"1387\" \/>\n\t<meta property=\"og:image:height\" content=\"1500\" \/>\n\t<meta property=\"og:image:type\" content=\"image\/jpeg\" \/>\n<meta name=\"twitter:card\" content=\"summary_large_image\" \/>\n<meta name=\"twitter:label1\" content=\"Ber\u00e4knad l\u00e4stid\" \/>\n\t<meta name=\"twitter:data1\" content=\"1 minut\" \/>\n<script type=\"application\/ld+json\" class=\"yoast-schema-graph\">{\"@context\":\"https:\/\/schema.org\",\"@graph\":[{\"@type\":\"WebPage\",\"@id\":\"https:\/\/www.happrunprojector.com\/16ft-inflatable-movie-screen-for-outdoor-projector-front-rear-projection-quick-inflate-with-180w-air-blower\/\",\"url\":\"https:\/\/www.happrunprojector.com\/16ft-inflatable-movie-screen-for-outdoor-projector-front-rear-projection-quick-inflate-with-180w-air-blower\/\",\"name\":\"16FT Inflatable Movie Screen for Outdoor Projector \u2013 Front\/Rear Projection, Quick Inflate with 180W Air Blower - Happrun Projector\",\"isPartOf\":{\"@id\":\"https:\/\/www.happrunprojector.com\/#website\"},\"primaryImageOfPage\":{\"@id\":\"https:\/\/www.happrunprojector.com\/16ft-inflatable-movie-screen-for-outdoor-projector-front-rear-projection-quick-inflate-with-180w-air-blower\/#primaryimage\"},\"image\":{\"@id\":\"https:\/\/www.happrunprojector.com\/16ft-inflatable-movie-screen-for-outdoor-projector-front-rear-projection-quick-inflate-with-180w-air-blower\/#primaryimage\"},\"thumbnailUrl\":\"https:\/\/www.happrunprojector.com\/wp-content\/uploads\/2025\/04\/61HXC4kDfeL._AC_SL1500_.jpg\",\"datePublished\":\"2025-04-28T07:19:22+00:00\",\"dateModified\":\"2025-04-28T07:19:23+00:00\",\"description\":\"Transform any outdoor space into a private cinema with this 16-foot Inflatable Movie Screen!Crafted from upgraded thickened polyester and durable 210D oxford cloth, it supports both front and rear projection\",\"breadcrumb\":{\"@id\":\"https:\/\/www.happrunprojector.com\/16ft-inflatable-movie-screen-for-outdoor-projector-front-rear-projection-quick-inflate-with-180w-air-blower\/#breadcrumb\"},\"inLanguage\":\"sv-SE\",\"potentialAction\":[{\"@type\":\"ReadAction\",\"target\":[\"https:\/\/www.happrunprojector.com\/16ft-inflatable-movie-screen-for-outdoor-projector-front-rear-projection-quick-inflate-with-180w-air-blower\/\"]}]},{\"@type\":\"ImageObject\",\"inLanguage\":\"sv-SE\",\"@id\":\"https:\/\/www.happrunprojector.com\/16ft-inflatable-movie-screen-for-outdoor-projector-front-rear-projection-quick-inflate-with-180w-air-blower\/#primaryimage\",\"url\":\"https:\/\/www.happrunprojector.com\/wp-content\/uploads\/2025\/04\/61HXC4kDfeL._AC_SL1500_.jpg\",\"contentUrl\":\"https:\/\/www.happrunprojector.com\/wp-content\/uploads\/2025\/04\/61HXC4kDfeL._AC_SL1500_.jpg\",\"width\":1387,\"height\":1500,\"caption\":\"16FT Inflatable Movie Screen for Outdoor Projector \u2013 Front\/Rear Projection, Quick Inflate with 180W Air Blower\"},{\"@type\":\"BreadcrumbList\",\"@id\":\"https:\/\/www.happrunprojector.com\/16ft-inflatable-movie-screen-for-outdoor-projector-front-rear-projection-quick-inflate-with-180w-air-blower\/#breadcrumb\",\"itemListElement\":[{\"@type\":\"ListItem\",\"position\":1,\"name\":\"Home\",\"item\":\"https:\/\/www.happrunprojector.com\/\"},{\"@type\":\"ListItem\",\"position\":2,\"name\":\"Shop\",\"item\":\"https:\/\/www.happrunprojector.com\/shop\/\"},{\"@type\":\"ListItem\",\"position\":3,\"name\":\"16FT Inflatable Movie Screen for Outdoor Projector \u2013 Front\/Rear Projection, Quick Inflate with 180W Air Blower\"}]},{\"@type\":\"WebSite\",\"@id\":\"https:\/\/www.happrunprojector.com\/#website\",\"url\":\"https:\/\/www.happrunprojector.com\/\",\"name\":\"Happrun Projector\",\"description\":\"\",\"potentialAction\":[{\"@type\":\"SearchAction\",\"target\":{\"@type\":\"EntryPoint\",\"urlTemplate\":\"https:\/\/www.happrunprojector.com\/?s={search_term_string}\"},\"query-input\":\"required name=search_term_string\"}],\"inLanguage\":\"sv-SE\"}]}<\/script>\n<!-- \/ Yoast SEO plugin. -->","yoast_head_json":{"title":"16FT Inflatable Movie Screen for Outdoor Projector \u2013 Front\/Rear Projection, Quick Inflate with 180W Air Blower - Happrun Projector","description":"Transform any outdoor space into a private cinema with this 16-foot Inflatable Movie Screen!Crafted from upgraded thickened polyester and durable 210D oxford cloth, it supports both front and rear projection","robots":{"index":"index","follow":"follow","max-snippet":"max-snippet:-1","max-image-preview":"max-image-preview:large","max-video-preview":"max-video-preview:-1"},"canonical":"https:\/\/www.happrunprojector.com\/sv\/16ft-inflatable-movie-screen-for-outdoor-projector-front-rear-projection-quick-inflate-with-180w-air-blower\/","og_locale":"sv_SE","og_type":"article","og_title":"16FT Inflatable Movie Screen for Outdoor Projector \u2013 Front\/Rear Projection, Quick Inflate with 180W Air Blower - Happrun Projector","og_description":"Transform any outdoor space into a private cinema with this 16-foot Inflatable Movie Screen!Crafted from upgraded thickened polyester and durable 210D oxford cloth, it supports both front and rear projection","og_url":"https:\/\/www.happrunprojector.com\/sv\/16ft-inflatable-movie-screen-for-outdoor-projector-front-rear-projection-quick-inflate-with-180w-air-blower\/","og_site_name":"Happrun Projector","article_modified_time":"2025-04-28T07:19:23+00:00","og_image":[{"width":1387,"height":1500,"url":"https:\/\/www.happrunprojector.com\/wp-content\/uploads\/2025\/04\/61HXC4kDfeL._AC_SL1500_.jpg","type":"image\/jpeg"}],"twitter_card":"summary_large_image","twitter_misc":{"Ber\u00e4knad l\u00e4stid":"1 minut"},"schema":{"@context":"https:\/\/schema.org","@graph":[{"@type":"WebPage","@id":"https:\/\/www.happrunprojector.com\/16ft-inflatable-movie-screen-for-outdoor-projector-front-rear-projection-quick-inflate-with-180w-air-blower\/","url":"https:\/\/www.happrunprojector.com\/16ft-inflatable-movie-screen-for-outdoor-projector-front-rear-projection-quick-inflate-with-180w-air-blower\/","name":"16FT Inflatable Movie Screen for Outdoor Projector \u2013 Front\/Rear Projection, Quick Inflate with 180W Air Blower - Happrun Projector","isPartOf":{"@id":"https:\/\/www.happrunprojector.com\/#website"},"primaryImageOfPage":{"@id":"https:\/\/www.happrunprojector.com\/16ft-inflatable-movie-screen-for-outdoor-projector-front-rear-projection-quick-inflate-with-180w-air-blower\/#primaryimage"},"image":{"@id":"https:\/\/www.happrunprojector.com\/16ft-inflatable-movie-screen-for-outdoor-projector-front-rear-projection-quick-inflate-with-180w-air-blower\/#primaryimage"},"thumbnailUrl":"https:\/\/www.happrunprojector.com\/wp-content\/uploads\/2025\/04\/61HXC4kDfeL._AC_SL1500_.jpg","datePublished":"2025-04-28T07:19:22+00:00","dateModified":"2025-04-28T07:19:23+00:00","description":"Transform any outdoor space into a private cinema with this 16-foot Inflatable Movie Screen!Crafted from upgraded thickened polyester and durable 210D oxford cloth, it supports both front and rear projection","breadcrumb":{"@id":"https:\/\/www.happrunprojector.com\/16ft-inflatable-movie-screen-for-outdoor-projector-front-rear-projection-quick-inflate-with-180w-air-blower\/#breadcrumb"},"inLanguage":"sv-SE","potentialAction":[{"@type":"ReadAction","target":["https:\/\/www.happrunprojector.com\/16ft-inflatable-movie-screen-for-outdoor-projector-front-rear-projection-quick-inflate-with-180w-air-blower\/"]}]},{"@type":"ImageObject","inLanguage":"sv-SE","@id":"https:\/\/www.happrunprojector.com\/16ft-inflatable-movie-screen-for-outdoor-projector-front-rear-projection-quick-inflate-with-180w-air-blower\/#primaryimage","url":"https:\/\/www.happrunprojector.com\/wp-content\/uploads\/2025\/04\/61HXC4kDfeL._AC_SL1500_.jpg","contentUrl":"https:\/\/www.happrunprojector.com\/wp-content\/uploads\/2025\/04\/61HXC4kDfeL._AC_SL1500_.jpg","width":1387,"height":1500,"caption":"16FT Inflatable Movie Screen for Outdoor Projector \u2013 Front\/Rear Projection, Quick Inflate with 180W Air Blower"},{"@type":"BreadcrumbList","@id":"https:\/\/www.happrunprojector.com\/16ft-inflatable-movie-screen-for-outdoor-projector-front-rear-projection-quick-inflate-with-180w-air-blower\/#breadcrumb","itemListElement":[{"@type":"ListItem","position":1,"name":"Home","item":"https:\/\/www.happrunprojector.com\/"},{"@type":"ListItem","position":2,"name":"Shop","item":"https:\/\/www.happrunprojector.com\/shop\/"},{"@type":"ListItem","position":3,"name":"16FT Inflatable Movie Screen for Outdoor Projector \u2013 Front\/Rear Projection, Quick Inflate with 180W Air Blower"}]},{"@type":"WebSite","@id":"https:\/\/www.happrunprojector.com\/#website","url":"https:\/\/www.happrunprojector.com\/","name":"Happrun Projector","description":"","potentialAction":[{"@type":"SearchAction","target":{"@type":"EntryPoint","urlTemplate":"https:\/\/www.happrunprojector.com\/?s={search_term_string}"},"query-input":"required name=search_term_string"}],"inLanguage":"sv-SE"}]}},"_links":{"self":[{"href":"https:\/\/www.happrunprojector.com\/sv\/wp-json\/wp\/v2\/product\/3905","targetHints":{"allow":["GET"]}}],"collection":[{"href":"https:\/\/www.happrunprojector.com\/sv\/wp-json\/wp\/v2\/product"}],"about":[{"href":"https:\/\/www.happrunprojector.com\/sv\/wp-json\/wp\/v2\/types\/product"}],"replies":[{"embeddable":true,"href":"https:\/\/www.happrunprojector.com\/sv\/wp-json\/wp\/v2\/comments?post=3905"}],"version-history":[{"count":1,"href":"https:\/\/www.happrunprojector.com\/sv\/wp-json\/wp\/v2\/product\/3905\/revisions"}],"predecessor-version":[{"id":3909,"href":"https:\/\/www.happrunprojector.com\/sv\/wp-json\/wp\/v2\/product\/3905\/revisions\/3909"}],"wp:featuredmedia":[{"embeddable":true,"href":"https:\/\/www.happrunprojector.com\/sv\/wp-json\/wp\/v2\/media\/3906"}],"wp:attachment":[{"href":"https:\/\/www.happrunprojector.com\/sv\/wp-json\/wp\/v2\/media?parent=3905"}],"wp:term":[{"taxonomy":"product_cat","embeddable":true,"href":"https:\/\/www.happrunprojector.com\/sv\/wp-json\/wp\/v2\/product_cat?post=3905"},{"taxonomy":"product_tag","embeddable":true,"href":"https:\/\/www.happrunprojector.com\/sv\/wp-json\/wp\/v2\/product_tag?post=3905"}],"curies":[{"name":"wp","href":"https:\/\/api.w.org\/{rel}","templated":true}]}}