{"id":3901,"date":"2025-04-28T07:11:18","date_gmt":"2025-04-28T07:11:18","guid":{"rendered":"https:\/\/www.happrunprojector.com\/?post_type=product&#038;p=3901"},"modified":"2025-04-28T07:11:58","modified_gmt":"2025-04-28T07:11:58","slug":"portable-outdoor-projector-screen-with-stand-180-inch-169","status":"publish","type":"product","link":"https:\/\/www.happrunprojector.com\/sv\/barbar-projektorskarm-for-utomhusbruk-med-stativ-180-tum-169\/","title":{"rendered":"Portabel projektorduk f\u00f6r utomhusbruk med stativ 180 tum 16:9"},"content":{"rendered":"<p class=\"\" data-start=\"337\" data-end=\"805\">Upplev filmer som aldrig f\u00f6rr med denna <strong data-start=\"399\" data-end=\"447\">180-tums projektorduk f\u00f6r utomhusbruk med stativ<\/strong>!<br data-start=\"448\" data-end=\"451\" \/>Den \u00e4r utformad f\u00f6r episka filmkv\u00e4llar p\u00e5 bakg\u00e5rden, sportevenemang och presentationer och har en <strong data-start=\"540\" data-end=\"569\">massiv 16:9 visningsyta<\/strong>, <strong data-start=\"571\" data-end=\"606\">ultrastabila justerbara stativ<\/strong>, och <strong data-start=\"612\" data-end=\"645\">glasfibermaterial med h\u00f6g f\u00f6rst\u00e4rkning<\/strong> f\u00f6r kristallklara 4K-bilder. Sk\u00e4rmens <strong data-start=\"688\" data-end=\"725\">skrynkelfritt tyg med svart baksida<\/strong> ger maximal j\u00e4mnhet och levande f\u00e4rgkontrast, \u00e4ven i ljusa milj\u00f6er.<\/p>\n<p class=\"\" data-start=\"807\" data-end=\"1188\">Installationen \u00e4r en barnlek - tack vare den intuitiva designen med <strong data-start=\"863\" data-end=\"902\">aluminiumarmar, flexibla sidolister<\/strong>, och <strong data-start=\"908\" data-end=\"946\">sp\u00e4nne med justerbar h\u00f6jd med ett klick<\/strong>. Oavsett om det \u00e4r inomhus eller utomhus <strong data-start=\"981\" data-end=\"1006\">b\u00e4rbar b\u00e4rv\u00e4ska<\/strong>, <strong data-start=\"1008\" data-end=\"1025\">markp\u00e5lar<\/strong>, och <strong data-start=\"1031\" data-end=\"1050\">vindt\u00e4ta rep<\/strong> l\u00e5ter dig njuta av underh\u00e5llning var som helst, n\u00e4r som helst.<br data-start=\"1097\" data-end=\"1100\" \/>Dessutom kan du till och med montera den p\u00e5 en v\u00e4gg f\u00f6r en elegant, platsbesparande hemmabioupplevelse.<\/p>\n<p class=\"\" data-start=\"1190\" data-end=\"1345\"><strong data-start=\"1190\" data-end=\"1206\">Perfekt f\u00f6r:<\/strong><br data-start=\"1206\" data-end=\"1209\" \/>\ud83c\udfac Filmkv\u00e4llar p\u00e5 bakg\u00e5rden<br data-start=\"1233\" data-end=\"1236\" \/>\ud83c\udfae Spelturneringar<br data-start=\"1255\" data-end=\"1258\" \/>\ud83c\udfc8 Fester f\u00f6r att titta p\u00e5 sport<br data-start=\"1283\" data-end=\"1286\" \/>\ud83c\udfa4 F\u00f6retagspresentationer<br data-start=\"1311\" data-end=\"1314\" \/>\ud83c\udf89 Familjesammankomster och evenemang<\/p>\n<p class=\"\" data-start=\"1347\" data-end=\"1444\">Ta med den stora sk\u00e4rmen hem <strong data-start=\"1375\" data-end=\"1444\">enkel installation, stabilt st\u00f6d och f\u00f6rstklassig bildkvalitet ing\u00e5r!<\/strong><\/p>","protected":false},"excerpt":{"rendered":"<p class=\"\" data-start=\"1190\" data-end=\"1345\"><strong data-start=\"1190\" data-end=\"1206\">Perfekt f\u00f6r:<\/strong><br data-start=\"1206\" data-end=\"1209\" \/>\ud83c\udfac Filmkv\u00e4llar p\u00e5 bakg\u00e5rden<br data-start=\"1233\" data-end=\"1236\" \/>\ud83c\udfae Spelturneringar<br data-start=\"1255\" data-end=\"1258\" \/>\ud83c\udfc8 Fester f\u00f6r att titta p\u00e5 sport<br data-start=\"1283\" data-end=\"1286\" \/>\ud83c\udfa4 F\u00f6retagspresentationer<br data-start=\"1311\" data-end=\"1314\" \/>\ud83c\udf89 Familjesammankomster och evenemang<\/p>\n<p class=\"\" data-start=\"1347\" data-end=\"1444\">Ta med den stora sk\u00e4rmen hem <strong data-start=\"1375\" data-end=\"1444\">enkel installation, stabilt st\u00f6d och f\u00f6rstklassig bildkvalitet ing\u00e5r!<\/strong><\/p>","protected":false},"featured_media":3902,"comment_status":"open","ping_status":"closed","template":"","meta":{"_themeisle_gutenberg_block_has_review":false},"product_cat":[137],"product_tag":[],"class_list":{"0":"post-3901","1":"product","2":"type-product","3":"status-publish","4":"has-post-thumbnail","6":"product_cat-projector-screen","8":"first","9":"instock","10":"sale","11":"shipping-taxable","12":"product-type-external"},"yoast_head":"<!-- This site is optimized with the Yoast SEO plugin v22.7 - https:\/\/yoast.com\/wordpress\/plugins\/seo\/ -->\n<title>Portable Outdoor Projector Screen with Stand 180 inch 16:9 - Happrun Projector<\/title>\n<meta name=\"description\" content=\"Designed for epic backyard movie nights, sports events, and presentations, it features a massive 16:9 viewing area, ultra-stable adjustable tripods, and high-gain fiberglass material for crystal-clear 4K images.\" \/>\n<meta name=\"robots\" content=\"index, follow, max-snippet:-1, max-image-preview:large, max-video-preview:-1\" \/>\n<link rel=\"canonical\" href=\"https:\/\/www.happrunprojector.com\/sv\/portable-outdoor-projector-screen-with-stand-180-inch-169\/\" \/>\n<meta property=\"og:locale\" content=\"sv_SE\" \/>\n<meta property=\"og:type\" content=\"article\" \/>\n<meta property=\"og:title\" content=\"Portable Outdoor Projector Screen with Stand 180 inch 16:9 - Happrun Projector\" \/>\n<meta property=\"og:description\" content=\"Designed for epic backyard movie nights, sports events, and presentations, it features a massive 16:9 viewing area, ultra-stable adjustable tripods, and high-gain fiberglass material for crystal-clear 4K images.\" \/>\n<meta property=\"og:url\" content=\"https:\/\/www.happrunprojector.com\/sv\/portable-outdoor-projector-screen-with-stand-180-inch-169\/\" \/>\n<meta property=\"og:site_name\" content=\"Happrun Projector\" \/>\n<meta property=\"article:modified_time\" content=\"2025-04-28T07:11:58+00:00\" \/>\n<meta property=\"og:image\" content=\"https:\/\/www.happrunprojector.com\/wp-content\/uploads\/2025\/04\/Outdoor-Projector-Screen-With-Stand-180.jpg\" \/>\n\t<meta property=\"og:image:width\" content=\"1500\" \/>\n\t<meta property=\"og:image:height\" content=\"1478\" \/>\n\t<meta property=\"og:image:type\" content=\"image\/jpeg\" \/>\n<meta name=\"twitter:card\" content=\"summary_large_image\" \/>\n<meta name=\"twitter:label1\" content=\"Ber\u00e4knad l\u00e4stid\" \/>\n\t<meta name=\"twitter:data1\" content=\"1 minut\" \/>\n<script type=\"application\/ld+json\" class=\"yoast-schema-graph\">{\"@context\":\"https:\/\/schema.org\",\"@graph\":[{\"@type\":\"WebPage\",\"@id\":\"https:\/\/www.happrunprojector.com\/portable-outdoor-projector-screen-with-stand-180-inch-169\/\",\"url\":\"https:\/\/www.happrunprojector.com\/portable-outdoor-projector-screen-with-stand-180-inch-169\/\",\"name\":\"Portable Outdoor Projector Screen with Stand 180 inch 16:9 - Happrun Projector\",\"isPartOf\":{\"@id\":\"https:\/\/www.happrunprojector.com\/#website\"},\"primaryImageOfPage\":{\"@id\":\"https:\/\/www.happrunprojector.com\/portable-outdoor-projector-screen-with-stand-180-inch-169\/#primaryimage\"},\"image\":{\"@id\":\"https:\/\/www.happrunprojector.com\/portable-outdoor-projector-screen-with-stand-180-inch-169\/#primaryimage\"},\"thumbnailUrl\":\"https:\/\/www.happrunprojector.com\/wp-content\/uploads\/2025\/04\/Outdoor-Projector-Screen-With-Stand-180.jpg\",\"datePublished\":\"2025-04-28T07:11:18+00:00\",\"dateModified\":\"2025-04-28T07:11:58+00:00\",\"description\":\"Designed for epic backyard movie nights, sports events, and presentations, it features a massive 16:9 viewing area, ultra-stable adjustable tripods, and high-gain fiberglass material for crystal-clear 4K images.\",\"breadcrumb\":{\"@id\":\"https:\/\/www.happrunprojector.com\/portable-outdoor-projector-screen-with-stand-180-inch-169\/#breadcrumb\"},\"inLanguage\":\"sv-SE\",\"potentialAction\":[{\"@type\":\"ReadAction\",\"target\":[\"https:\/\/www.happrunprojector.com\/portable-outdoor-projector-screen-with-stand-180-inch-169\/\"]}]},{\"@type\":\"ImageObject\",\"inLanguage\":\"sv-SE\",\"@id\":\"https:\/\/www.happrunprojector.com\/portable-outdoor-projector-screen-with-stand-180-inch-169\/#primaryimage\",\"url\":\"https:\/\/www.happrunprojector.com\/wp-content\/uploads\/2025\/04\/Outdoor-Projector-Screen-With-Stand-180.jpg\",\"contentUrl\":\"https:\/\/www.happrunprojector.com\/wp-content\/uploads\/2025\/04\/Outdoor-Projector-Screen-With-Stand-180.jpg\",\"width\":1500,\"height\":1478,\"caption\":\"Outdoor Projector Screen With Stand 180\"},{\"@type\":\"BreadcrumbList\",\"@id\":\"https:\/\/www.happrunprojector.com\/portable-outdoor-projector-screen-with-stand-180-inch-169\/#breadcrumb\",\"itemListElement\":[{\"@type\":\"ListItem\",\"position\":1,\"name\":\"Home\",\"item\":\"https:\/\/www.happrunprojector.com\/\"},{\"@type\":\"ListItem\",\"position\":2,\"name\":\"Shop\",\"item\":\"https:\/\/www.happrunprojector.com\/shop\/\"},{\"@type\":\"ListItem\",\"position\":3,\"name\":\"Portable Outdoor Projector Screen with Stand 180 inch 16:9\"}]},{\"@type\":\"WebSite\",\"@id\":\"https:\/\/www.happrunprojector.com\/#website\",\"url\":\"https:\/\/www.happrunprojector.com\/\",\"name\":\"Happrun Projector\",\"description\":\"\",\"potentialAction\":[{\"@type\":\"SearchAction\",\"target\":{\"@type\":\"EntryPoint\",\"urlTemplate\":\"https:\/\/www.happrunprojector.com\/?s={search_term_string}\"},\"query-input\":\"required name=search_term_string\"}],\"inLanguage\":\"sv-SE\"}]}<\/script>\n<!-- \/ Yoast SEO plugin. -->","yoast_head_json":{"title":"Portable Outdoor Projector Screen with Stand 180 inch 16:9 - Happrun Projector","description":"Designed for epic backyard movie nights, sports events, and presentations, it features a massive 16:9 viewing area, ultra-stable adjustable tripods, and high-gain fiberglass material for crystal-clear 4K images.","robots":{"index":"index","follow":"follow","max-snippet":"max-snippet:-1","max-image-preview":"max-image-preview:large","max-video-preview":"max-video-preview:-1"},"canonical":"https:\/\/www.happrunprojector.com\/sv\/portable-outdoor-projector-screen-with-stand-180-inch-169\/","og_locale":"sv_SE","og_type":"article","og_title":"Portable Outdoor Projector Screen with Stand 180 inch 16:9 - Happrun Projector","og_description":"Designed for epic backyard movie nights, sports events, and presentations, it features a massive 16:9 viewing area, ultra-stable adjustable tripods, and high-gain fiberglass material for crystal-clear 4K images.","og_url":"https:\/\/www.happrunprojector.com\/sv\/portable-outdoor-projector-screen-with-stand-180-inch-169\/","og_site_name":"Happrun Projector","article_modified_time":"2025-04-28T07:11:58+00:00","og_image":[{"width":1500,"height":1478,"url":"https:\/\/www.happrunprojector.com\/wp-content\/uploads\/2025\/04\/Outdoor-Projector-Screen-With-Stand-180.jpg","type":"image\/jpeg"}],"twitter_card":"summary_large_image","twitter_misc":{"Ber\u00e4knad l\u00e4stid":"1 minut"},"schema":{"@context":"https:\/\/schema.org","@graph":[{"@type":"WebPage","@id":"https:\/\/www.happrunprojector.com\/portable-outdoor-projector-screen-with-stand-180-inch-169\/","url":"https:\/\/www.happrunprojector.com\/portable-outdoor-projector-screen-with-stand-180-inch-169\/","name":"Portable Outdoor Projector Screen with Stand 180 inch 16:9 - Happrun Projector","isPartOf":{"@id":"https:\/\/www.happrunprojector.com\/#website"},"primaryImageOfPage":{"@id":"https:\/\/www.happrunprojector.com\/portable-outdoor-projector-screen-with-stand-180-inch-169\/#primaryimage"},"image":{"@id":"https:\/\/www.happrunprojector.com\/portable-outdoor-projector-screen-with-stand-180-inch-169\/#primaryimage"},"thumbnailUrl":"https:\/\/www.happrunprojector.com\/wp-content\/uploads\/2025\/04\/Outdoor-Projector-Screen-With-Stand-180.jpg","datePublished":"2025-04-28T07:11:18+00:00","dateModified":"2025-04-28T07:11:58+00:00","description":"Designed for epic backyard movie nights, sports events, and presentations, it features a massive 16:9 viewing area, ultra-stable adjustable tripods, and high-gain fiberglass material for crystal-clear 4K images.","breadcrumb":{"@id":"https:\/\/www.happrunprojector.com\/portable-outdoor-projector-screen-with-stand-180-inch-169\/#breadcrumb"},"inLanguage":"sv-SE","potentialAction":[{"@type":"ReadAction","target":["https:\/\/www.happrunprojector.com\/portable-outdoor-projector-screen-with-stand-180-inch-169\/"]}]},{"@type":"ImageObject","inLanguage":"sv-SE","@id":"https:\/\/www.happrunprojector.com\/portable-outdoor-projector-screen-with-stand-180-inch-169\/#primaryimage","url":"https:\/\/www.happrunprojector.com\/wp-content\/uploads\/2025\/04\/Outdoor-Projector-Screen-With-Stand-180.jpg","contentUrl":"https:\/\/www.happrunprojector.com\/wp-content\/uploads\/2025\/04\/Outdoor-Projector-Screen-With-Stand-180.jpg","width":1500,"height":1478,"caption":"Outdoor Projector Screen With Stand 180"},{"@type":"BreadcrumbList","@id":"https:\/\/www.happrunprojector.com\/portable-outdoor-projector-screen-with-stand-180-inch-169\/#breadcrumb","itemListElement":[{"@type":"ListItem","position":1,"name":"Home","item":"https:\/\/www.happrunprojector.com\/"},{"@type":"ListItem","position":2,"name":"Shop","item":"https:\/\/www.happrunprojector.com\/shop\/"},{"@type":"ListItem","position":3,"name":"Portable Outdoor Projector Screen with Stand 180 inch 16:9"}]},{"@type":"WebSite","@id":"https:\/\/www.happrunprojector.com\/#website","url":"https:\/\/www.happrunprojector.com\/","name":"Happrun Projector","description":"","potentialAction":[{"@type":"SearchAction","target":{"@type":"EntryPoint","urlTemplate":"https:\/\/www.happrunprojector.com\/?s={search_term_string}"},"query-input":"required name=search_term_string"}],"inLanguage":"sv-SE"}]}},"_links":{"self":[{"href":"https:\/\/www.happrunprojector.com\/sv\/wp-json\/wp\/v2\/product\/3901","targetHints":{"allow":["GET"]}}],"collection":[{"href":"https:\/\/www.happrunprojector.com\/sv\/wp-json\/wp\/v2\/product"}],"about":[{"href":"https:\/\/www.happrunprojector.com\/sv\/wp-json\/wp\/v2\/types\/product"}],"replies":[{"embeddable":true,"href":"https:\/\/www.happrunprojector.com\/sv\/wp-json\/wp\/v2\/comments?post=3901"}],"version-history":[{"count":2,"href":"https:\/\/www.happrunprojector.com\/sv\/wp-json\/wp\/v2\/product\/3901\/revisions"}],"predecessor-version":[{"id":3904,"href":"https:\/\/www.happrunprojector.com\/sv\/wp-json\/wp\/v2\/product\/3901\/revisions\/3904"}],"wp:featuredmedia":[{"embeddable":true,"href":"https:\/\/www.happrunprojector.com\/sv\/wp-json\/wp\/v2\/media\/3902"}],"wp:attachment":[{"href":"https:\/\/www.happrunprojector.com\/sv\/wp-json\/wp\/v2\/media?parent=3901"}],"wp:term":[{"taxonomy":"product_cat","embeddable":true,"href":"https:\/\/www.happrunprojector.com\/sv\/wp-json\/wp\/v2\/product_cat?post=3901"},{"taxonomy":"product_tag","embeddable":true,"href":"https:\/\/www.happrunprojector.com\/sv\/wp-json\/wp\/v2\/product_tag?post=3901"}],"curies":[{"name":"wp","href":"https:\/\/api.w.org\/{rel}","templated":true}]}}