{"id":3782,"date":"2024-12-24T09:47:04","date_gmt":"2024-12-24T09:47:04","guid":{"rendered":"https:\/\/www.happrunprojector.com\/?post_type=product&#038;p=3782"},"modified":"2025-10-15T09:17:09","modified_gmt":"2025-10-15T09:17:09","slug":"happrun-510g-projector-google-tv-projector-with-wifi-and-bluetooth-4k-support-netflix-licensed-hdr-10","status":"publish","type":"product","link":"https:\/\/www.happrunprojector.com\/sv\/happrun-510g-projektor-google-tv-projektor-med-wifi-och-bluetooth-4k-stod-netflix-licensierad-hdr-10\/","title":{"rendered":"HAPPRUN 510G Projektor: Google TV-projektor med WiFi och Bluetooth, 4K-st\u00f6d, Netflix-licens, HDR 10+"},"content":{"rendered":"<p>F\u00f6rvandla vilket utrymme som helst till ett filmiskt paradis med <strong>HAPPRUN Google TV-projektor<\/strong>. Denna projektor \u00e4r utformad f\u00f6r ultimat bekv\u00e4mlighet och \u00f6verl\u00e4gsen prestanda och har f\u00f6ljande egenskaper <strong>inbyggd 1080P-uppl\u00f6sning<\/strong>, <strong>St\u00f6d f\u00f6r 4K-inneh\u00e5ll<\/strong>, och <strong>HDR10+-teknik<\/strong>som ger kristallklara bilder med djupa kontraster och livfulla f\u00e4rger. Med <strong>350 ANSI-lumen ljusstyrka<\/strong> och en <strong>Kontrastf\u00f6rh\u00e5llande 20.000:1<\/strong>Varje scen kommer till liv, oavsett om du tittar p\u00e5 film, streamar serier eller spelar.<\/p>\n<p>Det som utm\u00e4rker denna projektor \u00e4r dess <strong>Integration med Google TV<\/strong> med officiell <strong>Netflix licensiering<\/strong>och ger enkel \u00e5tkomst till de b\u00e4sta streamingapparna som <strong>Disney<\/strong>, <strong>YouTube<\/strong>, <strong>Prime Video<\/strong>och mycket mer - allt utan behov av en extra TV-pinne. Styr din underh\u00e5llning utan anstr\u00e4ngning med hj\u00e4lp av <strong>Googles r\u00f6stassistent<\/strong>som g\u00f6r det m\u00f6jligt att anv\u00e4nda handsfree-kommandon f\u00f6r navigering, uppspelning och inst\u00e4llningar.<\/p>\n<p>Anslutningen \u00e4r s\u00f6ml\u00f6s med <strong>dual-band 2,4G+5G WiFi<\/strong>, <strong>tv\u00e5v\u00e4gs Bluetooth 5.2<\/strong>och st\u00f6d f\u00f6r <strong>Google Cast<\/strong> och <strong>AirPlay<\/strong>vilket g\u00f6r spegling av smartphones och surfplattor till en barnlek. Projektorn har ocks\u00e5 st\u00f6d f\u00f6r flera monteringsalternativ-<strong>tak-, bords-, stativ- eller v\u00e4ggmontering<\/strong>-vilket ger flexibilitet f\u00f6r alla typer av installationer.<\/p>\n<p>Idealisk f\u00f6r <strong>hemmabio, filmkv\u00e4llar utomhus, spelmaraton eller familjesammankomster<\/strong>, den <strong>HAPPRUN Google TV-projektor<\/strong> omdefinierar underh\u00e5llning med uppslukande ljud, briljanta bilder och smarta anslutningsm\u00f6jligheter. Upplev framtidens hemunderh\u00e5llning med en projektor som \u00e4r byggd f\u00f6r prestanda, bekv\u00e4mlighet och o\u00e4ndligt mycket n\u00f6je!<\/p>","protected":false},"excerpt":{"rendered":"<p>F\u00f6rh\u00f6j din hemunderh\u00e5llning med en <strong>HAPPRUN Google TV-projektor<\/strong>. Med inbyggd <strong>1080P-uppl\u00f6sning<\/strong>, <strong>4K-st\u00f6d<\/strong>, <strong>HDR10+<\/strong>, och <strong>350 ANSI-lumen<\/strong>ger den en fantastisk bild med levande f\u00e4rger och skarpa kontraster. Officiellt <strong>Netflix-licensierad<\/strong>erbjuder denna projektor s\u00f6ml\u00f6s \u00e5tkomst till dina favoritstreamingplattformar som <strong>Disney<\/strong>, <strong>Prime Video<\/strong>, och <strong>YouTube<\/strong>. Njut av problemfri uppkoppling med <strong>WiFi med dubbla band<\/strong>, <strong>Bluetooth 5.2<\/strong>och st\u00f6d f\u00f6r <strong>Google Cast<\/strong> och <strong>AirPlay<\/strong>. Oavsett om det \u00e4r inomhus eller utomhus, lovar denna smarta projektor en uppslukande filmupplevelse p\u00e5 sk\u00e4rmar upp till <strong>200 tum<\/strong>.<\/p>","protected":false},"featured_media":3784,"comment_status":"open","ping_status":"closed","template":"","meta":{"_themeisle_gutenberg_block_has_review":false},"product_cat":[134],"product_tag":[],"class_list":{"0":"post-3782","1":"product","2":"type-product","3":"status-publish","4":"has-post-thumbnail","6":"product_cat-projector","8":"first","9":"instock","10":"sale","11":"shipping-taxable","12":"product-type-external"},"yoast_head":"<!-- This site is optimized with the Yoast SEO plugin v22.7 - https:\/\/yoast.com\/wordpress\/plugins\/seo\/ -->\n<title>HAPPRUN 510G Projector: Google TV Projector with WiFi and Bluetooth, 4K Support, Netflix-Licensed, HDR 10+ - Happrun Projector<\/title>\n<meta name=\"description\" content=\"Elevate your home entertainment with the HAPPRUN Google TV Projector. Featuring native 1080P resolution, 4K support, HDR10+, and 350 ANSI lumens, it delivers stunning visuals with vibrant colors and sharp contrasts.\" \/>\n<meta name=\"robots\" content=\"index, follow, max-snippet:-1, max-image-preview:large, max-video-preview:-1\" \/>\n<link rel=\"canonical\" href=\"https:\/\/www.happrunprojector.com\/sv\/happrun-510g-projector-google-tv-projector-with-wifi-and-bluetooth-4k-support-netflix-licensed-hdr-10\/\" \/>\n<meta property=\"og:locale\" content=\"sv_SE\" \/>\n<meta property=\"og:type\" content=\"article\" \/>\n<meta property=\"og:title\" content=\"HAPPRUN 510G Projector: Google TV Projector with WiFi and Bluetooth, 4K Support, Netflix-Licensed, HDR 10+ - Happrun Projector\" \/>\n<meta property=\"og:description\" content=\"Elevate your home entertainment with the HAPPRUN Google TV Projector. Featuring native 1080P resolution, 4K support, HDR10+, and 350 ANSI lumens, it delivers stunning visuals with vibrant colors and sharp contrasts.\" \/>\n<meta property=\"og:url\" content=\"https:\/\/www.happrunprojector.com\/sv\/happrun-510g-projector-google-tv-projector-with-wifi-and-bluetooth-4k-support-netflix-licensed-hdr-10\/\" \/>\n<meta property=\"og:site_name\" content=\"Happrun Projector\" \/>\n<meta property=\"article:modified_time\" content=\"2025-10-15T09:17:09+00:00\" \/>\n<meta property=\"og:image\" content=\"https:\/\/www.happrunprojector.com\/wp-content\/uploads\/2024\/12\/71f3GNS2qZL._AC_SL1500_.jpg\" \/>\n\t<meta property=\"og:image:width\" content=\"1497\" \/>\n\t<meta property=\"og:image:height\" content=\"1500\" \/>\n\t<meta property=\"og:image:type\" content=\"image\/jpeg\" \/>\n<meta name=\"twitter:card\" content=\"summary_large_image\" \/>\n<meta name=\"twitter:label1\" content=\"Ber\u00e4knad l\u00e4stid\" \/>\n\t<meta name=\"twitter:data1\" content=\"2 minuter\" \/>\n<script type=\"application\/ld+json\" class=\"yoast-schema-graph\">{\"@context\":\"https:\/\/schema.org\",\"@graph\":[{\"@type\":\"WebPage\",\"@id\":\"https:\/\/www.happrunprojector.com\/happrun-510g-projector-google-tv-projector-with-wifi-and-bluetooth-4k-support-netflix-licensed-hdr-10\/\",\"url\":\"https:\/\/www.happrunprojector.com\/happrun-510g-projector-google-tv-projector-with-wifi-and-bluetooth-4k-support-netflix-licensed-hdr-10\/\",\"name\":\"HAPPRUN 510G Projector: Google TV Projector with WiFi and Bluetooth, 4K Support, Netflix-Licensed, HDR 10+ - Happrun Projector\",\"isPartOf\":{\"@id\":\"https:\/\/www.happrunprojector.com\/#website\"},\"primaryImageOfPage\":{\"@id\":\"https:\/\/www.happrunprojector.com\/happrun-510g-projector-google-tv-projector-with-wifi-and-bluetooth-4k-support-netflix-licensed-hdr-10\/#primaryimage\"},\"image\":{\"@id\":\"https:\/\/www.happrunprojector.com\/happrun-510g-projector-google-tv-projector-with-wifi-and-bluetooth-4k-support-netflix-licensed-hdr-10\/#primaryimage\"},\"thumbnailUrl\":\"https:\/\/www.happrunprojector.com\/wp-content\/uploads\/2024\/12\/71f3GNS2qZL._AC_SL1500_.jpg\",\"datePublished\":\"2024-12-24T09:47:04+00:00\",\"dateModified\":\"2025-10-15T09:17:09+00:00\",\"description\":\"Elevate your home entertainment with the HAPPRUN Google TV Projector. Featuring native 1080P resolution, 4K support, HDR10+, and 350 ANSI lumens, it delivers stunning visuals with vibrant colors and sharp contrasts.\",\"breadcrumb\":{\"@id\":\"https:\/\/www.happrunprojector.com\/happrun-510g-projector-google-tv-projector-with-wifi-and-bluetooth-4k-support-netflix-licensed-hdr-10\/#breadcrumb\"},\"inLanguage\":\"sv-SE\",\"potentialAction\":[{\"@type\":\"ReadAction\",\"target\":[\"https:\/\/www.happrunprojector.com\/happrun-510g-projector-google-tv-projector-with-wifi-and-bluetooth-4k-support-netflix-licensed-hdr-10\/\"]}]},{\"@type\":\"ImageObject\",\"inLanguage\":\"sv-SE\",\"@id\":\"https:\/\/www.happrunprojector.com\/happrun-510g-projector-google-tv-projector-with-wifi-and-bluetooth-4k-support-netflix-licensed-hdr-10\/#primaryimage\",\"url\":\"https:\/\/www.happrunprojector.com\/wp-content\/uploads\/2024\/12\/71f3GNS2qZL._AC_SL1500_.jpg\",\"contentUrl\":\"https:\/\/www.happrunprojector.com\/wp-content\/uploads\/2024\/12\/71f3GNS2qZL._AC_SL1500_.jpg\",\"width\":1497,\"height\":1500,\"caption\":\"HAPPRUN 510G Projector\"},{\"@type\":\"BreadcrumbList\",\"@id\":\"https:\/\/www.happrunprojector.com\/happrun-510g-projector-google-tv-projector-with-wifi-and-bluetooth-4k-support-netflix-licensed-hdr-10\/#breadcrumb\",\"itemListElement\":[{\"@type\":\"ListItem\",\"position\":1,\"name\":\"Home\",\"item\":\"https:\/\/www.happrunprojector.com\/\"},{\"@type\":\"ListItem\",\"position\":2,\"name\":\"Shop\",\"item\":\"https:\/\/www.happrunprojector.com\/shop\/\"},{\"@type\":\"ListItem\",\"position\":3,\"name\":\"HAPPRUN 510G Projector: Google TV Projector with WiFi and Bluetooth, 4K Support, Netflix-Licensed, HDR 10+\"}]},{\"@type\":\"WebSite\",\"@id\":\"https:\/\/www.happrunprojector.com\/#website\",\"url\":\"https:\/\/www.happrunprojector.com\/\",\"name\":\"Happrun Projector\",\"description\":\"\",\"potentialAction\":[{\"@type\":\"SearchAction\",\"target\":{\"@type\":\"EntryPoint\",\"urlTemplate\":\"https:\/\/www.happrunprojector.com\/?s={search_term_string}\"},\"query-input\":\"required name=search_term_string\"}],\"inLanguage\":\"sv-SE\"}]}<\/script>\n<!-- \/ Yoast SEO plugin. -->","yoast_head_json":{"title":"HAPPRUN 510G Projector: Google TV Projector with WiFi and Bluetooth, 4K Support, Netflix-Licensed, HDR 10+ - Happrun Projector","description":"Elevate your home entertainment with the HAPPRUN Google TV Projector. Featuring native 1080P resolution, 4K support, HDR10+, and 350 ANSI lumens, it delivers stunning visuals with vibrant colors and sharp contrasts.","robots":{"index":"index","follow":"follow","max-snippet":"max-snippet:-1","max-image-preview":"max-image-preview:large","max-video-preview":"max-video-preview:-1"},"canonical":"https:\/\/www.happrunprojector.com\/sv\/happrun-510g-projector-google-tv-projector-with-wifi-and-bluetooth-4k-support-netflix-licensed-hdr-10\/","og_locale":"sv_SE","og_type":"article","og_title":"HAPPRUN 510G Projector: Google TV Projector with WiFi and Bluetooth, 4K Support, Netflix-Licensed, HDR 10+ - Happrun Projector","og_description":"Elevate your home entertainment with the HAPPRUN Google TV Projector. Featuring native 1080P resolution, 4K support, HDR10+, and 350 ANSI lumens, it delivers stunning visuals with vibrant colors and sharp contrasts.","og_url":"https:\/\/www.happrunprojector.com\/sv\/happrun-510g-projector-google-tv-projector-with-wifi-and-bluetooth-4k-support-netflix-licensed-hdr-10\/","og_site_name":"Happrun Projector","article_modified_time":"2025-10-15T09:17:09+00:00","og_image":[{"width":1497,"height":1500,"url":"https:\/\/www.happrunprojector.com\/wp-content\/uploads\/2024\/12\/71f3GNS2qZL._AC_SL1500_.jpg","type":"image\/jpeg"}],"twitter_card":"summary_large_image","twitter_misc":{"Ber\u00e4knad l\u00e4stid":"2 minuter"},"schema":{"@context":"https:\/\/schema.org","@graph":[{"@type":"WebPage","@id":"https:\/\/www.happrunprojector.com\/happrun-510g-projector-google-tv-projector-with-wifi-and-bluetooth-4k-support-netflix-licensed-hdr-10\/","url":"https:\/\/www.happrunprojector.com\/happrun-510g-projector-google-tv-projector-with-wifi-and-bluetooth-4k-support-netflix-licensed-hdr-10\/","name":"HAPPRUN 510G Projector: Google TV Projector with WiFi and Bluetooth, 4K Support, Netflix-Licensed, HDR 10+ - Happrun Projector","isPartOf":{"@id":"https:\/\/www.happrunprojector.com\/#website"},"primaryImageOfPage":{"@id":"https:\/\/www.happrunprojector.com\/happrun-510g-projector-google-tv-projector-with-wifi-and-bluetooth-4k-support-netflix-licensed-hdr-10\/#primaryimage"},"image":{"@id":"https:\/\/www.happrunprojector.com\/happrun-510g-projector-google-tv-projector-with-wifi-and-bluetooth-4k-support-netflix-licensed-hdr-10\/#primaryimage"},"thumbnailUrl":"https:\/\/www.happrunprojector.com\/wp-content\/uploads\/2024\/12\/71f3GNS2qZL._AC_SL1500_.jpg","datePublished":"2024-12-24T09:47:04+00:00","dateModified":"2025-10-15T09:17:09+00:00","description":"Elevate your home entertainment with the HAPPRUN Google TV Projector. Featuring native 1080P resolution, 4K support, HDR10+, and 350 ANSI lumens, it delivers stunning visuals with vibrant colors and sharp contrasts.","breadcrumb":{"@id":"https:\/\/www.happrunprojector.com\/happrun-510g-projector-google-tv-projector-with-wifi-and-bluetooth-4k-support-netflix-licensed-hdr-10\/#breadcrumb"},"inLanguage":"sv-SE","potentialAction":[{"@type":"ReadAction","target":["https:\/\/www.happrunprojector.com\/happrun-510g-projector-google-tv-projector-with-wifi-and-bluetooth-4k-support-netflix-licensed-hdr-10\/"]}]},{"@type":"ImageObject","inLanguage":"sv-SE","@id":"https:\/\/www.happrunprojector.com\/happrun-510g-projector-google-tv-projector-with-wifi-and-bluetooth-4k-support-netflix-licensed-hdr-10\/#primaryimage","url":"https:\/\/www.happrunprojector.com\/wp-content\/uploads\/2024\/12\/71f3GNS2qZL._AC_SL1500_.jpg","contentUrl":"https:\/\/www.happrunprojector.com\/wp-content\/uploads\/2024\/12\/71f3GNS2qZL._AC_SL1500_.jpg","width":1497,"height":1500,"caption":"HAPPRUN 510G Projector"},{"@type":"BreadcrumbList","@id":"https:\/\/www.happrunprojector.com\/happrun-510g-projector-google-tv-projector-with-wifi-and-bluetooth-4k-support-netflix-licensed-hdr-10\/#breadcrumb","itemListElement":[{"@type":"ListItem","position":1,"name":"Home","item":"https:\/\/www.happrunprojector.com\/"},{"@type":"ListItem","position":2,"name":"Shop","item":"https:\/\/www.happrunprojector.com\/shop\/"},{"@type":"ListItem","position":3,"name":"HAPPRUN 510G Projector: Google TV Projector with WiFi and Bluetooth, 4K Support, Netflix-Licensed, HDR 10+"}]},{"@type":"WebSite","@id":"https:\/\/www.happrunprojector.com\/#website","url":"https:\/\/www.happrunprojector.com\/","name":"Happrun Projector","description":"","potentialAction":[{"@type":"SearchAction","target":{"@type":"EntryPoint","urlTemplate":"https:\/\/www.happrunprojector.com\/?s={search_term_string}"},"query-input":"required name=search_term_string"}],"inLanguage":"sv-SE"}]}},"_links":{"self":[{"href":"https:\/\/www.happrunprojector.com\/sv\/wp-json\/wp\/v2\/product\/3782","targetHints":{"allow":["GET"]}}],"collection":[{"href":"https:\/\/www.happrunprojector.com\/sv\/wp-json\/wp\/v2\/product"}],"about":[{"href":"https:\/\/www.happrunprojector.com\/sv\/wp-json\/wp\/v2\/types\/product"}],"replies":[{"embeddable":true,"href":"https:\/\/www.happrunprojector.com\/sv\/wp-json\/wp\/v2\/comments?post=3782"}],"version-history":[{"count":1,"href":"https:\/\/www.happrunprojector.com\/sv\/wp-json\/wp\/v2\/product\/3782\/revisions"}],"predecessor-version":[{"id":3792,"href":"https:\/\/www.happrunprojector.com\/sv\/wp-json\/wp\/v2\/product\/3782\/revisions\/3792"}],"wp:featuredmedia":[{"embeddable":true,"href":"https:\/\/www.happrunprojector.com\/sv\/wp-json\/wp\/v2\/media\/3784"}],"wp:attachment":[{"href":"https:\/\/www.happrunprojector.com\/sv\/wp-json\/wp\/v2\/media?parent=3782"}],"wp:term":[{"taxonomy":"product_cat","embeddable":true,"href":"https:\/\/www.happrunprojector.com\/sv\/wp-json\/wp\/v2\/product_cat?post=3782"},{"taxonomy":"product_tag","embeddable":true,"href":"https:\/\/www.happrunprojector.com\/sv\/wp-json\/wp\/v2\/product_tag?post=3782"}],"curies":[{"name":"wp","href":"https:\/\/api.w.org\/{rel}","templated":true}]}}