{"id":3543,"date":"2024-05-14T08:54:08","date_gmt":"2024-05-14T08:54:08","guid":{"rendered":"https:\/\/www.happrunprojector.com\/?post_type=product&#038;p=3543"},"modified":"2024-12-24T09:32:40","modified_gmt":"2024-12-24T09:32:40","slug":"happrun-c12h-newest-auto-focus-projector","status":"publish","type":"product","link":"https:\/\/www.happrunprojector.com\/sv\/happrun-c12h-nyaste-autofokusprojektorn\/","title":{"rendered":"HAPPRUN C12H: Nyaste autofokusprojektorn"},"content":{"rendered":"<p>F\u00f6rh\u00f6j dina filmkv\u00e4llar utomhus med HAPPRUN C12H-projektorn, som \u00e4r utformad f\u00f6r att leverera exceptionell ljusstyrka, klarhet och bekv\u00e4mlighet. Med en 6X-lins med diffus reflekterande teknik och en IPS-sk\u00e4rm har denna projektor en imponerande ljusstyrka p\u00e5 15000 lux, vilket ger tre g\u00e5nger h\u00f6gre ljusstyrka \u00e4n andra 1080P-utomhusprojektorer. Med en ljusstyrka p\u00e5 500 ANSI kan du enkelt skapa en utomhusbiograf i tr\u00e4dg\u00e5rden, p\u00e5 uteplatsen eller n\u00e4r du campar under stj\u00e4rnorna.<\/p>\n<p>Njut av kristallklara bilder med inbyggd 1080P-uppl\u00f6sning och ett h\u00f6gt kontrastf\u00f6rh\u00e5llande p\u00e5 12000:1, tack vare LED-ljus och LCD-teknik. Den senaste NTSC-f\u00e4rgtekniken och algoritmen f\u00f6r bildkantbearbetning s\u00e4kerst\u00e4ller 80% ljusstyrka, vilket g\u00f6r att varje detalj syns \u00e4ven i omgivande ljusf\u00f6rh\u00e5llanden. F\u00f6rdjupa dig i en filmisk tittarupplevelse med Full HD-video som ger liv \u00e5t dina favoritfilmer, TV-program och spel.<\/p>\n<p>HAPPRUN C12H-projektorn \u00e4r inte bara ljusstarkare och skarpare, utan ocks\u00e5 smartare. Med autofokus och 6D Keystone-korrigering justeras projektorn automatiskt till r\u00e4tt bild inom 3 sekunder, oavsett hur du placerar den. 4-punkts- och 6D-justeringarna s\u00e4kerst\u00e4ller exakt bildjustering, medan \u00e5terst\u00e4llningsfunktionen med ett klick bidrar till den anv\u00e4ndarv\u00e4nliga upplevelsen, vilket g\u00f6r den mer intelligent \u00e4n andra projektorer.<\/p>\n<p>Upplev snabbare streaming och spel med 5G WiFi, som ger j\u00e4mnare k\u00f6rhastighet, st\u00f6rre data\u00f6verf\u00f6ringskapacitet och l\u00e4gre latens j\u00e4mf\u00f6rt med traditionella WiFi-projektorer. Oavsett om du tittar p\u00e5 h\u00f6guppl\u00f6sta filmer, lyssnar p\u00e5 h\u00f6gkvalitativ musik eller spelar spel kan du f\u00f6rv\u00e4nta dig hastighet och stabilitet f\u00f6r en oavbruten underh\u00e5llningsupplevelse.<\/p>\n<p>F\u00f6rb\u00e4ttra din tittarupplevelse med kraftfullt, dynamiskt ljud fr\u00e5n de inbyggda 5 W dubbla stereoh\u00f6gtalarna och SRS-ljudsystemet. Oavsett om det \u00e4r filmkv\u00e4ll med familjen, spel med v\u00e4nnerna eller en utomhusfest, g\u00f6r Bluetooth 5.1-anslutningen att du enkelt kan ansluta projektorn till Bluetooth-h\u00f6gtalare, soundbars, h\u00f6rlurar eller annan ljudutrustning utan kr\u00e5ngel med sladdar och kablar.<\/p>\n<p>Ge liv \u00e5t din underh\u00e5llning med HAPPRUN C12H-projektorn och njut av ljusstarkare, skarpare, smartare och mer h\u00f6gljudda filmupplevelser utomhus som aldrig f\u00f6rr.<\/p>","protected":false},"excerpt":{"rendered":"<p>Upplev de ultimata filmkv\u00e4llarna utomhus med HAPPRUN C12H-projektorn. Med 6X-linsteknik och 15000 lux ljusstyrka ger den h\u00e4r b\u00e4rbara projektorn fantastisk Full HD-uppl\u00f6sning och skarpa, detaljerade bilder. Njut av smartare funktioner som autofokus och 6D Keystone-korrigering f\u00f6r problemfri installation, medan 5G WiFi garanterar snabbare streaming och spel. Med Bluetooth 5.1 och dubbla stereoh\u00f6gtalare kan du dessutom njuta av kraftfullt, dynamiskt ljud f\u00f6r en of\u00f6rgl\u00f6mlig tittarupplevelse.<\/p>","protected":false},"featured_media":3549,"comment_status":"open","ping_status":"closed","template":"","meta":{"_themeisle_gutenberg_block_has_review":false},"product_cat":[134],"product_tag":[],"class_list":{"0":"post-3543","1":"product","2":"type-product","3":"status-publish","4":"has-post-thumbnail","6":"product_cat-projector","8":"first","9":"instock","10":"sale","11":"shipping-taxable","12":"product-type-external"},"yoast_head":"<!-- This site is optimized with the Yoast SEO plugin v22.7 - https:\/\/yoast.com\/wordpress\/plugins\/seo\/ -->\n<title>HAPPRUN C12H: Newest Auto Focus Projector - Happrun Projector<\/title>\n<meta name=\"description\" content=\"Introducing the HAPPRUN C12H, our newest auto focus projector designed to revolutionize your viewing experience. With cutting-edge auto focus technology, the C12H ensures crystal-clear images with just a click. Upgrade to the future of home entertainment today.\" \/>\n<meta name=\"robots\" content=\"index, follow, max-snippet:-1, max-image-preview:large, max-video-preview:-1\" \/>\n<link rel=\"canonical\" href=\"https:\/\/www.happrunprojector.com\/sv\/happrun-c12h-newest-auto-focus-projector\/\" \/>\n<meta property=\"og:locale\" content=\"sv_SE\" \/>\n<meta property=\"og:type\" content=\"article\" \/>\n<meta property=\"og:title\" content=\"HAPPRUN C12H: Newest Auto Focus Projector - Happrun Projector\" \/>\n<meta property=\"og:description\" content=\"Introducing the HAPPRUN C12H, our newest auto focus projector designed to revolutionize your viewing experience. With cutting-edge auto focus technology, the C12H ensures crystal-clear images with just a click. Upgrade to the future of home entertainment today.\" \/>\n<meta property=\"og:url\" content=\"https:\/\/www.happrunprojector.com\/sv\/happrun-c12h-newest-auto-focus-projector\/\" \/>\n<meta property=\"og:site_name\" content=\"Happrun Projector\" \/>\n<meta property=\"article:modified_time\" content=\"2024-12-24T09:32:40+00:00\" \/>\n<meta property=\"og:image\" content=\"https:\/\/www.happrunprojector.com\/wp-content\/uploads\/2024\/05\/happrun_projectorC12H.webp\" \/>\n\t<meta property=\"og:image:width\" content=\"1500\" \/>\n\t<meta property=\"og:image:height\" content=\"1477\" \/>\n\t<meta property=\"og:image:type\" content=\"image\/webp\" \/>\n<meta name=\"twitter:card\" content=\"summary_large_image\" \/>\n<meta name=\"twitter:label1\" content=\"Ber\u00e4knad l\u00e4stid\" \/>\n\t<meta name=\"twitter:data1\" content=\"2 minuter\" \/>\n<script type=\"application\/ld+json\" class=\"yoast-schema-graph\">{\"@context\":\"https:\/\/schema.org\",\"@graph\":[{\"@type\":\"WebPage\",\"@id\":\"https:\/\/www.happrunprojector.com\/happrun-c12h-newest-auto-focus-projector\/\",\"url\":\"https:\/\/www.happrunprojector.com\/happrun-c12h-newest-auto-focus-projector\/\",\"name\":\"HAPPRUN C12H: Newest Auto Focus Projector - Happrun Projector\",\"isPartOf\":{\"@id\":\"https:\/\/www.happrunprojector.com\/#website\"},\"primaryImageOfPage\":{\"@id\":\"https:\/\/www.happrunprojector.com\/happrun-c12h-newest-auto-focus-projector\/#primaryimage\"},\"image\":{\"@id\":\"https:\/\/www.happrunprojector.com\/happrun-c12h-newest-auto-focus-projector\/#primaryimage\"},\"thumbnailUrl\":\"https:\/\/www.happrunprojector.com\/wp-content\/uploads\/2024\/05\/happrun_projectorC12H.webp\",\"datePublished\":\"2024-05-14T08:54:08+00:00\",\"dateModified\":\"2024-12-24T09:32:40+00:00\",\"description\":\"Introducing the HAPPRUN C12H, our newest auto focus projector designed to revolutionize your viewing experience. With cutting-edge auto focus technology, the C12H ensures crystal-clear images with just a click. Upgrade to the future of home entertainment today.\",\"breadcrumb\":{\"@id\":\"https:\/\/www.happrunprojector.com\/happrun-c12h-newest-auto-focus-projector\/#breadcrumb\"},\"inLanguage\":\"sv-SE\",\"potentialAction\":[{\"@type\":\"ReadAction\",\"target\":[\"https:\/\/www.happrunprojector.com\/happrun-c12h-newest-auto-focus-projector\/\"]}]},{\"@type\":\"ImageObject\",\"inLanguage\":\"sv-SE\",\"@id\":\"https:\/\/www.happrunprojector.com\/happrun-c12h-newest-auto-focus-projector\/#primaryimage\",\"url\":\"https:\/\/www.happrunprojector.com\/wp-content\/uploads\/2024\/05\/happrun_projectorC12H.webp\",\"contentUrl\":\"https:\/\/www.happrunprojector.com\/wp-content\/uploads\/2024\/05\/happrun_projectorC12H.webp\",\"width\":1500,\"height\":1477,\"caption\":\"HAPPRUN C12H projector\"},{\"@type\":\"BreadcrumbList\",\"@id\":\"https:\/\/www.happrunprojector.com\/happrun-c12h-newest-auto-focus-projector\/#breadcrumb\",\"itemListElement\":[{\"@type\":\"ListItem\",\"position\":1,\"name\":\"Home\",\"item\":\"https:\/\/www.happrunprojector.com\/\"},{\"@type\":\"ListItem\",\"position\":2,\"name\":\"Shop\",\"item\":\"https:\/\/www.happrunprojector.com\/shop\/\"},{\"@type\":\"ListItem\",\"position\":3,\"name\":\"HAPPRUN C12H: Newest Auto Focus Projector\"}]},{\"@type\":\"WebSite\",\"@id\":\"https:\/\/www.happrunprojector.com\/#website\",\"url\":\"https:\/\/www.happrunprojector.com\/\",\"name\":\"Happrun Projector\",\"description\":\"\",\"potentialAction\":[{\"@type\":\"SearchAction\",\"target\":{\"@type\":\"EntryPoint\",\"urlTemplate\":\"https:\/\/www.happrunprojector.com\/?s={search_term_string}\"},\"query-input\":\"required name=search_term_string\"}],\"inLanguage\":\"sv-SE\"}]}<\/script>\n<!-- \/ Yoast SEO plugin. -->","yoast_head_json":{"title":"HAPPRUN C12H: Newest Auto Focus Projector - Happrun Projector","description":"Introducing the HAPPRUN C12H, our newest auto focus projector designed to revolutionize your viewing experience. With cutting-edge auto focus technology, the C12H ensures crystal-clear images with just a click. Upgrade to the future of home entertainment today.","robots":{"index":"index","follow":"follow","max-snippet":"max-snippet:-1","max-image-preview":"max-image-preview:large","max-video-preview":"max-video-preview:-1"},"canonical":"https:\/\/www.happrunprojector.com\/sv\/happrun-c12h-newest-auto-focus-projector\/","og_locale":"sv_SE","og_type":"article","og_title":"HAPPRUN C12H: Newest Auto Focus Projector - Happrun Projector","og_description":"Introducing the HAPPRUN C12H, our newest auto focus projector designed to revolutionize your viewing experience. With cutting-edge auto focus technology, the C12H ensures crystal-clear images with just a click. Upgrade to the future of home entertainment today.","og_url":"https:\/\/www.happrunprojector.com\/sv\/happrun-c12h-newest-auto-focus-projector\/","og_site_name":"Happrun Projector","article_modified_time":"2024-12-24T09:32:40+00:00","og_image":[{"width":1500,"height":1477,"url":"https:\/\/www.happrunprojector.com\/wp-content\/uploads\/2024\/05\/happrun_projectorC12H.webp","type":"image\/webp"}],"twitter_card":"summary_large_image","twitter_misc":{"Ber\u00e4knad l\u00e4stid":"2 minuter"},"schema":{"@context":"https:\/\/schema.org","@graph":[{"@type":"WebPage","@id":"https:\/\/www.happrunprojector.com\/happrun-c12h-newest-auto-focus-projector\/","url":"https:\/\/www.happrunprojector.com\/happrun-c12h-newest-auto-focus-projector\/","name":"HAPPRUN C12H: Newest Auto Focus Projector - Happrun Projector","isPartOf":{"@id":"https:\/\/www.happrunprojector.com\/#website"},"primaryImageOfPage":{"@id":"https:\/\/www.happrunprojector.com\/happrun-c12h-newest-auto-focus-projector\/#primaryimage"},"image":{"@id":"https:\/\/www.happrunprojector.com\/happrun-c12h-newest-auto-focus-projector\/#primaryimage"},"thumbnailUrl":"https:\/\/www.happrunprojector.com\/wp-content\/uploads\/2024\/05\/happrun_projectorC12H.webp","datePublished":"2024-05-14T08:54:08+00:00","dateModified":"2024-12-24T09:32:40+00:00","description":"Introducing the HAPPRUN C12H, our newest auto focus projector designed to revolutionize your viewing experience. With cutting-edge auto focus technology, the C12H ensures crystal-clear images with just a click. Upgrade to the future of home entertainment today.","breadcrumb":{"@id":"https:\/\/www.happrunprojector.com\/happrun-c12h-newest-auto-focus-projector\/#breadcrumb"},"inLanguage":"sv-SE","potentialAction":[{"@type":"ReadAction","target":["https:\/\/www.happrunprojector.com\/happrun-c12h-newest-auto-focus-projector\/"]}]},{"@type":"ImageObject","inLanguage":"sv-SE","@id":"https:\/\/www.happrunprojector.com\/happrun-c12h-newest-auto-focus-projector\/#primaryimage","url":"https:\/\/www.happrunprojector.com\/wp-content\/uploads\/2024\/05\/happrun_projectorC12H.webp","contentUrl":"https:\/\/www.happrunprojector.com\/wp-content\/uploads\/2024\/05\/happrun_projectorC12H.webp","width":1500,"height":1477,"caption":"HAPPRUN C12H projector"},{"@type":"BreadcrumbList","@id":"https:\/\/www.happrunprojector.com\/happrun-c12h-newest-auto-focus-projector\/#breadcrumb","itemListElement":[{"@type":"ListItem","position":1,"name":"Home","item":"https:\/\/www.happrunprojector.com\/"},{"@type":"ListItem","position":2,"name":"Shop","item":"https:\/\/www.happrunprojector.com\/shop\/"},{"@type":"ListItem","position":3,"name":"HAPPRUN C12H: Newest Auto Focus Projector"}]},{"@type":"WebSite","@id":"https:\/\/www.happrunprojector.com\/#website","url":"https:\/\/www.happrunprojector.com\/","name":"Happrun Projector","description":"","potentialAction":[{"@type":"SearchAction","target":{"@type":"EntryPoint","urlTemplate":"https:\/\/www.happrunprojector.com\/?s={search_term_string}"},"query-input":"required name=search_term_string"}],"inLanguage":"sv-SE"}]}},"_links":{"self":[{"href":"https:\/\/www.happrunprojector.com\/sv\/wp-json\/wp\/v2\/product\/3543","targetHints":{"allow":["GET"]}}],"collection":[{"href":"https:\/\/www.happrunprojector.com\/sv\/wp-json\/wp\/v2\/product"}],"about":[{"href":"https:\/\/www.happrunprojector.com\/sv\/wp-json\/wp\/v2\/types\/product"}],"replies":[{"embeddable":true,"href":"https:\/\/www.happrunprojector.com\/sv\/wp-json\/wp\/v2\/comments?post=3543"}],"version-history":[{"count":1,"href":"https:\/\/www.happrunprojector.com\/sv\/wp-json\/wp\/v2\/product\/3543\/revisions"}],"predecessor-version":[{"id":3550,"href":"https:\/\/www.happrunprojector.com\/sv\/wp-json\/wp\/v2\/product\/3543\/revisions\/3550"}],"wp:featuredmedia":[{"embeddable":true,"href":"https:\/\/www.happrunprojector.com\/sv\/wp-json\/wp\/v2\/media\/3549"}],"wp:attachment":[{"href":"https:\/\/www.happrunprojector.com\/sv\/wp-json\/wp\/v2\/media?parent=3543"}],"wp:term":[{"taxonomy":"product_cat","embeddable":true,"href":"https:\/\/www.happrunprojector.com\/sv\/wp-json\/wp\/v2\/product_cat?post=3543"},{"taxonomy":"product_tag","embeddable":true,"href":"https:\/\/www.happrunprojector.com\/sv\/wp-json\/wp\/v2\/product_tag?post=3543"}],"curies":[{"name":"wp","href":"https:\/\/api.w.org\/{rel}","templated":true}]}}