{"id":3532,"date":"2024-05-14T08:39:07","date_gmt":"2024-05-14T08:39:07","guid":{"rendered":"https:\/\/www.happrunprojector.com\/?post_type=product&#038;p=3532"},"modified":"2024-12-24T09:29:27","modified_gmt":"2024-12-24T09:29:27","slug":"happrun-yg291-mini-electric-focus-projector","status":"publish","type":"product","link":"https:\/\/www.happrunprojector.com\/sv\/happrun-yg291-mini-elektrisk-fokusprojektor\/","title":{"rendered":"HAPPRUN YG291: Mini Electric Focus Projector"},"content":{"rendered":"<p>F\u00f6rh\u00f6j dina filmkv\u00e4llar med HAPPRUN YG291 Mini Projector, med innovativ elektrisk fokusteknik som ger en klar bild inom n\u00e5gra sekunder. S\u00e4g adj\u00f6 till manuell fokusering och hej till enkel klarhet med den smarta fj\u00e4rrkontrollen, s\u00e5 att du kan justera fokus medan du bekv\u00e4mt slappnar av i soffan eller s\u00e4ngen.<\/p>\n<p>Den h\u00e4r kompakta och l\u00e4tta miniprojektorn \u00e4r mycket portabel, m\u00e4ter bara 8,85 x 7,08 x 5,31 tum och v\u00e4ger endast 2,5 kg. Oavsett om du \u00e4r hemma eller ute i det fria \u00e4r YG291 din p\u00e5litliga f\u00f6ljeslagare f\u00f6r filmmaraton, videospel eller till och med utomhusbioupplevelser under campingresor eller tr\u00e4dg\u00e5rdssammankomster.<\/p>\n<p>Njut av fantastiska visuella upplevelser med 1080p-st\u00f6d och ett imponerande 8000:1 h\u00f6gt dynamiskt kontrastf\u00f6rh\u00e5llande, vilket garanterar levande och verklighetstrogna f\u00e4rger i varje projektion. Med hj\u00e4lp av 95% NTSC-teknik levererar denna hemmabioprojektor verkliga, dynamiska och f\u00e4rgstarka bilder, vilket f\u00f6rb\u00e4ttrar ditt visningsn\u00f6je.<\/p>\n<p>Skapa din egen personliga hemmabio med en projektionsstorlek p\u00e5 mellan 35 och 200 tum och ett projektionsavst\u00e5nd p\u00e5 mellan 3,7 och 23,6 fot. Projektorn st\u00f6der b\u00e5de bildf\u00f6rh\u00e5llandena 4:3 och 16:9, och med zoomfunktionen kan du enkelt justera bildstorleken fr\u00e5n 75% till 100% utan att flytta projektorn.<\/p>\n<p>HAPPRUN YG291 Mini Projector erbjuder m\u00e5ngsidiga anslutningsm\u00f6jligheter, inklusive HDMI, 2*USB, AV och headsetportar, s\u00e5 att du kan ansluta den till datorer, TV-boxar, TV-stickor, Chromebooks, surfplattor, USB-minnen, mediaspelare och smartphones. F\u00f6r anslutning till telefon beh\u00f6ver du bara k\u00f6pa en extra HDMI-adapter. Observera att p\u00e5 grund av HDCP-upphovsr\u00e4ttsskydd kan upphovsr\u00e4ttsskyddat inneh\u00e5ll fr\u00e5n streamingtj\u00e4nster som Hulu, Netflix och Amazon Prime inte speglas eller screen-castas direkt. Du kan dock ansluta enheter som Amazon Fire Stick f\u00f6r att f\u00e5 tillg\u00e5ng till dessa tj\u00e4nster.<\/p>\n<p>Ta med dig bioupplevelsen vart du \u00e4n g\u00e5r med HAPPRUN YG291 Mini Projector och f\u00f6rdjupa dig i filmer, TV-program och foton med o\u00f6vertr\u00e4ffad klarhet och bekv\u00e4mlighet.<\/p>","protected":false},"excerpt":{"rendered":"<p>Upplev bekv\u00e4mligheten med elektriskt fokus med HAPPRUN YG291 Mini Projector. P\u00e5 bara 3 sekunder f\u00e5r du en klar bild med en knapptryckning med den smarta fj\u00e4rrkontrollen. Den h\u00e4r b\u00e4rbara projektorn v\u00e4ger bara 2,5 kg och \u00e4r perfekt f\u00f6r hemmabruk eller utomhusbruk och ger enast\u00e5ende visuell kvalitet med 1080p-st\u00f6d och ett h\u00f6gt dynamiskt kontrastf\u00f6rh\u00e5llande. Med en projektionsstorlek p\u00e5 upp till 200 tum och flera anslutningsm\u00f6jligheter, inklusive HDMI och USB, l\u00e5ter den h\u00e4r projektorn dig bygga din egen hemmabio var du \u00e4n befinner dig.<\/p>","protected":false},"featured_media":3540,"comment_status":"open","ping_status":"closed","template":"","meta":{"_themeisle_gutenberg_block_has_review":false},"product_cat":[134],"product_tag":[],"class_list":{"0":"post-3532","1":"product","2":"type-product","3":"status-publish","4":"has-post-thumbnail","6":"product_cat-projector","8":"first","9":"instock","10":"sale","11":"shipping-taxable","12":"product-type-external"},"yoast_head":"<!-- This site is optimized with the Yoast SEO plugin v22.7 - https:\/\/yoast.com\/wordpress\/plugins\/seo\/ -->\n<title>HAPPRUN YG291: Mini Electric Focus Projector - Happrun Projector<\/title>\n<meta name=\"description\" content=\"Experience the convenience of the HAPPRUN YG291, our mini electric focus projector designed for maximum clarity. Compact and portable, the YG291 is perfect for home or outdoor use, bringing your favorite movies to life wherever you go.\" \/>\n<meta name=\"robots\" content=\"index, follow, max-snippet:-1, max-image-preview:large, max-video-preview:-1\" \/>\n<link rel=\"canonical\" href=\"https:\/\/www.happrunprojector.com\/sv\/happrun-yg291-mini-electric-focus-projector\/\" \/>\n<meta property=\"og:locale\" content=\"sv_SE\" \/>\n<meta property=\"og:type\" content=\"article\" \/>\n<meta property=\"og:title\" content=\"HAPPRUN YG291: Mini Electric Focus Projector - Happrun Projector\" \/>\n<meta property=\"og:description\" content=\"Experience the convenience of the HAPPRUN YG291, our mini electric focus projector designed for maximum clarity. Compact and portable, the YG291 is perfect for home or outdoor use, bringing your favorite movies to life wherever you go.\" \/>\n<meta property=\"og:url\" content=\"https:\/\/www.happrunprojector.com\/sv\/happrun-yg291-mini-electric-focus-projector\/\" \/>\n<meta property=\"og:site_name\" content=\"Happrun Projector\" \/>\n<meta property=\"article:modified_time\" content=\"2024-12-24T09:29:27+00:00\" \/>\n<meta property=\"og:image\" content=\"https:\/\/www.happrunprojector.com\/wp-content\/uploads\/2024\/05\/happrunprojector-1.webp\" \/>\n\t<meta property=\"og:image:width\" content=\"1000\" \/>\n\t<meta property=\"og:image:height\" content=\"1000\" \/>\n\t<meta property=\"og:image:type\" content=\"image\/webp\" \/>\n<meta name=\"twitter:card\" content=\"summary_large_image\" \/>\n<meta name=\"twitter:label1\" content=\"Ber\u00e4knad l\u00e4stid\" \/>\n\t<meta name=\"twitter:data1\" content=\"2 minuter\" \/>\n<script type=\"application\/ld+json\" class=\"yoast-schema-graph\">{\"@context\":\"https:\/\/schema.org\",\"@graph\":[{\"@type\":\"WebPage\",\"@id\":\"https:\/\/www.happrunprojector.com\/happrun-yg291-mini-electric-focus-projector\/\",\"url\":\"https:\/\/www.happrunprojector.com\/happrun-yg291-mini-electric-focus-projector\/\",\"name\":\"HAPPRUN YG291: Mini Electric Focus Projector - Happrun Projector\",\"isPartOf\":{\"@id\":\"https:\/\/www.happrunprojector.com\/#website\"},\"primaryImageOfPage\":{\"@id\":\"https:\/\/www.happrunprojector.com\/happrun-yg291-mini-electric-focus-projector\/#primaryimage\"},\"image\":{\"@id\":\"https:\/\/www.happrunprojector.com\/happrun-yg291-mini-electric-focus-projector\/#primaryimage\"},\"thumbnailUrl\":\"https:\/\/www.happrunprojector.com\/wp-content\/uploads\/2024\/05\/happrunprojector-1.webp\",\"datePublished\":\"2024-05-14T08:39:07+00:00\",\"dateModified\":\"2024-12-24T09:29:27+00:00\",\"description\":\"Experience the convenience of the HAPPRUN YG291, our mini electric focus projector designed for maximum clarity. Compact and portable, the YG291 is perfect for home or outdoor use, bringing your favorite movies to life wherever you go.\",\"breadcrumb\":{\"@id\":\"https:\/\/www.happrunprojector.com\/happrun-yg291-mini-electric-focus-projector\/#breadcrumb\"},\"inLanguage\":\"sv-SE\",\"potentialAction\":[{\"@type\":\"ReadAction\",\"target\":[\"https:\/\/www.happrunprojector.com\/happrun-yg291-mini-electric-focus-projector\/\"]}]},{\"@type\":\"ImageObject\",\"inLanguage\":\"sv-SE\",\"@id\":\"https:\/\/www.happrunprojector.com\/happrun-yg291-mini-electric-focus-projector\/#primaryimage\",\"url\":\"https:\/\/www.happrunprojector.com\/wp-content\/uploads\/2024\/05\/happrunprojector-1.webp\",\"contentUrl\":\"https:\/\/www.happrunprojector.com\/wp-content\/uploads\/2024\/05\/happrunprojector-1.webp\",\"width\":1000,\"height\":1000,\"caption\":\"HAPPRUN YG291 Mini Projector\"},{\"@type\":\"BreadcrumbList\",\"@id\":\"https:\/\/www.happrunprojector.com\/happrun-yg291-mini-electric-focus-projector\/#breadcrumb\",\"itemListElement\":[{\"@type\":\"ListItem\",\"position\":1,\"name\":\"Home\",\"item\":\"https:\/\/www.happrunprojector.com\/\"},{\"@type\":\"ListItem\",\"position\":2,\"name\":\"Shop\",\"item\":\"https:\/\/www.happrunprojector.com\/shop\/\"},{\"@type\":\"ListItem\",\"position\":3,\"name\":\"HAPPRUN YG291: Mini Electric Focus Projector\"}]},{\"@type\":\"WebSite\",\"@id\":\"https:\/\/www.happrunprojector.com\/#website\",\"url\":\"https:\/\/www.happrunprojector.com\/\",\"name\":\"Happrun Projector\",\"description\":\"\",\"potentialAction\":[{\"@type\":\"SearchAction\",\"target\":{\"@type\":\"EntryPoint\",\"urlTemplate\":\"https:\/\/www.happrunprojector.com\/?s={search_term_string}\"},\"query-input\":\"required name=search_term_string\"}],\"inLanguage\":\"sv-SE\"}]}<\/script>\n<!-- \/ Yoast SEO plugin. -->","yoast_head_json":{"title":"HAPPRUN YG291: Mini Electric Focus Projector - Happrun Projector","description":"Experience the convenience of the HAPPRUN YG291, our mini electric focus projector designed for maximum clarity. Compact and portable, the YG291 is perfect for home or outdoor use, bringing your favorite movies to life wherever you go.","robots":{"index":"index","follow":"follow","max-snippet":"max-snippet:-1","max-image-preview":"max-image-preview:large","max-video-preview":"max-video-preview:-1"},"canonical":"https:\/\/www.happrunprojector.com\/sv\/happrun-yg291-mini-electric-focus-projector\/","og_locale":"sv_SE","og_type":"article","og_title":"HAPPRUN YG291: Mini Electric Focus Projector - Happrun Projector","og_description":"Experience the convenience of the HAPPRUN YG291, our mini electric focus projector designed for maximum clarity. Compact and portable, the YG291 is perfect for home or outdoor use, bringing your favorite movies to life wherever you go.","og_url":"https:\/\/www.happrunprojector.com\/sv\/happrun-yg291-mini-electric-focus-projector\/","og_site_name":"Happrun Projector","article_modified_time":"2024-12-24T09:29:27+00:00","og_image":[{"width":1000,"height":1000,"url":"https:\/\/www.happrunprojector.com\/wp-content\/uploads\/2024\/05\/happrunprojector-1.webp","type":"image\/webp"}],"twitter_card":"summary_large_image","twitter_misc":{"Ber\u00e4knad l\u00e4stid":"2 minuter"},"schema":{"@context":"https:\/\/schema.org","@graph":[{"@type":"WebPage","@id":"https:\/\/www.happrunprojector.com\/happrun-yg291-mini-electric-focus-projector\/","url":"https:\/\/www.happrunprojector.com\/happrun-yg291-mini-electric-focus-projector\/","name":"HAPPRUN YG291: Mini Electric Focus Projector - Happrun Projector","isPartOf":{"@id":"https:\/\/www.happrunprojector.com\/#website"},"primaryImageOfPage":{"@id":"https:\/\/www.happrunprojector.com\/happrun-yg291-mini-electric-focus-projector\/#primaryimage"},"image":{"@id":"https:\/\/www.happrunprojector.com\/happrun-yg291-mini-electric-focus-projector\/#primaryimage"},"thumbnailUrl":"https:\/\/www.happrunprojector.com\/wp-content\/uploads\/2024\/05\/happrunprojector-1.webp","datePublished":"2024-05-14T08:39:07+00:00","dateModified":"2024-12-24T09:29:27+00:00","description":"Experience the convenience of the HAPPRUN YG291, our mini electric focus projector designed for maximum clarity. Compact and portable, the YG291 is perfect for home or outdoor use, bringing your favorite movies to life wherever you go.","breadcrumb":{"@id":"https:\/\/www.happrunprojector.com\/happrun-yg291-mini-electric-focus-projector\/#breadcrumb"},"inLanguage":"sv-SE","potentialAction":[{"@type":"ReadAction","target":["https:\/\/www.happrunprojector.com\/happrun-yg291-mini-electric-focus-projector\/"]}]},{"@type":"ImageObject","inLanguage":"sv-SE","@id":"https:\/\/www.happrunprojector.com\/happrun-yg291-mini-electric-focus-projector\/#primaryimage","url":"https:\/\/www.happrunprojector.com\/wp-content\/uploads\/2024\/05\/happrunprojector-1.webp","contentUrl":"https:\/\/www.happrunprojector.com\/wp-content\/uploads\/2024\/05\/happrunprojector-1.webp","width":1000,"height":1000,"caption":"HAPPRUN YG291 Mini Projector"},{"@type":"BreadcrumbList","@id":"https:\/\/www.happrunprojector.com\/happrun-yg291-mini-electric-focus-projector\/#breadcrumb","itemListElement":[{"@type":"ListItem","position":1,"name":"Home","item":"https:\/\/www.happrunprojector.com\/"},{"@type":"ListItem","position":2,"name":"Shop","item":"https:\/\/www.happrunprojector.com\/shop\/"},{"@type":"ListItem","position":3,"name":"HAPPRUN YG291: Mini Electric Focus Projector"}]},{"@type":"WebSite","@id":"https:\/\/www.happrunprojector.com\/#website","url":"https:\/\/www.happrunprojector.com\/","name":"Happrun Projector","description":"","potentialAction":[{"@type":"SearchAction","target":{"@type":"EntryPoint","urlTemplate":"https:\/\/www.happrunprojector.com\/?s={search_term_string}"},"query-input":"required name=search_term_string"}],"inLanguage":"sv-SE"}]}},"_links":{"self":[{"href":"https:\/\/www.happrunprojector.com\/sv\/wp-json\/wp\/v2\/product\/3532","targetHints":{"allow":["GET"]}}],"collection":[{"href":"https:\/\/www.happrunprojector.com\/sv\/wp-json\/wp\/v2\/product"}],"about":[{"href":"https:\/\/www.happrunprojector.com\/sv\/wp-json\/wp\/v2\/types\/product"}],"replies":[{"embeddable":true,"href":"https:\/\/www.happrunprojector.com\/sv\/wp-json\/wp\/v2\/comments?post=3532"}],"version-history":[{"count":2,"href":"https:\/\/www.happrunprojector.com\/sv\/wp-json\/wp\/v2\/product\/3532\/revisions"}],"predecessor-version":[{"id":3542,"href":"https:\/\/www.happrunprojector.com\/sv\/wp-json\/wp\/v2\/product\/3532\/revisions\/3542"}],"wp:featuredmedia":[{"embeddable":true,"href":"https:\/\/www.happrunprojector.com\/sv\/wp-json\/wp\/v2\/media\/3540"}],"wp:attachment":[{"href":"https:\/\/www.happrunprojector.com\/sv\/wp-json\/wp\/v2\/media?parent=3532"}],"wp:term":[{"taxonomy":"product_cat","embeddable":true,"href":"https:\/\/www.happrunprojector.com\/sv\/wp-json\/wp\/v2\/product_cat?post=3532"},{"taxonomy":"product_tag","embeddable":true,"href":"https:\/\/www.happrunprojector.com\/sv\/wp-json\/wp\/v2\/product_tag?post=3532"}],"curies":[{"name":"wp","href":"https:\/\/api.w.org\/{rel}","templated":true}]}}