{"id":3522,"date":"2024-05-14T07:30:34","date_gmt":"2024-05-14T07:30:34","guid":{"rendered":"https:\/\/www.happrunprojector.com\/?post_type=product&#038;p=3522"},"modified":"2025-10-15T09:14:57","modified_gmt":"2025-10-15T09:14:57","slug":"happrun-f5-upgraded-mirroring-projector","status":"publish","type":"product","link":"https:\/\/www.happrunprojector.com\/sv\/happrun-f5-uppgraderad-speglingsprojektor\/","title":{"rendered":"HAPPRUN F5: Uppgraderad spegelprojektor"},"content":{"rendered":"<p>Sk\u00e4m bort dig sj\u00e4lv med den ultimata hemmabioupplevelsen med HAPPRUN F5 Projector. Denna inbyggda 1080P-projektor ger en imponerande Full HD-projektion p\u00e5 upp till 300 tum, vilket f\u00f6rvandlar en sl\u00e4t vit v\u00e4gg till en f\u00e4ngslande biografduk. S\u00e4g adj\u00f6 till besv\u00e4ret med att v\u00e4nta i k\u00f6 f\u00f6r biobiljetter eller hantera bullriga folkmassor p\u00e5 biografen - nu kan du njuta av dina favoritfilmer och serier fr\u00e5n bekv\u00e4mligheten i din egen soffa eller s\u00e4ng.<\/p>\n<p>Med funktionen f\u00f6r sk\u00e4rmspegling i ett steg g\u00e5r det snabbt och enkelt att ansluta din telefon till projektorn. Projektorn \u00e4r utrustad med uppgraderat 2.4Ghz+5Ghz Wi-Fi, vilket garanterar smidig och f\u00f6rdr\u00f6jningsfri sk\u00e4rmdelning, spel och videovisning.<\/p>\n<p>Upplev ett omslutande ljud med den inbyggda Hi-Fi-h\u00f6gtalaren, som ger ett skarpt och klart ljud f\u00f6r en riktigt filmisk upplevelse. Dessutom har projektorn Bluetooth-anslutning, s\u00e5 att du enkelt kan ansluta till externa h\u00f6gtalare eller soundbars.<\/p>\n<p>HAPPRUN F5 Projector erbjuder m\u00e5ngsidig funktionalitet med sina m\u00e5nga portar, inklusive 2xUSB, 2xHDMI, AV och ljudport. Den \u00e4r kompatibel med olika enheter som smartphones, b\u00e4rbara datorer, USB-enheter, DVD-spelare och spelkonsoler som PS5. Observera att p\u00e5 grund av upphovsr\u00e4tten till applikationen st\u00f6ds inte direkt spegling av streamingtj\u00e4nster som Netflix, Prime Video, Disney och Hulu fr\u00e5n din telefon. Du kan dock spela upp dessa tj\u00e4nster genom att ansluta en b\u00e4rbar dator, Chromecast, tr\u00e5dl\u00f6s dongle, TV-minne eller Roku.<\/p>\n<p>Oavsett om du ska ha en filmkv\u00e4ll inomhus eller njuta av underh\u00e5llning utomhus \u00e4r den h\u00e4r b\u00e4rbara projektorn perfekt f\u00f6r alla tillf\u00e4llen. Den levereras \u00e4ven med en 100-tums sk\u00e4rm f\u00f6r enkel transport och f\u00f6rvaring, vilket g\u00f6r den till en idealisk present f\u00f6r \u00e4lskare av filmer, spel och multimediainneh\u00e5ll. Med 24 m\u00e5naders garanti kan du dessutom k\u00e4nna dig trygg med att din utomhusprojektor backas upp av p\u00e5litlig support. Om du st\u00f6ter p\u00e5 n\u00e5gra problem med din projektor \u00e4r det bara att kontakta oss f\u00f6r hj\u00e4lp.<\/p>","protected":false},"excerpt":{"rendered":"<p>F\u00f6rvandla ditt hem till den ultimata teatern med HAPPRUN F5-projektorn. Upplev uppslukande Full HD-projektion p\u00e5 upp till 300 tum p\u00e5 alla sl\u00e4ta vita v\u00e4ggar. Spegla enkelt din telefons sk\u00e4rm med ett enkelt steg tack vare dess 2,4Ghz+5Ghz Wi-Fi-anslutning. Njut av kristallklart ljud med den inbyggda Hi-Fi-h\u00f6gtalaren eller anslut till externa Bluetooth-enheter. Med flera portar och kompatibilitet med olika enheter, inklusive smartphones och spelkonsoler, erbjuder den h\u00e4r projektorn o\u00e4ndliga underh\u00e5llningsm\u00f6jligheter. Den \u00e4r perfekt f\u00f6r b\u00e5de inomhus- och utomhusbruk och levereras \u00e4ven med en 100-tums sk\u00e4rm f\u00f6r bekv\u00e4m b\u00e4rbarhet.<\/p>","protected":false},"featured_media":3529,"comment_status":"open","ping_status":"closed","template":"","meta":{"_themeisle_gutenberg_block_has_review":false},"product_cat":[134],"product_tag":[],"class_list":{"0":"post-3522","1":"product","2":"type-product","3":"status-publish","4":"has-post-thumbnail","6":"product_cat-projector","8":"first","9":"instock","10":"sale","11":"shipping-taxable","12":"product-type-external"},"yoast_head":"<!-- This site is optimized with the Yoast SEO plugin v22.7 - https:\/\/yoast.com\/wordpress\/plugins\/seo\/ -->\n<title>HAPPRUN F5: Upgraded Mirroring Projector - Happrun Projector<\/title>\n<meta name=\"description\" content=\"Meet the HAPPRUN F5, the upgraded mirroring projector that takes your entertainment to the next level. Upgraded 2.4Ghz+5Ghz Wi-Fi, the F5 delivers the smoothest gaming and video viewing experience.\" \/>\n<meta name=\"robots\" content=\"index, follow, max-snippet:-1, max-image-preview:large, max-video-preview:-1\" \/>\n<link rel=\"canonical\" href=\"https:\/\/www.happrunprojector.com\/sv\/happrun-f5-upgraded-mirroring-projector\/\" \/>\n<meta property=\"og:locale\" content=\"sv_SE\" \/>\n<meta property=\"og:type\" content=\"article\" \/>\n<meta property=\"og:title\" content=\"HAPPRUN F5: Upgraded Mirroring Projector - Happrun Projector\" \/>\n<meta property=\"og:description\" content=\"Meet the HAPPRUN F5, the upgraded mirroring projector that takes your entertainment to the next level. Upgraded 2.4Ghz+5Ghz Wi-Fi, the F5 delivers the smoothest gaming and video viewing experience.\" \/>\n<meta property=\"og:url\" content=\"https:\/\/www.happrunprojector.com\/sv\/happrun-f5-upgraded-mirroring-projector\/\" \/>\n<meta property=\"og:site_name\" content=\"Happrun Projector\" \/>\n<meta property=\"article:modified_time\" content=\"2025-10-15T09:14:57+00:00\" \/>\n<meta property=\"og:image\" content=\"https:\/\/www.happrunprojector.com\/wp-content\/uploads\/2024\/05\/happrun_f5_projector.webp\" \/>\n\t<meta property=\"og:image:width\" content=\"1500\" \/>\n\t<meta property=\"og:image:height\" content=\"1499\" \/>\n\t<meta property=\"og:image:type\" content=\"image\/webp\" \/>\n<meta name=\"twitter:card\" content=\"summary_large_image\" \/>\n<meta name=\"twitter:label1\" content=\"Ber\u00e4knad l\u00e4stid\" \/>\n\t<meta name=\"twitter:data1\" content=\"2 minuter\" \/>\n<script type=\"application\/ld+json\" class=\"yoast-schema-graph\">{\"@context\":\"https:\/\/schema.org\",\"@graph\":[{\"@type\":\"WebPage\",\"@id\":\"https:\/\/www.happrunprojector.com\/happrun-f5-upgraded-mirroring-projector\/\",\"url\":\"https:\/\/www.happrunprojector.com\/happrun-f5-upgraded-mirroring-projector\/\",\"name\":\"HAPPRUN F5: Upgraded Mirroring Projector - Happrun Projector\",\"isPartOf\":{\"@id\":\"https:\/\/www.happrunprojector.com\/#website\"},\"primaryImageOfPage\":{\"@id\":\"https:\/\/www.happrunprojector.com\/happrun-f5-upgraded-mirroring-projector\/#primaryimage\"},\"image\":{\"@id\":\"https:\/\/www.happrunprojector.com\/happrun-f5-upgraded-mirroring-projector\/#primaryimage\"},\"thumbnailUrl\":\"https:\/\/www.happrunprojector.com\/wp-content\/uploads\/2024\/05\/happrun_f5_projector.webp\",\"datePublished\":\"2024-05-14T07:30:34+00:00\",\"dateModified\":\"2025-10-15T09:14:57+00:00\",\"description\":\"Meet the HAPPRUN F5, the upgraded mirroring projector that takes your entertainment to the next level. Upgraded 2.4Ghz+5Ghz Wi-Fi, the F5 delivers the smoothest gaming and video viewing experience.\",\"breadcrumb\":{\"@id\":\"https:\/\/www.happrunprojector.com\/happrun-f5-upgraded-mirroring-projector\/#breadcrumb\"},\"inLanguage\":\"sv-SE\",\"potentialAction\":[{\"@type\":\"ReadAction\",\"target\":[\"https:\/\/www.happrunprojector.com\/happrun-f5-upgraded-mirroring-projector\/\"]}]},{\"@type\":\"ImageObject\",\"inLanguage\":\"sv-SE\",\"@id\":\"https:\/\/www.happrunprojector.com\/happrun-f5-upgraded-mirroring-projector\/#primaryimage\",\"url\":\"https:\/\/www.happrunprojector.com\/wp-content\/uploads\/2024\/05\/happrun_f5_projector.webp\",\"contentUrl\":\"https:\/\/www.happrunprojector.com\/wp-content\/uploads\/2024\/05\/happrun_f5_projector.webp\",\"width\":1500,\"height\":1499,\"caption\":\"HAPPRUN F5 Projector\"},{\"@type\":\"BreadcrumbList\",\"@id\":\"https:\/\/www.happrunprojector.com\/happrun-f5-upgraded-mirroring-projector\/#breadcrumb\",\"itemListElement\":[{\"@type\":\"ListItem\",\"position\":1,\"name\":\"Home\",\"item\":\"https:\/\/www.happrunprojector.com\/\"},{\"@type\":\"ListItem\",\"position\":2,\"name\":\"Shop\",\"item\":\"https:\/\/www.happrunprojector.com\/shop\/\"},{\"@type\":\"ListItem\",\"position\":3,\"name\":\"HAPPRUN F5: Upgraded Mirroring Projector\"}]},{\"@type\":\"WebSite\",\"@id\":\"https:\/\/www.happrunprojector.com\/#website\",\"url\":\"https:\/\/www.happrunprojector.com\/\",\"name\":\"Happrun Projector\",\"description\":\"\",\"potentialAction\":[{\"@type\":\"SearchAction\",\"target\":{\"@type\":\"EntryPoint\",\"urlTemplate\":\"https:\/\/www.happrunprojector.com\/?s={search_term_string}\"},\"query-input\":\"required name=search_term_string\"}],\"inLanguage\":\"sv-SE\"}]}<\/script>\n<!-- \/ Yoast SEO plugin. -->","yoast_head_json":{"title":"HAPPRUN F5: Upgraded Mirroring Projector - Happrun Projector","description":"Meet the HAPPRUN F5, the upgraded mirroring projector that takes your entertainment to the next level. Upgraded 2.4Ghz+5Ghz Wi-Fi, the F5 delivers the smoothest gaming and video viewing experience.","robots":{"index":"index","follow":"follow","max-snippet":"max-snippet:-1","max-image-preview":"max-image-preview:large","max-video-preview":"max-video-preview:-1"},"canonical":"https:\/\/www.happrunprojector.com\/sv\/happrun-f5-upgraded-mirroring-projector\/","og_locale":"sv_SE","og_type":"article","og_title":"HAPPRUN F5: Upgraded Mirroring Projector - Happrun Projector","og_description":"Meet the HAPPRUN F5, the upgraded mirroring projector that takes your entertainment to the next level. Upgraded 2.4Ghz+5Ghz Wi-Fi, the F5 delivers the smoothest gaming and video viewing experience.","og_url":"https:\/\/www.happrunprojector.com\/sv\/happrun-f5-upgraded-mirroring-projector\/","og_site_name":"Happrun Projector","article_modified_time":"2025-10-15T09:14:57+00:00","og_image":[{"width":1500,"height":1499,"url":"https:\/\/www.happrunprojector.com\/wp-content\/uploads\/2024\/05\/happrun_f5_projector.webp","type":"image\/webp"}],"twitter_card":"summary_large_image","twitter_misc":{"Ber\u00e4knad l\u00e4stid":"2 minuter"},"schema":{"@context":"https:\/\/schema.org","@graph":[{"@type":"WebPage","@id":"https:\/\/www.happrunprojector.com\/happrun-f5-upgraded-mirroring-projector\/","url":"https:\/\/www.happrunprojector.com\/happrun-f5-upgraded-mirroring-projector\/","name":"HAPPRUN F5: Upgraded Mirroring Projector - Happrun Projector","isPartOf":{"@id":"https:\/\/www.happrunprojector.com\/#website"},"primaryImageOfPage":{"@id":"https:\/\/www.happrunprojector.com\/happrun-f5-upgraded-mirroring-projector\/#primaryimage"},"image":{"@id":"https:\/\/www.happrunprojector.com\/happrun-f5-upgraded-mirroring-projector\/#primaryimage"},"thumbnailUrl":"https:\/\/www.happrunprojector.com\/wp-content\/uploads\/2024\/05\/happrun_f5_projector.webp","datePublished":"2024-05-14T07:30:34+00:00","dateModified":"2025-10-15T09:14:57+00:00","description":"Meet the HAPPRUN F5, the upgraded mirroring projector that takes your entertainment to the next level. Upgraded 2.4Ghz+5Ghz Wi-Fi, the F5 delivers the smoothest gaming and video viewing experience.","breadcrumb":{"@id":"https:\/\/www.happrunprojector.com\/happrun-f5-upgraded-mirroring-projector\/#breadcrumb"},"inLanguage":"sv-SE","potentialAction":[{"@type":"ReadAction","target":["https:\/\/www.happrunprojector.com\/happrun-f5-upgraded-mirroring-projector\/"]}]},{"@type":"ImageObject","inLanguage":"sv-SE","@id":"https:\/\/www.happrunprojector.com\/happrun-f5-upgraded-mirroring-projector\/#primaryimage","url":"https:\/\/www.happrunprojector.com\/wp-content\/uploads\/2024\/05\/happrun_f5_projector.webp","contentUrl":"https:\/\/www.happrunprojector.com\/wp-content\/uploads\/2024\/05\/happrun_f5_projector.webp","width":1500,"height":1499,"caption":"HAPPRUN F5 Projector"},{"@type":"BreadcrumbList","@id":"https:\/\/www.happrunprojector.com\/happrun-f5-upgraded-mirroring-projector\/#breadcrumb","itemListElement":[{"@type":"ListItem","position":1,"name":"Home","item":"https:\/\/www.happrunprojector.com\/"},{"@type":"ListItem","position":2,"name":"Shop","item":"https:\/\/www.happrunprojector.com\/shop\/"},{"@type":"ListItem","position":3,"name":"HAPPRUN F5: Upgraded Mirroring Projector"}]},{"@type":"WebSite","@id":"https:\/\/www.happrunprojector.com\/#website","url":"https:\/\/www.happrunprojector.com\/","name":"Happrun Projector","description":"","potentialAction":[{"@type":"SearchAction","target":{"@type":"EntryPoint","urlTemplate":"https:\/\/www.happrunprojector.com\/?s={search_term_string}"},"query-input":"required name=search_term_string"}],"inLanguage":"sv-SE"}]}},"_links":{"self":[{"href":"https:\/\/www.happrunprojector.com\/sv\/wp-json\/wp\/v2\/product\/3522","targetHints":{"allow":["GET"]}}],"collection":[{"href":"https:\/\/www.happrunprojector.com\/sv\/wp-json\/wp\/v2\/product"}],"about":[{"href":"https:\/\/www.happrunprojector.com\/sv\/wp-json\/wp\/v2\/types\/product"}],"replies":[{"embeddable":true,"href":"https:\/\/www.happrunprojector.com\/sv\/wp-json\/wp\/v2\/comments?post=3522"}],"version-history":[{"count":1,"href":"https:\/\/www.happrunprojector.com\/sv\/wp-json\/wp\/v2\/product\/3522\/revisions"}],"predecessor-version":[{"id":3530,"href":"https:\/\/www.happrunprojector.com\/sv\/wp-json\/wp\/v2\/product\/3522\/revisions\/3530"}],"wp:featuredmedia":[{"embeddable":true,"href":"https:\/\/www.happrunprojector.com\/sv\/wp-json\/wp\/v2\/media\/3529"}],"wp:attachment":[{"href":"https:\/\/www.happrunprojector.com\/sv\/wp-json\/wp\/v2\/media?parent=3522"}],"wp:term":[{"taxonomy":"product_cat","embeddable":true,"href":"https:\/\/www.happrunprojector.com\/sv\/wp-json\/wp\/v2\/product_cat?post=3522"},{"taxonomy":"product_tag","embeddable":true,"href":"https:\/\/www.happrunprojector.com\/sv\/wp-json\/wp\/v2\/product_tag?post=3522"}],"curies":[{"name":"wp","href":"https:\/\/api.w.org\/{rel}","templated":true}]}}