{"id":3470,"date":"2024-05-13T11:44:46","date_gmt":"2024-05-13T11:44:46","guid":{"rendered":"https:\/\/www.happrunprojector.com\/?post_type=product&#038;p=3470"},"modified":"2025-10-15T09:13:39","modified_gmt":"2025-10-15T09:13:39","slug":"happrun-h1-classic-1080p-projector","status":"publish","type":"product","link":"https:\/\/www.happrunprojector.com\/sv\/happrun-h1-classic-1080p-projektor\/","title":{"rendered":"HAPPRUN H1: Klassisk 1080P projektor"},"content":{"rendered":"<p>F\u00f6rh\u00f6j din tittarupplevelse med HAPPRUN H1: Classic 1080P Projector. Denna projektor \u00e4r utformad f\u00f6r att leverera filmisk briljans och har inbyggd 1080P full HD-uppl\u00f6sning, vilket garanterar kristallklara bilder med en uppl\u00f6sning p\u00e5 1920*1080 som st\u00f6ds av 4K. Med enast\u00e5ende ljusstyrka och ett h\u00f6gt dynamiskt kontrastf\u00f6rh\u00e5llande p\u00e5 10000:1 v\u00e4cker denna HD-projektor dina filmer, spel och presentationer till liv med skarpare, ljusare och fylligare bilder.<\/p>\n<p>Njut av en verkligt uppslukande upplevelse med m\u00f6jligheten att projicera en j\u00e4ttelik sk\u00e4rm p\u00e5 upp till 200 tum, perfekt f\u00f6r att skapa din egen hemmabiomilj\u00f6. Keystone-korrigeringen p\u00e5 \u00b115\u00b0 s\u00e4kerst\u00e4ller enkel installation och justering f\u00f6r att uppn\u00e5 den perfekta sk\u00e4rmpositionen, oavsett om du \u00e4r inomhus i ditt sovrum eller har en filmkv\u00e4ll utomhus f\u00f6r familjen.<\/p>\n<p>F\u00f6r att f\u00f6rb\u00e4ttra ljudupplevelsen \u00e4r den h\u00e4r projektorn utrustad med inbyggda kraftfulla dubbla h\u00f6gtalare som levererar skarpt, klart ljud och en utm\u00e4rkt h\u00f6rselupplevelse. Med Bluetooth 5.1-funktionalitet kan du tr\u00e5dl\u00f6st ansluta Bluetooth-h\u00f6gtalare, soundbars, h\u00f6rlurar och andra ljudenheter f\u00f6r en surround-effekt p\u00e5 biografniv\u00e5 direkt i ditt hem. (Obs: Bluetooth st\u00f6der inte anslutning av smartphones och Alexa, endast ljudenheter).<\/p>\n<p>HAPPRUN H1-projektorn \u00e4r m\u00e5ngsidig i sin multimediakompatibilitet och har ing\u00e5ngar f\u00f6r HDMI, USBx2, AV och 3,5 mm h\u00f6rlursuttag, vilket g\u00f6r den kompatibel med ett brett utbud av enheter, inklusive Fire TV Stick, Roku, DVD-spelare, b\u00e4rbara datorer, spelkonsoler, smartphones och mycket mer. Oavsett om du \u00e4r v\u00e4rd f\u00f6r en tr\u00e4dg\u00e5rdsfest, filmkv\u00e4ll i tr\u00e4dg\u00e5rden eller camping\u00e4ventyr utomhus \u00e4r den h\u00e4r projektorn din ultimata underh\u00e5llningskompanjon.<\/p>\n<p>I paketet ing\u00e5r allt du beh\u00f6ver f\u00f6r att komma ig\u00e5ng, inklusive en 100\" projektorduk, AV-kabel, HDMI-kabel, fj\u00e4rrkontroll och anv\u00e4ndarhandbok. HAPPRUN H1-projektorn \u00e4r perfekt f\u00f6r hemunderh\u00e5llning, spel, yogasessioner, musikuppspelning och fester och utlovar en h\u00e4rlig upplevelse med 24 m\u00e5naders garanti och f\u00f6rstklassig kundservice. Om du har n\u00e5gra fr\u00e5gor eller funderingar finns v\u00e5rt dedikerade supportteam h\u00e4r f\u00f6r att hj\u00e4lpa dig varje steg p\u00e5 v\u00e4gen.<\/p>","protected":false},"excerpt":{"rendered":"<p>Upplev filmisk briljans med HAPPRUN H1: Classic 1080P Projector. Med inbyggd 1080P full HD-uppl\u00f6sning ger den h\u00e4r projektorn fantastiskt skarpa och levande bilder. Njut av en gigantisk sk\u00e4rm p\u00e5 upp till 200 tum med \u00b115\u00b0 keystone-korrigering f\u00f6r enkel installation. Med Bluetooth 5.1-anslutning och kraftfulla HiFi-stereoh\u00f6gtalare ger den en omslutande audiovisuell upplevelse. Med m\u00e5ngsidig multimediakompatibilitet och ett bekv\u00e4mt paket med en 100-tumssk\u00e4rm \u00e4r den h\u00e4r projektorn perfekt f\u00f6r underh\u00e5llning b\u00e5de inomhus och utomhus.<\/p>","protected":false},"featured_media":3521,"comment_status":"open","ping_status":"closed","template":"","meta":{"_themeisle_gutenberg_block_has_review":false},"product_cat":[139,134],"product_tag":[],"class_list":{"0":"post-3470","1":"product","2":"type-product","3":"status-publish","4":"has-post-thumbnail","6":"product_cat-mini-projectors","7":"product_cat-projector","9":"first","10":"instock","11":"sale","12":"shipping-taxable","13":"product-type-external"},"yoast_head":"<!-- This site is optimized with the Yoast SEO plugin v22.7 - https:\/\/yoast.com\/wordpress\/plugins\/seo\/ -->\n<title>HAPPRUN H1: Classic 1080P Projector - Happrun Projector<\/title>\n<meta name=\"description\" content=\"Timeless quality of HAPPRUN H1, a classic 1080P projector designed to bring your entertainment to life. With stunning Full HD resolution and reliable performance, the H1 is your ticket to immersive movie nights and unforgettable gaming experiences.\" \/>\n<meta name=\"robots\" content=\"index, follow, max-snippet:-1, max-image-preview:large, max-video-preview:-1\" \/>\n<link rel=\"canonical\" href=\"https:\/\/www.happrunprojector.com\/sv\/happrun-h1-classic-1080p-projector\/\" \/>\n<meta property=\"og:locale\" content=\"sv_SE\" \/>\n<meta property=\"og:type\" content=\"article\" \/>\n<meta property=\"og:title\" content=\"HAPPRUN H1: Classic 1080P Projector - Happrun Projector\" \/>\n<meta property=\"og:description\" content=\"Timeless quality of HAPPRUN H1, a classic 1080P projector designed to bring your entertainment to life. With stunning Full HD resolution and reliable performance, the H1 is your ticket to immersive movie nights and unforgettable gaming experiences.\" \/>\n<meta property=\"og:url\" content=\"https:\/\/www.happrunprojector.com\/sv\/happrun-h1-classic-1080p-projector\/\" \/>\n<meta property=\"og:site_name\" content=\"Happrun Projector\" \/>\n<meta property=\"article:modified_time\" content=\"2025-10-15T09:13:39+00:00\" \/>\n<meta property=\"og:image\" content=\"https:\/\/www.happrunprojector.com\/wp-content\/uploads\/2024\/05\/HAPPRUN-Projector-1.webp\" \/>\n\t<meta property=\"og:image:width\" content=\"1484\" \/>\n\t<meta property=\"og:image:height\" content=\"1500\" \/>\n\t<meta property=\"og:image:type\" content=\"image\/webp\" \/>\n<meta name=\"twitter:card\" content=\"summary_large_image\" \/>\n<meta name=\"twitter:label1\" content=\"Ber\u00e4knad l\u00e4stid\" \/>\n\t<meta name=\"twitter:data1\" content=\"2 minuter\" \/>\n<script type=\"application\/ld+json\" class=\"yoast-schema-graph\">{\"@context\":\"https:\/\/schema.org\",\"@graph\":[{\"@type\":\"WebPage\",\"@id\":\"https:\/\/www.happrunprojector.com\/happrun-h1-classic-1080p-projector\/\",\"url\":\"https:\/\/www.happrunprojector.com\/happrun-h1-classic-1080p-projector\/\",\"name\":\"HAPPRUN H1: Classic 1080P Projector - Happrun Projector\",\"isPartOf\":{\"@id\":\"https:\/\/www.happrunprojector.com\/#website\"},\"primaryImageOfPage\":{\"@id\":\"https:\/\/www.happrunprojector.com\/happrun-h1-classic-1080p-projector\/#primaryimage\"},\"image\":{\"@id\":\"https:\/\/www.happrunprojector.com\/happrun-h1-classic-1080p-projector\/#primaryimage\"},\"thumbnailUrl\":\"https:\/\/www.happrunprojector.com\/wp-content\/uploads\/2024\/05\/HAPPRUN-Projector-1.webp\",\"datePublished\":\"2024-05-13T11:44:46+00:00\",\"dateModified\":\"2025-10-15T09:13:39+00:00\",\"description\":\"Timeless quality of HAPPRUN H1, a classic 1080P projector designed to bring your entertainment to life. With stunning Full HD resolution and reliable performance, the H1 is your ticket to immersive movie nights and unforgettable gaming experiences.\",\"breadcrumb\":{\"@id\":\"https:\/\/www.happrunprojector.com\/happrun-h1-classic-1080p-projector\/#breadcrumb\"},\"inLanguage\":\"sv-SE\",\"potentialAction\":[{\"@type\":\"ReadAction\",\"target\":[\"https:\/\/www.happrunprojector.com\/happrun-h1-classic-1080p-projector\/\"]}]},{\"@type\":\"ImageObject\",\"inLanguage\":\"sv-SE\",\"@id\":\"https:\/\/www.happrunprojector.com\/happrun-h1-classic-1080p-projector\/#primaryimage\",\"url\":\"https:\/\/www.happrunprojector.com\/wp-content\/uploads\/2024\/05\/HAPPRUN-Projector-1.webp\",\"contentUrl\":\"https:\/\/www.happrunprojector.com\/wp-content\/uploads\/2024\/05\/HAPPRUN-Projector-1.webp\",\"width\":1484,\"height\":1500},{\"@type\":\"BreadcrumbList\",\"@id\":\"https:\/\/www.happrunprojector.com\/happrun-h1-classic-1080p-projector\/#breadcrumb\",\"itemListElement\":[{\"@type\":\"ListItem\",\"position\":1,\"name\":\"Home\",\"item\":\"https:\/\/www.happrunprojector.com\/\"},{\"@type\":\"ListItem\",\"position\":2,\"name\":\"Shop\",\"item\":\"https:\/\/www.happrunprojector.com\/shop\/\"},{\"@type\":\"ListItem\",\"position\":3,\"name\":\"HAPPRUN H1: Classic 1080P Projector\"}]},{\"@type\":\"WebSite\",\"@id\":\"https:\/\/www.happrunprojector.com\/#website\",\"url\":\"https:\/\/www.happrunprojector.com\/\",\"name\":\"Happrun Projector\",\"description\":\"\",\"potentialAction\":[{\"@type\":\"SearchAction\",\"target\":{\"@type\":\"EntryPoint\",\"urlTemplate\":\"https:\/\/www.happrunprojector.com\/?s={search_term_string}\"},\"query-input\":\"required name=search_term_string\"}],\"inLanguage\":\"sv-SE\"}]}<\/script>\n<!-- \/ Yoast SEO plugin. -->","yoast_head_json":{"title":"HAPPRUN H1: Classic 1080P Projector - Happrun Projector","description":"Timeless quality of HAPPRUN H1, a classic 1080P projector designed to bring your entertainment to life. With stunning Full HD resolution and reliable performance, the H1 is your ticket to immersive movie nights and unforgettable gaming experiences.","robots":{"index":"index","follow":"follow","max-snippet":"max-snippet:-1","max-image-preview":"max-image-preview:large","max-video-preview":"max-video-preview:-1"},"canonical":"https:\/\/www.happrunprojector.com\/sv\/happrun-h1-classic-1080p-projector\/","og_locale":"sv_SE","og_type":"article","og_title":"HAPPRUN H1: Classic 1080P Projector - Happrun Projector","og_description":"Timeless quality of HAPPRUN H1, a classic 1080P projector designed to bring your entertainment to life. With stunning Full HD resolution and reliable performance, the H1 is your ticket to immersive movie nights and unforgettable gaming experiences.","og_url":"https:\/\/www.happrunprojector.com\/sv\/happrun-h1-classic-1080p-projector\/","og_site_name":"Happrun Projector","article_modified_time":"2025-10-15T09:13:39+00:00","og_image":[{"width":1484,"height":1500,"url":"https:\/\/www.happrunprojector.com\/wp-content\/uploads\/2024\/05\/HAPPRUN-Projector-1.webp","type":"image\/webp"}],"twitter_card":"summary_large_image","twitter_misc":{"Ber\u00e4knad l\u00e4stid":"2 minuter"},"schema":{"@context":"https:\/\/schema.org","@graph":[{"@type":"WebPage","@id":"https:\/\/www.happrunprojector.com\/happrun-h1-classic-1080p-projector\/","url":"https:\/\/www.happrunprojector.com\/happrun-h1-classic-1080p-projector\/","name":"HAPPRUN H1: Classic 1080P Projector - Happrun Projector","isPartOf":{"@id":"https:\/\/www.happrunprojector.com\/#website"},"primaryImageOfPage":{"@id":"https:\/\/www.happrunprojector.com\/happrun-h1-classic-1080p-projector\/#primaryimage"},"image":{"@id":"https:\/\/www.happrunprojector.com\/happrun-h1-classic-1080p-projector\/#primaryimage"},"thumbnailUrl":"https:\/\/www.happrunprojector.com\/wp-content\/uploads\/2024\/05\/HAPPRUN-Projector-1.webp","datePublished":"2024-05-13T11:44:46+00:00","dateModified":"2025-10-15T09:13:39+00:00","description":"Timeless quality of HAPPRUN H1, a classic 1080P projector designed to bring your entertainment to life. With stunning Full HD resolution and reliable performance, the H1 is your ticket to immersive movie nights and unforgettable gaming experiences.","breadcrumb":{"@id":"https:\/\/www.happrunprojector.com\/happrun-h1-classic-1080p-projector\/#breadcrumb"},"inLanguage":"sv-SE","potentialAction":[{"@type":"ReadAction","target":["https:\/\/www.happrunprojector.com\/happrun-h1-classic-1080p-projector\/"]}]},{"@type":"ImageObject","inLanguage":"sv-SE","@id":"https:\/\/www.happrunprojector.com\/happrun-h1-classic-1080p-projector\/#primaryimage","url":"https:\/\/www.happrunprojector.com\/wp-content\/uploads\/2024\/05\/HAPPRUN-Projector-1.webp","contentUrl":"https:\/\/www.happrunprojector.com\/wp-content\/uploads\/2024\/05\/HAPPRUN-Projector-1.webp","width":1484,"height":1500},{"@type":"BreadcrumbList","@id":"https:\/\/www.happrunprojector.com\/happrun-h1-classic-1080p-projector\/#breadcrumb","itemListElement":[{"@type":"ListItem","position":1,"name":"Home","item":"https:\/\/www.happrunprojector.com\/"},{"@type":"ListItem","position":2,"name":"Shop","item":"https:\/\/www.happrunprojector.com\/shop\/"},{"@type":"ListItem","position":3,"name":"HAPPRUN H1: Classic 1080P Projector"}]},{"@type":"WebSite","@id":"https:\/\/www.happrunprojector.com\/#website","url":"https:\/\/www.happrunprojector.com\/","name":"Happrun Projector","description":"","potentialAction":[{"@type":"SearchAction","target":{"@type":"EntryPoint","urlTemplate":"https:\/\/www.happrunprojector.com\/?s={search_term_string}"},"query-input":"required name=search_term_string"}],"inLanguage":"sv-SE"}]}},"_links":{"self":[{"href":"https:\/\/www.happrunprojector.com\/sv\/wp-json\/wp\/v2\/product\/3470","targetHints":{"allow":["GET"]}}],"collection":[{"href":"https:\/\/www.happrunprojector.com\/sv\/wp-json\/wp\/v2\/product"}],"about":[{"href":"https:\/\/www.happrunprojector.com\/sv\/wp-json\/wp\/v2\/types\/product"}],"replies":[{"embeddable":true,"href":"https:\/\/www.happrunprojector.com\/sv\/wp-json\/wp\/v2\/comments?post=3470"}],"version-history":[{"count":2,"href":"https:\/\/www.happrunprojector.com\/sv\/wp-json\/wp\/v2\/product\/3470\/revisions"}],"predecessor-version":[{"id":3531,"href":"https:\/\/www.happrunprojector.com\/sv\/wp-json\/wp\/v2\/product\/3470\/revisions\/3531"}],"wp:featuredmedia":[{"embeddable":true,"href":"https:\/\/www.happrunprojector.com\/sv\/wp-json\/wp\/v2\/media\/3521"}],"wp:attachment":[{"href":"https:\/\/www.happrunprojector.com\/sv\/wp-json\/wp\/v2\/media?parent=3470"}],"wp:term":[{"taxonomy":"product_cat","embeddable":true,"href":"https:\/\/www.happrunprojector.com\/sv\/wp-json\/wp\/v2\/product_cat?post=3470"},{"taxonomy":"product_tag","embeddable":true,"href":"https:\/\/www.happrunprojector.com\/sv\/wp-json\/wp\/v2\/product_tag?post=3470"}],"curies":[{"name":"wp","href":"https:\/\/api.w.org\/{rel}","templated":true}]}}