{"id":3979,"date":"2025-06-09T10:43:53","date_gmt":"2025-06-09T10:43:53","guid":{"rendered":"https:\/\/www.happrunprojector.com\/?post_type=product&#038;p=3979"},"modified":"2025-10-15T09:18:20","modified_gmt":"2025-10-15T09:18:20","slug":"happrun-1080p-bluetooth-outdoor-home-theater-projector-hdmi-usb","status":"publish","type":"product","link":"https:\/\/www.happrunprojector.com\/es\/happrun-1080p-bluetooth-proyector-de-cine-en-casa-al-aire-libre-hdmi-usb\/","title":{"rendered":"HAPPRUN 1080P Bluetooth al aire libre y proyector de cine en casa (HDMI \/ USB)"},"content":{"rendered":"<p data-start=\"390\" data-end=\"637\">Ll\u00e9vate el cine a casa con el <strong data-start=\"421\" data-end=\"458\">HAPPRUN Proyector HD 1080P nativo<\/strong> - dise\u00f1ado para ofrecer im\u00e1genes n\u00edtidas y un sonido envolvente. Con un <strong data-start=\"524\" data-end=\"548\">240 l\u00famenes ANSI reales<\/strong> (compatible con ISO\/IEC 21118), obtendr\u00e1 un rendimiento honesto sin especificaciones infladas.<\/p>\n<p data-start=\"639\" data-end=\"898\">Disfruta de una configuraci\u00f3n sin esfuerzo con <strong data-start=\"667\" data-end=\"689\">Tecnolog\u00eda E-Focus<\/strong> - con un solo clic se obtiene una imagen n\u00edtida y enfocada en cuesti\u00f3n de segundos.<br data-start=\"745\" data-end=\"748\" \/>Incorporado <strong data-start=\"757\" data-end=\"783\">Conectividad Bluetooth<\/strong> le permite emparejar altavoces externos para disfrutar de un sonido rico y envolvente, ya est\u00e9 viendo una pel\u00edcula o celebrando una fiesta.<\/p>\n<p data-start=\"900\" data-end=\"1076\">Este proyector es <strong data-start=\"918\" data-end=\"1002\">compatible con TV Stick, port\u00e1tiles, smartphones, tabletas, videoconsolas, etc.<\/strong>El sistema de control de la temperatura de la habitaci\u00f3n es muy vers\u00e1til y se puede utilizar tanto en interiores como en exteriores.<\/p>","protected":false},"excerpt":{"rendered":"<p>Proyector HAPPRUN 1080P con auto E-focus, audio Bluetooth y 240 ANSI l\u00famenes de brillo. Perfecto para pel\u00edculas al aire libre, cine en casa, juegos y presentaciones. Funciona con HDMI, USB, TV Stick y smartphones.<\/p>","protected":false},"featured_media":3980,"comment_status":"open","ping_status":"closed","template":"","meta":{"_themeisle_gutenberg_block_has_review":false},"product_cat":[134],"product_tag":[],"class_list":{"0":"post-3979","1":"product","2":"type-product","3":"status-publish","4":"has-post-thumbnail","6":"product_cat-projector","8":"first","9":"instock","10":"sale","11":"shipping-taxable","12":"product-type-external"},"yoast_head":"<!-- This site is optimized with the Yoast SEO plugin v22.7 - https:\/\/yoast.com\/wordpress\/plugins\/seo\/ -->\n<title>HAPPRUN 1080P Bluetooth Outdoor &amp; Home Theater Projector (HDMI\/USB) - Happrun Projector<\/title>\n<meta name=\"description\" content=\"Experience crystal-clear 1080P visuals with Bluetooth audio &amp; E-focus. HAPPRUN projector \u2013 perfect for home theater, outdoor movies &amp; gaming.\" \/>\n<meta name=\"robots\" content=\"index, follow, max-snippet:-1, max-image-preview:large, max-video-preview:-1\" \/>\n<link rel=\"canonical\" href=\"https:\/\/www.happrunprojector.com\/es\/happrun-1080p-bluetooth-outdoor-home-theater-projector-hdmi-usb\/\" \/>\n<meta property=\"og:locale\" content=\"es_ES\" \/>\n<meta property=\"og:type\" content=\"article\" \/>\n<meta property=\"og:title\" content=\"HAPPRUN 1080P Bluetooth Outdoor &amp; Home Theater Projector (HDMI\/USB) - Happrun Projector\" \/>\n<meta property=\"og:description\" content=\"Experience crystal-clear 1080P visuals with Bluetooth audio &amp; E-focus. HAPPRUN projector \u2013 perfect for home theater, outdoor movies &amp; gaming.\" \/>\n<meta property=\"og:url\" content=\"https:\/\/www.happrunprojector.com\/es\/happrun-1080p-bluetooth-outdoor-home-theater-projector-hdmi-usb\/\" \/>\n<meta property=\"og:site_name\" content=\"Happrun Projector\" \/>\n<meta property=\"article:modified_time\" content=\"2025-10-15T09:18:20+00:00\" \/>\n<meta property=\"og:image\" content=\"https:\/\/www.happrunprojector.com\/wp-content\/uploads\/2025\/06\/71J4E-mQikL._AC_SL1500_.jpg\" \/>\n\t<meta property=\"og:image:width\" content=\"1500\" \/>\n\t<meta property=\"og:image:height\" content=\"821\" \/>\n\t<meta property=\"og:image:type\" content=\"image\/jpeg\" \/>\n<meta name=\"twitter:card\" content=\"summary_large_image\" \/>\n<meta name=\"twitter:label1\" content=\"Tiempo de lectura\" \/>\n\t<meta name=\"twitter:data1\" content=\"1 minuto\" \/>\n<script type=\"application\/ld+json\" class=\"yoast-schema-graph\">{\"@context\":\"https:\/\/schema.org\",\"@graph\":[{\"@type\":\"WebPage\",\"@id\":\"https:\/\/www.happrunprojector.com\/happrun-1080p-bluetooth-outdoor-home-theater-projector-hdmi-usb\/\",\"url\":\"https:\/\/www.happrunprojector.com\/happrun-1080p-bluetooth-outdoor-home-theater-projector-hdmi-usb\/\",\"name\":\"HAPPRUN 1080P Bluetooth Outdoor & Home Theater Projector (HDMI\/USB) - Happrun Projector\",\"isPartOf\":{\"@id\":\"https:\/\/www.happrunprojector.com\/#website\"},\"primaryImageOfPage\":{\"@id\":\"https:\/\/www.happrunprojector.com\/happrun-1080p-bluetooth-outdoor-home-theater-projector-hdmi-usb\/#primaryimage\"},\"image\":{\"@id\":\"https:\/\/www.happrunprojector.com\/happrun-1080p-bluetooth-outdoor-home-theater-projector-hdmi-usb\/#primaryimage\"},\"thumbnailUrl\":\"https:\/\/www.happrunprojector.com\/wp-content\/uploads\/2025\/06\/71J4E-mQikL._AC_SL1500_.jpg\",\"datePublished\":\"2025-06-09T10:43:53+00:00\",\"dateModified\":\"2025-10-15T09:18:20+00:00\",\"description\":\"Experience crystal-clear 1080P visuals with Bluetooth audio & E-focus. HAPPRUN projector \u2013 perfect for home theater, outdoor movies & gaming.\",\"breadcrumb\":{\"@id\":\"https:\/\/www.happrunprojector.com\/happrun-1080p-bluetooth-outdoor-home-theater-projector-hdmi-usb\/#breadcrumb\"},\"inLanguage\":\"es\",\"potentialAction\":[{\"@type\":\"ReadAction\",\"target\":[\"https:\/\/www.happrunprojector.com\/happrun-1080p-bluetooth-outdoor-home-theater-projector-hdmi-usb\/\"]}]},{\"@type\":\"ImageObject\",\"inLanguage\":\"es\",\"@id\":\"https:\/\/www.happrunprojector.com\/happrun-1080p-bluetooth-outdoor-home-theater-projector-hdmi-usb\/#primaryimage\",\"url\":\"https:\/\/www.happrunprojector.com\/wp-content\/uploads\/2025\/06\/71J4E-mQikL._AC_SL1500_.jpg\",\"contentUrl\":\"https:\/\/www.happrunprojector.com\/wp-content\/uploads\/2025\/06\/71J4E-mQikL._AC_SL1500_.jpg\",\"width\":1500,\"height\":821,\"caption\":\"HAPPRUN 1080P Bluetooth Outdoor & Home Theater Projector (HDMI\/USB)\"},{\"@type\":\"BreadcrumbList\",\"@id\":\"https:\/\/www.happrunprojector.com\/happrun-1080p-bluetooth-outdoor-home-theater-projector-hdmi-usb\/#breadcrumb\",\"itemListElement\":[{\"@type\":\"ListItem\",\"position\":1,\"name\":\"Home\",\"item\":\"https:\/\/www.happrunprojector.com\/\"},{\"@type\":\"ListItem\",\"position\":2,\"name\":\"Shop\",\"item\":\"https:\/\/www.happrunprojector.com\/shop\/\"},{\"@type\":\"ListItem\",\"position\":3,\"name\":\"HAPPRUN 1080P Bluetooth Outdoor &#038; Home Theater Projector (HDMI\/USB)\"}]},{\"@type\":\"WebSite\",\"@id\":\"https:\/\/www.happrunprojector.com\/#website\",\"url\":\"https:\/\/www.happrunprojector.com\/\",\"name\":\"Happrun Projector\",\"description\":\"\",\"potentialAction\":[{\"@type\":\"SearchAction\",\"target\":{\"@type\":\"EntryPoint\",\"urlTemplate\":\"https:\/\/www.happrunprojector.com\/?s={search_term_string}\"},\"query-input\":\"required name=search_term_string\"}],\"inLanguage\":\"es\"}]}<\/script>\n<!-- \/ Yoast SEO plugin. -->","yoast_head_json":{"title":"HAPPRUN 1080P Bluetooth Outdoor & Home Theater Projector (HDMI\/USB) - Happrun Projector","description":"Experience crystal-clear 1080P visuals with Bluetooth audio & E-focus. HAPPRUN projector \u2013 perfect for home theater, outdoor movies & gaming.","robots":{"index":"index","follow":"follow","max-snippet":"max-snippet:-1","max-image-preview":"max-image-preview:large","max-video-preview":"max-video-preview:-1"},"canonical":"https:\/\/www.happrunprojector.com\/es\/happrun-1080p-bluetooth-outdoor-home-theater-projector-hdmi-usb\/","og_locale":"es_ES","og_type":"article","og_title":"HAPPRUN 1080P Bluetooth Outdoor & Home Theater Projector (HDMI\/USB) - Happrun Projector","og_description":"Experience crystal-clear 1080P visuals with Bluetooth audio & E-focus. HAPPRUN projector \u2013 perfect for home theater, outdoor movies & gaming.","og_url":"https:\/\/www.happrunprojector.com\/es\/happrun-1080p-bluetooth-outdoor-home-theater-projector-hdmi-usb\/","og_site_name":"Happrun Projector","article_modified_time":"2025-10-15T09:18:20+00:00","og_image":[{"width":1500,"height":821,"url":"https:\/\/www.happrunprojector.com\/wp-content\/uploads\/2025\/06\/71J4E-mQikL._AC_SL1500_.jpg","type":"image\/jpeg"}],"twitter_card":"summary_large_image","twitter_misc":{"Tiempo de lectura":"1 minuto"},"schema":{"@context":"https:\/\/schema.org","@graph":[{"@type":"WebPage","@id":"https:\/\/www.happrunprojector.com\/happrun-1080p-bluetooth-outdoor-home-theater-projector-hdmi-usb\/","url":"https:\/\/www.happrunprojector.com\/happrun-1080p-bluetooth-outdoor-home-theater-projector-hdmi-usb\/","name":"HAPPRUN 1080P Bluetooth Outdoor & Home Theater Projector (HDMI\/USB) - Happrun Projector","isPartOf":{"@id":"https:\/\/www.happrunprojector.com\/#website"},"primaryImageOfPage":{"@id":"https:\/\/www.happrunprojector.com\/happrun-1080p-bluetooth-outdoor-home-theater-projector-hdmi-usb\/#primaryimage"},"image":{"@id":"https:\/\/www.happrunprojector.com\/happrun-1080p-bluetooth-outdoor-home-theater-projector-hdmi-usb\/#primaryimage"},"thumbnailUrl":"https:\/\/www.happrunprojector.com\/wp-content\/uploads\/2025\/06\/71J4E-mQikL._AC_SL1500_.jpg","datePublished":"2025-06-09T10:43:53+00:00","dateModified":"2025-10-15T09:18:20+00:00","description":"Experience crystal-clear 1080P visuals with Bluetooth audio & E-focus. HAPPRUN projector \u2013 perfect for home theater, outdoor movies & gaming.","breadcrumb":{"@id":"https:\/\/www.happrunprojector.com\/happrun-1080p-bluetooth-outdoor-home-theater-projector-hdmi-usb\/#breadcrumb"},"inLanguage":"es","potentialAction":[{"@type":"ReadAction","target":["https:\/\/www.happrunprojector.com\/happrun-1080p-bluetooth-outdoor-home-theater-projector-hdmi-usb\/"]}]},{"@type":"ImageObject","inLanguage":"es","@id":"https:\/\/www.happrunprojector.com\/happrun-1080p-bluetooth-outdoor-home-theater-projector-hdmi-usb\/#primaryimage","url":"https:\/\/www.happrunprojector.com\/wp-content\/uploads\/2025\/06\/71J4E-mQikL._AC_SL1500_.jpg","contentUrl":"https:\/\/www.happrunprojector.com\/wp-content\/uploads\/2025\/06\/71J4E-mQikL._AC_SL1500_.jpg","width":1500,"height":821,"caption":"HAPPRUN 1080P Bluetooth Outdoor & Home Theater Projector (HDMI\/USB)"},{"@type":"BreadcrumbList","@id":"https:\/\/www.happrunprojector.com\/happrun-1080p-bluetooth-outdoor-home-theater-projector-hdmi-usb\/#breadcrumb","itemListElement":[{"@type":"ListItem","position":1,"name":"Home","item":"https:\/\/www.happrunprojector.com\/"},{"@type":"ListItem","position":2,"name":"Shop","item":"https:\/\/www.happrunprojector.com\/shop\/"},{"@type":"ListItem","position":3,"name":"HAPPRUN 1080P Bluetooth Outdoor &#038; Home Theater Projector (HDMI\/USB)"}]},{"@type":"WebSite","@id":"https:\/\/www.happrunprojector.com\/#website","url":"https:\/\/www.happrunprojector.com\/","name":"Happrun Projector","description":"","potentialAction":[{"@type":"SearchAction","target":{"@type":"EntryPoint","urlTemplate":"https:\/\/www.happrunprojector.com\/?s={search_term_string}"},"query-input":"required name=search_term_string"}],"inLanguage":"es"}]}},"_links":{"self":[{"href":"https:\/\/www.happrunprojector.com\/es\/wp-json\/wp\/v2\/product\/3979","targetHints":{"allow":["GET"]}}],"collection":[{"href":"https:\/\/www.happrunprojector.com\/es\/wp-json\/wp\/v2\/product"}],"about":[{"href":"https:\/\/www.happrunprojector.com\/es\/wp-json\/wp\/v2\/types\/product"}],"replies":[{"embeddable":true,"href":"https:\/\/www.happrunprojector.com\/es\/wp-json\/wp\/v2\/comments?post=3979"}],"version-history":[{"count":1,"href":"https:\/\/www.happrunprojector.com\/es\/wp-json\/wp\/v2\/product\/3979\/revisions"}],"predecessor-version":[{"id":3987,"href":"https:\/\/www.happrunprojector.com\/es\/wp-json\/wp\/v2\/product\/3979\/revisions\/3987"}],"wp:featuredmedia":[{"embeddable":true,"href":"https:\/\/www.happrunprojector.com\/es\/wp-json\/wp\/v2\/media\/3980"}],"wp:attachment":[{"href":"https:\/\/www.happrunprojector.com\/es\/wp-json\/wp\/v2\/media?parent=3979"}],"wp:term":[{"taxonomy":"product_cat","embeddable":true,"href":"https:\/\/www.happrunprojector.com\/es\/wp-json\/wp\/v2\/product_cat?post=3979"},{"taxonomy":"product_tag","embeddable":true,"href":"https:\/\/www.happrunprojector.com\/es\/wp-json\/wp\/v2\/product_tag?post=3979"}],"curies":[{"name":"wp","href":"https:\/\/api.w.org\/{rel}","templated":true}]}}