{"id":3929,"date":"2025-04-28T08:07:00","date_gmt":"2025-04-28T08:07:00","guid":{"rendered":"https:\/\/www.happrunprojector.com\/?post_type=product&#038;p=3929"},"modified":"2025-04-28T08:07:01","modified_gmt":"2025-04-28T08:07:01","slug":"happrun-smart-projector-with-wifi-and-bluetooth-netflix-certified-400-ansi-native-1080p-dolby-audio","status":"publish","type":"product","link":"https:\/\/www.happrunprojector.com\/es\/happrun-proyector-inteligente-con-wifi-y-bluetooth-netflix-certificado-400-ansi-nativo-1080p-dolby-audio\/","title":{"rendered":"HAPPRUN Proyector inteligente con WiFi y Bluetooth - Certificado para Netflix, 400 ANSI, 1080P nativos, Dolby Audio"},"content":{"rendered":"<p class=\"\" data-start=\"367\" data-end=\"696\"><strong data-start=\"367\" data-end=\"444\">Lleve el brillo del cine a su hogar con el proyector inteligente HAPPRUN.<\/strong><br data-start=\"444\" data-end=\"447\" \/>Con un sistema operativo Smart TV integrado y <strong data-start=\"488\" data-end=\"539\">Certificaci\u00f3n de Netflix, Prime Video y YouTube<\/strong>podr\u00e1s ver tus series y pel\u00edculas favoritas en streaming sin necesidad de dispositivos externos: fluido, f\u00e1cil y con licencia oficial para un entretenimiento ininterrumpido.<\/p>\n<p class=\"\" data-start=\"698\" data-end=\"934\"><strong data-start=\"698\" data-end=\"739\">Im\u00e1genes m\u00e1s n\u00edtidas con una configuraci\u00f3n sin esfuerzo:<\/strong><br data-start=\"739\" data-end=\"742\" \/>En <strong data-start=\"752\" data-end=\"770\">foco el\u00e9ctrico<\/strong> y <strong data-start=\"775\" data-end=\"806\">Correcci\u00f3n trapezoidal de 4 puntos<\/strong>Con un solo toque, puedes ajustar la imagen para obtener una imagen perfectamente n\u00edtida y alineada, independientemente de d\u00f3nde est\u00e9 colocado el proyector.<\/p>\n<p class=\"\" data-start=\"936\" data-end=\"1267\"><strong data-start=\"936\" data-end=\"974\">Sonido excepcional, por dentro y por fuera:<\/strong><br data-start=\"974\" data-end=\"977\" \/>Disfrute de un sonido premium con <strong data-start=\"1002\" data-end=\"1017\">Audio Dolby<\/strong> y el altavoz integrado, o conectar altavoces externos a trav\u00e9s de <strong data-start=\"1092\" data-end=\"1119\">Bluetooth bidireccional<\/strong> para una experiencia a\u00fan m\u00e1s enriquecedora. Adem\u00e1s, como bonificaci\u00f3n, obtendr\u00e1 un <strong data-start=\"1194\" data-end=\"1215\">Altavoz Bluetooth<\/strong> incluido: \u00a1perfecto para actualizar su cine en casa!<\/p>\n<p class=\"\" data-start=\"1269\" data-end=\"1591\"><strong data-start=\"1269\" data-end=\"1305\">Dise\u00f1o compacto, gran rendimiento:<\/strong><br data-start=\"1305\" data-end=\"1308\" \/>Este proyector ligero es <strong data-start=\"1338\" data-end=\"1370\">lo suficientemente peque\u00f1o para caber en cualquier sitio<\/strong> pero lo suficientemente potente como para <strong data-start=\"1402\" data-end=\"1432\">400 ANSI l\u00famenes de brillo<\/strong>, <strong data-start=\"1434\" data-end=\"1461\">resoluci\u00f3n nativa 1080P<\/strong>y hasta un <strong data-start=\"1475\" data-end=\"1495\">Pantalla de 200 pulgadas<\/strong>. En <strong data-start=\"1501\" data-end=\"1539\">Lente de cristal de alta refracci\u00f3n de 6 capas<\/strong> garantiza im\u00e1genes n\u00edtidas y vibrantes sin bordes borrosos.<\/p>\n<p class=\"\" data-start=\"1593\" data-end=\"1801\"><strong data-start=\"1593\" data-end=\"1623\">Streaming inal\u00e1mbrico fluido:<\/strong><br data-start=\"1623\" data-end=\"1626\" \/>Con <strong data-start=\"1631\" data-end=\"1659\">WiFi de doble banda (5G\/2,4G)<\/strong> disfrutar\u00e1 de conexiones m\u00e1s r\u00e1pidas y estables para ver pel\u00edculas, jugar y transmitir desde sus dispositivos m\u00f3viles sin retrasos ni interrupciones.<\/p>\n<p class=\"\" data-start=\"1803\" data-end=\"2055\"><strong data-start=\"1803\" data-end=\"1837\">Construido para disfrutar a largo plazo:<\/strong><br data-start=\"1837\" data-end=\"1840\" \/>Dise\u00f1ado con un avanzado sistema de refrigeraci\u00f3n y a prueba de polvo, el proyector HAPPRUN ofrece una vida \u00fatil m\u00e1s larga y un rendimiento constante. Adem\u00e1s, se beneficiar\u00e1 de <strong data-start=\"1997\" data-end=\"2027\">asistencia t\u00e9cnica de por vida<\/strong> para su total tranquilidad.<\/p>\n<hr class=\"\" data-start=\"2057\" data-end=\"2060\" \/>\n<p class=\"\" data-start=\"2062\" data-end=\"2514\"><strong data-start=\"2062\" data-end=\"2079\">Caracter\u00edsticas principales:<\/strong><br data-start=\"2079\" data-end=\"2082\" \/>\u2714 Acceso con licencia oficial a Netflix, Prime Video y YouTube.<br data-start=\"2144\" data-end=\"2147\" \/>\u2714 400 ANSI l\u00famenes de brillo y resoluci\u00f3n nativa 1080P<br data-start=\"2203\" data-end=\"2206\" \/>\u2714 Enfoque el\u00e9ctrico y correcci\u00f3n trapezoidal 4P para una alineaci\u00f3n perfecta<br data-start=\"2271\" data-end=\"2274\" \/>\u2714 Sonido Dolby Audio integrado + Altavoz Bluetooth adicional incluido.<br data-start=\"2337\" data-end=\"2340\" \/>\u2714 Soporta WiFi 6 (5G\/2.4G) y Bluetooth 5.2 bidireccional<br data-start=\"2399\" data-end=\"2402\" \/>\u2714 Proyecci\u00f3n en pantalla grande de 200 pulgadas como m\u00e1ximo<br data-start=\"2440\" data-end=\"2443\" \/>\u2714 Compacto, ligero y f\u00e1cil de transportar<br data-start=\"2484\" data-end=\"2487\" \/>\u2714 Asistencia al cliente de por vida<\/p>\n<hr class=\"\" data-start=\"2516\" data-end=\"2519\" \/>\n<p class=\"\" data-start=\"2521\" data-end=\"2667\"><strong data-start=\"2521\" data-end=\"2667\">Descubra una forma m\u00e1s inteligente, m\u00e1s n\u00edtida y m\u00e1s potente de ver con el proyector inteligente HAPPRUN, perfecto para cualquier habitaci\u00f3n, cualquier evento, cualquier aventura.<\/strong><\/p>","protected":false},"excerpt":{"rendered":"<p>\u2714 Acceso con licencia oficial a Netflix, Prime Video y YouTube.<br data-start=\"2144\" data-end=\"2147\" \/>\u2714 400 ANSI l\u00famenes de brillo y resoluci\u00f3n nativa 1080P<br data-start=\"2203\" data-end=\"2206\" \/>\u2714 Enfoque el\u00e9ctrico y correcci\u00f3n trapezoidal 4P para una alineaci\u00f3n perfecta<br data-start=\"2271\" data-end=\"2274\" \/>\u2714 Sonido Dolby Audio integrado + Altavoz Bluetooth adicional incluido.<br data-start=\"2337\" data-end=\"2340\" \/>\u2714 Soporta WiFi 6 (5G\/2.4G) y Bluetooth 5.2 bidireccional<br data-start=\"2399\" data-end=\"2402\" \/>\u2714 Proyecci\u00f3n en pantalla grande de 200 pulgadas como m\u00e1ximo<br data-start=\"2440\" data-end=\"2443\" \/>\u2714 Compacto, ligero y f\u00e1cil de transportar<br data-start=\"2484\" data-end=\"2487\" \/>\u2714 Asistencia al cliente de por vida<\/p>","protected":false},"featured_media":3931,"comment_status":"open","ping_status":"closed","template":"","meta":{"_themeisle_gutenberg_block_has_review":false},"product_cat":[134],"product_tag":[],"class_list":{"0":"post-3929","1":"product","2":"type-product","3":"status-publish","4":"has-post-thumbnail","6":"product_cat-projector","8":"first","9":"instock","10":"sale","11":"shipping-taxable","12":"product-type-external"},"yoast_head":"<!-- This site is optimized with the Yoast SEO plugin v22.7 - https:\/\/yoast.com\/wordpress\/plugins\/seo\/ -->\n<title>HAPPRUN Smart Projector with WiFi and Bluetooth \u2013 Netflix-Certified, 400 ANSI, Native 1080P, Dolby Audio - Happrun Projector<\/title>\n<meta name=\"description\" content=\"Bring cinematic brilliance to your home with the HAPPRUN Smart Projector!With a built-in Smart TV OS and official Netflix, Prime Video, and YouTube certification\" \/>\n<meta name=\"robots\" content=\"index, follow, max-snippet:-1, max-image-preview:large, max-video-preview:-1\" \/>\n<link rel=\"canonical\" href=\"https:\/\/www.happrunprojector.com\/es\/happrun-smart-projector-with-wifi-and-bluetooth-netflix-certified-400-ansi-native-1080p-dolby-audio\/\" \/>\n<meta property=\"og:locale\" content=\"es_ES\" \/>\n<meta property=\"og:type\" content=\"article\" \/>\n<meta property=\"og:title\" content=\"HAPPRUN Smart Projector with WiFi and Bluetooth \u2013 Netflix-Certified, 400 ANSI, Native 1080P, Dolby Audio - Happrun Projector\" \/>\n<meta property=\"og:description\" content=\"Bring cinematic brilliance to your home with the HAPPRUN Smart Projector!With a built-in Smart TV OS and official Netflix, Prime Video, and YouTube certification\" \/>\n<meta property=\"og:url\" content=\"https:\/\/www.happrunprojector.com\/es\/happrun-smart-projector-with-wifi-and-bluetooth-netflix-certified-400-ansi-native-1080p-dolby-audio\/\" \/>\n<meta property=\"og:site_name\" content=\"Happrun Projector\" \/>\n<meta property=\"article:modified_time\" content=\"2025-04-28T08:07:01+00:00\" \/>\n<meta property=\"og:image\" content=\"https:\/\/www.happrunprojector.com\/wp-content\/uploads\/2025\/04\/71-ykfMp5L._AC_SL1500_.jpg\" \/>\n\t<meta property=\"og:image:width\" content=\"1500\" \/>\n\t<meta property=\"og:image:height\" content=\"1455\" \/>\n\t<meta property=\"og:image:type\" content=\"image\/jpeg\" \/>\n<meta name=\"twitter:card\" content=\"summary_large_image\" \/>\n<meta name=\"twitter:label1\" content=\"Tiempo de lectura\" \/>\n\t<meta name=\"twitter:data1\" content=\"2 minutos\" \/>\n<script type=\"application\/ld+json\" class=\"yoast-schema-graph\">{\"@context\":\"https:\/\/schema.org\",\"@graph\":[{\"@type\":\"WebPage\",\"@id\":\"https:\/\/www.happrunprojector.com\/happrun-smart-projector-with-wifi-and-bluetooth-netflix-certified-400-ansi-native-1080p-dolby-audio\/\",\"url\":\"https:\/\/www.happrunprojector.com\/happrun-smart-projector-with-wifi-and-bluetooth-netflix-certified-400-ansi-native-1080p-dolby-audio\/\",\"name\":\"HAPPRUN Smart Projector with WiFi and Bluetooth \u2013 Netflix-Certified, 400 ANSI, Native 1080P, Dolby Audio - Happrun Projector\",\"isPartOf\":{\"@id\":\"https:\/\/www.happrunprojector.com\/#website\"},\"primaryImageOfPage\":{\"@id\":\"https:\/\/www.happrunprojector.com\/happrun-smart-projector-with-wifi-and-bluetooth-netflix-certified-400-ansi-native-1080p-dolby-audio\/#primaryimage\"},\"image\":{\"@id\":\"https:\/\/www.happrunprojector.com\/happrun-smart-projector-with-wifi-and-bluetooth-netflix-certified-400-ansi-native-1080p-dolby-audio\/#primaryimage\"},\"thumbnailUrl\":\"https:\/\/www.happrunprojector.com\/wp-content\/uploads\/2025\/04\/71-ykfMp5L._AC_SL1500_.jpg\",\"datePublished\":\"2025-04-28T08:07:00+00:00\",\"dateModified\":\"2025-04-28T08:07:01+00:00\",\"description\":\"Bring cinematic brilliance to your home with the HAPPRUN Smart Projector!With a built-in Smart TV OS and official Netflix, Prime Video, and YouTube certification\",\"breadcrumb\":{\"@id\":\"https:\/\/www.happrunprojector.com\/happrun-smart-projector-with-wifi-and-bluetooth-netflix-certified-400-ansi-native-1080p-dolby-audio\/#breadcrumb\"},\"inLanguage\":\"es\",\"potentialAction\":[{\"@type\":\"ReadAction\",\"target\":[\"https:\/\/www.happrunprojector.com\/happrun-smart-projector-with-wifi-and-bluetooth-netflix-certified-400-ansi-native-1080p-dolby-audio\/\"]}]},{\"@type\":\"ImageObject\",\"inLanguage\":\"es\",\"@id\":\"https:\/\/www.happrunprojector.com\/happrun-smart-projector-with-wifi-and-bluetooth-netflix-certified-400-ansi-native-1080p-dolby-audio\/#primaryimage\",\"url\":\"https:\/\/www.happrunprojector.com\/wp-content\/uploads\/2025\/04\/71-ykfMp5L._AC_SL1500_.jpg\",\"contentUrl\":\"https:\/\/www.happrunprojector.com\/wp-content\/uploads\/2025\/04\/71-ykfMp5L._AC_SL1500_.jpg\",\"width\":1500,\"height\":1455,\"caption\":\"HAPPRUN Smart Projector with WiFi and Bluetooth \u2013 Netflix-Certified, 400 ANSI, Native 1080P, Dolby Audio\"},{\"@type\":\"BreadcrumbList\",\"@id\":\"https:\/\/www.happrunprojector.com\/happrun-smart-projector-with-wifi-and-bluetooth-netflix-certified-400-ansi-native-1080p-dolby-audio\/#breadcrumb\",\"itemListElement\":[{\"@type\":\"ListItem\",\"position\":1,\"name\":\"Home\",\"item\":\"https:\/\/www.happrunprojector.com\/\"},{\"@type\":\"ListItem\",\"position\":2,\"name\":\"Shop\",\"item\":\"https:\/\/www.happrunprojector.com\/shop\/\"},{\"@type\":\"ListItem\",\"position\":3,\"name\":\"HAPPRUN Smart Projector with WiFi and Bluetooth \u2013 Netflix-Certified, 400 ANSI, Native 1080P, Dolby Audio\"}]},{\"@type\":\"WebSite\",\"@id\":\"https:\/\/www.happrunprojector.com\/#website\",\"url\":\"https:\/\/www.happrunprojector.com\/\",\"name\":\"Happrun Projector\",\"description\":\"\",\"potentialAction\":[{\"@type\":\"SearchAction\",\"target\":{\"@type\":\"EntryPoint\",\"urlTemplate\":\"https:\/\/www.happrunprojector.com\/?s={search_term_string}\"},\"query-input\":\"required name=search_term_string\"}],\"inLanguage\":\"es\"}]}<\/script>\n<!-- \/ Yoast SEO plugin. -->","yoast_head_json":{"title":"HAPPRUN Smart Projector with WiFi and Bluetooth \u2013 Netflix-Certified, 400 ANSI, Native 1080P, Dolby Audio - Happrun Projector","description":"Bring cinematic brilliance to your home with the HAPPRUN Smart Projector!With a built-in Smart TV OS and official Netflix, Prime Video, and YouTube certification","robots":{"index":"index","follow":"follow","max-snippet":"max-snippet:-1","max-image-preview":"max-image-preview:large","max-video-preview":"max-video-preview:-1"},"canonical":"https:\/\/www.happrunprojector.com\/es\/happrun-smart-projector-with-wifi-and-bluetooth-netflix-certified-400-ansi-native-1080p-dolby-audio\/","og_locale":"es_ES","og_type":"article","og_title":"HAPPRUN Smart Projector with WiFi and Bluetooth \u2013 Netflix-Certified, 400 ANSI, Native 1080P, Dolby Audio - Happrun Projector","og_description":"Bring cinematic brilliance to your home with the HAPPRUN Smart Projector!With a built-in Smart TV OS and official Netflix, Prime Video, and YouTube certification","og_url":"https:\/\/www.happrunprojector.com\/es\/happrun-smart-projector-with-wifi-and-bluetooth-netflix-certified-400-ansi-native-1080p-dolby-audio\/","og_site_name":"Happrun Projector","article_modified_time":"2025-04-28T08:07:01+00:00","og_image":[{"width":1500,"height":1455,"url":"https:\/\/www.happrunprojector.com\/wp-content\/uploads\/2025\/04\/71-ykfMp5L._AC_SL1500_.jpg","type":"image\/jpeg"}],"twitter_card":"summary_large_image","twitter_misc":{"Tiempo de lectura":"2 minutos"},"schema":{"@context":"https:\/\/schema.org","@graph":[{"@type":"WebPage","@id":"https:\/\/www.happrunprojector.com\/happrun-smart-projector-with-wifi-and-bluetooth-netflix-certified-400-ansi-native-1080p-dolby-audio\/","url":"https:\/\/www.happrunprojector.com\/happrun-smart-projector-with-wifi-and-bluetooth-netflix-certified-400-ansi-native-1080p-dolby-audio\/","name":"HAPPRUN Smart Projector with WiFi and Bluetooth \u2013 Netflix-Certified, 400 ANSI, Native 1080P, Dolby Audio - Happrun Projector","isPartOf":{"@id":"https:\/\/www.happrunprojector.com\/#website"},"primaryImageOfPage":{"@id":"https:\/\/www.happrunprojector.com\/happrun-smart-projector-with-wifi-and-bluetooth-netflix-certified-400-ansi-native-1080p-dolby-audio\/#primaryimage"},"image":{"@id":"https:\/\/www.happrunprojector.com\/happrun-smart-projector-with-wifi-and-bluetooth-netflix-certified-400-ansi-native-1080p-dolby-audio\/#primaryimage"},"thumbnailUrl":"https:\/\/www.happrunprojector.com\/wp-content\/uploads\/2025\/04\/71-ykfMp5L._AC_SL1500_.jpg","datePublished":"2025-04-28T08:07:00+00:00","dateModified":"2025-04-28T08:07:01+00:00","description":"Bring cinematic brilliance to your home with the HAPPRUN Smart Projector!With a built-in Smart TV OS and official Netflix, Prime Video, and YouTube certification","breadcrumb":{"@id":"https:\/\/www.happrunprojector.com\/happrun-smart-projector-with-wifi-and-bluetooth-netflix-certified-400-ansi-native-1080p-dolby-audio\/#breadcrumb"},"inLanguage":"es","potentialAction":[{"@type":"ReadAction","target":["https:\/\/www.happrunprojector.com\/happrun-smart-projector-with-wifi-and-bluetooth-netflix-certified-400-ansi-native-1080p-dolby-audio\/"]}]},{"@type":"ImageObject","inLanguage":"es","@id":"https:\/\/www.happrunprojector.com\/happrun-smart-projector-with-wifi-and-bluetooth-netflix-certified-400-ansi-native-1080p-dolby-audio\/#primaryimage","url":"https:\/\/www.happrunprojector.com\/wp-content\/uploads\/2025\/04\/71-ykfMp5L._AC_SL1500_.jpg","contentUrl":"https:\/\/www.happrunprojector.com\/wp-content\/uploads\/2025\/04\/71-ykfMp5L._AC_SL1500_.jpg","width":1500,"height":1455,"caption":"HAPPRUN Smart Projector with WiFi and Bluetooth \u2013 Netflix-Certified, 400 ANSI, Native 1080P, Dolby Audio"},{"@type":"BreadcrumbList","@id":"https:\/\/www.happrunprojector.com\/happrun-smart-projector-with-wifi-and-bluetooth-netflix-certified-400-ansi-native-1080p-dolby-audio\/#breadcrumb","itemListElement":[{"@type":"ListItem","position":1,"name":"Home","item":"https:\/\/www.happrunprojector.com\/"},{"@type":"ListItem","position":2,"name":"Shop","item":"https:\/\/www.happrunprojector.com\/shop\/"},{"@type":"ListItem","position":3,"name":"HAPPRUN Smart Projector with WiFi and Bluetooth \u2013 Netflix-Certified, 400 ANSI, Native 1080P, Dolby Audio"}]},{"@type":"WebSite","@id":"https:\/\/www.happrunprojector.com\/#website","url":"https:\/\/www.happrunprojector.com\/","name":"Happrun Projector","description":"","potentialAction":[{"@type":"SearchAction","target":{"@type":"EntryPoint","urlTemplate":"https:\/\/www.happrunprojector.com\/?s={search_term_string}"},"query-input":"required name=search_term_string"}],"inLanguage":"es"}]}},"_links":{"self":[{"href":"https:\/\/www.happrunprojector.com\/es\/wp-json\/wp\/v2\/product\/3929","targetHints":{"allow":["GET"]}}],"collection":[{"href":"https:\/\/www.happrunprojector.com\/es\/wp-json\/wp\/v2\/product"}],"about":[{"href":"https:\/\/www.happrunprojector.com\/es\/wp-json\/wp\/v2\/types\/product"}],"replies":[{"embeddable":true,"href":"https:\/\/www.happrunprojector.com\/es\/wp-json\/wp\/v2\/comments?post=3929"}],"version-history":[{"count":1,"href":"https:\/\/www.happrunprojector.com\/es\/wp-json\/wp\/v2\/product\/3929\/revisions"}],"predecessor-version":[{"id":3938,"href":"https:\/\/www.happrunprojector.com\/es\/wp-json\/wp\/v2\/product\/3929\/revisions\/3938"}],"wp:featuredmedia":[{"embeddable":true,"href":"https:\/\/www.happrunprojector.com\/es\/wp-json\/wp\/v2\/media\/3931"}],"wp:attachment":[{"href":"https:\/\/www.happrunprojector.com\/es\/wp-json\/wp\/v2\/media?parent=3929"}],"wp:term":[{"taxonomy":"product_cat","embeddable":true,"href":"https:\/\/www.happrunprojector.com\/es\/wp-json\/wp\/v2\/product_cat?post=3929"},{"taxonomy":"product_tag","embeddable":true,"href":"https:\/\/www.happrunprojector.com\/es\/wp-json\/wp\/v2\/product_tag?post=3929"}],"curies":[{"name":"wp","href":"https:\/\/api.w.org\/{rel}","templated":true}]}}