{"id":3905,"date":"2025-04-28T07:19:22","date_gmt":"2025-04-28T07:19:22","guid":{"rendered":"https:\/\/www.happrunprojector.com\/?post_type=product&#038;p=3905"},"modified":"2025-04-28T07:19:23","modified_gmt":"2025-04-28T07:19:23","slug":"16ft-inflatable-movie-screen-for-outdoor-projector-front-rear-projection-quick-inflate-with-180w-air-blower","status":"publish","type":"product","link":"https:\/\/www.happrunprojector.com\/es\/16ft-pantalla-de-cine-inflable-para-proyector-al-aire-libre-proyeccion-trasera-frontal-rapido-inflar-con-soplador-de-aire-180w\/","title":{"rendered":"Pantalla de cine inflable 16FT para proyector al aire libre - Proyecci\u00f3n frontal\/trasera, inflado r\u00e1pido con soplador de aire 180W"},"content":{"rendered":"<p class=\"\" data-start=\"327\" data-end=\"680\">Transforme cualquier espacio exterior en un cine privado con este <strong data-start=\"403\" data-end=\"438\">Pantalla de cine hinchable de 16 pies<\/strong>!<br data-start=\"439\" data-end=\"442\" \/>Fabricado con poli\u00e9ster engrosado mejorado y tela oxford 210D duradera, soporta <strong data-start=\"527\" data-end=\"561\">proyecci\u00f3n delantera y trasera<\/strong>que ofrece colores vibrantes, un <strong data-start=\"590\" data-end=\"617\">Gran \u00e1ngulo de visi\u00f3n de 160<\/strong>y un <strong data-start=\"625\" data-end=\"646\">Relaci\u00f3n de aspecto 16:9<\/strong> para una experiencia realmente envolvente.<\/p>\n<p class=\"\" data-start=\"682\" data-end=\"1067\">Gracias a la <strong data-start=\"696\" data-end=\"722\">soplador de alta potencia 180W<\/strong>la pantalla se infla en s\u00f3lo <strong data-start=\"752\" data-end=\"765\">2 minutos<\/strong> y permanece completamente inflado durante todo el espect\u00e1culo. La instalaci\u00f3n es r\u00e1pida y sencilla <strong data-start=\"853\" data-end=\"894\">estacas de jard\u00edn, amarres y una bolsa de transporte<\/strong> para transportarla y guardarla sin esfuerzo. En <strong data-start=\"937\" data-end=\"975\">pantalla extra\u00edble y lavable a m\u00e1quina<\/strong> facilita la limpieza y el mantenimiento, garantizando que la pantalla se mantenga impecable despu\u00e9s de cada evento.<\/p>\n<p class=\"\" data-start=\"1069\" data-end=\"1238\">Ya se trate de un <strong data-start=\"1084\" data-end=\"1162\">noche de cine en el jard\u00edn, acampada, fiesta de cumplea\u00f1os o celebraci\u00f3n de una boda<\/strong>Esta pantalla hinchable port\u00e1til te ofrece la magia de la gran pantalla all\u00e1 donde vayas.<\/p>\n<p class=\"\" data-start=\"1240\" data-end=\"1443\"><strong data-start=\"1240\" data-end=\"1255\">Lo m\u00e1s destacado:<\/strong><br data-start=\"1255\" data-end=\"1258\" \/>\u2714 Soporta proyecci\u00f3n delantera y trasera<br data-start=\"1292\" data-end=\"1295\" \/>\u2714 Se infla en s\u00f3lo 2 minutos<br data-start=\"1323\" data-end=\"1326\" \/>\u2714 Materiales duraderos y lavables<br data-start=\"1358\" data-end=\"1361\" \/>\u2714 F\u00e1cil instalaci\u00f3n con los accesorios incluidos<br data-start=\"1399\" data-end=\"1402\" \/>\u2714 Ligero y port\u00e1til con bolsa de transporte<\/p>","protected":false},"excerpt":{"rendered":"<p>\u2714 Soporta proyecci\u00f3n delantera y trasera<br data-start=\"1292\" data-end=\"1295\" \/>\u2714 Se infla en s\u00f3lo 2 minutos<br data-start=\"1323\" data-end=\"1326\" \/>\u2714 Materiales duraderos y lavables<br data-start=\"1358\" data-end=\"1361\" \/>\u2714 F\u00e1cil instalaci\u00f3n con los accesorios incluidos<br data-start=\"1399\" data-end=\"1402\" \/>\u2714 Ligero y port\u00e1til con bolsa de transporte<\/p>","protected":false},"featured_media":3906,"comment_status":"open","ping_status":"closed","template":"","meta":{"_themeisle_gutenberg_block_has_review":false},"product_cat":[137],"product_tag":[],"class_list":{"0":"post-3905","1":"product","2":"type-product","3":"status-publish","4":"has-post-thumbnail","6":"product_cat-projector-screen","8":"first","9":"instock","10":"sale","11":"shipping-taxable","12":"product-type-external"},"yoast_head":"<!-- This site is optimized with the Yoast SEO plugin v22.7 - https:\/\/yoast.com\/wordpress\/plugins\/seo\/ -->\n<title>16FT Inflatable Movie Screen for Outdoor Projector \u2013 Front\/Rear Projection, Quick Inflate with 180W Air Blower - Happrun Projector<\/title>\n<meta name=\"description\" content=\"Transform any outdoor space into a private cinema with this 16-foot Inflatable Movie Screen!Crafted from upgraded thickened polyester and durable 210D oxford cloth, it supports both front and rear projection\" \/>\n<meta name=\"robots\" content=\"index, follow, max-snippet:-1, max-image-preview:large, max-video-preview:-1\" \/>\n<link rel=\"canonical\" href=\"https:\/\/www.happrunprojector.com\/es\/16ft-inflatable-movie-screen-for-outdoor-projector-front-rear-projection-quick-inflate-with-180w-air-blower\/\" \/>\n<meta property=\"og:locale\" content=\"es_ES\" \/>\n<meta property=\"og:type\" content=\"article\" \/>\n<meta property=\"og:title\" content=\"16FT Inflatable Movie Screen for Outdoor Projector \u2013 Front\/Rear Projection, Quick Inflate with 180W Air Blower - Happrun Projector\" \/>\n<meta property=\"og:description\" content=\"Transform any outdoor space into a private cinema with this 16-foot Inflatable Movie Screen!Crafted from upgraded thickened polyester and durable 210D oxford cloth, it supports both front and rear projection\" \/>\n<meta property=\"og:url\" content=\"https:\/\/www.happrunprojector.com\/es\/16ft-inflatable-movie-screen-for-outdoor-projector-front-rear-projection-quick-inflate-with-180w-air-blower\/\" \/>\n<meta property=\"og:site_name\" content=\"Happrun Projector\" \/>\n<meta property=\"article:modified_time\" content=\"2025-04-28T07:19:23+00:00\" \/>\n<meta property=\"og:image\" content=\"https:\/\/www.happrunprojector.com\/wp-content\/uploads\/2025\/04\/61HXC4kDfeL._AC_SL1500_.jpg\" \/>\n\t<meta property=\"og:image:width\" content=\"1387\" \/>\n\t<meta property=\"og:image:height\" content=\"1500\" \/>\n\t<meta property=\"og:image:type\" content=\"image\/jpeg\" \/>\n<meta name=\"twitter:card\" content=\"summary_large_image\" \/>\n<meta name=\"twitter:label1\" content=\"Tiempo de lectura\" \/>\n\t<meta name=\"twitter:data1\" content=\"1 minuto\" \/>\n<script type=\"application\/ld+json\" class=\"yoast-schema-graph\">{\"@context\":\"https:\/\/schema.org\",\"@graph\":[{\"@type\":\"WebPage\",\"@id\":\"https:\/\/www.happrunprojector.com\/16ft-inflatable-movie-screen-for-outdoor-projector-front-rear-projection-quick-inflate-with-180w-air-blower\/\",\"url\":\"https:\/\/www.happrunprojector.com\/16ft-inflatable-movie-screen-for-outdoor-projector-front-rear-projection-quick-inflate-with-180w-air-blower\/\",\"name\":\"16FT Inflatable Movie Screen for Outdoor Projector \u2013 Front\/Rear Projection, Quick Inflate with 180W Air Blower - Happrun Projector\",\"isPartOf\":{\"@id\":\"https:\/\/www.happrunprojector.com\/#website\"},\"primaryImageOfPage\":{\"@id\":\"https:\/\/www.happrunprojector.com\/16ft-inflatable-movie-screen-for-outdoor-projector-front-rear-projection-quick-inflate-with-180w-air-blower\/#primaryimage\"},\"image\":{\"@id\":\"https:\/\/www.happrunprojector.com\/16ft-inflatable-movie-screen-for-outdoor-projector-front-rear-projection-quick-inflate-with-180w-air-blower\/#primaryimage\"},\"thumbnailUrl\":\"https:\/\/www.happrunprojector.com\/wp-content\/uploads\/2025\/04\/61HXC4kDfeL._AC_SL1500_.jpg\",\"datePublished\":\"2025-04-28T07:19:22+00:00\",\"dateModified\":\"2025-04-28T07:19:23+00:00\",\"description\":\"Transform any outdoor space into a private cinema with this 16-foot Inflatable Movie Screen!Crafted from upgraded thickened polyester and durable 210D oxford cloth, it supports both front and rear projection\",\"breadcrumb\":{\"@id\":\"https:\/\/www.happrunprojector.com\/16ft-inflatable-movie-screen-for-outdoor-projector-front-rear-projection-quick-inflate-with-180w-air-blower\/#breadcrumb\"},\"inLanguage\":\"es\",\"potentialAction\":[{\"@type\":\"ReadAction\",\"target\":[\"https:\/\/www.happrunprojector.com\/16ft-inflatable-movie-screen-for-outdoor-projector-front-rear-projection-quick-inflate-with-180w-air-blower\/\"]}]},{\"@type\":\"ImageObject\",\"inLanguage\":\"es\",\"@id\":\"https:\/\/www.happrunprojector.com\/16ft-inflatable-movie-screen-for-outdoor-projector-front-rear-projection-quick-inflate-with-180w-air-blower\/#primaryimage\",\"url\":\"https:\/\/www.happrunprojector.com\/wp-content\/uploads\/2025\/04\/61HXC4kDfeL._AC_SL1500_.jpg\",\"contentUrl\":\"https:\/\/www.happrunprojector.com\/wp-content\/uploads\/2025\/04\/61HXC4kDfeL._AC_SL1500_.jpg\",\"width\":1387,\"height\":1500,\"caption\":\"16FT Inflatable Movie Screen for Outdoor Projector \u2013 Front\/Rear Projection, Quick Inflate with 180W Air Blower\"},{\"@type\":\"BreadcrumbList\",\"@id\":\"https:\/\/www.happrunprojector.com\/16ft-inflatable-movie-screen-for-outdoor-projector-front-rear-projection-quick-inflate-with-180w-air-blower\/#breadcrumb\",\"itemListElement\":[{\"@type\":\"ListItem\",\"position\":1,\"name\":\"Home\",\"item\":\"https:\/\/www.happrunprojector.com\/\"},{\"@type\":\"ListItem\",\"position\":2,\"name\":\"Shop\",\"item\":\"https:\/\/www.happrunprojector.com\/shop\/\"},{\"@type\":\"ListItem\",\"position\":3,\"name\":\"16FT Inflatable Movie Screen for Outdoor Projector \u2013 Front\/Rear Projection, Quick Inflate with 180W Air Blower\"}]},{\"@type\":\"WebSite\",\"@id\":\"https:\/\/www.happrunprojector.com\/#website\",\"url\":\"https:\/\/www.happrunprojector.com\/\",\"name\":\"Happrun Projector\",\"description\":\"\",\"potentialAction\":[{\"@type\":\"SearchAction\",\"target\":{\"@type\":\"EntryPoint\",\"urlTemplate\":\"https:\/\/www.happrunprojector.com\/?s={search_term_string}\"},\"query-input\":\"required name=search_term_string\"}],\"inLanguage\":\"es\"}]}<\/script>\n<!-- \/ Yoast SEO plugin. -->","yoast_head_json":{"title":"16FT Inflatable Movie Screen for Outdoor Projector \u2013 Front\/Rear Projection, Quick Inflate with 180W Air Blower - Happrun Projector","description":"Transform any outdoor space into a private cinema with this 16-foot Inflatable Movie Screen!Crafted from upgraded thickened polyester and durable 210D oxford cloth, it supports both front and rear projection","robots":{"index":"index","follow":"follow","max-snippet":"max-snippet:-1","max-image-preview":"max-image-preview:large","max-video-preview":"max-video-preview:-1"},"canonical":"https:\/\/www.happrunprojector.com\/es\/16ft-inflatable-movie-screen-for-outdoor-projector-front-rear-projection-quick-inflate-with-180w-air-blower\/","og_locale":"es_ES","og_type":"article","og_title":"16FT Inflatable Movie Screen for Outdoor Projector \u2013 Front\/Rear Projection, Quick Inflate with 180W Air Blower - Happrun Projector","og_description":"Transform any outdoor space into a private cinema with this 16-foot Inflatable Movie Screen!Crafted from upgraded thickened polyester and durable 210D oxford cloth, it supports both front and rear projection","og_url":"https:\/\/www.happrunprojector.com\/es\/16ft-inflatable-movie-screen-for-outdoor-projector-front-rear-projection-quick-inflate-with-180w-air-blower\/","og_site_name":"Happrun Projector","article_modified_time":"2025-04-28T07:19:23+00:00","og_image":[{"width":1387,"height":1500,"url":"https:\/\/www.happrunprojector.com\/wp-content\/uploads\/2025\/04\/61HXC4kDfeL._AC_SL1500_.jpg","type":"image\/jpeg"}],"twitter_card":"summary_large_image","twitter_misc":{"Tiempo de lectura":"1 minuto"},"schema":{"@context":"https:\/\/schema.org","@graph":[{"@type":"WebPage","@id":"https:\/\/www.happrunprojector.com\/16ft-inflatable-movie-screen-for-outdoor-projector-front-rear-projection-quick-inflate-with-180w-air-blower\/","url":"https:\/\/www.happrunprojector.com\/16ft-inflatable-movie-screen-for-outdoor-projector-front-rear-projection-quick-inflate-with-180w-air-blower\/","name":"16FT Inflatable Movie Screen for Outdoor Projector \u2013 Front\/Rear Projection, Quick Inflate with 180W Air Blower - Happrun Projector","isPartOf":{"@id":"https:\/\/www.happrunprojector.com\/#website"},"primaryImageOfPage":{"@id":"https:\/\/www.happrunprojector.com\/16ft-inflatable-movie-screen-for-outdoor-projector-front-rear-projection-quick-inflate-with-180w-air-blower\/#primaryimage"},"image":{"@id":"https:\/\/www.happrunprojector.com\/16ft-inflatable-movie-screen-for-outdoor-projector-front-rear-projection-quick-inflate-with-180w-air-blower\/#primaryimage"},"thumbnailUrl":"https:\/\/www.happrunprojector.com\/wp-content\/uploads\/2025\/04\/61HXC4kDfeL._AC_SL1500_.jpg","datePublished":"2025-04-28T07:19:22+00:00","dateModified":"2025-04-28T07:19:23+00:00","description":"Transform any outdoor space into a private cinema with this 16-foot Inflatable Movie Screen!Crafted from upgraded thickened polyester and durable 210D oxford cloth, it supports both front and rear projection","breadcrumb":{"@id":"https:\/\/www.happrunprojector.com\/16ft-inflatable-movie-screen-for-outdoor-projector-front-rear-projection-quick-inflate-with-180w-air-blower\/#breadcrumb"},"inLanguage":"es","potentialAction":[{"@type":"ReadAction","target":["https:\/\/www.happrunprojector.com\/16ft-inflatable-movie-screen-for-outdoor-projector-front-rear-projection-quick-inflate-with-180w-air-blower\/"]}]},{"@type":"ImageObject","inLanguage":"es","@id":"https:\/\/www.happrunprojector.com\/16ft-inflatable-movie-screen-for-outdoor-projector-front-rear-projection-quick-inflate-with-180w-air-blower\/#primaryimage","url":"https:\/\/www.happrunprojector.com\/wp-content\/uploads\/2025\/04\/61HXC4kDfeL._AC_SL1500_.jpg","contentUrl":"https:\/\/www.happrunprojector.com\/wp-content\/uploads\/2025\/04\/61HXC4kDfeL._AC_SL1500_.jpg","width":1387,"height":1500,"caption":"16FT Inflatable Movie Screen for Outdoor Projector \u2013 Front\/Rear Projection, Quick Inflate with 180W Air Blower"},{"@type":"BreadcrumbList","@id":"https:\/\/www.happrunprojector.com\/16ft-inflatable-movie-screen-for-outdoor-projector-front-rear-projection-quick-inflate-with-180w-air-blower\/#breadcrumb","itemListElement":[{"@type":"ListItem","position":1,"name":"Home","item":"https:\/\/www.happrunprojector.com\/"},{"@type":"ListItem","position":2,"name":"Shop","item":"https:\/\/www.happrunprojector.com\/shop\/"},{"@type":"ListItem","position":3,"name":"16FT Inflatable Movie Screen for Outdoor Projector \u2013 Front\/Rear Projection, Quick Inflate with 180W Air Blower"}]},{"@type":"WebSite","@id":"https:\/\/www.happrunprojector.com\/#website","url":"https:\/\/www.happrunprojector.com\/","name":"Happrun Projector","description":"","potentialAction":[{"@type":"SearchAction","target":{"@type":"EntryPoint","urlTemplate":"https:\/\/www.happrunprojector.com\/?s={search_term_string}"},"query-input":"required name=search_term_string"}],"inLanguage":"es"}]}},"_links":{"self":[{"href":"https:\/\/www.happrunprojector.com\/es\/wp-json\/wp\/v2\/product\/3905","targetHints":{"allow":["GET"]}}],"collection":[{"href":"https:\/\/www.happrunprojector.com\/es\/wp-json\/wp\/v2\/product"}],"about":[{"href":"https:\/\/www.happrunprojector.com\/es\/wp-json\/wp\/v2\/types\/product"}],"replies":[{"embeddable":true,"href":"https:\/\/www.happrunprojector.com\/es\/wp-json\/wp\/v2\/comments?post=3905"}],"version-history":[{"count":1,"href":"https:\/\/www.happrunprojector.com\/es\/wp-json\/wp\/v2\/product\/3905\/revisions"}],"predecessor-version":[{"id":3909,"href":"https:\/\/www.happrunprojector.com\/es\/wp-json\/wp\/v2\/product\/3905\/revisions\/3909"}],"wp:featuredmedia":[{"embeddable":true,"href":"https:\/\/www.happrunprojector.com\/es\/wp-json\/wp\/v2\/media\/3906"}],"wp:attachment":[{"href":"https:\/\/www.happrunprojector.com\/es\/wp-json\/wp\/v2\/media?parent=3905"}],"wp:term":[{"taxonomy":"product_cat","embeddable":true,"href":"https:\/\/www.happrunprojector.com\/es\/wp-json\/wp\/v2\/product_cat?post=3905"},{"taxonomy":"product_tag","embeddable":true,"href":"https:\/\/www.happrunprojector.com\/es\/wp-json\/wp\/v2\/product_tag?post=3905"}],"curies":[{"name":"wp","href":"https:\/\/api.w.org\/{rel}","templated":true}]}}