{"id":3782,"date":"2024-12-24T09:47:04","date_gmt":"2024-12-24T09:47:04","guid":{"rendered":"https:\/\/www.happrunprojector.com\/?post_type=product&#038;p=3782"},"modified":"2025-10-15T09:17:09","modified_gmt":"2025-10-15T09:17:09","slug":"happrun-510g-projector-google-tv-projector-with-wifi-and-bluetooth-4k-support-netflix-licensed-hdr-10","status":"publish","type":"product","link":"https:\/\/www.happrunprojector.com\/es\/happrun-510g-proyector-google-tv-proyector-con-wifi-y-bluetooth-4k-soporte-netflix-con-licencia-hdr-10\/","title":{"rendered":"Proyector HAPPRUN 510G: Proyector Google TV con WiFi y Bluetooth, compatible con 4K, con licencia Netflix, HDR 10+."},"content":{"rendered":"<p>Transforme cualquier espacio en un para\u00edso cinematogr\u00e1fico con el <strong>HAPPRUN Proyector Google TV<\/strong>. Dise\u00f1ado para ofrecer la m\u00e1xima comodidad y un rendimiento superior, este proyector cuenta con <strong>resoluci\u00f3n nativa 1080P<\/strong>, <strong>Compatibilidad con contenidos 4K<\/strong>y <strong>Tecnolog\u00eda HDR10<\/strong>que ofrece im\u00e1genes n\u00edtidas con contrastes profundos y colores vivos. Con <strong>350 ANSI l\u00famenes de brillo<\/strong> y un <strong>Relaci\u00f3n de contraste de 20.000:1<\/strong>Cada escena cobra vida, tanto si est\u00e1s viendo pel\u00edculas como programas en streaming o jugando.<\/p>\n<p>Lo que distingue a este proyector es su <strong>Integraci\u00f3n con Google TV<\/strong> con funcionario <strong>Licencias de Netflix<\/strong>que facilita el acceso a las mejores aplicaciones de streaming, como <strong>Disney<\/strong>, <strong>YouTube<\/strong>, <strong>Prime Video<\/strong>y mucho m\u00e1s, todo ello sin necesidad de un mando de TV adicional. Controla tu entretenimiento sin esfuerzo con el <strong>Asistente de voz de Google<\/strong>que permite comandos de manos libres para navegaci\u00f3n, reproducci\u00f3n y ajustes.<\/p>\n<p>La conectividad es perfecta con <strong>WiFi de doble banda 2.4G+5G<\/strong>, <strong>Bluetooth 5.2 bidireccional<\/strong>y apoyo a <strong>Google Cast<\/strong> y <strong>AirPlay<\/strong>lo que facilita la duplicaci\u00f3n en tel\u00e9fonos inteligentes y tabletas. El proyector tambi\u00e9n admite varias opciones de montaje.<strong>montaje en techo, sobremesa, tr\u00edpode o pared<\/strong>-garantizando la flexibilidad para cualquier configuraci\u00f3n.<\/p>\n<p>Ideal para <strong>cines en casa, noches de cine al aire libre, maratones de videojuegos o reuniones familiares.<\/strong>El <strong>HAPPRUN Proyector Google TV<\/strong> redefine el entretenimiento con sonido envolvente, im\u00e1genes brillantes y conectividad inteligente. Experimenta el futuro del entretenimiento en casa con un proyector dise\u00f1ado para ofrecer rendimiento, comodidad y diversi\u00f3n sin l\u00edmites.<\/p>","protected":false},"excerpt":{"rendered":"<p>Eleve su entretenimiento en casa con el <strong>HAPPRUN Proyector Google TV<\/strong>. Con <strong>Resoluci\u00f3n 1080P<\/strong>, <strong>Compatible con 4K<\/strong>, <strong>HDR10+<\/strong>y <strong>350 l\u00famenes ANSI<\/strong>El juego ofrece unos efectos visuales asombrosos con colores vibrantes y contrastes n\u00edtidos. Oficialmente <strong>Con licencia de Netflix<\/strong>este proyector ofrece un acceso perfecto a sus plataformas de streaming favoritas, como <strong>Disney<\/strong>, <strong>Prime Video<\/strong>y <strong>YouTube<\/strong>. Disfrute de una conectividad sin complicaciones con <strong>WiFi de doble banda<\/strong>, <strong>Bluetooth 5.2<\/strong>y apoyo a <strong>Google Cast<\/strong> y <strong>AirPlay<\/strong>. Tanto en interiores como en exteriores, este proyector inteligente promete una experiencia cinematogr\u00e1fica envolvente en pantallas de hasta <strong>200 pulgadas<\/strong>.<\/p>","protected":false},"featured_media":3784,"comment_status":"open","ping_status":"closed","template":"","meta":{"_themeisle_gutenberg_block_has_review":false},"product_cat":[134],"product_tag":[],"class_list":{"0":"post-3782","1":"product","2":"type-product","3":"status-publish","4":"has-post-thumbnail","6":"product_cat-projector","8":"first","9":"instock","10":"sale","11":"shipping-taxable","12":"product-type-external"},"yoast_head":"<!-- This site is optimized with the Yoast SEO plugin v22.7 - https:\/\/yoast.com\/wordpress\/plugins\/seo\/ -->\n<title>HAPPRUN 510G Projector: Google TV Projector with WiFi and Bluetooth, 4K Support, Netflix-Licensed, HDR 10+ - Happrun Projector<\/title>\n<meta name=\"description\" content=\"Elevate your home entertainment with the HAPPRUN Google TV Projector. Featuring native 1080P resolution, 4K support, HDR10+, and 350 ANSI lumens, it delivers stunning visuals with vibrant colors and sharp contrasts.\" \/>\n<meta name=\"robots\" content=\"index, follow, max-snippet:-1, max-image-preview:large, max-video-preview:-1\" \/>\n<link rel=\"canonical\" href=\"https:\/\/www.happrunprojector.com\/es\/happrun-510g-projector-google-tv-projector-with-wifi-and-bluetooth-4k-support-netflix-licensed-hdr-10\/\" \/>\n<meta property=\"og:locale\" content=\"es_ES\" \/>\n<meta property=\"og:type\" content=\"article\" \/>\n<meta property=\"og:title\" content=\"HAPPRUN 510G Projector: Google TV Projector with WiFi and Bluetooth, 4K Support, Netflix-Licensed, HDR 10+ - Happrun Projector\" \/>\n<meta property=\"og:description\" content=\"Elevate your home entertainment with the HAPPRUN Google TV Projector. Featuring native 1080P resolution, 4K support, HDR10+, and 350 ANSI lumens, it delivers stunning visuals with vibrant colors and sharp contrasts.\" \/>\n<meta property=\"og:url\" content=\"https:\/\/www.happrunprojector.com\/es\/happrun-510g-projector-google-tv-projector-with-wifi-and-bluetooth-4k-support-netflix-licensed-hdr-10\/\" \/>\n<meta property=\"og:site_name\" content=\"Happrun Projector\" \/>\n<meta property=\"article:modified_time\" content=\"2025-10-15T09:17:09+00:00\" \/>\n<meta property=\"og:image\" content=\"https:\/\/www.happrunprojector.com\/wp-content\/uploads\/2024\/12\/71f3GNS2qZL._AC_SL1500_.jpg\" \/>\n\t<meta property=\"og:image:width\" content=\"1497\" \/>\n\t<meta property=\"og:image:height\" content=\"1500\" \/>\n\t<meta property=\"og:image:type\" content=\"image\/jpeg\" \/>\n<meta name=\"twitter:card\" content=\"summary_large_image\" \/>\n<meta name=\"twitter:label1\" content=\"Tiempo de lectura\" \/>\n\t<meta name=\"twitter:data1\" content=\"2 minutos\" \/>\n<script type=\"application\/ld+json\" class=\"yoast-schema-graph\">{\"@context\":\"https:\/\/schema.org\",\"@graph\":[{\"@type\":\"WebPage\",\"@id\":\"https:\/\/www.happrunprojector.com\/happrun-510g-projector-google-tv-projector-with-wifi-and-bluetooth-4k-support-netflix-licensed-hdr-10\/\",\"url\":\"https:\/\/www.happrunprojector.com\/happrun-510g-projector-google-tv-projector-with-wifi-and-bluetooth-4k-support-netflix-licensed-hdr-10\/\",\"name\":\"HAPPRUN 510G Projector: Google TV Projector with WiFi and Bluetooth, 4K Support, Netflix-Licensed, HDR 10+ - Happrun Projector\",\"isPartOf\":{\"@id\":\"https:\/\/www.happrunprojector.com\/#website\"},\"primaryImageOfPage\":{\"@id\":\"https:\/\/www.happrunprojector.com\/happrun-510g-projector-google-tv-projector-with-wifi-and-bluetooth-4k-support-netflix-licensed-hdr-10\/#primaryimage\"},\"image\":{\"@id\":\"https:\/\/www.happrunprojector.com\/happrun-510g-projector-google-tv-projector-with-wifi-and-bluetooth-4k-support-netflix-licensed-hdr-10\/#primaryimage\"},\"thumbnailUrl\":\"https:\/\/www.happrunprojector.com\/wp-content\/uploads\/2024\/12\/71f3GNS2qZL._AC_SL1500_.jpg\",\"datePublished\":\"2024-12-24T09:47:04+00:00\",\"dateModified\":\"2025-10-15T09:17:09+00:00\",\"description\":\"Elevate your home entertainment with the HAPPRUN Google TV Projector. Featuring native 1080P resolution, 4K support, HDR10+, and 350 ANSI lumens, it delivers stunning visuals with vibrant colors and sharp contrasts.\",\"breadcrumb\":{\"@id\":\"https:\/\/www.happrunprojector.com\/happrun-510g-projector-google-tv-projector-with-wifi-and-bluetooth-4k-support-netflix-licensed-hdr-10\/#breadcrumb\"},\"inLanguage\":\"es\",\"potentialAction\":[{\"@type\":\"ReadAction\",\"target\":[\"https:\/\/www.happrunprojector.com\/happrun-510g-projector-google-tv-projector-with-wifi-and-bluetooth-4k-support-netflix-licensed-hdr-10\/\"]}]},{\"@type\":\"ImageObject\",\"inLanguage\":\"es\",\"@id\":\"https:\/\/www.happrunprojector.com\/happrun-510g-projector-google-tv-projector-with-wifi-and-bluetooth-4k-support-netflix-licensed-hdr-10\/#primaryimage\",\"url\":\"https:\/\/www.happrunprojector.com\/wp-content\/uploads\/2024\/12\/71f3GNS2qZL._AC_SL1500_.jpg\",\"contentUrl\":\"https:\/\/www.happrunprojector.com\/wp-content\/uploads\/2024\/12\/71f3GNS2qZL._AC_SL1500_.jpg\",\"width\":1497,\"height\":1500,\"caption\":\"HAPPRUN 510G Projector\"},{\"@type\":\"BreadcrumbList\",\"@id\":\"https:\/\/www.happrunprojector.com\/happrun-510g-projector-google-tv-projector-with-wifi-and-bluetooth-4k-support-netflix-licensed-hdr-10\/#breadcrumb\",\"itemListElement\":[{\"@type\":\"ListItem\",\"position\":1,\"name\":\"Home\",\"item\":\"https:\/\/www.happrunprojector.com\/\"},{\"@type\":\"ListItem\",\"position\":2,\"name\":\"Shop\",\"item\":\"https:\/\/www.happrunprojector.com\/shop\/\"},{\"@type\":\"ListItem\",\"position\":3,\"name\":\"HAPPRUN 510G Projector: Google TV Projector with WiFi and Bluetooth, 4K Support, Netflix-Licensed, HDR 10+\"}]},{\"@type\":\"WebSite\",\"@id\":\"https:\/\/www.happrunprojector.com\/#website\",\"url\":\"https:\/\/www.happrunprojector.com\/\",\"name\":\"Happrun Projector\",\"description\":\"\",\"potentialAction\":[{\"@type\":\"SearchAction\",\"target\":{\"@type\":\"EntryPoint\",\"urlTemplate\":\"https:\/\/www.happrunprojector.com\/?s={search_term_string}\"},\"query-input\":\"required name=search_term_string\"}],\"inLanguage\":\"es\"}]}<\/script>\n<!-- \/ Yoast SEO plugin. -->","yoast_head_json":{"title":"HAPPRUN 510G Projector: Google TV Projector with WiFi and Bluetooth, 4K Support, Netflix-Licensed, HDR 10+ - Happrun Projector","description":"Elevate your home entertainment with the HAPPRUN Google TV Projector. Featuring native 1080P resolution, 4K support, HDR10+, and 350 ANSI lumens, it delivers stunning visuals with vibrant colors and sharp contrasts.","robots":{"index":"index","follow":"follow","max-snippet":"max-snippet:-1","max-image-preview":"max-image-preview:large","max-video-preview":"max-video-preview:-1"},"canonical":"https:\/\/www.happrunprojector.com\/es\/happrun-510g-projector-google-tv-projector-with-wifi-and-bluetooth-4k-support-netflix-licensed-hdr-10\/","og_locale":"es_ES","og_type":"article","og_title":"HAPPRUN 510G Projector: Google TV Projector with WiFi and Bluetooth, 4K Support, Netflix-Licensed, HDR 10+ - Happrun Projector","og_description":"Elevate your home entertainment with the HAPPRUN Google TV Projector. Featuring native 1080P resolution, 4K support, HDR10+, and 350 ANSI lumens, it delivers stunning visuals with vibrant colors and sharp contrasts.","og_url":"https:\/\/www.happrunprojector.com\/es\/happrun-510g-projector-google-tv-projector-with-wifi-and-bluetooth-4k-support-netflix-licensed-hdr-10\/","og_site_name":"Happrun Projector","article_modified_time":"2025-10-15T09:17:09+00:00","og_image":[{"width":1497,"height":1500,"url":"https:\/\/www.happrunprojector.com\/wp-content\/uploads\/2024\/12\/71f3GNS2qZL._AC_SL1500_.jpg","type":"image\/jpeg"}],"twitter_card":"summary_large_image","twitter_misc":{"Tiempo de lectura":"2 minutos"},"schema":{"@context":"https:\/\/schema.org","@graph":[{"@type":"WebPage","@id":"https:\/\/www.happrunprojector.com\/happrun-510g-projector-google-tv-projector-with-wifi-and-bluetooth-4k-support-netflix-licensed-hdr-10\/","url":"https:\/\/www.happrunprojector.com\/happrun-510g-projector-google-tv-projector-with-wifi-and-bluetooth-4k-support-netflix-licensed-hdr-10\/","name":"HAPPRUN 510G Projector: Google TV Projector with WiFi and Bluetooth, 4K Support, Netflix-Licensed, HDR 10+ - Happrun Projector","isPartOf":{"@id":"https:\/\/www.happrunprojector.com\/#website"},"primaryImageOfPage":{"@id":"https:\/\/www.happrunprojector.com\/happrun-510g-projector-google-tv-projector-with-wifi-and-bluetooth-4k-support-netflix-licensed-hdr-10\/#primaryimage"},"image":{"@id":"https:\/\/www.happrunprojector.com\/happrun-510g-projector-google-tv-projector-with-wifi-and-bluetooth-4k-support-netflix-licensed-hdr-10\/#primaryimage"},"thumbnailUrl":"https:\/\/www.happrunprojector.com\/wp-content\/uploads\/2024\/12\/71f3GNS2qZL._AC_SL1500_.jpg","datePublished":"2024-12-24T09:47:04+00:00","dateModified":"2025-10-15T09:17:09+00:00","description":"Elevate your home entertainment with the HAPPRUN Google TV Projector. Featuring native 1080P resolution, 4K support, HDR10+, and 350 ANSI lumens, it delivers stunning visuals with vibrant colors and sharp contrasts.","breadcrumb":{"@id":"https:\/\/www.happrunprojector.com\/happrun-510g-projector-google-tv-projector-with-wifi-and-bluetooth-4k-support-netflix-licensed-hdr-10\/#breadcrumb"},"inLanguage":"es","potentialAction":[{"@type":"ReadAction","target":["https:\/\/www.happrunprojector.com\/happrun-510g-projector-google-tv-projector-with-wifi-and-bluetooth-4k-support-netflix-licensed-hdr-10\/"]}]},{"@type":"ImageObject","inLanguage":"es","@id":"https:\/\/www.happrunprojector.com\/happrun-510g-projector-google-tv-projector-with-wifi-and-bluetooth-4k-support-netflix-licensed-hdr-10\/#primaryimage","url":"https:\/\/www.happrunprojector.com\/wp-content\/uploads\/2024\/12\/71f3GNS2qZL._AC_SL1500_.jpg","contentUrl":"https:\/\/www.happrunprojector.com\/wp-content\/uploads\/2024\/12\/71f3GNS2qZL._AC_SL1500_.jpg","width":1497,"height":1500,"caption":"HAPPRUN 510G Projector"},{"@type":"BreadcrumbList","@id":"https:\/\/www.happrunprojector.com\/happrun-510g-projector-google-tv-projector-with-wifi-and-bluetooth-4k-support-netflix-licensed-hdr-10\/#breadcrumb","itemListElement":[{"@type":"ListItem","position":1,"name":"Home","item":"https:\/\/www.happrunprojector.com\/"},{"@type":"ListItem","position":2,"name":"Shop","item":"https:\/\/www.happrunprojector.com\/shop\/"},{"@type":"ListItem","position":3,"name":"HAPPRUN 510G Projector: Google TV Projector with WiFi and Bluetooth, 4K Support, Netflix-Licensed, HDR 10+"}]},{"@type":"WebSite","@id":"https:\/\/www.happrunprojector.com\/#website","url":"https:\/\/www.happrunprojector.com\/","name":"Happrun Projector","description":"","potentialAction":[{"@type":"SearchAction","target":{"@type":"EntryPoint","urlTemplate":"https:\/\/www.happrunprojector.com\/?s={search_term_string}"},"query-input":"required name=search_term_string"}],"inLanguage":"es"}]}},"_links":{"self":[{"href":"https:\/\/www.happrunprojector.com\/es\/wp-json\/wp\/v2\/product\/3782","targetHints":{"allow":["GET"]}}],"collection":[{"href":"https:\/\/www.happrunprojector.com\/es\/wp-json\/wp\/v2\/product"}],"about":[{"href":"https:\/\/www.happrunprojector.com\/es\/wp-json\/wp\/v2\/types\/product"}],"replies":[{"embeddable":true,"href":"https:\/\/www.happrunprojector.com\/es\/wp-json\/wp\/v2\/comments?post=3782"}],"version-history":[{"count":1,"href":"https:\/\/www.happrunprojector.com\/es\/wp-json\/wp\/v2\/product\/3782\/revisions"}],"predecessor-version":[{"id":3792,"href":"https:\/\/www.happrunprojector.com\/es\/wp-json\/wp\/v2\/product\/3782\/revisions\/3792"}],"wp:featuredmedia":[{"embeddable":true,"href":"https:\/\/www.happrunprojector.com\/es\/wp-json\/wp\/v2\/media\/3784"}],"wp:attachment":[{"href":"https:\/\/www.happrunprojector.com\/es\/wp-json\/wp\/v2\/media?parent=3782"}],"wp:term":[{"taxonomy":"product_cat","embeddable":true,"href":"https:\/\/www.happrunprojector.com\/es\/wp-json\/wp\/v2\/product_cat?post=3782"},{"taxonomy":"product_tag","embeddable":true,"href":"https:\/\/www.happrunprojector.com\/es\/wp-json\/wp\/v2\/product_tag?post=3782"}],"curies":[{"name":"wp","href":"https:\/\/api.w.org\/{rel}","templated":true}]}}