{"id":3543,"date":"2024-05-14T08:54:08","date_gmt":"2024-05-14T08:54:08","guid":{"rendered":"https:\/\/www.happrunprojector.com\/?post_type=product&#038;p=3543"},"modified":"2024-12-24T09:32:40","modified_gmt":"2024-12-24T09:32:40","slug":"happrun-c12h-newest-auto-focus-projector","status":"publish","type":"product","link":"https:\/\/www.happrunprojector.com\/es\/happrun-c12h-nuevo-proyector-autofoco\/","title":{"rendered":"HAPPRUN C12H: el proyector con enfoque autom\u00e1tico m\u00e1s novedoso"},"content":{"rendered":"<p>Eleve sus noches de cine al aire libre con el proyector HAPPRUN C12H, dise\u00f1ado para ofrecer un brillo, una claridad y una comodidad excepcionales. Con una lente 6X con tecnolog\u00eda de reflexi\u00f3n difusa y una pantalla IPS, este proyector cuenta con un impresionante brillo de 15000lux, proporcionando tres veces m\u00e1s brillo que otros proyectores 1080P para exteriores. Con un brillo de 500 ANSI, puede crear f\u00e1cilmente una sala de cine al aire libre en su patio trasero, jard\u00edn, patio, o mientras acampa bajo las estrellas.<\/p>\n<p>Disfrute de im\u00e1genes n\u00edtidas con una resoluci\u00f3n nativa de 1080P y una elevada relaci\u00f3n de contraste de 12000:1, gracias a la luz LED y la tecnolog\u00eda LCD. La \u00faltima tecnolog\u00eda de color NTSC y el algoritmo de procesamiento de bordes de imagen garantizan la uniformidad del brillo 80%, haciendo que cada detalle sea visible incluso en condiciones de luz ambiental. Sum\u00e9rjase en una experiencia visual cinematogr\u00e1fica con v\u00eddeo Full HD que da vida a sus pel\u00edculas, programas de televisi\u00f3n y juegos favoritos.<\/p>\n<p>El proyector HAPPRUN C12H no s\u00f3lo es m\u00e1s brillante y n\u00edtido, sino tambi\u00e9n m\u00e1s inteligente. Con enfoque autom\u00e1tico y correcci\u00f3n trapezoidal 6D, el proyector se ajusta autom\u00e1ticamente a la imagen correcta en 3 segundos, independientemente de c\u00f3mo lo coloque. Los ajustes de 4 puntos y 6D garantizan una alineaci\u00f3n precisa de la imagen, mientras que la funci\u00f3n de restablecimiento con un solo clic contribuye a la facilidad de uso, haci\u00e9ndolo m\u00e1s inteligente que otros proyectores.<\/p>\n<p>Disfrute de streaming y juegos m\u00e1s r\u00e1pidos con WiFi 5G, que proporciona una velocidad de funcionamiento m\u00e1s fluida, mayor capacidad de transferencia de datos y menor latencia en comparaci\u00f3n con los proyectores WiFi tradicionales. Tanto si est\u00e1s viendo pel\u00edculas de alta resoluci\u00f3n, escuchando m\u00fasica de alta calidad o jugando, espera velocidad y estabilidad para disfrutar de una experiencia de entretenimiento sin interrupciones.<\/p>\n<p>Mejore su experiencia de visualizaci\u00f3n con un sonido potente y din\u00e1mico procedente de los altavoces est\u00e9reo duales de 5 W integrados y el sistema de sonido SRS. Ya sea para una noche de cine en familia, para jugar con los amigos o para una fiesta al aire libre, la conectividad Bluetooth 5.1 permite conectar f\u00e1cilmente el proyector a altavoces Bluetooth, barras de sonido, auriculares u otros equipos de audio sin cables.<\/p>\n<p>D\u00e9 vida a su entretenimiento con el proyector HAPPRUN C12H y disfrute como nunca de experiencias cinematogr\u00e1ficas al aire libre m\u00e1s brillantes, n\u00edtidas, inteligentes y ruidosas.<\/p>","protected":false},"excerpt":{"rendered":"<p>Disfrute de las mejores noches de cine al aire libre con el proyector HAPPRUN C12H. Con tecnolog\u00eda de lente 6X y 15000lux de brillo, este proyector port\u00e1til ofrece una impresionante resoluci\u00f3n Full HD e im\u00e1genes n\u00edtidas y detalladas. Disfruta de funciones m\u00e1s inteligentes como el enfoque autom\u00e1tico y la correcci\u00f3n trapezoidal 6D para una configuraci\u00f3n sin complicaciones, mientras que el WiFi 5G garantiza un streaming y unos juegos m\u00e1s r\u00e1pidos. Adem\u00e1s, con Bluetooth 5.1 y altavoces est\u00e9reo duales, sum\u00e9rgete en un audio potente y din\u00e1mico para disfrutar de una experiencia visual inolvidable.<\/p>","protected":false},"featured_media":3549,"comment_status":"open","ping_status":"closed","template":"","meta":{"_themeisle_gutenberg_block_has_review":false},"product_cat":[134],"product_tag":[],"class_list":{"0":"post-3543","1":"product","2":"type-product","3":"status-publish","4":"has-post-thumbnail","6":"product_cat-projector","8":"first","9":"instock","10":"sale","11":"shipping-taxable","12":"product-type-external"},"yoast_head":"<!-- This site is optimized with the Yoast SEO plugin v22.7 - https:\/\/yoast.com\/wordpress\/plugins\/seo\/ -->\n<title>HAPPRUN C12H: Newest Auto Focus Projector - Happrun Projector<\/title>\n<meta name=\"description\" content=\"Introducing the HAPPRUN C12H, our newest auto focus projector designed to revolutionize your viewing experience. With cutting-edge auto focus technology, the C12H ensures crystal-clear images with just a click. Upgrade to the future of home entertainment today.\" \/>\n<meta name=\"robots\" content=\"index, follow, max-snippet:-1, max-image-preview:large, max-video-preview:-1\" \/>\n<link rel=\"canonical\" href=\"https:\/\/www.happrunprojector.com\/es\/happrun-c12h-newest-auto-focus-projector\/\" \/>\n<meta property=\"og:locale\" content=\"es_ES\" \/>\n<meta property=\"og:type\" content=\"article\" \/>\n<meta property=\"og:title\" content=\"HAPPRUN C12H: Newest Auto Focus Projector - Happrun Projector\" \/>\n<meta property=\"og:description\" content=\"Introducing the HAPPRUN C12H, our newest auto focus projector designed to revolutionize your viewing experience. With cutting-edge auto focus technology, the C12H ensures crystal-clear images with just a click. Upgrade to the future of home entertainment today.\" \/>\n<meta property=\"og:url\" content=\"https:\/\/www.happrunprojector.com\/es\/happrun-c12h-newest-auto-focus-projector\/\" \/>\n<meta property=\"og:site_name\" content=\"Happrun Projector\" \/>\n<meta property=\"article:modified_time\" content=\"2024-12-24T09:32:40+00:00\" \/>\n<meta property=\"og:image\" content=\"https:\/\/www.happrunprojector.com\/wp-content\/uploads\/2024\/05\/happrun_projectorC12H.webp\" \/>\n\t<meta property=\"og:image:width\" content=\"1500\" \/>\n\t<meta property=\"og:image:height\" content=\"1477\" \/>\n\t<meta property=\"og:image:type\" content=\"image\/webp\" \/>\n<meta name=\"twitter:card\" content=\"summary_large_image\" \/>\n<meta name=\"twitter:label1\" content=\"Tiempo de lectura\" \/>\n\t<meta name=\"twitter:data1\" content=\"2 minutos\" \/>\n<script type=\"application\/ld+json\" class=\"yoast-schema-graph\">{\"@context\":\"https:\/\/schema.org\",\"@graph\":[{\"@type\":\"WebPage\",\"@id\":\"https:\/\/www.happrunprojector.com\/happrun-c12h-newest-auto-focus-projector\/\",\"url\":\"https:\/\/www.happrunprojector.com\/happrun-c12h-newest-auto-focus-projector\/\",\"name\":\"HAPPRUN C12H: Newest Auto Focus Projector - Happrun Projector\",\"isPartOf\":{\"@id\":\"https:\/\/www.happrunprojector.com\/#website\"},\"primaryImageOfPage\":{\"@id\":\"https:\/\/www.happrunprojector.com\/happrun-c12h-newest-auto-focus-projector\/#primaryimage\"},\"image\":{\"@id\":\"https:\/\/www.happrunprojector.com\/happrun-c12h-newest-auto-focus-projector\/#primaryimage\"},\"thumbnailUrl\":\"https:\/\/www.happrunprojector.com\/wp-content\/uploads\/2024\/05\/happrun_projectorC12H.webp\",\"datePublished\":\"2024-05-14T08:54:08+00:00\",\"dateModified\":\"2024-12-24T09:32:40+00:00\",\"description\":\"Introducing the HAPPRUN C12H, our newest auto focus projector designed to revolutionize your viewing experience. With cutting-edge auto focus technology, the C12H ensures crystal-clear images with just a click. Upgrade to the future of home entertainment today.\",\"breadcrumb\":{\"@id\":\"https:\/\/www.happrunprojector.com\/happrun-c12h-newest-auto-focus-projector\/#breadcrumb\"},\"inLanguage\":\"es\",\"potentialAction\":[{\"@type\":\"ReadAction\",\"target\":[\"https:\/\/www.happrunprojector.com\/happrun-c12h-newest-auto-focus-projector\/\"]}]},{\"@type\":\"ImageObject\",\"inLanguage\":\"es\",\"@id\":\"https:\/\/www.happrunprojector.com\/happrun-c12h-newest-auto-focus-projector\/#primaryimage\",\"url\":\"https:\/\/www.happrunprojector.com\/wp-content\/uploads\/2024\/05\/happrun_projectorC12H.webp\",\"contentUrl\":\"https:\/\/www.happrunprojector.com\/wp-content\/uploads\/2024\/05\/happrun_projectorC12H.webp\",\"width\":1500,\"height\":1477,\"caption\":\"HAPPRUN C12H projector\"},{\"@type\":\"BreadcrumbList\",\"@id\":\"https:\/\/www.happrunprojector.com\/happrun-c12h-newest-auto-focus-projector\/#breadcrumb\",\"itemListElement\":[{\"@type\":\"ListItem\",\"position\":1,\"name\":\"Home\",\"item\":\"https:\/\/www.happrunprojector.com\/\"},{\"@type\":\"ListItem\",\"position\":2,\"name\":\"Shop\",\"item\":\"https:\/\/www.happrunprojector.com\/shop\/\"},{\"@type\":\"ListItem\",\"position\":3,\"name\":\"HAPPRUN C12H: Newest Auto Focus Projector\"}]},{\"@type\":\"WebSite\",\"@id\":\"https:\/\/www.happrunprojector.com\/#website\",\"url\":\"https:\/\/www.happrunprojector.com\/\",\"name\":\"Happrun Projector\",\"description\":\"\",\"potentialAction\":[{\"@type\":\"SearchAction\",\"target\":{\"@type\":\"EntryPoint\",\"urlTemplate\":\"https:\/\/www.happrunprojector.com\/?s={search_term_string}\"},\"query-input\":\"required name=search_term_string\"}],\"inLanguage\":\"es\"}]}<\/script>\n<!-- \/ Yoast SEO plugin. -->","yoast_head_json":{"title":"HAPPRUN C12H: Newest Auto Focus Projector - Happrun Projector","description":"Introducing the HAPPRUN C12H, our newest auto focus projector designed to revolutionize your viewing experience. With cutting-edge auto focus technology, the C12H ensures crystal-clear images with just a click. Upgrade to the future of home entertainment today.","robots":{"index":"index","follow":"follow","max-snippet":"max-snippet:-1","max-image-preview":"max-image-preview:large","max-video-preview":"max-video-preview:-1"},"canonical":"https:\/\/www.happrunprojector.com\/es\/happrun-c12h-newest-auto-focus-projector\/","og_locale":"es_ES","og_type":"article","og_title":"HAPPRUN C12H: Newest Auto Focus Projector - Happrun Projector","og_description":"Introducing the HAPPRUN C12H, our newest auto focus projector designed to revolutionize your viewing experience. With cutting-edge auto focus technology, the C12H ensures crystal-clear images with just a click. Upgrade to the future of home entertainment today.","og_url":"https:\/\/www.happrunprojector.com\/es\/happrun-c12h-newest-auto-focus-projector\/","og_site_name":"Happrun Projector","article_modified_time":"2024-12-24T09:32:40+00:00","og_image":[{"width":1500,"height":1477,"url":"https:\/\/www.happrunprojector.com\/wp-content\/uploads\/2024\/05\/happrun_projectorC12H.webp","type":"image\/webp"}],"twitter_card":"summary_large_image","twitter_misc":{"Tiempo de lectura":"2 minutos"},"schema":{"@context":"https:\/\/schema.org","@graph":[{"@type":"WebPage","@id":"https:\/\/www.happrunprojector.com\/happrun-c12h-newest-auto-focus-projector\/","url":"https:\/\/www.happrunprojector.com\/happrun-c12h-newest-auto-focus-projector\/","name":"HAPPRUN C12H: Newest Auto Focus Projector - Happrun Projector","isPartOf":{"@id":"https:\/\/www.happrunprojector.com\/#website"},"primaryImageOfPage":{"@id":"https:\/\/www.happrunprojector.com\/happrun-c12h-newest-auto-focus-projector\/#primaryimage"},"image":{"@id":"https:\/\/www.happrunprojector.com\/happrun-c12h-newest-auto-focus-projector\/#primaryimage"},"thumbnailUrl":"https:\/\/www.happrunprojector.com\/wp-content\/uploads\/2024\/05\/happrun_projectorC12H.webp","datePublished":"2024-05-14T08:54:08+00:00","dateModified":"2024-12-24T09:32:40+00:00","description":"Introducing the HAPPRUN C12H, our newest auto focus projector designed to revolutionize your viewing experience. With cutting-edge auto focus technology, the C12H ensures crystal-clear images with just a click. Upgrade to the future of home entertainment today.","breadcrumb":{"@id":"https:\/\/www.happrunprojector.com\/happrun-c12h-newest-auto-focus-projector\/#breadcrumb"},"inLanguage":"es","potentialAction":[{"@type":"ReadAction","target":["https:\/\/www.happrunprojector.com\/happrun-c12h-newest-auto-focus-projector\/"]}]},{"@type":"ImageObject","inLanguage":"es","@id":"https:\/\/www.happrunprojector.com\/happrun-c12h-newest-auto-focus-projector\/#primaryimage","url":"https:\/\/www.happrunprojector.com\/wp-content\/uploads\/2024\/05\/happrun_projectorC12H.webp","contentUrl":"https:\/\/www.happrunprojector.com\/wp-content\/uploads\/2024\/05\/happrun_projectorC12H.webp","width":1500,"height":1477,"caption":"HAPPRUN C12H projector"},{"@type":"BreadcrumbList","@id":"https:\/\/www.happrunprojector.com\/happrun-c12h-newest-auto-focus-projector\/#breadcrumb","itemListElement":[{"@type":"ListItem","position":1,"name":"Home","item":"https:\/\/www.happrunprojector.com\/"},{"@type":"ListItem","position":2,"name":"Shop","item":"https:\/\/www.happrunprojector.com\/shop\/"},{"@type":"ListItem","position":3,"name":"HAPPRUN C12H: Newest Auto Focus Projector"}]},{"@type":"WebSite","@id":"https:\/\/www.happrunprojector.com\/#website","url":"https:\/\/www.happrunprojector.com\/","name":"Happrun Projector","description":"","potentialAction":[{"@type":"SearchAction","target":{"@type":"EntryPoint","urlTemplate":"https:\/\/www.happrunprojector.com\/?s={search_term_string}"},"query-input":"required name=search_term_string"}],"inLanguage":"es"}]}},"_links":{"self":[{"href":"https:\/\/www.happrunprojector.com\/es\/wp-json\/wp\/v2\/product\/3543","targetHints":{"allow":["GET"]}}],"collection":[{"href":"https:\/\/www.happrunprojector.com\/es\/wp-json\/wp\/v2\/product"}],"about":[{"href":"https:\/\/www.happrunprojector.com\/es\/wp-json\/wp\/v2\/types\/product"}],"replies":[{"embeddable":true,"href":"https:\/\/www.happrunprojector.com\/es\/wp-json\/wp\/v2\/comments?post=3543"}],"version-history":[{"count":1,"href":"https:\/\/www.happrunprojector.com\/es\/wp-json\/wp\/v2\/product\/3543\/revisions"}],"predecessor-version":[{"id":3550,"href":"https:\/\/www.happrunprojector.com\/es\/wp-json\/wp\/v2\/product\/3543\/revisions\/3550"}],"wp:featuredmedia":[{"embeddable":true,"href":"https:\/\/www.happrunprojector.com\/es\/wp-json\/wp\/v2\/media\/3549"}],"wp:attachment":[{"href":"https:\/\/www.happrunprojector.com\/es\/wp-json\/wp\/v2\/media?parent=3543"}],"wp:term":[{"taxonomy":"product_cat","embeddable":true,"href":"https:\/\/www.happrunprojector.com\/es\/wp-json\/wp\/v2\/product_cat?post=3543"},{"taxonomy":"product_tag","embeddable":true,"href":"https:\/\/www.happrunprojector.com\/es\/wp-json\/wp\/v2\/product_tag?post=3543"}],"curies":[{"name":"wp","href":"https:\/\/api.w.org\/{rel}","templated":true}]}}