{"id":3532,"date":"2024-05-14T08:39:07","date_gmt":"2024-05-14T08:39:07","guid":{"rendered":"https:\/\/www.happrunprojector.com\/?post_type=product&#038;p=3532"},"modified":"2024-12-24T09:29:27","modified_gmt":"2024-12-24T09:29:27","slug":"happrun-yg291-mini-electric-focus-projector","status":"publish","type":"product","link":"https:\/\/www.happrunprojector.com\/es\/happrun-yg291-mini-proyector-de-foco-electrico\/","title":{"rendered":"HAPPRUN YG291: Mini proyector de foco el\u00e9ctrico"},"content":{"rendered":"<p>Mejore sus noches de cine con el miniproyector YG291 de HAPPRUN, que incorpora una innovadora tecnolog\u00eda de enfoque el\u00e9ctrico que ofrece una imagen n\u00edtida en cuesti\u00f3n de segundos. Desp\u00eddete del enfoque manual y da la bienvenida a una claridad sin esfuerzo con el mando a distancia inteligente, que te permite ajustar el enfoque mientras est\u00e1s c\u00f3modamente tumbado en el sof\u00e1 o en la cama.<\/p>\n<p>Compacto y ligero, este miniproyector es muy port\u00e1til, mide s\u00f3lo 8,85 x 7,08 x 5,31 pulgadas y pesa s\u00f3lo 2,5 libras. Tanto si est\u00e1 en casa como al aire libre, el YG291 es su compa\u00f1ero de confianza para maratones de pel\u00edculas, videojuegos o incluso experiencias de cine al aire libre durante acampadas o reuniones en el jard\u00edn.<\/p>\n<p>Disfrute de impresionantes experiencias visuales con compatibilidad 1080p y una impresionante relaci\u00f3n de contraste din\u00e1mico de 8000:1, que garantiza colores vivos y realistas en cada proyecci\u00f3n. Gracias a la tecnolog\u00eda 95% NTSC, este proyector de cine en casa ofrece im\u00e1genes reales, din\u00e1micas y de colores vibrantes, que mejoran el placer de la visi\u00f3n.<\/p>\n<p>Cree su propio cine en casa personal con un tama\u00f1o de proyecci\u00f3n de 35 a 200 pulgadas y una distancia de proyecci\u00f3n de 3,7 pies a 23,6 pies. El proyector admite relaciones de aspecto 4:3 y 16:9, y con su funci\u00f3n de zoom, puede ajustar f\u00e1cilmente el tama\u00f1o de la imagen de 75% a 100% sin mover el proyector.<\/p>\n<p>El miniproyector HAPPRUN YG291 ofrece vers\u00e1tiles opciones de conectividad, como HDMI, 2*USB, AV y puertos para auriculares, lo que le permite conectarlo a PC, TV boxes, TV sticks, Chromebooks, tabletas, unidades flash USB, reproductores multimedia y smartphones. Para la conectividad del tel\u00e9fono, s\u00f3lo tiene que comprar un adaptador HDMI adicional. Tenga en cuenta que, debido a la protecci\u00f3n de derechos de autor HDCP, el contenido protegido por derechos de autor de los servicios de streaming como Hulu, Netflix y Amazon Prime no se puede reflejar o screen-cast directamente. Sin embargo, puedes conectar dispositivos como Amazon Fire Stick para acceder a estos servicios.<\/p>\n<p>Lleve la experiencia cinematogr\u00e1fica all\u00e1 donde vaya con el miniproyector HAPPRUN YG291 y sum\u00e9rjase en pel\u00edculas, programas de televisi\u00f3n y fotos con una claridad y comodidad inigualables.<\/p>","protected":false},"excerpt":{"rendered":"<p>Experimente la comodidad del enfoque el\u00e9ctrico con el miniproyector HAPPRUN YG291. En s\u00f3lo 3 segundos, obtenga una imagen n\u00edtida con s\u00f3lo pulsar un bot\u00f3n mediante el mando a distancia inteligente. Este proyector port\u00e1til pesa s\u00f3lo 2,5 libras y es perfecto para uso dom\u00e9stico o al aire libre, proporcionando una calidad visual excepcional con soporte 1080p y una alta relaci\u00f3n de contraste din\u00e1mico. Con un tama\u00f1o de proyecci\u00f3n de hasta 200 pulgadas y m\u00faltiples opciones de conectividad, como HDMI y USB, este proyector le permite crear su propio cine en casa all\u00e1 donde vaya.<\/p>","protected":false},"featured_media":3540,"comment_status":"open","ping_status":"closed","template":"","meta":{"_themeisle_gutenberg_block_has_review":false},"product_cat":[134],"product_tag":[],"class_list":{"0":"post-3532","1":"product","2":"type-product","3":"status-publish","4":"has-post-thumbnail","6":"product_cat-projector","8":"first","9":"instock","10":"sale","11":"shipping-taxable","12":"product-type-external"},"yoast_head":"<!-- This site is optimized with the Yoast SEO plugin v22.7 - https:\/\/yoast.com\/wordpress\/plugins\/seo\/ -->\n<title>HAPPRUN YG291: Mini Electric Focus Projector - Happrun Projector<\/title>\n<meta name=\"description\" content=\"Experience the convenience of the HAPPRUN YG291, our mini electric focus projector designed for maximum clarity. Compact and portable, the YG291 is perfect for home or outdoor use, bringing your favorite movies to life wherever you go.\" \/>\n<meta name=\"robots\" content=\"index, follow, max-snippet:-1, max-image-preview:large, max-video-preview:-1\" \/>\n<link rel=\"canonical\" href=\"https:\/\/www.happrunprojector.com\/es\/happrun-yg291-mini-electric-focus-projector\/\" \/>\n<meta property=\"og:locale\" content=\"es_ES\" \/>\n<meta property=\"og:type\" content=\"article\" \/>\n<meta property=\"og:title\" content=\"HAPPRUN YG291: Mini Electric Focus Projector - Happrun Projector\" \/>\n<meta property=\"og:description\" content=\"Experience the convenience of the HAPPRUN YG291, our mini electric focus projector designed for maximum clarity. Compact and portable, the YG291 is perfect for home or outdoor use, bringing your favorite movies to life wherever you go.\" \/>\n<meta property=\"og:url\" content=\"https:\/\/www.happrunprojector.com\/es\/happrun-yg291-mini-electric-focus-projector\/\" \/>\n<meta property=\"og:site_name\" content=\"Happrun Projector\" \/>\n<meta property=\"article:modified_time\" content=\"2024-12-24T09:29:27+00:00\" \/>\n<meta property=\"og:image\" content=\"https:\/\/www.happrunprojector.com\/wp-content\/uploads\/2024\/05\/happrunprojector-1.webp\" \/>\n\t<meta property=\"og:image:width\" content=\"1000\" \/>\n\t<meta property=\"og:image:height\" content=\"1000\" \/>\n\t<meta property=\"og:image:type\" content=\"image\/webp\" \/>\n<meta name=\"twitter:card\" content=\"summary_large_image\" \/>\n<meta name=\"twitter:label1\" content=\"Tiempo de lectura\" \/>\n\t<meta name=\"twitter:data1\" content=\"2 minutos\" \/>\n<script type=\"application\/ld+json\" class=\"yoast-schema-graph\">{\"@context\":\"https:\/\/schema.org\",\"@graph\":[{\"@type\":\"WebPage\",\"@id\":\"https:\/\/www.happrunprojector.com\/happrun-yg291-mini-electric-focus-projector\/\",\"url\":\"https:\/\/www.happrunprojector.com\/happrun-yg291-mini-electric-focus-projector\/\",\"name\":\"HAPPRUN YG291: Mini Electric Focus Projector - Happrun Projector\",\"isPartOf\":{\"@id\":\"https:\/\/www.happrunprojector.com\/#website\"},\"primaryImageOfPage\":{\"@id\":\"https:\/\/www.happrunprojector.com\/happrun-yg291-mini-electric-focus-projector\/#primaryimage\"},\"image\":{\"@id\":\"https:\/\/www.happrunprojector.com\/happrun-yg291-mini-electric-focus-projector\/#primaryimage\"},\"thumbnailUrl\":\"https:\/\/www.happrunprojector.com\/wp-content\/uploads\/2024\/05\/happrunprojector-1.webp\",\"datePublished\":\"2024-05-14T08:39:07+00:00\",\"dateModified\":\"2024-12-24T09:29:27+00:00\",\"description\":\"Experience the convenience of the HAPPRUN YG291, our mini electric focus projector designed for maximum clarity. Compact and portable, the YG291 is perfect for home or outdoor use, bringing your favorite movies to life wherever you go.\",\"breadcrumb\":{\"@id\":\"https:\/\/www.happrunprojector.com\/happrun-yg291-mini-electric-focus-projector\/#breadcrumb\"},\"inLanguage\":\"es\",\"potentialAction\":[{\"@type\":\"ReadAction\",\"target\":[\"https:\/\/www.happrunprojector.com\/happrun-yg291-mini-electric-focus-projector\/\"]}]},{\"@type\":\"ImageObject\",\"inLanguage\":\"es\",\"@id\":\"https:\/\/www.happrunprojector.com\/happrun-yg291-mini-electric-focus-projector\/#primaryimage\",\"url\":\"https:\/\/www.happrunprojector.com\/wp-content\/uploads\/2024\/05\/happrunprojector-1.webp\",\"contentUrl\":\"https:\/\/www.happrunprojector.com\/wp-content\/uploads\/2024\/05\/happrunprojector-1.webp\",\"width\":1000,\"height\":1000,\"caption\":\"HAPPRUN YG291 Mini Projector\"},{\"@type\":\"BreadcrumbList\",\"@id\":\"https:\/\/www.happrunprojector.com\/happrun-yg291-mini-electric-focus-projector\/#breadcrumb\",\"itemListElement\":[{\"@type\":\"ListItem\",\"position\":1,\"name\":\"Home\",\"item\":\"https:\/\/www.happrunprojector.com\/\"},{\"@type\":\"ListItem\",\"position\":2,\"name\":\"Shop\",\"item\":\"https:\/\/www.happrunprojector.com\/shop\/\"},{\"@type\":\"ListItem\",\"position\":3,\"name\":\"HAPPRUN YG291: Mini Electric Focus Projector\"}]},{\"@type\":\"WebSite\",\"@id\":\"https:\/\/www.happrunprojector.com\/#website\",\"url\":\"https:\/\/www.happrunprojector.com\/\",\"name\":\"Happrun Projector\",\"description\":\"\",\"potentialAction\":[{\"@type\":\"SearchAction\",\"target\":{\"@type\":\"EntryPoint\",\"urlTemplate\":\"https:\/\/www.happrunprojector.com\/?s={search_term_string}\"},\"query-input\":\"required name=search_term_string\"}],\"inLanguage\":\"es\"}]}<\/script>\n<!-- \/ Yoast SEO plugin. -->","yoast_head_json":{"title":"HAPPRUN YG291: Mini Electric Focus Projector - Happrun Projector","description":"Experience the convenience of the HAPPRUN YG291, our mini electric focus projector designed for maximum clarity. Compact and portable, the YG291 is perfect for home or outdoor use, bringing your favorite movies to life wherever you go.","robots":{"index":"index","follow":"follow","max-snippet":"max-snippet:-1","max-image-preview":"max-image-preview:large","max-video-preview":"max-video-preview:-1"},"canonical":"https:\/\/www.happrunprojector.com\/es\/happrun-yg291-mini-electric-focus-projector\/","og_locale":"es_ES","og_type":"article","og_title":"HAPPRUN YG291: Mini Electric Focus Projector - Happrun Projector","og_description":"Experience the convenience of the HAPPRUN YG291, our mini electric focus projector designed for maximum clarity. Compact and portable, the YG291 is perfect for home or outdoor use, bringing your favorite movies to life wherever you go.","og_url":"https:\/\/www.happrunprojector.com\/es\/happrun-yg291-mini-electric-focus-projector\/","og_site_name":"Happrun Projector","article_modified_time":"2024-12-24T09:29:27+00:00","og_image":[{"width":1000,"height":1000,"url":"https:\/\/www.happrunprojector.com\/wp-content\/uploads\/2024\/05\/happrunprojector-1.webp","type":"image\/webp"}],"twitter_card":"summary_large_image","twitter_misc":{"Tiempo de lectura":"2 minutos"},"schema":{"@context":"https:\/\/schema.org","@graph":[{"@type":"WebPage","@id":"https:\/\/www.happrunprojector.com\/happrun-yg291-mini-electric-focus-projector\/","url":"https:\/\/www.happrunprojector.com\/happrun-yg291-mini-electric-focus-projector\/","name":"HAPPRUN YG291: Mini Electric Focus Projector - Happrun Projector","isPartOf":{"@id":"https:\/\/www.happrunprojector.com\/#website"},"primaryImageOfPage":{"@id":"https:\/\/www.happrunprojector.com\/happrun-yg291-mini-electric-focus-projector\/#primaryimage"},"image":{"@id":"https:\/\/www.happrunprojector.com\/happrun-yg291-mini-electric-focus-projector\/#primaryimage"},"thumbnailUrl":"https:\/\/www.happrunprojector.com\/wp-content\/uploads\/2024\/05\/happrunprojector-1.webp","datePublished":"2024-05-14T08:39:07+00:00","dateModified":"2024-12-24T09:29:27+00:00","description":"Experience the convenience of the HAPPRUN YG291, our mini electric focus projector designed for maximum clarity. Compact and portable, the YG291 is perfect for home or outdoor use, bringing your favorite movies to life wherever you go.","breadcrumb":{"@id":"https:\/\/www.happrunprojector.com\/happrun-yg291-mini-electric-focus-projector\/#breadcrumb"},"inLanguage":"es","potentialAction":[{"@type":"ReadAction","target":["https:\/\/www.happrunprojector.com\/happrun-yg291-mini-electric-focus-projector\/"]}]},{"@type":"ImageObject","inLanguage":"es","@id":"https:\/\/www.happrunprojector.com\/happrun-yg291-mini-electric-focus-projector\/#primaryimage","url":"https:\/\/www.happrunprojector.com\/wp-content\/uploads\/2024\/05\/happrunprojector-1.webp","contentUrl":"https:\/\/www.happrunprojector.com\/wp-content\/uploads\/2024\/05\/happrunprojector-1.webp","width":1000,"height":1000,"caption":"HAPPRUN YG291 Mini Projector"},{"@type":"BreadcrumbList","@id":"https:\/\/www.happrunprojector.com\/happrun-yg291-mini-electric-focus-projector\/#breadcrumb","itemListElement":[{"@type":"ListItem","position":1,"name":"Home","item":"https:\/\/www.happrunprojector.com\/"},{"@type":"ListItem","position":2,"name":"Shop","item":"https:\/\/www.happrunprojector.com\/shop\/"},{"@type":"ListItem","position":3,"name":"HAPPRUN YG291: Mini Electric Focus Projector"}]},{"@type":"WebSite","@id":"https:\/\/www.happrunprojector.com\/#website","url":"https:\/\/www.happrunprojector.com\/","name":"Happrun Projector","description":"","potentialAction":[{"@type":"SearchAction","target":{"@type":"EntryPoint","urlTemplate":"https:\/\/www.happrunprojector.com\/?s={search_term_string}"},"query-input":"required name=search_term_string"}],"inLanguage":"es"}]}},"_links":{"self":[{"href":"https:\/\/www.happrunprojector.com\/es\/wp-json\/wp\/v2\/product\/3532","targetHints":{"allow":["GET"]}}],"collection":[{"href":"https:\/\/www.happrunprojector.com\/es\/wp-json\/wp\/v2\/product"}],"about":[{"href":"https:\/\/www.happrunprojector.com\/es\/wp-json\/wp\/v2\/types\/product"}],"replies":[{"embeddable":true,"href":"https:\/\/www.happrunprojector.com\/es\/wp-json\/wp\/v2\/comments?post=3532"}],"version-history":[{"count":2,"href":"https:\/\/www.happrunprojector.com\/es\/wp-json\/wp\/v2\/product\/3532\/revisions"}],"predecessor-version":[{"id":3542,"href":"https:\/\/www.happrunprojector.com\/es\/wp-json\/wp\/v2\/product\/3532\/revisions\/3542"}],"wp:featuredmedia":[{"embeddable":true,"href":"https:\/\/www.happrunprojector.com\/es\/wp-json\/wp\/v2\/media\/3540"}],"wp:attachment":[{"href":"https:\/\/www.happrunprojector.com\/es\/wp-json\/wp\/v2\/media?parent=3532"}],"wp:term":[{"taxonomy":"product_cat","embeddable":true,"href":"https:\/\/www.happrunprojector.com\/es\/wp-json\/wp\/v2\/product_cat?post=3532"},{"taxonomy":"product_tag","embeddable":true,"href":"https:\/\/www.happrunprojector.com\/es\/wp-json\/wp\/v2\/product_tag?post=3532"}],"curies":[{"name":"wp","href":"https:\/\/api.w.org\/{rel}","templated":true}]}}