{"id":3522,"date":"2024-05-14T07:30:34","date_gmt":"2024-05-14T07:30:34","guid":{"rendered":"https:\/\/www.happrunprojector.com\/?post_type=product&#038;p=3522"},"modified":"2025-10-15T09:14:57","modified_gmt":"2025-10-15T09:14:57","slug":"happrun-f5-upgraded-mirroring-projector","status":"publish","type":"product","link":"https:\/\/www.happrunprojector.com\/es\/happrun-f5-proyector-mirroring-actualizado\/","title":{"rendered":"HAPPRUN F5: Proyector Mirroring mejorado"},"content":{"rendered":"<p>Disfrute de la mejor experiencia de cine en casa con el proyector HAPPRUN F5. Este proyector nativo 1080P ofrece una impresionante proyecci\u00f3n Full HD de hasta 300 pulgadas, convirtiendo cualquier pared blanca lisa en una cautivadora pantalla de cine. Diga adi\u00f3s a la molestia de hacer cola para comprar entradas de cine o lidiar con multitudes ruidosas en el cine: ahora puede disfrutar de sus pel\u00edculas y programas favoritos desde la comodidad de su propio sof\u00e1 o cama.<\/p>\n<p>Gracias a la funci\u00f3n de duplicaci\u00f3n de pantalla en un solo paso, conectar el tel\u00e9fono al proyector es r\u00e1pido y sencillo. El proyector est\u00e1 equipado con Wi-Fi 2.4Ghz+5Ghz mejorada, lo que garantiza un uso compartido de la pantalla, juegos y visualizaci\u00f3n de v\u00eddeo fluidos y sin retrasos.<\/p>\n<p>Disfrute de un sonido envolvente con el altavoz Hi-Fi integrado, que proporciona un sonido n\u00edtido y claro para una experiencia verdaderamente cinematogr\u00e1fica. Adem\u00e1s, el proyector cuenta con conectividad Bluetooth, lo que te permite conectarlo f\u00e1cilmente a altavoces externos o barras de sonido.<\/p>\n<p>El proyector HAPPRUN F5 ofrece una funcionalidad vers\u00e1til con sus m\u00faltiples puertos, incluyendo 2xUSB, 2xHDMI, AV y puerto de audio. Es compatible con varios dispositivos como smartphones, port\u00e1tiles, unidades USB, reproductores de DVD y consolas de juegos como PS5. Tenga en cuenta que, debido a los derechos de autor de la aplicaci\u00f3n, no se admite la duplicaci\u00f3n directa de servicios de streaming como Netflix, Prime Video, Disney y Hulu desde su tel\u00e9fono. Sin embargo, puedes reproducir estos servicios conectando un port\u00e1til, un Chromecast, un dongle inal\u00e1mbrico, un TV stick o un Roku.<\/p>\n<p>Tanto si organiza una noche de cine en casa como si disfruta de entretenimiento al aire libre, este proyector port\u00e1til es perfecto para cualquier ocasi\u00f3n. Incluso viene con una pantalla de 100 pulgadas para facilitar su transporte y almacenamiento, lo que lo convierte en un regalo ideal para los amantes del cine, los juegos y los contenidos multimedia. Adem\u00e1s, con una garant\u00eda de 24 meses, puede disfrutar de la tranquilidad de saber que su proyector para exteriores est\u00e1 respaldado por un servicio de asistencia fiable. Si tiene alg\u00fan problema con el proyector, no tiene m\u00e1s que ponerse en contacto con nosotros.<\/p>","protected":false},"excerpt":{"rendered":"<p>Transforme su hogar en el cine definitivo con el proyector HAPPRUN F5. Disfrute de una proyecci\u00f3n Full HD envolvente de hasta 300 pulgadas en cualquier pared blanca lisa. Refleje sin esfuerzo la pantalla de su tel\u00e9fono con un simple paso, gracias a su conectividad Wi-Fi de 2,4Ghz+5Ghz. Disfrute de un sonido cristalino con el altavoz Hi-Fi integrado, o con\u00e9ctese a dispositivos Bluetooth externos. Con m\u00faltiples puertos y compatibilidad con varios dispositivos, incluidos smartphones y consolas de juegos, este proyector ofrece infinitas posibilidades de entretenimiento. Perfecto tanto para uso en interiores como en exteriores, incluso viene con una pantalla de 100 pulgadas para una c\u00f3moda portabilidad.<\/p>","protected":false},"featured_media":3529,"comment_status":"open","ping_status":"closed","template":"","meta":{"_themeisle_gutenberg_block_has_review":false},"product_cat":[134],"product_tag":[],"class_list":{"0":"post-3522","1":"product","2":"type-product","3":"status-publish","4":"has-post-thumbnail","6":"product_cat-projector","8":"first","9":"instock","10":"sale","11":"shipping-taxable","12":"product-type-external"},"yoast_head":"<!-- This site is optimized with the Yoast SEO plugin v22.7 - https:\/\/yoast.com\/wordpress\/plugins\/seo\/ -->\n<title>HAPPRUN F5: Upgraded Mirroring Projector - Happrun Projector<\/title>\n<meta name=\"description\" content=\"Meet the HAPPRUN F5, the upgraded mirroring projector that takes your entertainment to the next level. Upgraded 2.4Ghz+5Ghz Wi-Fi, the F5 delivers the smoothest gaming and video viewing experience.\" \/>\n<meta name=\"robots\" content=\"index, follow, max-snippet:-1, max-image-preview:large, max-video-preview:-1\" \/>\n<link rel=\"canonical\" href=\"https:\/\/www.happrunprojector.com\/es\/happrun-f5-upgraded-mirroring-projector\/\" \/>\n<meta property=\"og:locale\" content=\"es_ES\" \/>\n<meta property=\"og:type\" content=\"article\" \/>\n<meta property=\"og:title\" content=\"HAPPRUN F5: Upgraded Mirroring Projector - Happrun Projector\" \/>\n<meta property=\"og:description\" content=\"Meet the HAPPRUN F5, the upgraded mirroring projector that takes your entertainment to the next level. Upgraded 2.4Ghz+5Ghz Wi-Fi, the F5 delivers the smoothest gaming and video viewing experience.\" \/>\n<meta property=\"og:url\" content=\"https:\/\/www.happrunprojector.com\/es\/happrun-f5-upgraded-mirroring-projector\/\" \/>\n<meta property=\"og:site_name\" content=\"Happrun Projector\" \/>\n<meta property=\"article:modified_time\" content=\"2025-10-15T09:14:57+00:00\" \/>\n<meta property=\"og:image\" content=\"https:\/\/www.happrunprojector.com\/wp-content\/uploads\/2024\/05\/happrun_f5_projector.webp\" \/>\n\t<meta property=\"og:image:width\" content=\"1500\" \/>\n\t<meta property=\"og:image:height\" content=\"1499\" \/>\n\t<meta property=\"og:image:type\" content=\"image\/webp\" \/>\n<meta name=\"twitter:card\" content=\"summary_large_image\" \/>\n<meta name=\"twitter:label1\" content=\"Tiempo de lectura\" \/>\n\t<meta name=\"twitter:data1\" content=\"2 minutos\" \/>\n<script type=\"application\/ld+json\" class=\"yoast-schema-graph\">{\"@context\":\"https:\/\/schema.org\",\"@graph\":[{\"@type\":\"WebPage\",\"@id\":\"https:\/\/www.happrunprojector.com\/happrun-f5-upgraded-mirroring-projector\/\",\"url\":\"https:\/\/www.happrunprojector.com\/happrun-f5-upgraded-mirroring-projector\/\",\"name\":\"HAPPRUN F5: Upgraded Mirroring Projector - Happrun Projector\",\"isPartOf\":{\"@id\":\"https:\/\/www.happrunprojector.com\/#website\"},\"primaryImageOfPage\":{\"@id\":\"https:\/\/www.happrunprojector.com\/happrun-f5-upgraded-mirroring-projector\/#primaryimage\"},\"image\":{\"@id\":\"https:\/\/www.happrunprojector.com\/happrun-f5-upgraded-mirroring-projector\/#primaryimage\"},\"thumbnailUrl\":\"https:\/\/www.happrunprojector.com\/wp-content\/uploads\/2024\/05\/happrun_f5_projector.webp\",\"datePublished\":\"2024-05-14T07:30:34+00:00\",\"dateModified\":\"2025-10-15T09:14:57+00:00\",\"description\":\"Meet the HAPPRUN F5, the upgraded mirroring projector that takes your entertainment to the next level. Upgraded 2.4Ghz+5Ghz Wi-Fi, the F5 delivers the smoothest gaming and video viewing experience.\",\"breadcrumb\":{\"@id\":\"https:\/\/www.happrunprojector.com\/happrun-f5-upgraded-mirroring-projector\/#breadcrumb\"},\"inLanguage\":\"es\",\"potentialAction\":[{\"@type\":\"ReadAction\",\"target\":[\"https:\/\/www.happrunprojector.com\/happrun-f5-upgraded-mirroring-projector\/\"]}]},{\"@type\":\"ImageObject\",\"inLanguage\":\"es\",\"@id\":\"https:\/\/www.happrunprojector.com\/happrun-f5-upgraded-mirroring-projector\/#primaryimage\",\"url\":\"https:\/\/www.happrunprojector.com\/wp-content\/uploads\/2024\/05\/happrun_f5_projector.webp\",\"contentUrl\":\"https:\/\/www.happrunprojector.com\/wp-content\/uploads\/2024\/05\/happrun_f5_projector.webp\",\"width\":1500,\"height\":1499,\"caption\":\"HAPPRUN F5 Projector\"},{\"@type\":\"BreadcrumbList\",\"@id\":\"https:\/\/www.happrunprojector.com\/happrun-f5-upgraded-mirroring-projector\/#breadcrumb\",\"itemListElement\":[{\"@type\":\"ListItem\",\"position\":1,\"name\":\"Home\",\"item\":\"https:\/\/www.happrunprojector.com\/\"},{\"@type\":\"ListItem\",\"position\":2,\"name\":\"Shop\",\"item\":\"https:\/\/www.happrunprojector.com\/shop\/\"},{\"@type\":\"ListItem\",\"position\":3,\"name\":\"HAPPRUN F5: Upgraded Mirroring Projector\"}]},{\"@type\":\"WebSite\",\"@id\":\"https:\/\/www.happrunprojector.com\/#website\",\"url\":\"https:\/\/www.happrunprojector.com\/\",\"name\":\"Happrun Projector\",\"description\":\"\",\"potentialAction\":[{\"@type\":\"SearchAction\",\"target\":{\"@type\":\"EntryPoint\",\"urlTemplate\":\"https:\/\/www.happrunprojector.com\/?s={search_term_string}\"},\"query-input\":\"required name=search_term_string\"}],\"inLanguage\":\"es\"}]}<\/script>\n<!-- \/ Yoast SEO plugin. -->","yoast_head_json":{"title":"HAPPRUN F5: Upgraded Mirroring Projector - Happrun Projector","description":"Meet the HAPPRUN F5, the upgraded mirroring projector that takes your entertainment to the next level. Upgraded 2.4Ghz+5Ghz Wi-Fi, the F5 delivers the smoothest gaming and video viewing experience.","robots":{"index":"index","follow":"follow","max-snippet":"max-snippet:-1","max-image-preview":"max-image-preview:large","max-video-preview":"max-video-preview:-1"},"canonical":"https:\/\/www.happrunprojector.com\/es\/happrun-f5-upgraded-mirroring-projector\/","og_locale":"es_ES","og_type":"article","og_title":"HAPPRUN F5: Upgraded Mirroring Projector - Happrun Projector","og_description":"Meet the HAPPRUN F5, the upgraded mirroring projector that takes your entertainment to the next level. Upgraded 2.4Ghz+5Ghz Wi-Fi, the F5 delivers the smoothest gaming and video viewing experience.","og_url":"https:\/\/www.happrunprojector.com\/es\/happrun-f5-upgraded-mirroring-projector\/","og_site_name":"Happrun Projector","article_modified_time":"2025-10-15T09:14:57+00:00","og_image":[{"width":1500,"height":1499,"url":"https:\/\/www.happrunprojector.com\/wp-content\/uploads\/2024\/05\/happrun_f5_projector.webp","type":"image\/webp"}],"twitter_card":"summary_large_image","twitter_misc":{"Tiempo de lectura":"2 minutos"},"schema":{"@context":"https:\/\/schema.org","@graph":[{"@type":"WebPage","@id":"https:\/\/www.happrunprojector.com\/happrun-f5-upgraded-mirroring-projector\/","url":"https:\/\/www.happrunprojector.com\/happrun-f5-upgraded-mirroring-projector\/","name":"HAPPRUN F5: Upgraded Mirroring Projector - Happrun Projector","isPartOf":{"@id":"https:\/\/www.happrunprojector.com\/#website"},"primaryImageOfPage":{"@id":"https:\/\/www.happrunprojector.com\/happrun-f5-upgraded-mirroring-projector\/#primaryimage"},"image":{"@id":"https:\/\/www.happrunprojector.com\/happrun-f5-upgraded-mirroring-projector\/#primaryimage"},"thumbnailUrl":"https:\/\/www.happrunprojector.com\/wp-content\/uploads\/2024\/05\/happrun_f5_projector.webp","datePublished":"2024-05-14T07:30:34+00:00","dateModified":"2025-10-15T09:14:57+00:00","description":"Meet the HAPPRUN F5, the upgraded mirroring projector that takes your entertainment to the next level. Upgraded 2.4Ghz+5Ghz Wi-Fi, the F5 delivers the smoothest gaming and video viewing experience.","breadcrumb":{"@id":"https:\/\/www.happrunprojector.com\/happrun-f5-upgraded-mirroring-projector\/#breadcrumb"},"inLanguage":"es","potentialAction":[{"@type":"ReadAction","target":["https:\/\/www.happrunprojector.com\/happrun-f5-upgraded-mirroring-projector\/"]}]},{"@type":"ImageObject","inLanguage":"es","@id":"https:\/\/www.happrunprojector.com\/happrun-f5-upgraded-mirroring-projector\/#primaryimage","url":"https:\/\/www.happrunprojector.com\/wp-content\/uploads\/2024\/05\/happrun_f5_projector.webp","contentUrl":"https:\/\/www.happrunprojector.com\/wp-content\/uploads\/2024\/05\/happrun_f5_projector.webp","width":1500,"height":1499,"caption":"HAPPRUN F5 Projector"},{"@type":"BreadcrumbList","@id":"https:\/\/www.happrunprojector.com\/happrun-f5-upgraded-mirroring-projector\/#breadcrumb","itemListElement":[{"@type":"ListItem","position":1,"name":"Home","item":"https:\/\/www.happrunprojector.com\/"},{"@type":"ListItem","position":2,"name":"Shop","item":"https:\/\/www.happrunprojector.com\/shop\/"},{"@type":"ListItem","position":3,"name":"HAPPRUN F5: Upgraded Mirroring Projector"}]},{"@type":"WebSite","@id":"https:\/\/www.happrunprojector.com\/#website","url":"https:\/\/www.happrunprojector.com\/","name":"Happrun Projector","description":"","potentialAction":[{"@type":"SearchAction","target":{"@type":"EntryPoint","urlTemplate":"https:\/\/www.happrunprojector.com\/?s={search_term_string}"},"query-input":"required name=search_term_string"}],"inLanguage":"es"}]}},"_links":{"self":[{"href":"https:\/\/www.happrunprojector.com\/es\/wp-json\/wp\/v2\/product\/3522","targetHints":{"allow":["GET"]}}],"collection":[{"href":"https:\/\/www.happrunprojector.com\/es\/wp-json\/wp\/v2\/product"}],"about":[{"href":"https:\/\/www.happrunprojector.com\/es\/wp-json\/wp\/v2\/types\/product"}],"replies":[{"embeddable":true,"href":"https:\/\/www.happrunprojector.com\/es\/wp-json\/wp\/v2\/comments?post=3522"}],"version-history":[{"count":1,"href":"https:\/\/www.happrunprojector.com\/es\/wp-json\/wp\/v2\/product\/3522\/revisions"}],"predecessor-version":[{"id":3530,"href":"https:\/\/www.happrunprojector.com\/es\/wp-json\/wp\/v2\/product\/3522\/revisions\/3530"}],"wp:featuredmedia":[{"embeddable":true,"href":"https:\/\/www.happrunprojector.com\/es\/wp-json\/wp\/v2\/media\/3529"}],"wp:attachment":[{"href":"https:\/\/www.happrunprojector.com\/es\/wp-json\/wp\/v2\/media?parent=3522"}],"wp:term":[{"taxonomy":"product_cat","embeddable":true,"href":"https:\/\/www.happrunprojector.com\/es\/wp-json\/wp\/v2\/product_cat?post=3522"},{"taxonomy":"product_tag","embeddable":true,"href":"https:\/\/www.happrunprojector.com\/es\/wp-json\/wp\/v2\/product_tag?post=3522"}],"curies":[{"name":"wp","href":"https:\/\/api.w.org\/{rel}","templated":true}]}}