{"id":3917,"date":"2025-04-28T07:45:06","date_gmt":"2025-04-28T07:45:06","guid":{"rendered":"https:\/\/www.happrunprojector.com\/?post_type=product&#038;p=3917"},"modified":"2025-04-28T07:45:07","modified_gmt":"2025-04-28T07:45:07","slug":"happrun-4k-home-projector-with-wifi-6-and-bluetooth-5-2-300-1500-ansi","status":"publish","type":"product","link":"https:\/\/www.happrunprojector.com\/de\/produkt\/happrun-4k-heimprojektor-mit-wifi-6-und-bluetooth-5-2-300-1500-ansi\/","title":{"rendered":"HAPPRUN 4K Heimprojektor mit WiFi 6 und Bluetooth 5.2 (300\u2033, 1500 ANSI)"},"content":{"rendered":"<p class=\"\" data-start=\"257\" data-end=\"617\"><strong data-start=\"257\" data-end=\"329\">Treten Sie mit dem HAPPRUN 4K-Projektor in eine Welt mit atemberaubenden Bildern ein!<\/strong><br data-start=\"329\" data-end=\"332\" \/>Ausgestattet mit fortschrittlichen <strong data-start=\"351\" data-end=\"365\">Autofokus<\/strong> und <strong data-start=\"370\" data-end=\"401\">6D-Auto-Keystone-Korrektur<\/strong>liefert es ein perfekt scharfes und ausgerichtetes Bild innerhalb von nur <strong data-start=\"463\" data-end=\"476\">5 Sekunden<\/strong> - keine manuellen Einstellungen erforderlich. Ob auf einem Tisch, an der Wand oder an der Decke montiert, er passt sich schnell an, um das beste Seherlebnis zu bieten.<\/p>\n<p class=\"\" data-start=\"619\" data-end=\"834\"><strong data-start=\"619\" data-end=\"649\">Au\u00dfergew\u00f6hnliche Bildqualit\u00e4t:<\/strong><br data-start=\"649\" data-end=\"652\" \/>Mit <strong data-start=\"657\" data-end=\"677\">1500 ANSI-Lumen<\/strong> Helligkeit, <strong data-start=\"690\" data-end=\"704\">4K-Unterst\u00fctzung<\/strong>, a <strong data-start=\"708\" data-end=\"735\">20.000:1 Kontrastverh\u00e4ltnis<\/strong>und <strong data-start=\"741\" data-end=\"769\">95% Farbraumabdeckung<\/strong>wird jedes Bild mit lebendigen, satten Farben zum Leben erweckt - bei Tag und bei Nacht.<\/p>\n<p class=\"\" data-start=\"836\" data-end=\"1132\"><strong data-start=\"836\" data-end=\"867\">Starke Klangleistung:<\/strong><br data-start=\"867\" data-end=\"870\" \/>Die eingebaute <strong data-start=\"883\" data-end=\"902\">8W HiFi-Lautsprecher<\/strong> sorgt f\u00fcr tiefen, eindringlichen Klang. Dank der <strong data-start=\"944\" data-end=\"975\">bidirektionales Bluetooth 5.2<\/strong>k\u00f6nnen Sie entweder externe Lautsprecher anschlie\u00dfen, um einen noch besseren Klang zu erzielen, oder den Projektor selbst als Lautsprecher verwenden. <strong data-start=\"1076\" data-end=\"1097\">Bluetooth-Lautsprecher<\/strong> um Musik von Ihren Ger\u00e4ten zu streamen.<\/p>\n<p class=\"\" data-start=\"1134\" data-end=\"1351\"><strong data-start=\"1134\" data-end=\"1162\">Ultraschnelle Konnektivit\u00e4t:<\/strong><br data-start=\"1162\" data-end=\"1165\" \/>Genie\u00dfen Sie <strong data-start=\"1171\" data-end=\"1193\">verz\u00f6gerungsfreies Streaming<\/strong> und Bildschirmspiegelung mit <strong data-start=\"1220\" data-end=\"1230\">WiFi 6<\/strong> - mit Geschwindigkeiten bis zu <strong data-start=\"1255\" data-end=\"1269\">40% schneller<\/strong> als WiFi 5. Perfekt f\u00fcr Filme, Spiele und Pr\u00e4sentationen ohne Unterbrechungen.<\/p>\n<p class=\"\" data-start=\"1353\" data-end=\"1624\"><strong data-start=\"1353\" data-end=\"1376\">Breite Kompatibilit\u00e4t:<\/strong><br data-start=\"1376\" data-end=\"1379\" \/>Ausgestattet mit <strong data-start=\"1393\" data-end=\"1458\">2x HDMI-Anschl\u00fcsse, 2x USB-Anschl\u00fcsse, AV-Eingang und eine 3,5-mm-Audiobuchse<\/strong>l\u00e4sst er sich leicht anschlie\u00dfen:<br data-start=\"1482\" data-end=\"1485\" \/>TV-Sticks (Chromecast, Roku, usw.)<br data-start=\"1522\" data-end=\"1525\" \/>\ud83d\udcf1 Smartphones und Tablets (iOS\/Android)<br data-start=\"1565\" data-end=\"1568\" \/>\ud83c\udfae Spielkonsolen (PS5, PS4, Xbox)<br data-start=\"1603\" data-end=\"1606\" \/>\ud83d\udcbb Laptops und PCs<\/p>\n<p class=\"\" data-start=\"1626\" data-end=\"1754\"><strong data-start=\"1626\" data-end=\"1640\">Ideal f\u00fcr:<\/strong><br data-start=\"1640\" data-end=\"1643\" \/>\u2714 Heimkino<br data-start=\"1658\" data-end=\"1661\" \/>\u2714 Filmabende im Hinterhof<br data-start=\"1684\" data-end=\"1687\" \/>\u2714 Spielsitzungen<br data-start=\"1704\" data-end=\"1707\" \/>\u2714 Gesch\u00e4ftspr\u00e4sentationen<br data-start=\"1731\" data-end=\"1734\" \/>\u2714 Feste und Veranstaltungen<\/p>\n<p class=\"\" data-start=\"1756\" data-end=\"1775\"><strong data-start=\"1756\" data-end=\"1773\">Wesentliche Merkmale:<\/strong><\/p>\n<ul data-start=\"1776\" data-end=\"1997\">\n<li class=\"\" data-start=\"1776\" data-end=\"1811\">\n<p class=\"\" data-start=\"1778\" data-end=\"1811\">Bis zu <strong data-start=\"1784\" data-end=\"1809\">300-Zoll-Displaygr\u00f6\u00dfe<\/strong><\/p>\n<\/li>\n<li class=\"\" data-start=\"1812\" data-end=\"1842\">\n<p class=\"\" data-start=\"1814\" data-end=\"1842\">Schnelle automatische Bildeinstellung<\/p>\n<\/li>\n<li class=\"\" data-start=\"1843\" data-end=\"1886\">\n<p class=\"\" data-start=\"1845\" data-end=\"1886\">Lebendiges und helles Bild auch bei Tageslicht<\/p>\n<\/li>\n<li class=\"\" data-start=\"1887\" data-end=\"1924\">\n<p class=\"\" data-start=\"1889\" data-end=\"1924\">Unterst\u00fctzung von Auf- und R\u00fcckprojektion<\/p>\n<\/li>\n<li class=\"\" data-start=\"1925\" data-end=\"1963\">\n<p class=\"\" data-start=\"1927\" data-end=\"1963\">Bequem <strong data-start=\"1938\" data-end=\"1961\">50% Zoomeinstellung<\/strong><\/p>\n<\/li>\n<li class=\"\" data-start=\"1964\" data-end=\"1997\">\n<p class=\"\" data-start=\"1966\" data-end=\"1997\">Leichtes und tragbares Design<\/p>\n<\/li>\n<\/ul>\n<hr class=\"\" data-start=\"1999\" data-end=\"2002\" \/>\n<p class=\"\" data-start=\"2004\" data-end=\"2095\"><strong data-start=\"2004\" data-end=\"2095\">Bringen Sie mit dem HAPPRUN 4K Smart Projector Unterhaltung in Kinoqualit\u00e4t \u00fcberall hin!<\/strong><\/p>","protected":false},"excerpt":{"rendered":"<ul data-start=\"1776\" data-end=\"1997\">\n<li class=\"\" data-start=\"1776\" data-end=\"1811\">\n<p class=\"\" data-start=\"1778\" data-end=\"1811\">Bis zu <strong data-start=\"1784\" data-end=\"1809\">300-Zoll-Displaygr\u00f6\u00dfe<\/strong><\/p>\n<\/li>\n<li class=\"\" data-start=\"1812\" data-end=\"1842\">\n<p class=\"\" data-start=\"1814\" data-end=\"1842\">Schnelle automatische Bildeinstellung<\/p>\n<\/li>\n<li class=\"\" data-start=\"1843\" data-end=\"1886\">\n<p class=\"\" data-start=\"1845\" data-end=\"1886\">Lebendiges und helles Bild auch bei Tageslicht<\/p>\n<\/li>\n<li class=\"\" data-start=\"1887\" data-end=\"1924\">\n<p class=\"\" data-start=\"1889\" data-end=\"1924\">Unterst\u00fctzung von Auf- und R\u00fcckprojektion<\/p>\n<\/li>\n<li class=\"\" data-start=\"1925\" data-end=\"1963\">\n<p class=\"\" data-start=\"1927\" data-end=\"1963\">Bequem <strong data-start=\"1938\" data-end=\"1961\">50% Zoomeinstellung<\/strong><\/p>\n<\/li>\n<li class=\"\" data-start=\"1964\" data-end=\"1997\">\n<p class=\"\" data-start=\"1966\" data-end=\"1997\">Leichtes und tragbares Design<\/p>\n<\/li>\n<\/ul>","protected":false},"featured_media":3918,"comment_status":"open","ping_status":"closed","template":"","meta":{"_themeisle_gutenberg_block_has_review":false},"product_cat":[134],"product_tag":[],"class_list":{"0":"post-3917","1":"product","2":"type-product","3":"status-publish","4":"has-post-thumbnail","6":"product_cat-projector","8":"first","9":"instock","10":"sale","11":"shipping-taxable","12":"product-type-external"},"yoast_head":"<!-- This site is optimized with the Yoast SEO plugin v22.7 - https:\/\/yoast.com\/wordpress\/plugins\/seo\/ -->\n<title>HAPPRUN 4K Home Projector with WiFi 6 and Bluetooth 5.2 (300&quot;, 1500 ANSI) - Happrun Projector<\/title>\n<meta name=\"description\" content=\"Step into a world of stunning visuals with the HAPPRUN 4K Projector!Featuring advanced auto-focus and 6D auto-keystone correction, it delivers a perfectly sharp and aligned image within just 5 seconds \u2014 no manual adjustments needed.\" \/>\n<meta name=\"robots\" content=\"index, follow, max-snippet:-1, max-image-preview:large, max-video-preview:-1\" \/>\n<link rel=\"canonical\" href=\"https:\/\/www.happrunprojector.com\/de\/happrun-4k-home-projector-with-wifi-6-and-bluetooth-5-2-300-1500-ansi\/\" \/>\n<meta property=\"og:locale\" content=\"de_DE\" \/>\n<meta property=\"og:type\" content=\"article\" \/>\n<meta property=\"og:title\" content=\"HAPPRUN 4K Home Projector with WiFi 6 and Bluetooth 5.2 (300&quot;, 1500 ANSI) - Happrun Projector\" \/>\n<meta property=\"og:description\" content=\"Step into a world of stunning visuals with the HAPPRUN 4K Projector!Featuring advanced auto-focus and 6D auto-keystone correction, it delivers a perfectly sharp and aligned image within just 5 seconds \u2014 no manual adjustments needed.\" \/>\n<meta property=\"og:url\" content=\"https:\/\/www.happrunprojector.com\/de\/happrun-4k-home-projector-with-wifi-6-and-bluetooth-5-2-300-1500-ansi\/\" \/>\n<meta property=\"og:site_name\" content=\"Happrun Projector\" \/>\n<meta property=\"article:modified_time\" content=\"2025-04-28T07:45:07+00:00\" \/>\n<meta property=\"og:image\" content=\"https:\/\/www.happrunprojector.com\/wp-content\/uploads\/2025\/04\/81ApqbrT5XL._AC_SL1500_.jpg\" \/>\n\t<meta property=\"og:image:width\" content=\"1500\" \/>\n\t<meta property=\"og:image:height\" content=\"1419\" \/>\n\t<meta property=\"og:image:type\" content=\"image\/jpeg\" \/>\n<meta name=\"twitter:card\" content=\"summary_large_image\" \/>\n<meta name=\"twitter:label1\" content=\"Gesch\u00e4tzte Lesezeit\" \/>\n\t<meta name=\"twitter:data1\" content=\"2 Minuten\" \/>\n<script type=\"application\/ld+json\" class=\"yoast-schema-graph\">{\"@context\":\"https:\/\/schema.org\",\"@graph\":[{\"@type\":\"WebPage\",\"@id\":\"https:\/\/www.happrunprojector.com\/happrun-4k-home-projector-with-wifi-6-and-bluetooth-5-2-300-1500-ansi\/\",\"url\":\"https:\/\/www.happrunprojector.com\/happrun-4k-home-projector-with-wifi-6-and-bluetooth-5-2-300-1500-ansi\/\",\"name\":\"HAPPRUN 4K Home Projector with WiFi 6 and Bluetooth 5.2 (300\\\", 1500 ANSI) - Happrun Projector\",\"isPartOf\":{\"@id\":\"https:\/\/www.happrunprojector.com\/#website\"},\"primaryImageOfPage\":{\"@id\":\"https:\/\/www.happrunprojector.com\/happrun-4k-home-projector-with-wifi-6-and-bluetooth-5-2-300-1500-ansi\/#primaryimage\"},\"image\":{\"@id\":\"https:\/\/www.happrunprojector.com\/happrun-4k-home-projector-with-wifi-6-and-bluetooth-5-2-300-1500-ansi\/#primaryimage\"},\"thumbnailUrl\":\"https:\/\/www.happrunprojector.com\/wp-content\/uploads\/2025\/04\/81ApqbrT5XL._AC_SL1500_.jpg\",\"datePublished\":\"2025-04-28T07:45:06+00:00\",\"dateModified\":\"2025-04-28T07:45:07+00:00\",\"description\":\"Step into a world of stunning visuals with the HAPPRUN 4K Projector!Featuring advanced auto-focus and 6D auto-keystone correction, it delivers a perfectly sharp and aligned image within just 5 seconds \u2014 no manual adjustments needed.\",\"breadcrumb\":{\"@id\":\"https:\/\/www.happrunprojector.com\/happrun-4k-home-projector-with-wifi-6-and-bluetooth-5-2-300-1500-ansi\/#breadcrumb\"},\"inLanguage\":\"de\",\"potentialAction\":[{\"@type\":\"ReadAction\",\"target\":[\"https:\/\/www.happrunprojector.com\/happrun-4k-home-projector-with-wifi-6-and-bluetooth-5-2-300-1500-ansi\/\"]}]},{\"@type\":\"ImageObject\",\"inLanguage\":\"de\",\"@id\":\"https:\/\/www.happrunprojector.com\/happrun-4k-home-projector-with-wifi-6-and-bluetooth-5-2-300-1500-ansi\/#primaryimage\",\"url\":\"https:\/\/www.happrunprojector.com\/wp-content\/uploads\/2025\/04\/81ApqbrT5XL._AC_SL1500_.jpg\",\"contentUrl\":\"https:\/\/www.happrunprojector.com\/wp-content\/uploads\/2025\/04\/81ApqbrT5XL._AC_SL1500_.jpg\",\"width\":1500,\"height\":1419,\"caption\":\"HAPPRUN 4K Home Projector with WiFi 6 and Bluetooth 5.2 (300\\\", 1500 ANSI)\"},{\"@type\":\"BreadcrumbList\",\"@id\":\"https:\/\/www.happrunprojector.com\/happrun-4k-home-projector-with-wifi-6-and-bluetooth-5-2-300-1500-ansi\/#breadcrumb\",\"itemListElement\":[{\"@type\":\"ListItem\",\"position\":1,\"name\":\"Home\",\"item\":\"https:\/\/www.happrunprojector.com\/\"},{\"@type\":\"ListItem\",\"position\":2,\"name\":\"Shop\",\"item\":\"https:\/\/www.happrunprojector.com\/shop\/\"},{\"@type\":\"ListItem\",\"position\":3,\"name\":\"HAPPRUN 4K Home Projector with WiFi 6 and Bluetooth 5.2 (300&#8243;, 1500 ANSI)\"}]},{\"@type\":\"WebSite\",\"@id\":\"https:\/\/www.happrunprojector.com\/#website\",\"url\":\"https:\/\/www.happrunprojector.com\/\",\"name\":\"Happrun Projector\",\"description\":\"\",\"potentialAction\":[{\"@type\":\"SearchAction\",\"target\":{\"@type\":\"EntryPoint\",\"urlTemplate\":\"https:\/\/www.happrunprojector.com\/?s={search_term_string}\"},\"query-input\":\"required name=search_term_string\"}],\"inLanguage\":\"de\"}]}<\/script>\n<!-- \/ Yoast SEO plugin. -->","yoast_head_json":{"title":"HAPPRUN 4K Home Projector with WiFi 6 and Bluetooth 5.2 (300\", 1500 ANSI) - Happrun Projector","description":"Step into a world of stunning visuals with the HAPPRUN 4K Projector!Featuring advanced auto-focus and 6D auto-keystone correction, it delivers a perfectly sharp and aligned image within just 5 seconds \u2014 no manual adjustments needed.","robots":{"index":"index","follow":"follow","max-snippet":"max-snippet:-1","max-image-preview":"max-image-preview:large","max-video-preview":"max-video-preview:-1"},"canonical":"https:\/\/www.happrunprojector.com\/de\/happrun-4k-home-projector-with-wifi-6-and-bluetooth-5-2-300-1500-ansi\/","og_locale":"de_DE","og_type":"article","og_title":"HAPPRUN 4K Home Projector with WiFi 6 and Bluetooth 5.2 (300\", 1500 ANSI) - Happrun Projector","og_description":"Step into a world of stunning visuals with the HAPPRUN 4K Projector!Featuring advanced auto-focus and 6D auto-keystone correction, it delivers a perfectly sharp and aligned image within just 5 seconds \u2014 no manual adjustments needed.","og_url":"https:\/\/www.happrunprojector.com\/de\/happrun-4k-home-projector-with-wifi-6-and-bluetooth-5-2-300-1500-ansi\/","og_site_name":"Happrun Projector","article_modified_time":"2025-04-28T07:45:07+00:00","og_image":[{"width":1500,"height":1419,"url":"https:\/\/www.happrunprojector.com\/wp-content\/uploads\/2025\/04\/81ApqbrT5XL._AC_SL1500_.jpg","type":"image\/jpeg"}],"twitter_card":"summary_large_image","twitter_misc":{"Gesch\u00e4tzte Lesezeit":"2 Minuten"},"schema":{"@context":"https:\/\/schema.org","@graph":[{"@type":"WebPage","@id":"https:\/\/www.happrunprojector.com\/happrun-4k-home-projector-with-wifi-6-and-bluetooth-5-2-300-1500-ansi\/","url":"https:\/\/www.happrunprojector.com\/happrun-4k-home-projector-with-wifi-6-and-bluetooth-5-2-300-1500-ansi\/","name":"HAPPRUN 4K Home Projector with WiFi 6 and Bluetooth 5.2 (300\", 1500 ANSI) - Happrun Projector","isPartOf":{"@id":"https:\/\/www.happrunprojector.com\/#website"},"primaryImageOfPage":{"@id":"https:\/\/www.happrunprojector.com\/happrun-4k-home-projector-with-wifi-6-and-bluetooth-5-2-300-1500-ansi\/#primaryimage"},"image":{"@id":"https:\/\/www.happrunprojector.com\/happrun-4k-home-projector-with-wifi-6-and-bluetooth-5-2-300-1500-ansi\/#primaryimage"},"thumbnailUrl":"https:\/\/www.happrunprojector.com\/wp-content\/uploads\/2025\/04\/81ApqbrT5XL._AC_SL1500_.jpg","datePublished":"2025-04-28T07:45:06+00:00","dateModified":"2025-04-28T07:45:07+00:00","description":"Step into a world of stunning visuals with the HAPPRUN 4K Projector!Featuring advanced auto-focus and 6D auto-keystone correction, it delivers a perfectly sharp and aligned image within just 5 seconds \u2014 no manual adjustments needed.","breadcrumb":{"@id":"https:\/\/www.happrunprojector.com\/happrun-4k-home-projector-with-wifi-6-and-bluetooth-5-2-300-1500-ansi\/#breadcrumb"},"inLanguage":"de","potentialAction":[{"@type":"ReadAction","target":["https:\/\/www.happrunprojector.com\/happrun-4k-home-projector-with-wifi-6-and-bluetooth-5-2-300-1500-ansi\/"]}]},{"@type":"ImageObject","inLanguage":"de","@id":"https:\/\/www.happrunprojector.com\/happrun-4k-home-projector-with-wifi-6-and-bluetooth-5-2-300-1500-ansi\/#primaryimage","url":"https:\/\/www.happrunprojector.com\/wp-content\/uploads\/2025\/04\/81ApqbrT5XL._AC_SL1500_.jpg","contentUrl":"https:\/\/www.happrunprojector.com\/wp-content\/uploads\/2025\/04\/81ApqbrT5XL._AC_SL1500_.jpg","width":1500,"height":1419,"caption":"HAPPRUN 4K Home Projector with WiFi 6 and Bluetooth 5.2 (300\", 1500 ANSI)"},{"@type":"BreadcrumbList","@id":"https:\/\/www.happrunprojector.com\/happrun-4k-home-projector-with-wifi-6-and-bluetooth-5-2-300-1500-ansi\/#breadcrumb","itemListElement":[{"@type":"ListItem","position":1,"name":"Home","item":"https:\/\/www.happrunprojector.com\/"},{"@type":"ListItem","position":2,"name":"Shop","item":"https:\/\/www.happrunprojector.com\/shop\/"},{"@type":"ListItem","position":3,"name":"HAPPRUN 4K Home Projector with WiFi 6 and Bluetooth 5.2 (300&#8243;, 1500 ANSI)"}]},{"@type":"WebSite","@id":"https:\/\/www.happrunprojector.com\/#website","url":"https:\/\/www.happrunprojector.com\/","name":"Happrun Projector","description":"","potentialAction":[{"@type":"SearchAction","target":{"@type":"EntryPoint","urlTemplate":"https:\/\/www.happrunprojector.com\/?s={search_term_string}"},"query-input":"required name=search_term_string"}],"inLanguage":"de"}]}},"_links":{"self":[{"href":"https:\/\/www.happrunprojector.com\/de\/wp-json\/wp\/v2\/product\/3917","targetHints":{"allow":["GET"]}}],"collection":[{"href":"https:\/\/www.happrunprojector.com\/de\/wp-json\/wp\/v2\/product"}],"about":[{"href":"https:\/\/www.happrunprojector.com\/de\/wp-json\/wp\/v2\/types\/product"}],"replies":[{"embeddable":true,"href":"https:\/\/www.happrunprojector.com\/de\/wp-json\/wp\/v2\/comments?post=3917"}],"version-history":[{"count":2,"href":"https:\/\/www.happrunprojector.com\/de\/wp-json\/wp\/v2\/product\/3917\/revisions"}],"predecessor-version":[{"id":4043,"href":"https:\/\/www.happrunprojector.com\/de\/wp-json\/wp\/v2\/product\/3917\/revisions\/4043"}],"wp:featuredmedia":[{"embeddable":true,"href":"https:\/\/www.happrunprojector.com\/de\/wp-json\/wp\/v2\/media\/3918"}],"wp:attachment":[{"href":"https:\/\/www.happrunprojector.com\/de\/wp-json\/wp\/v2\/media?parent=3917"}],"wp:term":[{"taxonomy":"product_cat","embeddable":true,"href":"https:\/\/www.happrunprojector.com\/de\/wp-json\/wp\/v2\/product_cat?post=3917"},{"taxonomy":"product_tag","embeddable":true,"href":"https:\/\/www.happrunprojector.com\/de\/wp-json\/wp\/v2\/product_tag?post=3917"}],"curies":[{"name":"wp","href":"https:\/\/api.w.org\/{rel}","templated":true}]}}