{"id":3910,"date":"2025-04-28T07:24:48","date_gmt":"2025-04-28T07:24:48","guid":{"rendered":"https:\/\/www.happrunprojector.com\/?post_type=product&#038;p=3910"},"modified":"2025-04-28T07:24:49","modified_gmt":"2025-04-28T07:24:49","slug":"120-inch-projector-screen-169-foldable-anti-crease-portable-polyester-screen-for-home-theater","status":"publish","type":"product","link":"https:\/\/www.happrunprojector.com\/de\/produkt\/120-zoll-projektor-leinwand-169-faltbar-anti-knitter-tragbare-polyester-leinwand-fur-heimkino\/","title":{"rendered":"120-Zoll-Projektorleinwand - 16:9 faltbar, knitterfrei, tragbare Polyesterleinwand f\u00fcr Heimkino"},"content":{"rendered":"<p class=\"\" data-start=\"266\" data-end=\"718\">Genie\u00dfen Sie kristallklare Filmabende \u00fcberall mit diesem <strong data-start=\"334\" data-end=\"372\">120-Zoll-Faltprojektionswand<\/strong>!<br data-start=\"373\" data-end=\"376\" \/>Gefertigt aus hochwertigem <strong data-start=\"397\" data-end=\"425\">nat\u00fcrliches Polyestergewebe<\/strong>liefert er sch\u00e4rfere, hellere Bilder mit <strong data-start=\"469\" data-end=\"484\">Anti-Falten<\/strong> Technologie, die auch nach dem Falten eine glatte Oberfl\u00e4che gew\u00e4hrleistet. Die <strong data-start=\"547\" data-end=\"573\">16:9-Breitbildformat<\/strong> und <strong data-start=\"578\" data-end=\"605\">104\u2033 x 58\u2033 Sichtbereich<\/strong> sind perfekt f\u00fcr ein echtes Kinoerlebnis zu Hause, im Garten oder bei Gesch\u00e4ftspr\u00e4sentationen.<\/p>\n<p class=\"\" data-start=\"720\" data-end=\"1014\">Der leichte und ultraportable Bildschirm l\u00e4sst sich kompakt zusammenklappen und passt problemlos in Ihre Tasche. <strong data-start=\"808\" data-end=\"832\">Rucksack oder Koffer<\/strong>. Es unterst\u00fctzt <strong data-start=\"846\" data-end=\"880\">sowohl Auf- als auch R\u00fcckprojektion<\/strong> und k\u00f6nnen <strong data-start=\"892\" data-end=\"911\">schnell montiert<\/strong> mit Hilfe von Haken, Seilen, N\u00e4geln, doppelseitigem Klebeband oder einer Halterung - so ist der Aufbau m\u00fchelos, egal wo Sie sind.<\/p>\n<p class=\"\" data-start=\"1016\" data-end=\"1165\"><strong data-start=\"1016\" data-end=\"1032\">Perfekt f\u00fcr:<\/strong><br data-start=\"1032\" data-end=\"1035\" \/>\ud83c\udfac Heimkino<br data-start=\"1051\" data-end=\"1054\" \/>\ud83c\udfe1 Filmabende im Freien<br data-start=\"1077\" data-end=\"1080\" \/>\ud83c\udfe2 B\u00fcropr\u00e4sentationen<br data-start=\"1103\" data-end=\"1106\" \/>\ud83c\udfeb Bildungsaufbauten<br data-start=\"1127\" data-end=\"1130\" \/>\ud83c\udf89 \u00d6ffentliche Veranstaltungen und Feiern<\/p>\n<p class=\"\" data-start=\"1167\" data-end=\"1252\">Schaffen Sie jederzeit und \u00fcberall unvergessliche Momente - einfach, scharf und nahtlos!<\/p>","protected":false},"excerpt":{"rendered":"<p class=\"\" data-start=\"1016\" data-end=\"1165\"><strong data-start=\"1016\" data-end=\"1032\">Perfekt f\u00fcr:<\/strong><br data-start=\"1032\" data-end=\"1035\" \/>\ud83c\udfac Heimkino<br data-start=\"1051\" data-end=\"1054\" \/>\ud83c\udfe1 Filmabende im Freien<br data-start=\"1077\" data-end=\"1080\" \/>\ud83c\udfe2 B\u00fcropr\u00e4sentationen<br data-start=\"1103\" data-end=\"1106\" \/>\ud83c\udfeb Bildungsaufbauten<br data-start=\"1127\" data-end=\"1130\" \/>\ud83c\udf89 \u00d6ffentliche Veranstaltungen und Feiern<\/p>\n<p class=\"\" data-start=\"1167\" data-end=\"1252\">Schaffen Sie jederzeit und \u00fcberall unvergessliche Momente - einfach, scharf und nahtlos!<\/p>","protected":false},"featured_media":3911,"comment_status":"open","ping_status":"closed","template":"","meta":{"_themeisle_gutenberg_block_has_review":false},"product_cat":[137],"product_tag":[],"class_list":{"0":"post-3910","1":"product","2":"type-product","3":"status-publish","4":"has-post-thumbnail","6":"product_cat-projector-screen","8":"first","9":"instock","10":"sale","11":"shipping-taxable","12":"product-type-external"},"yoast_head":"<!-- This site is optimized with the Yoast SEO plugin v22.7 - https:\/\/yoast.com\/wordpress\/plugins\/seo\/ -->\n<title>120-Inch Projector Screen \u2013 16:9 Foldable, Anti-Crease, Portable Polyester Screen for Home Theater - Happrun Projector<\/title>\n<meta name=\"description\" content=\"Enjoy crystal-clear movie nights anywhere with this 120-inch Foldable Projector Screen!Crafted from premium natural polyester fabric, it delivers sharper, brighter images with anti-crease technology\" \/>\n<meta name=\"robots\" content=\"index, follow, max-snippet:-1, max-image-preview:large, max-video-preview:-1\" \/>\n<link rel=\"canonical\" href=\"https:\/\/www.happrunprojector.com\/de\/120-inch-projector-screen-169-foldable-anti-crease-portable-polyester-screen-for-home-theater\/\" \/>\n<meta property=\"og:locale\" content=\"de_DE\" \/>\n<meta property=\"og:type\" content=\"article\" \/>\n<meta property=\"og:title\" content=\"120-Inch Projector Screen \u2013 16:9 Foldable, Anti-Crease, Portable Polyester Screen for Home Theater - Happrun Projector\" \/>\n<meta property=\"og:description\" content=\"Enjoy crystal-clear movie nights anywhere with this 120-inch Foldable Projector Screen!Crafted from premium natural polyester fabric, it delivers sharper, brighter images with anti-crease technology\" \/>\n<meta property=\"og:url\" content=\"https:\/\/www.happrunprojector.com\/de\/120-inch-projector-screen-169-foldable-anti-crease-portable-polyester-screen-for-home-theater\/\" \/>\n<meta property=\"og:site_name\" content=\"Happrun Projector\" \/>\n<meta property=\"article:modified_time\" content=\"2025-04-28T07:24:49+00:00\" \/>\n<meta property=\"og:image\" content=\"https:\/\/www.happrunprojector.com\/wp-content\/uploads\/2025\/04\/81lKMedjwaS._AC_SL1500_.jpg\" \/>\n\t<meta property=\"og:image:width\" content=\"1446\" \/>\n\t<meta property=\"og:image:height\" content=\"1482\" \/>\n\t<meta property=\"og:image:type\" content=\"image\/jpeg\" \/>\n<meta name=\"twitter:card\" content=\"summary_large_image\" \/>\n<meta name=\"twitter:label1\" content=\"Gesch\u00e4tzte Lesezeit\" \/>\n\t<meta name=\"twitter:data1\" content=\"1 Minute\" \/>\n<script type=\"application\/ld+json\" class=\"yoast-schema-graph\">{\"@context\":\"https:\/\/schema.org\",\"@graph\":[{\"@type\":\"WebPage\",\"@id\":\"https:\/\/www.happrunprojector.com\/120-inch-projector-screen-169-foldable-anti-crease-portable-polyester-screen-for-home-theater\/\",\"url\":\"https:\/\/www.happrunprojector.com\/120-inch-projector-screen-169-foldable-anti-crease-portable-polyester-screen-for-home-theater\/\",\"name\":\"120-Inch Projector Screen \u2013 16:9 Foldable, Anti-Crease, Portable Polyester Screen for Home Theater - Happrun Projector\",\"isPartOf\":{\"@id\":\"https:\/\/www.happrunprojector.com\/#website\"},\"primaryImageOfPage\":{\"@id\":\"https:\/\/www.happrunprojector.com\/120-inch-projector-screen-169-foldable-anti-crease-portable-polyester-screen-for-home-theater\/#primaryimage\"},\"image\":{\"@id\":\"https:\/\/www.happrunprojector.com\/120-inch-projector-screen-169-foldable-anti-crease-portable-polyester-screen-for-home-theater\/#primaryimage\"},\"thumbnailUrl\":\"https:\/\/www.happrunprojector.com\/wp-content\/uploads\/2025\/04\/81lKMedjwaS._AC_SL1500_.jpg\",\"datePublished\":\"2025-04-28T07:24:48+00:00\",\"dateModified\":\"2025-04-28T07:24:49+00:00\",\"description\":\"Enjoy crystal-clear movie nights anywhere with this 120-inch Foldable Projector Screen!Crafted from premium natural polyester fabric, it delivers sharper, brighter images with anti-crease technology\",\"breadcrumb\":{\"@id\":\"https:\/\/www.happrunprojector.com\/120-inch-projector-screen-169-foldable-anti-crease-portable-polyester-screen-for-home-theater\/#breadcrumb\"},\"inLanguage\":\"de\",\"potentialAction\":[{\"@type\":\"ReadAction\",\"target\":[\"https:\/\/www.happrunprojector.com\/120-inch-projector-screen-169-foldable-anti-crease-portable-polyester-screen-for-home-theater\/\"]}]},{\"@type\":\"ImageObject\",\"inLanguage\":\"de\",\"@id\":\"https:\/\/www.happrunprojector.com\/120-inch-projector-screen-169-foldable-anti-crease-portable-polyester-screen-for-home-theater\/#primaryimage\",\"url\":\"https:\/\/www.happrunprojector.com\/wp-content\/uploads\/2025\/04\/81lKMedjwaS._AC_SL1500_.jpg\",\"contentUrl\":\"https:\/\/www.happrunprojector.com\/wp-content\/uploads\/2025\/04\/81lKMedjwaS._AC_SL1500_.jpg\",\"width\":1446,\"height\":1482,\"caption\":\"120-Inch Projector Screen \u2013 16:9 Foldable, Anti-Crease, Portable Polyester Screen for Home Theater\"},{\"@type\":\"BreadcrumbList\",\"@id\":\"https:\/\/www.happrunprojector.com\/120-inch-projector-screen-169-foldable-anti-crease-portable-polyester-screen-for-home-theater\/#breadcrumb\",\"itemListElement\":[{\"@type\":\"ListItem\",\"position\":1,\"name\":\"Home\",\"item\":\"https:\/\/www.happrunprojector.com\/\"},{\"@type\":\"ListItem\",\"position\":2,\"name\":\"Shop\",\"item\":\"https:\/\/www.happrunprojector.com\/shop\/\"},{\"@type\":\"ListItem\",\"position\":3,\"name\":\"120-Inch Projector Screen \u2013 16:9 Foldable, Anti-Crease, Portable Polyester Screen for Home Theater\"}]},{\"@type\":\"WebSite\",\"@id\":\"https:\/\/www.happrunprojector.com\/#website\",\"url\":\"https:\/\/www.happrunprojector.com\/\",\"name\":\"Happrun Projector\",\"description\":\"\",\"potentialAction\":[{\"@type\":\"SearchAction\",\"target\":{\"@type\":\"EntryPoint\",\"urlTemplate\":\"https:\/\/www.happrunprojector.com\/?s={search_term_string}\"},\"query-input\":\"required name=search_term_string\"}],\"inLanguage\":\"de\"}]}<\/script>\n<!-- \/ Yoast SEO plugin. -->","yoast_head_json":{"title":"120-Inch Projector Screen \u2013 16:9 Foldable, Anti-Crease, Portable Polyester Screen for Home Theater - Happrun Projector","description":"Enjoy crystal-clear movie nights anywhere with this 120-inch Foldable Projector Screen!Crafted from premium natural polyester fabric, it delivers sharper, brighter images with anti-crease technology","robots":{"index":"index","follow":"follow","max-snippet":"max-snippet:-1","max-image-preview":"max-image-preview:large","max-video-preview":"max-video-preview:-1"},"canonical":"https:\/\/www.happrunprojector.com\/de\/120-inch-projector-screen-169-foldable-anti-crease-portable-polyester-screen-for-home-theater\/","og_locale":"de_DE","og_type":"article","og_title":"120-Inch Projector Screen \u2013 16:9 Foldable, Anti-Crease, Portable Polyester Screen for Home Theater - Happrun Projector","og_description":"Enjoy crystal-clear movie nights anywhere with this 120-inch Foldable Projector Screen!Crafted from premium natural polyester fabric, it delivers sharper, brighter images with anti-crease technology","og_url":"https:\/\/www.happrunprojector.com\/de\/120-inch-projector-screen-169-foldable-anti-crease-portable-polyester-screen-for-home-theater\/","og_site_name":"Happrun Projector","article_modified_time":"2025-04-28T07:24:49+00:00","og_image":[{"width":1446,"height":1482,"url":"https:\/\/www.happrunprojector.com\/wp-content\/uploads\/2025\/04\/81lKMedjwaS._AC_SL1500_.jpg","type":"image\/jpeg"}],"twitter_card":"summary_large_image","twitter_misc":{"Gesch\u00e4tzte Lesezeit":"1 Minute"},"schema":{"@context":"https:\/\/schema.org","@graph":[{"@type":"WebPage","@id":"https:\/\/www.happrunprojector.com\/120-inch-projector-screen-169-foldable-anti-crease-portable-polyester-screen-for-home-theater\/","url":"https:\/\/www.happrunprojector.com\/120-inch-projector-screen-169-foldable-anti-crease-portable-polyester-screen-for-home-theater\/","name":"120-Inch Projector Screen \u2013 16:9 Foldable, Anti-Crease, Portable Polyester Screen for Home Theater - Happrun Projector","isPartOf":{"@id":"https:\/\/www.happrunprojector.com\/#website"},"primaryImageOfPage":{"@id":"https:\/\/www.happrunprojector.com\/120-inch-projector-screen-169-foldable-anti-crease-portable-polyester-screen-for-home-theater\/#primaryimage"},"image":{"@id":"https:\/\/www.happrunprojector.com\/120-inch-projector-screen-169-foldable-anti-crease-portable-polyester-screen-for-home-theater\/#primaryimage"},"thumbnailUrl":"https:\/\/www.happrunprojector.com\/wp-content\/uploads\/2025\/04\/81lKMedjwaS._AC_SL1500_.jpg","datePublished":"2025-04-28T07:24:48+00:00","dateModified":"2025-04-28T07:24:49+00:00","description":"Enjoy crystal-clear movie nights anywhere with this 120-inch Foldable Projector Screen!Crafted from premium natural polyester fabric, it delivers sharper, brighter images with anti-crease technology","breadcrumb":{"@id":"https:\/\/www.happrunprojector.com\/120-inch-projector-screen-169-foldable-anti-crease-portable-polyester-screen-for-home-theater\/#breadcrumb"},"inLanguage":"de","potentialAction":[{"@type":"ReadAction","target":["https:\/\/www.happrunprojector.com\/120-inch-projector-screen-169-foldable-anti-crease-portable-polyester-screen-for-home-theater\/"]}]},{"@type":"ImageObject","inLanguage":"de","@id":"https:\/\/www.happrunprojector.com\/120-inch-projector-screen-169-foldable-anti-crease-portable-polyester-screen-for-home-theater\/#primaryimage","url":"https:\/\/www.happrunprojector.com\/wp-content\/uploads\/2025\/04\/81lKMedjwaS._AC_SL1500_.jpg","contentUrl":"https:\/\/www.happrunprojector.com\/wp-content\/uploads\/2025\/04\/81lKMedjwaS._AC_SL1500_.jpg","width":1446,"height":1482,"caption":"120-Inch Projector Screen \u2013 16:9 Foldable, Anti-Crease, Portable Polyester Screen for Home Theater"},{"@type":"BreadcrumbList","@id":"https:\/\/www.happrunprojector.com\/120-inch-projector-screen-169-foldable-anti-crease-portable-polyester-screen-for-home-theater\/#breadcrumb","itemListElement":[{"@type":"ListItem","position":1,"name":"Home","item":"https:\/\/www.happrunprojector.com\/"},{"@type":"ListItem","position":2,"name":"Shop","item":"https:\/\/www.happrunprojector.com\/shop\/"},{"@type":"ListItem","position":3,"name":"120-Inch Projector Screen \u2013 16:9 Foldable, Anti-Crease, Portable Polyester Screen for Home Theater"}]},{"@type":"WebSite","@id":"https:\/\/www.happrunprojector.com\/#website","url":"https:\/\/www.happrunprojector.com\/","name":"Happrun Projector","description":"","potentialAction":[{"@type":"SearchAction","target":{"@type":"EntryPoint","urlTemplate":"https:\/\/www.happrunprojector.com\/?s={search_term_string}"},"query-input":"required name=search_term_string"}],"inLanguage":"de"}]}},"_links":{"self":[{"href":"https:\/\/www.happrunprojector.com\/de\/wp-json\/wp\/v2\/product\/3910","targetHints":{"allow":["GET"]}}],"collection":[{"href":"https:\/\/www.happrunprojector.com\/de\/wp-json\/wp\/v2\/product"}],"about":[{"href":"https:\/\/www.happrunprojector.com\/de\/wp-json\/wp\/v2\/types\/product"}],"replies":[{"embeddable":true,"href":"https:\/\/www.happrunprojector.com\/de\/wp-json\/wp\/v2\/comments?post=3910"}],"version-history":[{"count":1,"href":"https:\/\/www.happrunprojector.com\/de\/wp-json\/wp\/v2\/product\/3910\/revisions"}],"predecessor-version":[{"id":3912,"href":"https:\/\/www.happrunprojector.com\/de\/wp-json\/wp\/v2\/product\/3910\/revisions\/3912"}],"wp:featuredmedia":[{"embeddable":true,"href":"https:\/\/www.happrunprojector.com\/de\/wp-json\/wp\/v2\/media\/3911"}],"wp:attachment":[{"href":"https:\/\/www.happrunprojector.com\/de\/wp-json\/wp\/v2\/media?parent=3910"}],"wp:term":[{"taxonomy":"product_cat","embeddable":true,"href":"https:\/\/www.happrunprojector.com\/de\/wp-json\/wp\/v2\/product_cat?post=3910"},{"taxonomy":"product_tag","embeddable":true,"href":"https:\/\/www.happrunprojector.com\/de\/wp-json\/wp\/v2\/product_tag?post=3910"}],"curies":[{"name":"wp","href":"https:\/\/api.w.org\/{rel}","templated":true}]}}