{"id":3901,"date":"2025-04-28T07:11:18","date_gmt":"2025-04-28T07:11:18","guid":{"rendered":"https:\/\/www.happrunprojector.com\/?post_type=product&#038;p=3901"},"modified":"2025-04-28T07:11:58","modified_gmt":"2025-04-28T07:11:58","slug":"portable-outdoor-projector-screen-with-stand-180-inch-169","status":"publish","type":"product","link":"https:\/\/www.happrunprojector.com\/de\/produkt\/tragbare-projektorleinwand-fur-drausen-mit-stander-180-zoll-169\/","title":{"rendered":"Tragbare Outdoor-Projektionswand mit St\u00e4nder 180 Zoll 16:9"},"content":{"rendered":"<p class=\"\" data-start=\"337\" data-end=\"805\">Erleben Sie Filme wie nie zuvor mit diesem <strong data-start=\"399\" data-end=\"447\">180-Zoll-Au\u00dfenprojektionswand mit St\u00e4nder<\/strong>!<br data-start=\"448\" data-end=\"451\" \/>Er wurde f\u00fcr epische Filmabende im Hinterhof, Sportveranstaltungen und Pr\u00e4sentationen entwickelt und verf\u00fcgt \u00fcber ein <strong data-start=\"540\" data-end=\"569\">massiver 16:9-Anzeigebereich<\/strong>, <strong data-start=\"571\" data-end=\"606\">ultra-stabile verstellbare Stative<\/strong>und <strong data-start=\"612\" data-end=\"645\">Hochwertiges Glasfasermaterial<\/strong> f\u00fcr kristallklare 4K-Bilder. Der Bildschirm ist <strong data-start=\"688\" data-end=\"725\">knitterfreies, schwarz hinterlegtes Gewebe<\/strong> sorgt f\u00fcr maximale Ebenheit und lebendigen Farbkontrast, selbst in hellen Umgebungen.<\/p>\n<p class=\"\" data-start=\"807\" data-end=\"1188\">Die Einrichtung ist ein Kinderspiel - dank des intuitiven Designs mit <strong data-start=\"863\" data-end=\"902\">Aluminiumarme, flexible Seitenstreifen<\/strong>und <strong data-start=\"908\" data-end=\"946\">h\u00f6henverstellbare Schnalle mit einem Klick<\/strong>. Ob drinnen oder drau\u00dfen, die <strong data-start=\"981\" data-end=\"1006\">tragbare Tragetasche<\/strong>, <strong data-start=\"1008\" data-end=\"1025\">Erdspie\u00dfe<\/strong>und <strong data-start=\"1031\" data-end=\"1050\">winddichte Seile<\/strong> k\u00f6nnen Sie \u00fcberall und zu jeder Zeit Unterhaltung genie\u00dfen.<br data-start=\"1097\" data-end=\"1100\" \/>Au\u00dferdem k\u00f6nnen Sie ihn sogar an der Wand befestigen, um ein elegantes, platzsparendes Heimkinoerlebnis zu schaffen.<\/p>\n<p class=\"\" data-start=\"1190\" data-end=\"1345\"><strong data-start=\"1190\" data-end=\"1206\">Perfekt f\u00fcr:<\/strong><br data-start=\"1206\" data-end=\"1209\" \/>\ud83c\udfac Filmabende im Hinterhof<br data-start=\"1233\" data-end=\"1236\" \/>\ud83c\udfae Spielturniere<br data-start=\"1255\" data-end=\"1258\" \/>\ud83c\udfc8 Sportfeste<br data-start=\"1283\" data-end=\"1286\" \/>\ud83c\udfa4 Gesch\u00e4ftspr\u00e4sentationen<br data-start=\"1311\" data-end=\"1314\" \/>\ud83c\udf89 Familienzusammenk\u00fcnfte und Veranstaltungen<\/p>\n<p class=\"\" data-start=\"1347\" data-end=\"1444\">Holen Sie sich die gro\u00dfe Leinwand nach Hause - <strong data-start=\"1375\" data-end=\"1444\">Einfache Einrichtung, stabile Unterst\u00fctzung und erstklassige Bildqualit\u00e4t inklusive!<\/strong><\/p>","protected":false},"excerpt":{"rendered":"<p class=\"\" data-start=\"1190\" data-end=\"1345\"><strong data-start=\"1190\" data-end=\"1206\">Perfekt f\u00fcr:<\/strong><br data-start=\"1206\" data-end=\"1209\" \/>\ud83c\udfac Filmabende im Hinterhof<br data-start=\"1233\" data-end=\"1236\" \/>\ud83c\udfae Spielturniere<br data-start=\"1255\" data-end=\"1258\" \/>\ud83c\udfc8 Sportfeste<br data-start=\"1283\" data-end=\"1286\" \/>\ud83c\udfa4 Gesch\u00e4ftspr\u00e4sentationen<br data-start=\"1311\" data-end=\"1314\" \/>\ud83c\udf89 Familienzusammenk\u00fcnfte und Veranstaltungen<\/p>\n<p class=\"\" data-start=\"1347\" data-end=\"1444\">Holen Sie sich die gro\u00dfe Leinwand nach Hause - <strong data-start=\"1375\" data-end=\"1444\">Einfache Einrichtung, stabile Unterst\u00fctzung und erstklassige Bildqualit\u00e4t inklusive!<\/strong><\/p>","protected":false},"featured_media":3902,"comment_status":"open","ping_status":"closed","template":"","meta":{"_themeisle_gutenberg_block_has_review":false},"product_cat":[137],"product_tag":[],"class_list":{"0":"post-3901","1":"product","2":"type-product","3":"status-publish","4":"has-post-thumbnail","6":"product_cat-projector-screen","8":"first","9":"instock","10":"sale","11":"shipping-taxable","12":"product-type-external"},"yoast_head":"<!-- This site is optimized with the Yoast SEO plugin v22.7 - https:\/\/yoast.com\/wordpress\/plugins\/seo\/ -->\n<title>Portable Outdoor Projector Screen with Stand 180 inch 16:9 - Happrun Projector<\/title>\n<meta name=\"description\" content=\"Designed for epic backyard movie nights, sports events, and presentations, it features a massive 16:9 viewing area, ultra-stable adjustable tripods, and high-gain fiberglass material for crystal-clear 4K images.\" \/>\n<meta name=\"robots\" content=\"index, follow, max-snippet:-1, max-image-preview:large, max-video-preview:-1\" \/>\n<link rel=\"canonical\" href=\"https:\/\/www.happrunprojector.com\/de\/portable-outdoor-projector-screen-with-stand-180-inch-169\/\" \/>\n<meta property=\"og:locale\" content=\"de_DE\" \/>\n<meta property=\"og:type\" content=\"article\" \/>\n<meta property=\"og:title\" content=\"Portable Outdoor Projector Screen with Stand 180 inch 16:9 - Happrun Projector\" \/>\n<meta property=\"og:description\" content=\"Designed for epic backyard movie nights, sports events, and presentations, it features a massive 16:9 viewing area, ultra-stable adjustable tripods, and high-gain fiberglass material for crystal-clear 4K images.\" \/>\n<meta property=\"og:url\" content=\"https:\/\/www.happrunprojector.com\/de\/portable-outdoor-projector-screen-with-stand-180-inch-169\/\" \/>\n<meta property=\"og:site_name\" content=\"Happrun Projector\" \/>\n<meta property=\"article:modified_time\" content=\"2025-04-28T07:11:58+00:00\" \/>\n<meta property=\"og:image\" content=\"https:\/\/www.happrunprojector.com\/wp-content\/uploads\/2025\/04\/Outdoor-Projector-Screen-With-Stand-180.jpg\" \/>\n\t<meta property=\"og:image:width\" content=\"1500\" \/>\n\t<meta property=\"og:image:height\" content=\"1478\" \/>\n\t<meta property=\"og:image:type\" content=\"image\/jpeg\" \/>\n<meta name=\"twitter:card\" content=\"summary_large_image\" \/>\n<meta name=\"twitter:label1\" content=\"Gesch\u00e4tzte Lesezeit\" \/>\n\t<meta name=\"twitter:data1\" content=\"1 Minute\" \/>\n<script type=\"application\/ld+json\" class=\"yoast-schema-graph\">{\"@context\":\"https:\/\/schema.org\",\"@graph\":[{\"@type\":\"WebPage\",\"@id\":\"https:\/\/www.happrunprojector.com\/portable-outdoor-projector-screen-with-stand-180-inch-169\/\",\"url\":\"https:\/\/www.happrunprojector.com\/portable-outdoor-projector-screen-with-stand-180-inch-169\/\",\"name\":\"Portable Outdoor Projector Screen with Stand 180 inch 16:9 - Happrun Projector\",\"isPartOf\":{\"@id\":\"https:\/\/www.happrunprojector.com\/#website\"},\"primaryImageOfPage\":{\"@id\":\"https:\/\/www.happrunprojector.com\/portable-outdoor-projector-screen-with-stand-180-inch-169\/#primaryimage\"},\"image\":{\"@id\":\"https:\/\/www.happrunprojector.com\/portable-outdoor-projector-screen-with-stand-180-inch-169\/#primaryimage\"},\"thumbnailUrl\":\"https:\/\/www.happrunprojector.com\/wp-content\/uploads\/2025\/04\/Outdoor-Projector-Screen-With-Stand-180.jpg\",\"datePublished\":\"2025-04-28T07:11:18+00:00\",\"dateModified\":\"2025-04-28T07:11:58+00:00\",\"description\":\"Designed for epic backyard movie nights, sports events, and presentations, it features a massive 16:9 viewing area, ultra-stable adjustable tripods, and high-gain fiberglass material for crystal-clear 4K images.\",\"breadcrumb\":{\"@id\":\"https:\/\/www.happrunprojector.com\/portable-outdoor-projector-screen-with-stand-180-inch-169\/#breadcrumb\"},\"inLanguage\":\"de\",\"potentialAction\":[{\"@type\":\"ReadAction\",\"target\":[\"https:\/\/www.happrunprojector.com\/portable-outdoor-projector-screen-with-stand-180-inch-169\/\"]}]},{\"@type\":\"ImageObject\",\"inLanguage\":\"de\",\"@id\":\"https:\/\/www.happrunprojector.com\/portable-outdoor-projector-screen-with-stand-180-inch-169\/#primaryimage\",\"url\":\"https:\/\/www.happrunprojector.com\/wp-content\/uploads\/2025\/04\/Outdoor-Projector-Screen-With-Stand-180.jpg\",\"contentUrl\":\"https:\/\/www.happrunprojector.com\/wp-content\/uploads\/2025\/04\/Outdoor-Projector-Screen-With-Stand-180.jpg\",\"width\":1500,\"height\":1478,\"caption\":\"Outdoor Projector Screen With Stand 180\"},{\"@type\":\"BreadcrumbList\",\"@id\":\"https:\/\/www.happrunprojector.com\/portable-outdoor-projector-screen-with-stand-180-inch-169\/#breadcrumb\",\"itemListElement\":[{\"@type\":\"ListItem\",\"position\":1,\"name\":\"Home\",\"item\":\"https:\/\/www.happrunprojector.com\/\"},{\"@type\":\"ListItem\",\"position\":2,\"name\":\"Shop\",\"item\":\"https:\/\/www.happrunprojector.com\/shop\/\"},{\"@type\":\"ListItem\",\"position\":3,\"name\":\"Portable Outdoor Projector Screen with Stand 180 inch 16:9\"}]},{\"@type\":\"WebSite\",\"@id\":\"https:\/\/www.happrunprojector.com\/#website\",\"url\":\"https:\/\/www.happrunprojector.com\/\",\"name\":\"Happrun Projector\",\"description\":\"\",\"potentialAction\":[{\"@type\":\"SearchAction\",\"target\":{\"@type\":\"EntryPoint\",\"urlTemplate\":\"https:\/\/www.happrunprojector.com\/?s={search_term_string}\"},\"query-input\":\"required name=search_term_string\"}],\"inLanguage\":\"de\"}]}<\/script>\n<!-- \/ Yoast SEO plugin. -->","yoast_head_json":{"title":"Portable Outdoor Projector Screen with Stand 180 inch 16:9 - Happrun Projector","description":"Designed for epic backyard movie nights, sports events, and presentations, it features a massive 16:9 viewing area, ultra-stable adjustable tripods, and high-gain fiberglass material for crystal-clear 4K images.","robots":{"index":"index","follow":"follow","max-snippet":"max-snippet:-1","max-image-preview":"max-image-preview:large","max-video-preview":"max-video-preview:-1"},"canonical":"https:\/\/www.happrunprojector.com\/de\/portable-outdoor-projector-screen-with-stand-180-inch-169\/","og_locale":"de_DE","og_type":"article","og_title":"Portable Outdoor Projector Screen with Stand 180 inch 16:9 - Happrun Projector","og_description":"Designed for epic backyard movie nights, sports events, and presentations, it features a massive 16:9 viewing area, ultra-stable adjustable tripods, and high-gain fiberglass material for crystal-clear 4K images.","og_url":"https:\/\/www.happrunprojector.com\/de\/portable-outdoor-projector-screen-with-stand-180-inch-169\/","og_site_name":"Happrun Projector","article_modified_time":"2025-04-28T07:11:58+00:00","og_image":[{"width":1500,"height":1478,"url":"https:\/\/www.happrunprojector.com\/wp-content\/uploads\/2025\/04\/Outdoor-Projector-Screen-With-Stand-180.jpg","type":"image\/jpeg"}],"twitter_card":"summary_large_image","twitter_misc":{"Gesch\u00e4tzte Lesezeit":"1 Minute"},"schema":{"@context":"https:\/\/schema.org","@graph":[{"@type":"WebPage","@id":"https:\/\/www.happrunprojector.com\/portable-outdoor-projector-screen-with-stand-180-inch-169\/","url":"https:\/\/www.happrunprojector.com\/portable-outdoor-projector-screen-with-stand-180-inch-169\/","name":"Portable Outdoor Projector Screen with Stand 180 inch 16:9 - Happrun Projector","isPartOf":{"@id":"https:\/\/www.happrunprojector.com\/#website"},"primaryImageOfPage":{"@id":"https:\/\/www.happrunprojector.com\/portable-outdoor-projector-screen-with-stand-180-inch-169\/#primaryimage"},"image":{"@id":"https:\/\/www.happrunprojector.com\/portable-outdoor-projector-screen-with-stand-180-inch-169\/#primaryimage"},"thumbnailUrl":"https:\/\/www.happrunprojector.com\/wp-content\/uploads\/2025\/04\/Outdoor-Projector-Screen-With-Stand-180.jpg","datePublished":"2025-04-28T07:11:18+00:00","dateModified":"2025-04-28T07:11:58+00:00","description":"Designed for epic backyard movie nights, sports events, and presentations, it features a massive 16:9 viewing area, ultra-stable adjustable tripods, and high-gain fiberglass material for crystal-clear 4K images.","breadcrumb":{"@id":"https:\/\/www.happrunprojector.com\/portable-outdoor-projector-screen-with-stand-180-inch-169\/#breadcrumb"},"inLanguage":"de","potentialAction":[{"@type":"ReadAction","target":["https:\/\/www.happrunprojector.com\/portable-outdoor-projector-screen-with-stand-180-inch-169\/"]}]},{"@type":"ImageObject","inLanguage":"de","@id":"https:\/\/www.happrunprojector.com\/portable-outdoor-projector-screen-with-stand-180-inch-169\/#primaryimage","url":"https:\/\/www.happrunprojector.com\/wp-content\/uploads\/2025\/04\/Outdoor-Projector-Screen-With-Stand-180.jpg","contentUrl":"https:\/\/www.happrunprojector.com\/wp-content\/uploads\/2025\/04\/Outdoor-Projector-Screen-With-Stand-180.jpg","width":1500,"height":1478,"caption":"Outdoor Projector Screen With Stand 180"},{"@type":"BreadcrumbList","@id":"https:\/\/www.happrunprojector.com\/portable-outdoor-projector-screen-with-stand-180-inch-169\/#breadcrumb","itemListElement":[{"@type":"ListItem","position":1,"name":"Home","item":"https:\/\/www.happrunprojector.com\/"},{"@type":"ListItem","position":2,"name":"Shop","item":"https:\/\/www.happrunprojector.com\/shop\/"},{"@type":"ListItem","position":3,"name":"Portable Outdoor Projector Screen with Stand 180 inch 16:9"}]},{"@type":"WebSite","@id":"https:\/\/www.happrunprojector.com\/#website","url":"https:\/\/www.happrunprojector.com\/","name":"Happrun Projector","description":"","potentialAction":[{"@type":"SearchAction","target":{"@type":"EntryPoint","urlTemplate":"https:\/\/www.happrunprojector.com\/?s={search_term_string}"},"query-input":"required name=search_term_string"}],"inLanguage":"de"}]}},"_links":{"self":[{"href":"https:\/\/www.happrunprojector.com\/de\/wp-json\/wp\/v2\/product\/3901","targetHints":{"allow":["GET"]}}],"collection":[{"href":"https:\/\/www.happrunprojector.com\/de\/wp-json\/wp\/v2\/product"}],"about":[{"href":"https:\/\/www.happrunprojector.com\/de\/wp-json\/wp\/v2\/types\/product"}],"replies":[{"embeddable":true,"href":"https:\/\/www.happrunprojector.com\/de\/wp-json\/wp\/v2\/comments?post=3901"}],"version-history":[{"count":2,"href":"https:\/\/www.happrunprojector.com\/de\/wp-json\/wp\/v2\/product\/3901\/revisions"}],"predecessor-version":[{"id":3904,"href":"https:\/\/www.happrunprojector.com\/de\/wp-json\/wp\/v2\/product\/3901\/revisions\/3904"}],"wp:featuredmedia":[{"embeddable":true,"href":"https:\/\/www.happrunprojector.com\/de\/wp-json\/wp\/v2\/media\/3902"}],"wp:attachment":[{"href":"https:\/\/www.happrunprojector.com\/de\/wp-json\/wp\/v2\/media?parent=3901"}],"wp:term":[{"taxonomy":"product_cat","embeddable":true,"href":"https:\/\/www.happrunprojector.com\/de\/wp-json\/wp\/v2\/product_cat?post=3901"},{"taxonomy":"product_tag","embeddable":true,"href":"https:\/\/www.happrunprojector.com\/de\/wp-json\/wp\/v2\/product_tag?post=3901"}],"curies":[{"name":"wp","href":"https:\/\/api.w.org\/{rel}","templated":true}]}}