{"id":3782,"date":"2024-12-24T09:47:04","date_gmt":"2024-12-24T09:47:04","guid":{"rendered":"https:\/\/www.happrunprojector.com\/?post_type=product&#038;p=3782"},"modified":"2025-10-15T09:17:09","modified_gmt":"2025-10-15T09:17:09","slug":"happrun-510g-projector-google-tv-projector-with-wifi-and-bluetooth-4k-support-netflix-licensed-hdr-10","status":"publish","type":"product","link":"https:\/\/www.happrunprojector.com\/de\/produkt\/happrun-510g-projektor-google-tv-projektor-mit-wifi-und-bluetooth-4k-unterstutzung-netflix-lizenziert-hdr-10\/","title":{"rendered":"HAPPRUN 510G Projektor: Google TV-Projektor mit WiFi und Bluetooth, 4K-Unterst\u00fctzung, Netflix-Lizenz, HDR 10+"},"content":{"rendered":"<p>Verwandeln Sie jeden Raum in ein cineastisches Paradies mit dem <strong>HAPPRUN Google TV Projektor<\/strong>. Dieser Projektor wurde f\u00fcr ultimativen Komfort und \u00fcberragende Leistung entwickelt und bietet <strong>native 1080P-Aufl\u00f6sung<\/strong>, <strong>Unterst\u00fctzung von 4K-Inhalten<\/strong>und <strong>HDR10+ Technologie<\/strong>und liefert kristallklare Bilder mit tiefen Kontrasten und leuchtenden Farben. Mit <strong>350 ANSI-Lumen Helligkeit<\/strong> und eine <strong>20.000:1 Kontrastverh\u00e4ltnis<\/strong>wird jede Szene zum Leben erweckt, ganz gleich, ob Sie Filme ansehen, Sendungen streamen oder spielen.<\/p>\n<p>Das Besondere an diesem Projektor ist seine <strong>Google TV-Integration<\/strong> mit offiziellen <strong>Netflix-Lizenzierung<\/strong>und erm\u00f6glicht den einfachen Zugang zu den besten Streaming-Apps wie <strong>Disney+<\/strong>, <strong>YouTube<\/strong>, <strong>Prime Video<\/strong>und mehr - und das alles ohne einen zus\u00e4tzlichen TV-Stick. Steuern Sie Ihre Unterhaltung m\u00fchelos mit dem <strong>Google Sprachassistent<\/strong>und erm\u00f6glicht die freih\u00e4ndige Steuerung von Navigation, Wiedergabe und Einstellungen.<\/p>\n<p>Die Konnektivit\u00e4t ist nahtlos mit <strong>Dual-Band 2.4G+5G WiFi<\/strong>, <strong>Zwei-Wege-Bluetooth 5.2<\/strong>und Unterst\u00fctzung f\u00fcr <strong>Google Cast<\/strong> und <strong>AirPlay<\/strong>Damit wird die Spiegelung von Smartphones und Tablets zum Kinderspiel. Der Projektor unterst\u00fctzt au\u00dferdem mehrere Montageoptionen.<strong>Decken-, Tisch-, Stativ- oder Wandmontage<\/strong>-Gew\u00e4hrleistet Flexibilit\u00e4t f\u00fcr jede Einrichtung.<\/p>\n<p>Ideal f\u00fcr <strong>Heimkinos, Filmabende im Freien, Spielemarathons oder Familientreffen<\/strong>die <strong>HAPPRUN Google TV Projektor<\/strong> definiert Unterhaltung neu - mit fesselndem Sound, brillanten Bildern und intelligenten Anschlussm\u00f6glichkeiten. Erleben Sie die Zukunft des Home-Entertainments mit einem Projektor, der f\u00fcr Leistung, Komfort und endlosen Spa\u00df gebaut wurde!<\/p>","protected":false},"excerpt":{"rendered":"<p>Verbessern Sie Ihr Home Entertainment mit dem <strong>HAPPRUN Google TV Projektor<\/strong>. Mit einheimischen <strong>1080P Aufl\u00f6sung<\/strong>, <strong>4K-Unterst\u00fctzung<\/strong>, <strong>HDR10+<\/strong>und <strong>350 ANSI-Lumen<\/strong>Es liefert atemberaubende Bilder mit leuchtenden Farben und scharfen Kontrasten. Offiziell <strong>Netflix lizenziert<\/strong>bietet dieser Projektor nahtlosen Zugang zu Ihren bevorzugten Streaming-Plattformen wie <strong>Disney+<\/strong>, <strong>Prime Video<\/strong>und <strong>YouTube<\/strong>. Genie\u00dfen Sie m\u00fchelose Konnektivit\u00e4t mit <strong>Dual-Band-WiFi<\/strong>, <strong>Bluetooth 5.2<\/strong>und Unterst\u00fctzung f\u00fcr <strong>Google Cast<\/strong> und <strong>AirPlay<\/strong>. Ob drinnen oder drau\u00dfen, dieser intelligente Projektor verspricht ein beeindruckendes Kinoerlebnis auf Bildschirmen bis zu <strong>200 Zoll<\/strong>.<\/p>","protected":false},"featured_media":3784,"comment_status":"open","ping_status":"closed","template":"","meta":{"_themeisle_gutenberg_block_has_review":false},"product_cat":[134],"product_tag":[],"class_list":{"0":"post-3782","1":"product","2":"type-product","3":"status-publish","4":"has-post-thumbnail","6":"product_cat-projector","8":"first","9":"instock","10":"sale","11":"shipping-taxable","12":"product-type-external"},"yoast_head":"<!-- This site is optimized with the Yoast SEO plugin v22.7 - https:\/\/yoast.com\/wordpress\/plugins\/seo\/ -->\n<title>HAPPRUN 510G Projector: Google TV Projector with WiFi and Bluetooth, 4K Support, Netflix-Licensed, HDR 10+ - Happrun Projector<\/title>\n<meta name=\"description\" content=\"Elevate your home entertainment with the HAPPRUN Google TV Projector. Featuring native 1080P resolution, 4K support, HDR10+, and 350 ANSI lumens, it delivers stunning visuals with vibrant colors and sharp contrasts.\" \/>\n<meta name=\"robots\" content=\"index, follow, max-snippet:-1, max-image-preview:large, max-video-preview:-1\" \/>\n<link rel=\"canonical\" href=\"https:\/\/www.happrunprojector.com\/de\/happrun-510g-projector-google-tv-projector-with-wifi-and-bluetooth-4k-support-netflix-licensed-hdr-10\/\" \/>\n<meta property=\"og:locale\" content=\"de_DE\" \/>\n<meta property=\"og:type\" content=\"article\" \/>\n<meta property=\"og:title\" content=\"HAPPRUN 510G Projector: Google TV Projector with WiFi and Bluetooth, 4K Support, Netflix-Licensed, HDR 10+ - Happrun Projector\" \/>\n<meta property=\"og:description\" content=\"Elevate your home entertainment with the HAPPRUN Google TV Projector. Featuring native 1080P resolution, 4K support, HDR10+, and 350 ANSI lumens, it delivers stunning visuals with vibrant colors and sharp contrasts.\" \/>\n<meta property=\"og:url\" content=\"https:\/\/www.happrunprojector.com\/de\/happrun-510g-projector-google-tv-projector-with-wifi-and-bluetooth-4k-support-netflix-licensed-hdr-10\/\" \/>\n<meta property=\"og:site_name\" content=\"Happrun Projector\" \/>\n<meta property=\"article:modified_time\" content=\"2025-10-15T09:17:09+00:00\" \/>\n<meta property=\"og:image\" content=\"https:\/\/www.happrunprojector.com\/wp-content\/uploads\/2024\/12\/71f3GNS2qZL._AC_SL1500_.jpg\" \/>\n\t<meta property=\"og:image:width\" content=\"1497\" \/>\n\t<meta property=\"og:image:height\" content=\"1500\" \/>\n\t<meta property=\"og:image:type\" content=\"image\/jpeg\" \/>\n<meta name=\"twitter:card\" content=\"summary_large_image\" \/>\n<meta name=\"twitter:label1\" content=\"Gesch\u00e4tzte Lesezeit\" \/>\n\t<meta name=\"twitter:data1\" content=\"2 Minuten\" \/>\n<script type=\"application\/ld+json\" class=\"yoast-schema-graph\">{\"@context\":\"https:\/\/schema.org\",\"@graph\":[{\"@type\":\"WebPage\",\"@id\":\"https:\/\/www.happrunprojector.com\/happrun-510g-projector-google-tv-projector-with-wifi-and-bluetooth-4k-support-netflix-licensed-hdr-10\/\",\"url\":\"https:\/\/www.happrunprojector.com\/happrun-510g-projector-google-tv-projector-with-wifi-and-bluetooth-4k-support-netflix-licensed-hdr-10\/\",\"name\":\"HAPPRUN 510G Projector: Google TV Projector with WiFi and Bluetooth, 4K Support, Netflix-Licensed, HDR 10+ - Happrun Projector\",\"isPartOf\":{\"@id\":\"https:\/\/www.happrunprojector.com\/#website\"},\"primaryImageOfPage\":{\"@id\":\"https:\/\/www.happrunprojector.com\/happrun-510g-projector-google-tv-projector-with-wifi-and-bluetooth-4k-support-netflix-licensed-hdr-10\/#primaryimage\"},\"image\":{\"@id\":\"https:\/\/www.happrunprojector.com\/happrun-510g-projector-google-tv-projector-with-wifi-and-bluetooth-4k-support-netflix-licensed-hdr-10\/#primaryimage\"},\"thumbnailUrl\":\"https:\/\/www.happrunprojector.com\/wp-content\/uploads\/2024\/12\/71f3GNS2qZL._AC_SL1500_.jpg\",\"datePublished\":\"2024-12-24T09:47:04+00:00\",\"dateModified\":\"2025-10-15T09:17:09+00:00\",\"description\":\"Elevate your home entertainment with the HAPPRUN Google TV Projector. Featuring native 1080P resolution, 4K support, HDR10+, and 350 ANSI lumens, it delivers stunning visuals with vibrant colors and sharp contrasts.\",\"breadcrumb\":{\"@id\":\"https:\/\/www.happrunprojector.com\/happrun-510g-projector-google-tv-projector-with-wifi-and-bluetooth-4k-support-netflix-licensed-hdr-10\/#breadcrumb\"},\"inLanguage\":\"de\",\"potentialAction\":[{\"@type\":\"ReadAction\",\"target\":[\"https:\/\/www.happrunprojector.com\/happrun-510g-projector-google-tv-projector-with-wifi-and-bluetooth-4k-support-netflix-licensed-hdr-10\/\"]}]},{\"@type\":\"ImageObject\",\"inLanguage\":\"de\",\"@id\":\"https:\/\/www.happrunprojector.com\/happrun-510g-projector-google-tv-projector-with-wifi-and-bluetooth-4k-support-netflix-licensed-hdr-10\/#primaryimage\",\"url\":\"https:\/\/www.happrunprojector.com\/wp-content\/uploads\/2024\/12\/71f3GNS2qZL._AC_SL1500_.jpg\",\"contentUrl\":\"https:\/\/www.happrunprojector.com\/wp-content\/uploads\/2024\/12\/71f3GNS2qZL._AC_SL1500_.jpg\",\"width\":1497,\"height\":1500,\"caption\":\"HAPPRUN 510G Projector\"},{\"@type\":\"BreadcrumbList\",\"@id\":\"https:\/\/www.happrunprojector.com\/happrun-510g-projector-google-tv-projector-with-wifi-and-bluetooth-4k-support-netflix-licensed-hdr-10\/#breadcrumb\",\"itemListElement\":[{\"@type\":\"ListItem\",\"position\":1,\"name\":\"Home\",\"item\":\"https:\/\/www.happrunprojector.com\/\"},{\"@type\":\"ListItem\",\"position\":2,\"name\":\"Shop\",\"item\":\"https:\/\/www.happrunprojector.com\/shop\/\"},{\"@type\":\"ListItem\",\"position\":3,\"name\":\"HAPPRUN 510G Projector: Google TV Projector with WiFi and Bluetooth, 4K Support, Netflix-Licensed, HDR 10+\"}]},{\"@type\":\"WebSite\",\"@id\":\"https:\/\/www.happrunprojector.com\/#website\",\"url\":\"https:\/\/www.happrunprojector.com\/\",\"name\":\"Happrun Projector\",\"description\":\"\",\"potentialAction\":[{\"@type\":\"SearchAction\",\"target\":{\"@type\":\"EntryPoint\",\"urlTemplate\":\"https:\/\/www.happrunprojector.com\/?s={search_term_string}\"},\"query-input\":\"required name=search_term_string\"}],\"inLanguage\":\"de\"}]}<\/script>\n<!-- \/ Yoast SEO plugin. -->","yoast_head_json":{"title":"HAPPRUN 510G Projector: Google TV Projector with WiFi and Bluetooth, 4K Support, Netflix-Licensed, HDR 10+ - Happrun Projector","description":"Elevate your home entertainment with the HAPPRUN Google TV Projector. Featuring native 1080P resolution, 4K support, HDR10+, and 350 ANSI lumens, it delivers stunning visuals with vibrant colors and sharp contrasts.","robots":{"index":"index","follow":"follow","max-snippet":"max-snippet:-1","max-image-preview":"max-image-preview:large","max-video-preview":"max-video-preview:-1"},"canonical":"https:\/\/www.happrunprojector.com\/de\/happrun-510g-projector-google-tv-projector-with-wifi-and-bluetooth-4k-support-netflix-licensed-hdr-10\/","og_locale":"de_DE","og_type":"article","og_title":"HAPPRUN 510G Projector: Google TV Projector with WiFi and Bluetooth, 4K Support, Netflix-Licensed, HDR 10+ - Happrun Projector","og_description":"Elevate your home entertainment with the HAPPRUN Google TV Projector. Featuring native 1080P resolution, 4K support, HDR10+, and 350 ANSI lumens, it delivers stunning visuals with vibrant colors and sharp contrasts.","og_url":"https:\/\/www.happrunprojector.com\/de\/happrun-510g-projector-google-tv-projector-with-wifi-and-bluetooth-4k-support-netflix-licensed-hdr-10\/","og_site_name":"Happrun Projector","article_modified_time":"2025-10-15T09:17:09+00:00","og_image":[{"width":1497,"height":1500,"url":"https:\/\/www.happrunprojector.com\/wp-content\/uploads\/2024\/12\/71f3GNS2qZL._AC_SL1500_.jpg","type":"image\/jpeg"}],"twitter_card":"summary_large_image","twitter_misc":{"Gesch\u00e4tzte Lesezeit":"2 Minuten"},"schema":{"@context":"https:\/\/schema.org","@graph":[{"@type":"WebPage","@id":"https:\/\/www.happrunprojector.com\/happrun-510g-projector-google-tv-projector-with-wifi-and-bluetooth-4k-support-netflix-licensed-hdr-10\/","url":"https:\/\/www.happrunprojector.com\/happrun-510g-projector-google-tv-projector-with-wifi-and-bluetooth-4k-support-netflix-licensed-hdr-10\/","name":"HAPPRUN 510G Projector: Google TV Projector with WiFi and Bluetooth, 4K Support, Netflix-Licensed, HDR 10+ - Happrun Projector","isPartOf":{"@id":"https:\/\/www.happrunprojector.com\/#website"},"primaryImageOfPage":{"@id":"https:\/\/www.happrunprojector.com\/happrun-510g-projector-google-tv-projector-with-wifi-and-bluetooth-4k-support-netflix-licensed-hdr-10\/#primaryimage"},"image":{"@id":"https:\/\/www.happrunprojector.com\/happrun-510g-projector-google-tv-projector-with-wifi-and-bluetooth-4k-support-netflix-licensed-hdr-10\/#primaryimage"},"thumbnailUrl":"https:\/\/www.happrunprojector.com\/wp-content\/uploads\/2024\/12\/71f3GNS2qZL._AC_SL1500_.jpg","datePublished":"2024-12-24T09:47:04+00:00","dateModified":"2025-10-15T09:17:09+00:00","description":"Elevate your home entertainment with the HAPPRUN Google TV Projector. Featuring native 1080P resolution, 4K support, HDR10+, and 350 ANSI lumens, it delivers stunning visuals with vibrant colors and sharp contrasts.","breadcrumb":{"@id":"https:\/\/www.happrunprojector.com\/happrun-510g-projector-google-tv-projector-with-wifi-and-bluetooth-4k-support-netflix-licensed-hdr-10\/#breadcrumb"},"inLanguage":"de","potentialAction":[{"@type":"ReadAction","target":["https:\/\/www.happrunprojector.com\/happrun-510g-projector-google-tv-projector-with-wifi-and-bluetooth-4k-support-netflix-licensed-hdr-10\/"]}]},{"@type":"ImageObject","inLanguage":"de","@id":"https:\/\/www.happrunprojector.com\/happrun-510g-projector-google-tv-projector-with-wifi-and-bluetooth-4k-support-netflix-licensed-hdr-10\/#primaryimage","url":"https:\/\/www.happrunprojector.com\/wp-content\/uploads\/2024\/12\/71f3GNS2qZL._AC_SL1500_.jpg","contentUrl":"https:\/\/www.happrunprojector.com\/wp-content\/uploads\/2024\/12\/71f3GNS2qZL._AC_SL1500_.jpg","width":1497,"height":1500,"caption":"HAPPRUN 510G Projector"},{"@type":"BreadcrumbList","@id":"https:\/\/www.happrunprojector.com\/happrun-510g-projector-google-tv-projector-with-wifi-and-bluetooth-4k-support-netflix-licensed-hdr-10\/#breadcrumb","itemListElement":[{"@type":"ListItem","position":1,"name":"Home","item":"https:\/\/www.happrunprojector.com\/"},{"@type":"ListItem","position":2,"name":"Shop","item":"https:\/\/www.happrunprojector.com\/shop\/"},{"@type":"ListItem","position":3,"name":"HAPPRUN 510G Projector: Google TV Projector with WiFi and Bluetooth, 4K Support, Netflix-Licensed, HDR 10+"}]},{"@type":"WebSite","@id":"https:\/\/www.happrunprojector.com\/#website","url":"https:\/\/www.happrunprojector.com\/","name":"Happrun Projector","description":"","potentialAction":[{"@type":"SearchAction","target":{"@type":"EntryPoint","urlTemplate":"https:\/\/www.happrunprojector.com\/?s={search_term_string}"},"query-input":"required name=search_term_string"}],"inLanguage":"de"}]}},"_links":{"self":[{"href":"https:\/\/www.happrunprojector.com\/de\/wp-json\/wp\/v2\/product\/3782","targetHints":{"allow":["GET"]}}],"collection":[{"href":"https:\/\/www.happrunprojector.com\/de\/wp-json\/wp\/v2\/product"}],"about":[{"href":"https:\/\/www.happrunprojector.com\/de\/wp-json\/wp\/v2\/types\/product"}],"replies":[{"embeddable":true,"href":"https:\/\/www.happrunprojector.com\/de\/wp-json\/wp\/v2\/comments?post=3782"}],"version-history":[{"count":1,"href":"https:\/\/www.happrunprojector.com\/de\/wp-json\/wp\/v2\/product\/3782\/revisions"}],"predecessor-version":[{"id":3792,"href":"https:\/\/www.happrunprojector.com\/de\/wp-json\/wp\/v2\/product\/3782\/revisions\/3792"}],"wp:featuredmedia":[{"embeddable":true,"href":"https:\/\/www.happrunprojector.com\/de\/wp-json\/wp\/v2\/media\/3784"}],"wp:attachment":[{"href":"https:\/\/www.happrunprojector.com\/de\/wp-json\/wp\/v2\/media?parent=3782"}],"wp:term":[{"taxonomy":"product_cat","embeddable":true,"href":"https:\/\/www.happrunprojector.com\/de\/wp-json\/wp\/v2\/product_cat?post=3782"},{"taxonomy":"product_tag","embeddable":true,"href":"https:\/\/www.happrunprojector.com\/de\/wp-json\/wp\/v2\/product_tag?post=3782"}],"curies":[{"name":"wp","href":"https:\/\/api.w.org\/{rel}","templated":true}]}}