{"id":3532,"date":"2024-05-14T08:39:07","date_gmt":"2024-05-14T08:39:07","guid":{"rendered":"https:\/\/www.happrunprojector.com\/?post_type=product&#038;p=3532"},"modified":"2024-12-24T09:29:27","modified_gmt":"2024-12-24T09:29:27","slug":"happrun-yg291-mini-electric-focus-projector","status":"publish","type":"product","link":"https:\/\/www.happrunprojector.com\/de\/produkt\/happrun-yg291-mini-electric-focus-projektor\/","title":{"rendered":"HAPPRUN YG291: Mini-Projektor mit elektrischem Fokus"},"content":{"rendered":"<p>Mit dem HAPPRUN YG291 Mini-Projektor k\u00f6nnen Sie Ihre Filmabende aufwerten. Er verf\u00fcgt \u00fcber eine innovative elektrische Fokussierungstechnologie, die innerhalb von Sekunden ein klares Bild liefert. Verabschieden Sie sich von der manuellen Fokussierung und begr\u00fc\u00dfen Sie die m\u00fchelose Klarheit mit der intelligenten Fernbedienung, mit der Sie den Fokus einstellen k\u00f6nnen, w\u00e4hrend Sie bequem auf Ihrem Sofa oder Bett liegen.<\/p>\n<p>Dieser kompakte und leichte Miniprojektor ist mit einer Gr\u00f6\u00dfe von nur 8,85 x 7,08 x 5,31 Zoll und einem Gewicht von nur 2,5 Pfund \u00e4u\u00dferst mobil. Ob zu Hause oder in der freien Natur, der YG291 ist Ihr zuverl\u00e4ssiger Begleiter f\u00fcr Filmmarathons, Videospiele oder sogar Outdoor-Kinoerlebnisse bei Campingausfl\u00fcgen oder Versammlungen im Hinterhof.<\/p>\n<p>Genie\u00dfen Sie atemberaubende visuelle Erlebnisse mit 1080p-Unterst\u00fctzung und einem beeindruckenden dynamischen Kontrastverh\u00e4ltnis von 8000:1, das bei jeder Projektion lebendige und lebensechte Farben garantiert. Mit der 95% NTSC-Technologie liefert dieser Heimkino-Projektor echte, dynamische und farbenfrohe Bilder, die Ihr Sehvergn\u00fcgen noch steigern.<\/p>\n<p>Schaffen Sie Ihr pers\u00f6nliches Heimkino mit einer Projektionsgr\u00f6\u00dfe von 35 bis 200 Zoll und einem Projektionsabstand von 3,7 Fu\u00df bis 23,6 Fu\u00df. Der Projektor unterst\u00fctzt sowohl 4:3- als auch 16:9-Seitenverh\u00e4ltnisse, und mit seiner Zoomfunktion k\u00f6nnen Sie die Bildgr\u00f6\u00dfe ganz einfach von 75% auf 100% einstellen, ohne den Projektor zu bewegen.<\/p>\n<p>Der HAPPRUN YG291 Mini-Projektor bietet vielseitige Anschlussm\u00f6glichkeiten, darunter HDMI-, 2*USB-, AV- und Headset-Anschl\u00fcsse, so dass Sie ihn an PCs, TV-Boxen, TV-Sticks, Chromebooks, Tablets, USB-Sticks, Media-Player und Smartphones anschlie\u00dfen k\u00f6nnen. F\u00fcr den Anschluss von Telefonen m\u00fcssen Sie lediglich einen zus\u00e4tzlichen HDMI-Adapter erwerben. Bitte beachten Sie, dass aufgrund des HDCP-Urheberrechtsschutzes urheberrechtlich gesch\u00fctzte Inhalte von Streaming-Diensten wie Hulu, Netflix und Amazon Prime nicht direkt gespiegelt oder per Screen-Cast \u00fcbertragen werden k\u00f6nnen. Sie k\u00f6nnen jedoch Ger\u00e4te wie den Amazon Fire Stick anschlie\u00dfen, um auf diese Dienste zuzugreifen.<\/p>\n<p>Mit dem HAPPRUN YG291 Mini-Projektor k\u00f6nnen Sie das Kinoerlebnis \u00fcberallhin mitnehmen und Filme, Fernsehsendungen und Fotos in unvergleichlicher Klarheit und Bequemlichkeit genie\u00dfen.<\/p>","protected":false},"excerpt":{"rendered":"<p>Erleben Sie den Komfort des elektrischen Fokus mit dem HAPPRUN YG291 Mini-Projektor. In nur 3 Sekunden erhalten Sie mit der intelligenten Fernbedienung auf Knopfdruck ein klares Bild. Dieser tragbare Projektor wiegt nur 2,5 Pfund und ist perfekt f\u00fcr den Einsatz zu Hause oder im Freien geeignet. Er bietet eine hervorragende Bildqualit\u00e4t mit 1080p-Unterst\u00fctzung und einem hohen dynamischen Kontrastverh\u00e4ltnis. Mit einer Projektionsgr\u00f6\u00dfe von bis zu 200 Zoll und mehreren Anschlussm\u00f6glichkeiten, einschlie\u00dflich HDMI und USB, k\u00f6nnen Sie mit diesem Projektor Ihr eigenes Heimkino aufbauen, wo immer Sie sind.<\/p>","protected":false},"featured_media":3540,"comment_status":"open","ping_status":"closed","template":"","meta":{"_themeisle_gutenberg_block_has_review":false},"product_cat":[134],"product_tag":[],"class_list":{"0":"post-3532","1":"product","2":"type-product","3":"status-publish","4":"has-post-thumbnail","6":"product_cat-projector","8":"first","9":"instock","10":"sale","11":"shipping-taxable","12":"product-type-external"},"yoast_head":"<!-- This site is optimized with the Yoast SEO plugin v22.7 - https:\/\/yoast.com\/wordpress\/plugins\/seo\/ -->\n<title>HAPPRUN YG291: Mini Electric Focus Projector - Happrun Projector<\/title>\n<meta name=\"description\" content=\"Experience the convenience of the HAPPRUN YG291, our mini electric focus projector designed for maximum clarity. Compact and portable, the YG291 is perfect for home or outdoor use, bringing your favorite movies to life wherever you go.\" \/>\n<meta name=\"robots\" content=\"index, follow, max-snippet:-1, max-image-preview:large, max-video-preview:-1\" \/>\n<link rel=\"canonical\" href=\"https:\/\/www.happrunprojector.com\/de\/happrun-yg291-mini-electric-focus-projector\/\" \/>\n<meta property=\"og:locale\" content=\"de_DE\" \/>\n<meta property=\"og:type\" content=\"article\" \/>\n<meta property=\"og:title\" content=\"HAPPRUN YG291: Mini Electric Focus Projector - Happrun Projector\" \/>\n<meta property=\"og:description\" content=\"Experience the convenience of the HAPPRUN YG291, our mini electric focus projector designed for maximum clarity. Compact and portable, the YG291 is perfect for home or outdoor use, bringing your favorite movies to life wherever you go.\" \/>\n<meta property=\"og:url\" content=\"https:\/\/www.happrunprojector.com\/de\/happrun-yg291-mini-electric-focus-projector\/\" \/>\n<meta property=\"og:site_name\" content=\"Happrun Projector\" \/>\n<meta property=\"article:modified_time\" content=\"2024-12-24T09:29:27+00:00\" \/>\n<meta property=\"og:image\" content=\"https:\/\/www.happrunprojector.com\/wp-content\/uploads\/2024\/05\/happrunprojector-1.webp\" \/>\n\t<meta property=\"og:image:width\" content=\"1000\" \/>\n\t<meta property=\"og:image:height\" content=\"1000\" \/>\n\t<meta property=\"og:image:type\" content=\"image\/webp\" \/>\n<meta name=\"twitter:card\" content=\"summary_large_image\" \/>\n<meta name=\"twitter:label1\" content=\"Gesch\u00e4tzte Lesezeit\" \/>\n\t<meta name=\"twitter:data1\" content=\"2 Minuten\" \/>\n<script type=\"application\/ld+json\" class=\"yoast-schema-graph\">{\"@context\":\"https:\/\/schema.org\",\"@graph\":[{\"@type\":\"WebPage\",\"@id\":\"https:\/\/www.happrunprojector.com\/happrun-yg291-mini-electric-focus-projector\/\",\"url\":\"https:\/\/www.happrunprojector.com\/happrun-yg291-mini-electric-focus-projector\/\",\"name\":\"HAPPRUN YG291: Mini Electric Focus Projector - Happrun Projector\",\"isPartOf\":{\"@id\":\"https:\/\/www.happrunprojector.com\/#website\"},\"primaryImageOfPage\":{\"@id\":\"https:\/\/www.happrunprojector.com\/happrun-yg291-mini-electric-focus-projector\/#primaryimage\"},\"image\":{\"@id\":\"https:\/\/www.happrunprojector.com\/happrun-yg291-mini-electric-focus-projector\/#primaryimage\"},\"thumbnailUrl\":\"https:\/\/www.happrunprojector.com\/wp-content\/uploads\/2024\/05\/happrunprojector-1.webp\",\"datePublished\":\"2024-05-14T08:39:07+00:00\",\"dateModified\":\"2024-12-24T09:29:27+00:00\",\"description\":\"Experience the convenience of the HAPPRUN YG291, our mini electric focus projector designed for maximum clarity. Compact and portable, the YG291 is perfect for home or outdoor use, bringing your favorite movies to life wherever you go.\",\"breadcrumb\":{\"@id\":\"https:\/\/www.happrunprojector.com\/happrun-yg291-mini-electric-focus-projector\/#breadcrumb\"},\"inLanguage\":\"de\",\"potentialAction\":[{\"@type\":\"ReadAction\",\"target\":[\"https:\/\/www.happrunprojector.com\/happrun-yg291-mini-electric-focus-projector\/\"]}]},{\"@type\":\"ImageObject\",\"inLanguage\":\"de\",\"@id\":\"https:\/\/www.happrunprojector.com\/happrun-yg291-mini-electric-focus-projector\/#primaryimage\",\"url\":\"https:\/\/www.happrunprojector.com\/wp-content\/uploads\/2024\/05\/happrunprojector-1.webp\",\"contentUrl\":\"https:\/\/www.happrunprojector.com\/wp-content\/uploads\/2024\/05\/happrunprojector-1.webp\",\"width\":1000,\"height\":1000,\"caption\":\"HAPPRUN YG291 Mini Projector\"},{\"@type\":\"BreadcrumbList\",\"@id\":\"https:\/\/www.happrunprojector.com\/happrun-yg291-mini-electric-focus-projector\/#breadcrumb\",\"itemListElement\":[{\"@type\":\"ListItem\",\"position\":1,\"name\":\"Home\",\"item\":\"https:\/\/www.happrunprojector.com\/\"},{\"@type\":\"ListItem\",\"position\":2,\"name\":\"Shop\",\"item\":\"https:\/\/www.happrunprojector.com\/shop\/\"},{\"@type\":\"ListItem\",\"position\":3,\"name\":\"HAPPRUN YG291: Mini Electric Focus Projector\"}]},{\"@type\":\"WebSite\",\"@id\":\"https:\/\/www.happrunprojector.com\/#website\",\"url\":\"https:\/\/www.happrunprojector.com\/\",\"name\":\"Happrun Projector\",\"description\":\"\",\"potentialAction\":[{\"@type\":\"SearchAction\",\"target\":{\"@type\":\"EntryPoint\",\"urlTemplate\":\"https:\/\/www.happrunprojector.com\/?s={search_term_string}\"},\"query-input\":\"required name=search_term_string\"}],\"inLanguage\":\"de\"}]}<\/script>\n<!-- \/ Yoast SEO plugin. -->","yoast_head_json":{"title":"HAPPRUN YG291: Mini Electric Focus Projector - Happrun Projector","description":"Experience the convenience of the HAPPRUN YG291, our mini electric focus projector designed for maximum clarity. Compact and portable, the YG291 is perfect for home or outdoor use, bringing your favorite movies to life wherever you go.","robots":{"index":"index","follow":"follow","max-snippet":"max-snippet:-1","max-image-preview":"max-image-preview:large","max-video-preview":"max-video-preview:-1"},"canonical":"https:\/\/www.happrunprojector.com\/de\/happrun-yg291-mini-electric-focus-projector\/","og_locale":"de_DE","og_type":"article","og_title":"HAPPRUN YG291: Mini Electric Focus Projector - Happrun Projector","og_description":"Experience the convenience of the HAPPRUN YG291, our mini electric focus projector designed for maximum clarity. Compact and portable, the YG291 is perfect for home or outdoor use, bringing your favorite movies to life wherever you go.","og_url":"https:\/\/www.happrunprojector.com\/de\/happrun-yg291-mini-electric-focus-projector\/","og_site_name":"Happrun Projector","article_modified_time":"2024-12-24T09:29:27+00:00","og_image":[{"width":1000,"height":1000,"url":"https:\/\/www.happrunprojector.com\/wp-content\/uploads\/2024\/05\/happrunprojector-1.webp","type":"image\/webp"}],"twitter_card":"summary_large_image","twitter_misc":{"Gesch\u00e4tzte Lesezeit":"2 Minuten"},"schema":{"@context":"https:\/\/schema.org","@graph":[{"@type":"WebPage","@id":"https:\/\/www.happrunprojector.com\/happrun-yg291-mini-electric-focus-projector\/","url":"https:\/\/www.happrunprojector.com\/happrun-yg291-mini-electric-focus-projector\/","name":"HAPPRUN YG291: Mini Electric Focus Projector - Happrun Projector","isPartOf":{"@id":"https:\/\/www.happrunprojector.com\/#website"},"primaryImageOfPage":{"@id":"https:\/\/www.happrunprojector.com\/happrun-yg291-mini-electric-focus-projector\/#primaryimage"},"image":{"@id":"https:\/\/www.happrunprojector.com\/happrun-yg291-mini-electric-focus-projector\/#primaryimage"},"thumbnailUrl":"https:\/\/www.happrunprojector.com\/wp-content\/uploads\/2024\/05\/happrunprojector-1.webp","datePublished":"2024-05-14T08:39:07+00:00","dateModified":"2024-12-24T09:29:27+00:00","description":"Experience the convenience of the HAPPRUN YG291, our mini electric focus projector designed for maximum clarity. Compact and portable, the YG291 is perfect for home or outdoor use, bringing your favorite movies to life wherever you go.","breadcrumb":{"@id":"https:\/\/www.happrunprojector.com\/happrun-yg291-mini-electric-focus-projector\/#breadcrumb"},"inLanguage":"de","potentialAction":[{"@type":"ReadAction","target":["https:\/\/www.happrunprojector.com\/happrun-yg291-mini-electric-focus-projector\/"]}]},{"@type":"ImageObject","inLanguage":"de","@id":"https:\/\/www.happrunprojector.com\/happrun-yg291-mini-electric-focus-projector\/#primaryimage","url":"https:\/\/www.happrunprojector.com\/wp-content\/uploads\/2024\/05\/happrunprojector-1.webp","contentUrl":"https:\/\/www.happrunprojector.com\/wp-content\/uploads\/2024\/05\/happrunprojector-1.webp","width":1000,"height":1000,"caption":"HAPPRUN YG291 Mini Projector"},{"@type":"BreadcrumbList","@id":"https:\/\/www.happrunprojector.com\/happrun-yg291-mini-electric-focus-projector\/#breadcrumb","itemListElement":[{"@type":"ListItem","position":1,"name":"Home","item":"https:\/\/www.happrunprojector.com\/"},{"@type":"ListItem","position":2,"name":"Shop","item":"https:\/\/www.happrunprojector.com\/shop\/"},{"@type":"ListItem","position":3,"name":"HAPPRUN YG291: Mini Electric Focus Projector"}]},{"@type":"WebSite","@id":"https:\/\/www.happrunprojector.com\/#website","url":"https:\/\/www.happrunprojector.com\/","name":"Happrun Projector","description":"","potentialAction":[{"@type":"SearchAction","target":{"@type":"EntryPoint","urlTemplate":"https:\/\/www.happrunprojector.com\/?s={search_term_string}"},"query-input":"required name=search_term_string"}],"inLanguage":"de"}]}},"_links":{"self":[{"href":"https:\/\/www.happrunprojector.com\/de\/wp-json\/wp\/v2\/product\/3532","targetHints":{"allow":["GET"]}}],"collection":[{"href":"https:\/\/www.happrunprojector.com\/de\/wp-json\/wp\/v2\/product"}],"about":[{"href":"https:\/\/www.happrunprojector.com\/de\/wp-json\/wp\/v2\/types\/product"}],"replies":[{"embeddable":true,"href":"https:\/\/www.happrunprojector.com\/de\/wp-json\/wp\/v2\/comments?post=3532"}],"version-history":[{"count":2,"href":"https:\/\/www.happrunprojector.com\/de\/wp-json\/wp\/v2\/product\/3532\/revisions"}],"predecessor-version":[{"id":3542,"href":"https:\/\/www.happrunprojector.com\/de\/wp-json\/wp\/v2\/product\/3532\/revisions\/3542"}],"wp:featuredmedia":[{"embeddable":true,"href":"https:\/\/www.happrunprojector.com\/de\/wp-json\/wp\/v2\/media\/3540"}],"wp:attachment":[{"href":"https:\/\/www.happrunprojector.com\/de\/wp-json\/wp\/v2\/media?parent=3532"}],"wp:term":[{"taxonomy":"product_cat","embeddable":true,"href":"https:\/\/www.happrunprojector.com\/de\/wp-json\/wp\/v2\/product_cat?post=3532"},{"taxonomy":"product_tag","embeddable":true,"href":"https:\/\/www.happrunprojector.com\/de\/wp-json\/wp\/v2\/product_tag?post=3532"}],"curies":[{"name":"wp","href":"https:\/\/api.w.org\/{rel}","templated":true}]}}