{"id":3522,"date":"2024-05-14T07:30:34","date_gmt":"2024-05-14T07:30:34","guid":{"rendered":"https:\/\/www.happrunprojector.com\/?post_type=product&#038;p=3522"},"modified":"2025-10-15T09:14:57","modified_gmt":"2025-10-15T09:14:57","slug":"happrun-f5-upgraded-mirroring-projector","status":"publish","type":"product","link":"https:\/\/www.happrunprojector.com\/de\/produkt\/happrun-f5-aufgerusteter-spiegelnder-projektor\/","title":{"rendered":"HAPPRUN F5: Verbesserter Spiegelprojektor"},"content":{"rendered":"<p>G\u00f6nnen Sie sich das ultimative Heimkinoerlebnis mit dem HAPPRUN F5 Projektor. Dieser native 1080P-Projektor liefert eine beeindruckende Full HD-Projektion von bis zu 300 Zoll und verwandelt jede glatte wei\u00dfe Wand in eine fesselnde Kinoleinwand. Verabschieden Sie sich vom l\u00e4stigen Schlangestehen f\u00fcr Kinokarten oder vom lauten Gedr\u00e4nge im Kino - jetzt k\u00f6nnen Sie Ihre Lieblingsfilme und -sendungen bequem von Ihrem Sofa oder Bett aus genie\u00dfen.<\/p>\n<p>Mit der Funktion zur Bildschirmspiegelung in einem Schritt k\u00f6nnen Sie Ihr Telefon schnell und m\u00fchelos mit dem Projektor verbinden. Der Projektor ist mit aktualisiertem 2,4Ghz+5Ghz-Wi-Fi ausgestattet, das eine reibungslose und verz\u00f6gerungsfreie Bildschirmfreigabe, Spiele und Videoanzeige gew\u00e4hrleistet.<\/p>\n<p>Der eingebaute Hi-Fi-Lautsprecher sorgt f\u00fcr einen klaren und unverf\u00e4lschten Klang, der ein wahres Kinoerlebnis bietet. Au\u00dferdem verf\u00fcgt der Projektor \u00fcber Bluetooth-Konnektivit\u00e4t, so dass Sie problemlos externe Lautsprecher oder Soundbars anschlie\u00dfen k\u00f6nnen.<\/p>\n<p>Der HAPPRUN F5 Projektor bietet vielseitige Funktionalit\u00e4t mit mehreren Anschl\u00fcssen, darunter 2xUSB, 2xHDMI, AV und Audio. Er ist mit verschiedenen Ger\u00e4ten wie Smartphones, Laptops, USB-Laufwerken, DVD-Playern und Spielekonsolen wie PS5 kompatibel. Bitte beachten Sie, dass die direkte Spiegelung von Streaming-Diensten wie Netflix, Prime Video, Disney und Hulu von Ihrem Telefon aus aufgrund des Urheberrechts der Anwendung nicht unterst\u00fctzt wird. Sie k\u00f6nnen diese Dienste jedoch abspielen, indem Sie einen Laptop, Chromecast, WLAN-Dongle, TV-Stick oder Roku anschlie\u00dfen.<\/p>\n<p>Ob Sie einen Filmabend im Haus veranstalten oder Unterhaltung im Freien genie\u00dfen, dieser tragbare Projektor ist perfekt f\u00fcr jede Gelegenheit. Er wird sogar mit einer 100-Zoll-Leinwand geliefert, die sich leicht transportieren und aufbewahren l\u00e4sst, was ihn zu einem idealen Geschenk f\u00fcr Liebhaber von Filmen, Spielen und Multimedia-Inhalten macht. Und dank der 24-monatigen Garantie k\u00f6nnen Sie sich darauf verlassen, dass Ihr Outdoor-Projektor von einem zuverl\u00e4ssigen Support unterst\u00fctzt wird. Sollten Sie Probleme mit Ihrem Projektor haben, kontaktieren Sie uns einfach, um Hilfe zu erhalten.<\/p>","protected":false},"excerpt":{"rendered":"<p>Verwandeln Sie Ihr Zuhause in das ultimative Kino mit dem HAPPRUN F5 Projektor. Erleben Sie eine beeindruckende Full HD-Projektion von bis zu 300 Zoll auf jeder glatten wei\u00dfen Wand. Dank der 2,4Ghz+5Ghz Wi-Fi-Konnektivit\u00e4t k\u00f6nnen Sie den Bildschirm Ihres Telefons mit einem einfachen Schritt spiegeln. Genie\u00dfen Sie kristallklaren Sound mit dem eingebauten Hi-Fi-Lautsprecher, oder schlie\u00dfen Sie externe Bluetooth-Ger\u00e4te an. Mit seinen zahlreichen Anschl\u00fcssen und der Kompatibilit\u00e4t mit verschiedenen Ger\u00e4ten, einschlie\u00dflich Smartphones und Spielkonsolen, bietet dieser Projektor unbegrenzte Unterhaltungsm\u00f6glichkeiten. Er ist sowohl f\u00fcr den Innen- als auch f\u00fcr den Au\u00dfenbereich geeignet und wird sogar mit einem 100-Zoll-Bildschirm geliefert, der sich bequem transportieren l\u00e4sst.<\/p>","protected":false},"featured_media":3529,"comment_status":"open","ping_status":"closed","template":"","meta":{"_themeisle_gutenberg_block_has_review":false},"product_cat":[134],"product_tag":[],"class_list":{"0":"post-3522","1":"product","2":"type-product","3":"status-publish","4":"has-post-thumbnail","6":"product_cat-projector","8":"first","9":"instock","10":"sale","11":"shipping-taxable","12":"product-type-external"},"yoast_head":"<!-- This site is optimized with the Yoast SEO plugin v22.7 - https:\/\/yoast.com\/wordpress\/plugins\/seo\/ -->\n<title>HAPPRUN F5: Upgraded Mirroring Projector - Happrun Projector<\/title>\n<meta name=\"description\" content=\"Meet the HAPPRUN F5, the upgraded mirroring projector that takes your entertainment to the next level. Upgraded 2.4Ghz+5Ghz Wi-Fi, the F5 delivers the smoothest gaming and video viewing experience.\" \/>\n<meta name=\"robots\" content=\"index, follow, max-snippet:-1, max-image-preview:large, max-video-preview:-1\" \/>\n<link rel=\"canonical\" href=\"https:\/\/www.happrunprojector.com\/de\/happrun-f5-upgraded-mirroring-projector\/\" \/>\n<meta property=\"og:locale\" content=\"de_DE\" \/>\n<meta property=\"og:type\" content=\"article\" \/>\n<meta property=\"og:title\" content=\"HAPPRUN F5: Upgraded Mirroring Projector - Happrun Projector\" \/>\n<meta property=\"og:description\" content=\"Meet the HAPPRUN F5, the upgraded mirroring projector that takes your entertainment to the next level. Upgraded 2.4Ghz+5Ghz Wi-Fi, the F5 delivers the smoothest gaming and video viewing experience.\" \/>\n<meta property=\"og:url\" content=\"https:\/\/www.happrunprojector.com\/de\/happrun-f5-upgraded-mirroring-projector\/\" \/>\n<meta property=\"og:site_name\" content=\"Happrun Projector\" \/>\n<meta property=\"article:modified_time\" content=\"2025-10-15T09:14:57+00:00\" \/>\n<meta property=\"og:image\" content=\"https:\/\/www.happrunprojector.com\/wp-content\/uploads\/2024\/05\/happrun_f5_projector.webp\" \/>\n\t<meta property=\"og:image:width\" content=\"1500\" \/>\n\t<meta property=\"og:image:height\" content=\"1499\" \/>\n\t<meta property=\"og:image:type\" content=\"image\/webp\" \/>\n<meta name=\"twitter:card\" content=\"summary_large_image\" \/>\n<meta name=\"twitter:label1\" content=\"Gesch\u00e4tzte Lesezeit\" \/>\n\t<meta name=\"twitter:data1\" content=\"2 Minuten\" \/>\n<script type=\"application\/ld+json\" class=\"yoast-schema-graph\">{\"@context\":\"https:\/\/schema.org\",\"@graph\":[{\"@type\":\"WebPage\",\"@id\":\"https:\/\/www.happrunprojector.com\/happrun-f5-upgraded-mirroring-projector\/\",\"url\":\"https:\/\/www.happrunprojector.com\/happrun-f5-upgraded-mirroring-projector\/\",\"name\":\"HAPPRUN F5: Upgraded Mirroring Projector - Happrun Projector\",\"isPartOf\":{\"@id\":\"https:\/\/www.happrunprojector.com\/#website\"},\"primaryImageOfPage\":{\"@id\":\"https:\/\/www.happrunprojector.com\/happrun-f5-upgraded-mirroring-projector\/#primaryimage\"},\"image\":{\"@id\":\"https:\/\/www.happrunprojector.com\/happrun-f5-upgraded-mirroring-projector\/#primaryimage\"},\"thumbnailUrl\":\"https:\/\/www.happrunprojector.com\/wp-content\/uploads\/2024\/05\/happrun_f5_projector.webp\",\"datePublished\":\"2024-05-14T07:30:34+00:00\",\"dateModified\":\"2025-10-15T09:14:57+00:00\",\"description\":\"Meet the HAPPRUN F5, the upgraded mirroring projector that takes your entertainment to the next level. Upgraded 2.4Ghz+5Ghz Wi-Fi, the F5 delivers the smoothest gaming and video viewing experience.\",\"breadcrumb\":{\"@id\":\"https:\/\/www.happrunprojector.com\/happrun-f5-upgraded-mirroring-projector\/#breadcrumb\"},\"inLanguage\":\"de\",\"potentialAction\":[{\"@type\":\"ReadAction\",\"target\":[\"https:\/\/www.happrunprojector.com\/happrun-f5-upgraded-mirroring-projector\/\"]}]},{\"@type\":\"ImageObject\",\"inLanguage\":\"de\",\"@id\":\"https:\/\/www.happrunprojector.com\/happrun-f5-upgraded-mirroring-projector\/#primaryimage\",\"url\":\"https:\/\/www.happrunprojector.com\/wp-content\/uploads\/2024\/05\/happrun_f5_projector.webp\",\"contentUrl\":\"https:\/\/www.happrunprojector.com\/wp-content\/uploads\/2024\/05\/happrun_f5_projector.webp\",\"width\":1500,\"height\":1499,\"caption\":\"HAPPRUN F5 Projector\"},{\"@type\":\"BreadcrumbList\",\"@id\":\"https:\/\/www.happrunprojector.com\/happrun-f5-upgraded-mirroring-projector\/#breadcrumb\",\"itemListElement\":[{\"@type\":\"ListItem\",\"position\":1,\"name\":\"Home\",\"item\":\"https:\/\/www.happrunprojector.com\/\"},{\"@type\":\"ListItem\",\"position\":2,\"name\":\"Shop\",\"item\":\"https:\/\/www.happrunprojector.com\/shop\/\"},{\"@type\":\"ListItem\",\"position\":3,\"name\":\"HAPPRUN F5: Upgraded Mirroring Projector\"}]},{\"@type\":\"WebSite\",\"@id\":\"https:\/\/www.happrunprojector.com\/#website\",\"url\":\"https:\/\/www.happrunprojector.com\/\",\"name\":\"Happrun Projector\",\"description\":\"\",\"potentialAction\":[{\"@type\":\"SearchAction\",\"target\":{\"@type\":\"EntryPoint\",\"urlTemplate\":\"https:\/\/www.happrunprojector.com\/?s={search_term_string}\"},\"query-input\":\"required name=search_term_string\"}],\"inLanguage\":\"de\"}]}<\/script>\n<!-- \/ Yoast SEO plugin. -->","yoast_head_json":{"title":"HAPPRUN F5: Upgraded Mirroring Projector - Happrun Projector","description":"Meet the HAPPRUN F5, the upgraded mirroring projector that takes your entertainment to the next level. Upgraded 2.4Ghz+5Ghz Wi-Fi, the F5 delivers the smoothest gaming and video viewing experience.","robots":{"index":"index","follow":"follow","max-snippet":"max-snippet:-1","max-image-preview":"max-image-preview:large","max-video-preview":"max-video-preview:-1"},"canonical":"https:\/\/www.happrunprojector.com\/de\/happrun-f5-upgraded-mirroring-projector\/","og_locale":"de_DE","og_type":"article","og_title":"HAPPRUN F5: Upgraded Mirroring Projector - Happrun Projector","og_description":"Meet the HAPPRUN F5, the upgraded mirroring projector that takes your entertainment to the next level. Upgraded 2.4Ghz+5Ghz Wi-Fi, the F5 delivers the smoothest gaming and video viewing experience.","og_url":"https:\/\/www.happrunprojector.com\/de\/happrun-f5-upgraded-mirroring-projector\/","og_site_name":"Happrun Projector","article_modified_time":"2025-10-15T09:14:57+00:00","og_image":[{"width":1500,"height":1499,"url":"https:\/\/www.happrunprojector.com\/wp-content\/uploads\/2024\/05\/happrun_f5_projector.webp","type":"image\/webp"}],"twitter_card":"summary_large_image","twitter_misc":{"Gesch\u00e4tzte Lesezeit":"2 Minuten"},"schema":{"@context":"https:\/\/schema.org","@graph":[{"@type":"WebPage","@id":"https:\/\/www.happrunprojector.com\/happrun-f5-upgraded-mirroring-projector\/","url":"https:\/\/www.happrunprojector.com\/happrun-f5-upgraded-mirroring-projector\/","name":"HAPPRUN F5: Upgraded Mirroring Projector - Happrun Projector","isPartOf":{"@id":"https:\/\/www.happrunprojector.com\/#website"},"primaryImageOfPage":{"@id":"https:\/\/www.happrunprojector.com\/happrun-f5-upgraded-mirroring-projector\/#primaryimage"},"image":{"@id":"https:\/\/www.happrunprojector.com\/happrun-f5-upgraded-mirroring-projector\/#primaryimage"},"thumbnailUrl":"https:\/\/www.happrunprojector.com\/wp-content\/uploads\/2024\/05\/happrun_f5_projector.webp","datePublished":"2024-05-14T07:30:34+00:00","dateModified":"2025-10-15T09:14:57+00:00","description":"Meet the HAPPRUN F5, the upgraded mirroring projector that takes your entertainment to the next level. Upgraded 2.4Ghz+5Ghz Wi-Fi, the F5 delivers the smoothest gaming and video viewing experience.","breadcrumb":{"@id":"https:\/\/www.happrunprojector.com\/happrun-f5-upgraded-mirroring-projector\/#breadcrumb"},"inLanguage":"de","potentialAction":[{"@type":"ReadAction","target":["https:\/\/www.happrunprojector.com\/happrun-f5-upgraded-mirroring-projector\/"]}]},{"@type":"ImageObject","inLanguage":"de","@id":"https:\/\/www.happrunprojector.com\/happrun-f5-upgraded-mirroring-projector\/#primaryimage","url":"https:\/\/www.happrunprojector.com\/wp-content\/uploads\/2024\/05\/happrun_f5_projector.webp","contentUrl":"https:\/\/www.happrunprojector.com\/wp-content\/uploads\/2024\/05\/happrun_f5_projector.webp","width":1500,"height":1499,"caption":"HAPPRUN F5 Projector"},{"@type":"BreadcrumbList","@id":"https:\/\/www.happrunprojector.com\/happrun-f5-upgraded-mirroring-projector\/#breadcrumb","itemListElement":[{"@type":"ListItem","position":1,"name":"Home","item":"https:\/\/www.happrunprojector.com\/"},{"@type":"ListItem","position":2,"name":"Shop","item":"https:\/\/www.happrunprojector.com\/shop\/"},{"@type":"ListItem","position":3,"name":"HAPPRUN F5: Upgraded Mirroring Projector"}]},{"@type":"WebSite","@id":"https:\/\/www.happrunprojector.com\/#website","url":"https:\/\/www.happrunprojector.com\/","name":"Happrun Projector","description":"","potentialAction":[{"@type":"SearchAction","target":{"@type":"EntryPoint","urlTemplate":"https:\/\/www.happrunprojector.com\/?s={search_term_string}"},"query-input":"required name=search_term_string"}],"inLanguage":"de"}]}},"_links":{"self":[{"href":"https:\/\/www.happrunprojector.com\/de\/wp-json\/wp\/v2\/product\/3522","targetHints":{"allow":["GET"]}}],"collection":[{"href":"https:\/\/www.happrunprojector.com\/de\/wp-json\/wp\/v2\/product"}],"about":[{"href":"https:\/\/www.happrunprojector.com\/de\/wp-json\/wp\/v2\/types\/product"}],"replies":[{"embeddable":true,"href":"https:\/\/www.happrunprojector.com\/de\/wp-json\/wp\/v2\/comments?post=3522"}],"version-history":[{"count":1,"href":"https:\/\/www.happrunprojector.com\/de\/wp-json\/wp\/v2\/product\/3522\/revisions"}],"predecessor-version":[{"id":3530,"href":"https:\/\/www.happrunprojector.com\/de\/wp-json\/wp\/v2\/product\/3522\/revisions\/3530"}],"wp:featuredmedia":[{"embeddable":true,"href":"https:\/\/www.happrunprojector.com\/de\/wp-json\/wp\/v2\/media\/3529"}],"wp:attachment":[{"href":"https:\/\/www.happrunprojector.com\/de\/wp-json\/wp\/v2\/media?parent=3522"}],"wp:term":[{"taxonomy":"product_cat","embeddable":true,"href":"https:\/\/www.happrunprojector.com\/de\/wp-json\/wp\/v2\/product_cat?post=3522"},{"taxonomy":"product_tag","embeddable":true,"href":"https:\/\/www.happrunprojector.com\/de\/wp-json\/wp\/v2\/product_tag?post=3522"}],"curies":[{"name":"wp","href":"https:\/\/api.w.org\/{rel}","templated":true}]}}