{"id":3669,"date":"2024-12-09T13:25:09","date_gmt":"2024-12-09T13:25:09","guid":{"rendered":"https:\/\/www.happrunprojector.com\/?page_id=3669"},"modified":"2024-12-09T13:30:48","modified_gmt":"2024-12-09T13:30:48","slug":"disclaimer","status":"publish","type":"page","link":"https:\/\/www.happrunprojector.com\/de\/haftungsausschluss\/","title":{"rendered":"Haftungsausschluss"},"content":{"rendered":"<div data-elementor-type=\"wp-page\" data-elementor-id=\"3669\" class=\"elementor elementor-3669\">\n\t\t\t\t<div class=\"elementor-element elementor-element-664e455 e-flex e-con-boxed e-con e-parent\" data-id=\"664e455\" data-element_type=\"container\">\n\t\t\t\t\t<div class=\"e-con-inner\">\n\t\t\t\t<div class=\"elementor-element elementor-element-aa271af elementor-widget elementor-widget-text-editor\" data-id=\"aa271af\" data-element_type=\"widget\" data-widget_type=\"text-editor.default\">\n\t\t\t\t<div class=\"elementor-widget-container\">\n\t\t\t<style>\/*! elementor - v3.21.0 - 08-05-2024 *\/\n.elementor-widget-text-editor.elementor-drop-cap-view-stacked .elementor-drop-cap{background-color:#69727d;color:#fff}.elementor-widget-text-editor.elementor-drop-cap-view-framed .elementor-drop-cap{color:#69727d;border:3px solid;background-color:transparent}.elementor-widget-text-editor:not(.elementor-drop-cap-view-default) .elementor-drop-cap{margin-top:8px}.elementor-widget-text-editor:not(.elementor-drop-cap-view-default) .elementor-drop-cap-letter{width:1em;height:1em}.elementor-widget-text-editor .elementor-drop-cap{float:left;text-align:center;line-height:1;font-size:50px}.elementor-widget-text-editor .elementor-drop-cap-letter{display:inline-block}<\/style>\t\t\t\t<p>Diese Website ist nicht mit dem Markennamen \"HAPPRUN\", seinen offiziellen H\u00e4ndlern, Herstellern oder Markeninhabern verbunden.<br \/>Wir sind eine unabh\u00e4ngige Fanseite, die geschaffen wurde, um Informationen und Erfahrungen auszutauschen und die Gemeinschaft zu unterst\u00fctzen, die an \"HAPPRUN\" Produkten und Dienstleistungen interessiert ist.<\/p><p>Diese Website nimmt am Amazon Associates Program teil, einem Partnerwerbeprogramm, das zur Bereitstellung eines Mediums f\u00fcr Websites konzipiert wurde, mittels dessen durch die Platzierung von Werbeanzeigen und Links zu Amazon.com Werbekostenerstattungen verdient werden k\u00f6nnen.<\/p><p>F\u00fcr offizielle Informationen oder Unterst\u00fctzung bez\u00fcglich der Marke \"HAPPRUN\", besuchen Sie bitte die offizielle Website der Marke: <a href=\"https:\/\/happrunlife.com\/\" target=\"_blank\" rel=\"noopener\">https:\/\/happrunlife.com\/<\/a>.<\/p>\t\t\t\t\t\t<\/div>\n\t\t\t\t<\/div>\n\t\t\t\t\t<\/div>\n\t\t\t\t<\/div>\n\t\t\t\t<\/div>","protected":false},"excerpt":{"rendered":"<p>This website is not affiliated with &#8220;HAPPRUN&#8221; Brand Name, its official distributors, manufacturers, or trademark owners.We are an independent fan site created to share information, experiences, and support the community&hellip;<\/p>","protected":false},"author":1,"featured_media":0,"parent":0,"menu_order":0,"comment_status":"closed","ping_status":"closed","template":"","meta":{"_themeisle_gutenberg_block_has_review":false,"footnotes":""},"class_list":["post-3669","page","type-page","status-publish","hentry"],"yoast_head":"<!-- This site is optimized with the Yoast SEO plugin v22.7 - https:\/\/yoast.com\/wordpress\/plugins\/seo\/ -->\n<title>Disclaimer - Happrun Projector<\/title>\n<meta name=\"robots\" content=\"index, follow, max-snippet:-1, max-image-preview:large, max-video-preview:-1\" \/>\n<link rel=\"canonical\" href=\"https:\/\/www.happrunprojector.com\/de\/haftungsausschluss\/\" \/>\n<meta property=\"og:locale\" content=\"de_DE\" \/>\n<meta property=\"og:type\" content=\"article\" \/>\n<meta property=\"og:title\" content=\"Disclaimer - Happrun Projector\" \/>\n<meta property=\"og:description\" content=\"This website is not affiliated with &#8220;HAPPRUN&#8221; Brand Name, its official distributors, manufacturers, or trademark owners.We are an independent fan site created to share information, experiences, and support the community&hellip;\" \/>\n<meta property=\"og:url\" content=\"https:\/\/www.happrunprojector.com\/de\/haftungsausschluss\/\" \/>\n<meta property=\"og:site_name\" content=\"Happrun Projector\" \/>\n<meta property=\"article:modified_time\" content=\"2024-12-09T13:30:48+00:00\" \/>\n<meta name=\"twitter:card\" content=\"summary_large_image\" \/>\n<meta name=\"twitter:label1\" content=\"Gesch\u00e4tzte Lesezeit\" \/>\n\t<meta name=\"twitter:data1\" content=\"1 Minute\" \/>\n<script type=\"application\/ld+json\" class=\"yoast-schema-graph\">{\"@context\":\"https:\/\/schema.org\",\"@graph\":[{\"@type\":\"WebPage\",\"@id\":\"https:\/\/www.happrunprojector.com\/disclaimer\/\",\"url\":\"https:\/\/www.happrunprojector.com\/disclaimer\/\",\"name\":\"Disclaimer - Happrun Projector\",\"isPartOf\":{\"@id\":\"https:\/\/www.happrunprojector.com\/#website\"},\"datePublished\":\"2024-12-09T13:25:09+00:00\",\"dateModified\":\"2024-12-09T13:30:48+00:00\",\"breadcrumb\":{\"@id\":\"https:\/\/www.happrunprojector.com\/disclaimer\/#breadcrumb\"},\"inLanguage\":\"de\",\"potentialAction\":[{\"@type\":\"ReadAction\",\"target\":[\"https:\/\/www.happrunprojector.com\/disclaimer\/\"]}]},{\"@type\":\"BreadcrumbList\",\"@id\":\"https:\/\/www.happrunprojector.com\/disclaimer\/#breadcrumb\",\"itemListElement\":[{\"@type\":\"ListItem\",\"position\":1,\"name\":\"Home\",\"item\":\"https:\/\/www.happrunprojector.com\/\"},{\"@type\":\"ListItem\",\"position\":2,\"name\":\"Disclaimer\"}]},{\"@type\":\"WebSite\",\"@id\":\"https:\/\/www.happrunprojector.com\/#website\",\"url\":\"https:\/\/www.happrunprojector.com\/\",\"name\":\"Happrun Projector\",\"description\":\"\",\"potentialAction\":[{\"@type\":\"SearchAction\",\"target\":{\"@type\":\"EntryPoint\",\"urlTemplate\":\"https:\/\/www.happrunprojector.com\/?s={search_term_string}\"},\"query-input\":\"required name=search_term_string\"}],\"inLanguage\":\"de\"}]}<\/script>\n<!-- \/ Yoast SEO plugin. -->","yoast_head_json":{"title":"Disclaimer - Happrun Projector","robots":{"index":"index","follow":"follow","max-snippet":"max-snippet:-1","max-image-preview":"max-image-preview:large","max-video-preview":"max-video-preview:-1"},"canonical":"https:\/\/www.happrunprojector.com\/de\/haftungsausschluss\/","og_locale":"de_DE","og_type":"article","og_title":"Disclaimer - Happrun Projector","og_description":"This website is not affiliated with &#8220;HAPPRUN&#8221; Brand Name, its official distributors, manufacturers, or trademark owners.We are an independent fan site created to share information, experiences, and support the community&hellip;","og_url":"https:\/\/www.happrunprojector.com\/de\/haftungsausschluss\/","og_site_name":"Happrun Projector","article_modified_time":"2024-12-09T13:30:48+00:00","twitter_card":"summary_large_image","twitter_misc":{"Gesch\u00e4tzte Lesezeit":"1 Minute"},"schema":{"@context":"https:\/\/schema.org","@graph":[{"@type":"WebPage","@id":"https:\/\/www.happrunprojector.com\/disclaimer\/","url":"https:\/\/www.happrunprojector.com\/disclaimer\/","name":"Disclaimer - Happrun Projector","isPartOf":{"@id":"https:\/\/www.happrunprojector.com\/#website"},"datePublished":"2024-12-09T13:25:09+00:00","dateModified":"2024-12-09T13:30:48+00:00","breadcrumb":{"@id":"https:\/\/www.happrunprojector.com\/disclaimer\/#breadcrumb"},"inLanguage":"de","potentialAction":[{"@type":"ReadAction","target":["https:\/\/www.happrunprojector.com\/disclaimer\/"]}]},{"@type":"BreadcrumbList","@id":"https:\/\/www.happrunprojector.com\/disclaimer\/#breadcrumb","itemListElement":[{"@type":"ListItem","position":1,"name":"Home","item":"https:\/\/www.happrunprojector.com\/"},{"@type":"ListItem","position":2,"name":"Disclaimer"}]},{"@type":"WebSite","@id":"https:\/\/www.happrunprojector.com\/#website","url":"https:\/\/www.happrunprojector.com\/","name":"Happrun Projector","description":"","potentialAction":[{"@type":"SearchAction","target":{"@type":"EntryPoint","urlTemplate":"https:\/\/www.happrunprojector.com\/?s={search_term_string}"},"query-input":"required name=search_term_string"}],"inLanguage":"de"}]}},"_links":{"self":[{"href":"https:\/\/www.happrunprojector.com\/de\/wp-json\/wp\/v2\/pages\/3669","targetHints":{"allow":["GET"]}}],"collection":[{"href":"https:\/\/www.happrunprojector.com\/de\/wp-json\/wp\/v2\/pages"}],"about":[{"href":"https:\/\/www.happrunprojector.com\/de\/wp-json\/wp\/v2\/types\/page"}],"author":[{"embeddable":true,"href":"https:\/\/www.happrunprojector.com\/de\/wp-json\/wp\/v2\/users\/1"}],"replies":[{"embeddable":true,"href":"https:\/\/www.happrunprojector.com\/de\/wp-json\/wp\/v2\/comments?post=3669"}],"version-history":[{"count":4,"href":"https:\/\/www.happrunprojector.com\/de\/wp-json\/wp\/v2\/pages\/3669\/revisions"}],"predecessor-version":[{"id":3673,"href":"https:\/\/www.happrunprojector.com\/de\/wp-json\/wp\/v2\/pages\/3669\/revisions\/3673"}],"wp:attachment":[{"href":"https:\/\/www.happrunprojector.com\/de\/wp-json\/wp\/v2\/media?parent=3669"}],"curies":[{"name":"wp","href":"https:\/\/api.w.org\/{rel}","templated":true}]}}