{"id":160,"date":"2018-08-28T09:52:26","date_gmt":"2018-08-28T09:52:26","guid":{"rendered":"http:\/\/konte.uix.store\/elementor\/?page_id=160"},"modified":"2024-12-09T14:20:15","modified_gmt":"2024-12-09T14:20:15","slug":"brand-story","status":"publish","type":"page","link":"https:\/\/www.happrunprojector.com\/de\/markengeschichte\/","title":{"rendered":"Geschichte der Marke"},"content":{"rendered":"<div data-elementor-type=\"wp-page\" data-elementor-id=\"160\" class=\"elementor elementor-160\">\n\t\t\t\t\t\t<section class=\"elementor-section elementor-top-section elementor-element elementor-element-3d1e3a30 elementor-section-full_width elementor-section-height-default elementor-section-height-default\" data-id=\"3d1e3a30\" data-element_type=\"section\">\n\t\t\t\t\t\t<div class=\"elementor-container elementor-column-gap-no\">\n\t\t\t\t\t<div class=\"elementor-column elementor-col-100 elementor-top-column elementor-element elementor-element-17ece783\" data-id=\"17ece783\" data-element_type=\"column\">\n\t\t\t<div class=\"elementor-widget-wrap elementor-element-populated\">\n\t\t\t\t\t\t<div class=\"elementor-element elementor-element-1ee668a1 elementor-widget elementor-widget-text-editor\" data-id=\"1ee668a1\" data-element_type=\"widget\" data-widget_type=\"text-editor.default\">\n\t\t\t\t<div class=\"elementor-widget-container\">\n\t\t\t<style>\/*! elementor - v3.21.0 - 08-05-2024 *\/\n.elementor-widget-text-editor.elementor-drop-cap-view-stacked .elementor-drop-cap{background-color:#69727d;color:#fff}.elementor-widget-text-editor.elementor-drop-cap-view-framed .elementor-drop-cap{color:#69727d;border:3px solid;background-color:transparent}.elementor-widget-text-editor:not(.elementor-drop-cap-view-default) .elementor-drop-cap{margin-top:8px}.elementor-widget-text-editor:not(.elementor-drop-cap-view-default) .elementor-drop-cap-letter{width:1em;height:1em}.elementor-widget-text-editor .elementor-drop-cap{float:left;text-align:center;line-height:1;font-size:50px}.elementor-widget-text-editor .elementor-drop-cap-letter{display:inline-block}<\/style>\t\t\t\t<h1>Wer ist HAPPRUN?<\/h1><p>Wir sind leidenschaftliche Technologie-Enthusiasten, die vom unglaublichen Potenzial innovativer Gadgets wie dem HAPPRUN-Projektor begeistert sind. Obwohl wir nicht offiziell mit der Marke HAPPRUN oder ihren Entwicklern verbunden sind, m\u00f6chten wir ihre Vision feiern und unsere Bewunderung f\u00fcr die Freude und Zug\u00e4nglichkeit teilen, die ihre Produkte in unz\u00e4hlige Haushalte bringen.<\/p><p>In einer Welt, in der Unterhaltung keine Grenzen kennt, hat uns die Idee fasziniert, die Gro\u00dfartigkeit der Leinwand in die Intimit\u00e4t unserer Wohnr\u00e4ume zu bringen. Diese Vision deckt sich mit den Grunds\u00e4tzen von HAPPRUN, einem 2015 gegr\u00fcndeten Unternehmen, das es sich zur Aufgabe gemacht hat, Gro\u00dfbildunterhaltung erschwinglich und f\u00fcr alle zug\u00e4nglich zu machen. Ihre kompakten, hochwertigen Projektoren haben Wohnzimmer in Kinos verwandelt und gew\u00f6hnliche Abende in unvergessliche Erlebnisse verwandelt.<\/p><p>Als ein von Fans betriebenes Projekt bem\u00fchen wir uns, die Qualit\u00e4ten hervorzuheben, die den HAPPRUN-Projektor zu einem herausragenden Ger\u00e4t f\u00fcr die Heimunterhaltung machen. Durch die Kombination von Erschwinglichkeit, Tragbarkeit und au\u00dfergew\u00f6hnlicher Leistung ist er ein Beispiel daf\u00fcr, wie Technologie unser t\u00e4gliches Leben bereichern kann.<\/p><p>Unser Ziel ist es, Informationen bereitzustellen, Tipps zu geben und eine Gemeinschaft von HAPPRUN Enthusiasten aufzubauen, die wie wir an die Kraft der Innovation glauben, um Freude und Spannung in jeden Lebensraum zu bringen. Egal, ob Sie HAPPRUN zum ersten Mal entdecken oder bereits ein stolzer Nutzer sind, wir sind hier, um die Magie von Filmen und die Technologie, die dies alles m\u00f6glich macht, zu feiern.<\/p><p>Erleben Sie den Nervenkitzel der gro\u00dfen Leinwand bequem von zu Hause aus und entdecken Sie, warum der HAPPRUN-Projektor Technikliebhaber auf der ganzen Welt inspiriert.<\/p>\t\t\t\t\t\t<\/div>\n\t\t\t\t<\/div>\n\t\t\t\t<div class=\"elementor-element elementor-element-1a93b20f e-grid-align-left elementor-shape-rounded elementor-grid-0 elementor-widget elementor-widget-social-icons\" data-id=\"1a93b20f\" data-element_type=\"widget\" data-widget_type=\"social-icons.default\">\n\t\t\t\t<div class=\"elementor-widget-container\">\n\t\t\t<style>\/*! elementor - v3.21.0 - 08-05-2024 *\/\n.elementor-widget-social-icons.elementor-grid-0 .elementor-widget-container,.elementor-widget-social-icons.elementor-grid-mobile-0 .elementor-widget-container,.elementor-widget-social-icons.elementor-grid-tablet-0 .elementor-widget-container{line-height:1;font-size:0}.elementor-widget-social-icons:not(.elementor-grid-0):not(.elementor-grid-tablet-0):not(.elementor-grid-mobile-0) .elementor-grid{display:inline-grid}.elementor-widget-social-icons .elementor-grid{grid-column-gap:var(--grid-column-gap,5px);grid-row-gap:var(--grid-row-gap,5px);grid-template-columns:var(--grid-template-columns);justify-content:var(--justify-content,center);justify-items:var(--justify-content,center)}.elementor-icon.elementor-social-icon{font-size:var(--icon-size,25px);line-height:var(--icon-size,25px);width:calc(var(--icon-size, 25px) + 2 * var(--icon-padding, .5em));height:calc(var(--icon-size, 25px) + 2 * var(--icon-padding, .5em))}.elementor-social-icon{--e-social-icon-icon-color:#fff;display:inline-flex;background-color:#69727d;align-items:center;justify-content:center;text-align:center;cursor:pointer}.elementor-social-icon i{color:var(--e-social-icon-icon-color)}.elementor-social-icon svg{fill:var(--e-social-icon-icon-color)}.elementor-social-icon:last-child{margin:0}.elementor-social-icon:hover{opacity:.9;color:#fff}.elementor-social-icon-android{background-color:#a4c639}.elementor-social-icon-apple{background-color:#999}.elementor-social-icon-behance{background-color:#1769ff}.elementor-social-icon-bitbucket{background-color:#205081}.elementor-social-icon-codepen{background-color:#000}.elementor-social-icon-delicious{background-color:#39f}.elementor-social-icon-deviantart{background-color:#05cc47}.elementor-social-icon-digg{background-color:#005be2}.elementor-social-icon-dribbble{background-color:#ea4c89}.elementor-social-icon-elementor{background-color:#d30c5c}.elementor-social-icon-envelope{background-color:#ea4335}.elementor-social-icon-facebook,.elementor-social-icon-facebook-f{background-color:#3b5998}.elementor-social-icon-flickr{background-color:#0063dc}.elementor-social-icon-foursquare{background-color:#2d5be3}.elementor-social-icon-free-code-camp,.elementor-social-icon-freecodecamp{background-color:#006400}.elementor-social-icon-github{background-color:#333}.elementor-social-icon-gitlab{background-color:#e24329}.elementor-social-icon-globe{background-color:#69727d}.elementor-social-icon-google-plus,.elementor-social-icon-google-plus-g{background-color:#dd4b39}.elementor-social-icon-houzz{background-color:#7ac142}.elementor-social-icon-instagram{background-color:#262626}.elementor-social-icon-jsfiddle{background-color:#487aa2}.elementor-social-icon-link{background-color:#818a91}.elementor-social-icon-linkedin,.elementor-social-icon-linkedin-in{background-color:#0077b5}.elementor-social-icon-medium{background-color:#00ab6b}.elementor-social-icon-meetup{background-color:#ec1c40}.elementor-social-icon-mixcloud{background-color:#273a4b}.elementor-social-icon-odnoklassniki{background-color:#f4731c}.elementor-social-icon-pinterest{background-color:#bd081c}.elementor-social-icon-product-hunt{background-color:#da552f}.elementor-social-icon-reddit{background-color:#ff4500}.elementor-social-icon-rss{background-color:#f26522}.elementor-social-icon-shopping-cart{background-color:#4caf50}.elementor-social-icon-skype{background-color:#00aff0}.elementor-social-icon-slideshare{background-color:#0077b5}.elementor-social-icon-snapchat{background-color:#fffc00}.elementor-social-icon-soundcloud{background-color:#f80}.elementor-social-icon-spotify{background-color:#2ebd59}.elementor-social-icon-stack-overflow{background-color:#fe7a15}.elementor-social-icon-steam{background-color:#00adee}.elementor-social-icon-stumbleupon{background-color:#eb4924}.elementor-social-icon-telegram{background-color:#2ca5e0}.elementor-social-icon-threads{background-color:#000}.elementor-social-icon-thumb-tack{background-color:#1aa1d8}.elementor-social-icon-tripadvisor{background-color:#589442}.elementor-social-icon-tumblr{background-color:#35465c}.elementor-social-icon-twitch{background-color:#6441a5}.elementor-social-icon-twitter{background-color:#1da1f2}.elementor-social-icon-viber{background-color:#665cac}.elementor-social-icon-vimeo{background-color:#1ab7ea}.elementor-social-icon-vk{background-color:#45668e}.elementor-social-icon-weibo{background-color:#dd2430}.elementor-social-icon-weixin{background-color:#31a918}.elementor-social-icon-whatsapp{background-color:#25d366}.elementor-social-icon-wordpress{background-color:#21759b}.elementor-social-icon-x-twitter{background-color:#000}.elementor-social-icon-xing{background-color:#026466}.elementor-social-icon-yelp{background-color:#af0606}.elementor-social-icon-youtube{background-color:#cd201f}.elementor-social-icon-500px{background-color:#0099e5}.elementor-shape-rounded .elementor-icon.elementor-social-icon{border-radius:10%}.elementor-shape-circle .elementor-icon.elementor-social-icon{border-radius:50%}<\/style>\t\t<div class=\"elementor-social-icons-wrapper elementor-grid\">\n\t\t\t\t\t\t\t<span class=\"elementor-grid-item\">\n\t\t\t\t\t<a class=\"elementor-icon elementor-social-icon elementor-social-icon-facebook-f elementor-repeater-item-6fd67b7\" target=\"_blank\">\n\t\t\t\t\t\t<span class=\"elementor-screen-only\">Facebook-f<\/span>\n\t\t\t\t\t\t<svg class=\"e-font-icon-svg e-fab-facebook-f\" viewbox=\"0 0 320 512\" xmlns=\"http:\/\/www.w3.org\/2000\/svg\"><path d=\"M279.14 288l14.22-92.66h-88.91v-60.13c0-25.35 12.42-50.06 52.24-50.06h40.42V6.26S260.43 0 225.36 0c-73.22 0-121.08 44.38-121.08 124.72v70.62H22.89V288h81.39v224h100.17V288z\"><\/path><\/svg>\t\t\t\t\t<\/a>\n\t\t\t\t<\/span>\n\t\t\t\t\t\t\t<span class=\"elementor-grid-item\">\n\t\t\t\t\t<a class=\"elementor-icon elementor-social-icon elementor-social-icon-twitter elementor-repeater-item-a8babcb\" target=\"_blank\">\n\t\t\t\t\t\t<span class=\"elementor-screen-only\">\u00dej\u00f3rs\u00e1rden<\/span>\n\t\t\t\t\t\t<svg class=\"e-font-icon-svg e-fab-twitter\" viewbox=\"0 0 512 512\" xmlns=\"http:\/\/www.w3.org\/2000\/svg\"><path d=\"M459.37 151.716c.325 4.548.325 9.097.325 13.645 0 138.72-105.583 298.558-298.558 298.558-59.452 0-114.68-17.219-161.137-47.106 8.447.974 16.568 1.299 25.34 1.299 49.055 0 94.213-16.568 130.274-44.832-46.132-.975-84.792-31.188-98.112-72.772 6.498.974 12.995 1.624 19.818 1.624 9.421 0 18.843-1.3 27.614-3.573-48.081-9.747-84.143-51.98-84.143-102.985v-1.299c13.969 7.797 30.214 12.67 47.431 13.319-28.264-18.843-46.781-51.005-46.781-87.391 0-19.492 5.197-37.36 14.294-52.954 51.655 63.675 129.3 105.258 216.365 109.807-1.624-7.797-2.599-15.918-2.599-24.04 0-57.828 46.782-104.934 104.934-104.934 30.213 0 57.502 12.67 76.67 33.137 23.715-4.548 46.456-13.32 66.599-25.34-7.798 24.366-24.366 44.833-46.132 57.827 21.117-2.273 41.584-8.122 60.426-16.243-14.292 20.791-32.161 39.308-52.628 54.253z\"><\/path><\/svg>\t\t\t\t\t<\/a>\n\t\t\t\t<\/span>\n\t\t\t\t\t\t\t<span class=\"elementor-grid-item\">\n\t\t\t\t\t<a class=\"elementor-icon elementor-social-icon elementor-social-icon-instagram elementor-repeater-item-a4d312c\" target=\"_blank\">\n\t\t\t\t\t\t<span class=\"elementor-screen-only\">Instagram<\/span>\n\t\t\t\t\t\t<svg class=\"e-font-icon-svg e-fab-instagram\" viewbox=\"0 0 448 512\" xmlns=\"http:\/\/www.w3.org\/2000\/svg\"><path d=\"M224.1 141c-63.6 0-114.9 51.3-114.9 114.9s51.3 114.9 114.9 114.9S339 319.5 339 255.9 287.7 141 224.1 141zm0 189.6c-41.1 0-74.7-33.5-74.7-74.7s33.5-74.7 74.7-74.7 74.7 33.5 74.7 74.7-33.6 74.7-74.7 74.7zm146.4-194.3c0 14.9-12 26.8-26.8 26.8-14.9 0-26.8-12-26.8-26.8s12-26.8 26.8-26.8 26.8 12 26.8 26.8zm76.1 27.2c-1.7-35.9-9.9-67.7-36.2-93.9-26.2-26.2-58-34.4-93.9-36.2-37-2.1-147.9-2.1-184.9 0-35.8 1.7-67.6 9.9-93.9 36.1s-34.4 58-36.2 93.9c-2.1 37-2.1 147.9 0 184.9 1.7 35.9 9.9 67.7 36.2 93.9s58 34.4 93.9 36.2c37 2.1 147.9 2.1 184.9 0 35.9-1.7 67.7-9.9 93.9-36.2 26.2-26.2 34.4-58 36.2-93.9 2.1-37 2.1-147.8 0-184.8zM398.8 388c-7.8 19.6-22.9 34.7-42.6 42.6-29.5 11.7-99.5 9-132.1 9s-102.7 2.6-132.1-9c-19.6-7.8-34.7-22.9-42.6-42.6-11.7-29.5-9-99.5-9-132.1s-2.6-102.7 9-132.1c7.8-19.6 22.9-34.7 42.6-42.6 29.5-11.7 99.5-9 132.1-9s102.7-2.6 132.1 9c19.6 7.8 34.7 22.9 42.6 42.6 11.7 29.5 9 99.5 9 132.1s2.7 102.7-9 132.1z\"><\/path><\/svg>\t\t\t\t\t<\/a>\n\t\t\t\t<\/span>\n\t\t\t\t\t\t\t<span class=\"elementor-grid-item\">\n\t\t\t\t\t<a class=\"elementor-icon elementor-social-icon elementor-social-icon-pinterest-p elementor-repeater-item-bb1f33a\" target=\"_blank\">\n\t\t\t\t\t\t<span class=\"elementor-screen-only\">Pinterest-p<\/span>\n\t\t\t\t\t\t<svg class=\"e-font-icon-svg e-fab-pinterest-p\" viewbox=\"0 0 384 512\" xmlns=\"http:\/\/www.w3.org\/2000\/svg\"><path d=\"M204 6.5C101.4 6.5 0 74.9 0 185.6 0 256 39.6 296 63.6 296c9.9 0 15.6-27.6 15.6-35.4 0-9.3-23.7-29.1-23.7-67.8 0-80.4 61.2-137.4 140.4-137.4 68.1 0 118.5 38.7 118.5 109.8 0 53.1-21.3 152.7-90.3 152.7-24.9 0-46.2-18-46.2-43.8 0-37.8 26.4-74.4 26.4-113.4 0-66.2-93.9-54.2-93.9 25.8 0 16.8 2.1 35.4 9.6 50.7-13.8 59.4-42 147.9-42 209.1 0 18.9 2.7 37.5 4.5 56.4 3.4 3.8 1.7 3.4 6.9 1.5 50.4-69 48.6-82.5 71.4-172.8 12.3 23.4 44.1 36 69.3 36 106.2 0 153.9-103.5 153.9-196.8C384 71.3 298.2 6.5 204 6.5z\"><\/path><\/svg>\t\t\t\t\t<\/a>\n\t\t\t\t<\/span>\n\t\t\t\t\t<\/div>\n\t\t\t\t<\/div>\n\t\t\t\t<\/div>\n\t\t\t\t\t<\/div>\n\t\t<\/div>\n\t\t\t\t\t<\/div>\n\t\t<\/section>\n\t\t\t\t<\/div>","protected":false},"excerpt":{"rendered":"<p>Who is HAPPRUN? We are passionate technology enthusiasts inspired by the incredible potential of innovative gadgets like the HAPPRUN Projector. While we are not officially affiliated with the HAPPRUN brand&hellip;<\/p>","protected":false},"author":1,"featured_media":3441,"parent":0,"menu_order":0,"comment_status":"closed","ping_status":"closed","template":"templates\/split.php","meta":{"_themeisle_gutenberg_block_has_review":false,"footnotes":""},"class_list":["post-160","page","type-page","status-publish","has-post-thumbnail","hentry"],"yoast_head":"<!-- This site is optimized with the Yoast SEO plugin v22.7 - https:\/\/yoast.com\/wordpress\/plugins\/seo\/ -->\n<title>Our Journey - Happrun Projector<\/title>\n<meta name=\"description\" content=\"Explore the fascinating journey of Happrun, from our humble beginnings to becoming a leading name in projector technology. Discover our mission, values, and commitment to delivering innovative entertainment solutions.\" \/>\n<meta name=\"robots\" content=\"index, follow, max-snippet:-1, max-image-preview:large, max-video-preview:-1\" \/>\n<link rel=\"canonical\" href=\"https:\/\/www.happrunprojector.com\/de\/markengeschichte\/\" \/>\n<meta property=\"og:locale\" content=\"de_DE\" \/>\n<meta property=\"og:type\" content=\"article\" \/>\n<meta property=\"og:title\" content=\"Our Journey - Happrun Projector\" \/>\n<meta property=\"og:description\" content=\"Explore the fascinating journey of Happrun, from our humble beginnings to becoming a leading name in projector technology. Discover our mission, values, and commitment to delivering innovative entertainment solutions.\" \/>\n<meta property=\"og:url\" content=\"https:\/\/www.happrunprojector.com\/de\/markengeschichte\/\" \/>\n<meta property=\"og:site_name\" content=\"Happrun Projector\" \/>\n<meta property=\"article:modified_time\" content=\"2024-12-09T14:20:15+00:00\" \/>\n<meta property=\"og:image\" content=\"https:\/\/www.happrunprojector.com\/wp-content\/uploads\/2024\/05\/pexels-photo-3131971.webp\" \/>\n\t<meta property=\"og:image:width\" content=\"1000\" \/>\n\t<meta property=\"og:image:height\" content=\"1500\" \/>\n\t<meta property=\"og:image:type\" content=\"image\/webp\" \/>\n<meta name=\"twitter:card\" content=\"summary_large_image\" \/>\n<meta name=\"twitter:label1\" content=\"Gesch\u00e4tzte Lesezeit\" \/>\n\t<meta name=\"twitter:data1\" content=\"2 Minuten\" \/>\n<script type=\"application\/ld+json\" class=\"yoast-schema-graph\">{\"@context\":\"https:\/\/schema.org\",\"@graph\":[{\"@type\":\"WebPage\",\"@id\":\"https:\/\/www.happrunprojector.com\/brand-story\/\",\"url\":\"https:\/\/www.happrunprojector.com\/brand-story\/\",\"name\":\"Our Journey - Happrun Projector\",\"isPartOf\":{\"@id\":\"https:\/\/www.happrunprojector.com\/#website\"},\"primaryImageOfPage\":{\"@id\":\"https:\/\/www.happrunprojector.com\/brand-story\/#primaryimage\"},\"image\":{\"@id\":\"https:\/\/www.happrunprojector.com\/brand-story\/#primaryimage\"},\"thumbnailUrl\":\"https:\/\/www.happrunprojector.com\/wp-content\/uploads\/2024\/05\/pexels-photo-3131971.webp\",\"datePublished\":\"2018-08-28T09:52:26+00:00\",\"dateModified\":\"2024-12-09T14:20:15+00:00\",\"description\":\"Explore the fascinating journey of Happrun, from our humble beginnings to becoming a leading name in projector technology. Discover our mission, values, and commitment to delivering innovative entertainment solutions.\",\"breadcrumb\":{\"@id\":\"https:\/\/www.happrunprojector.com\/brand-story\/#breadcrumb\"},\"inLanguage\":\"de\",\"potentialAction\":[{\"@type\":\"ReadAction\",\"target\":[\"https:\/\/www.happrunprojector.com\/brand-story\/\"]}]},{\"@type\":\"ImageObject\",\"inLanguage\":\"de\",\"@id\":\"https:\/\/www.happrunprojector.com\/brand-story\/#primaryimage\",\"url\":\"https:\/\/www.happrunprojector.com\/wp-content\/uploads\/2024\/05\/pexels-photo-3131971.webp\",\"contentUrl\":\"https:\/\/www.happrunprojector.com\/wp-content\/uploads\/2024\/05\/pexels-photo-3131971.webp\",\"width\":1000,\"height\":1500},{\"@type\":\"BreadcrumbList\",\"@id\":\"https:\/\/www.happrunprojector.com\/brand-story\/#breadcrumb\",\"itemListElement\":[{\"@type\":\"ListItem\",\"position\":1,\"name\":\"Home\",\"item\":\"https:\/\/www.happrunprojector.com\/\"},{\"@type\":\"ListItem\",\"position\":2,\"name\":\"Brand Story\"}]},{\"@type\":\"WebSite\",\"@id\":\"https:\/\/www.happrunprojector.com\/#website\",\"url\":\"https:\/\/www.happrunprojector.com\/\",\"name\":\"Happrun Projector\",\"description\":\"\",\"potentialAction\":[{\"@type\":\"SearchAction\",\"target\":{\"@type\":\"EntryPoint\",\"urlTemplate\":\"https:\/\/www.happrunprojector.com\/?s={search_term_string}\"},\"query-input\":\"required name=search_term_string\"}],\"inLanguage\":\"de\"}]}<\/script>\n<!-- \/ Yoast SEO plugin. -->","yoast_head_json":{"title":"Our Journey - Happrun Projector","description":"Explore the fascinating journey of Happrun, from our humble beginnings to becoming a leading name in projector technology. Discover our mission, values, and commitment to delivering innovative entertainment solutions.","robots":{"index":"index","follow":"follow","max-snippet":"max-snippet:-1","max-image-preview":"max-image-preview:large","max-video-preview":"max-video-preview:-1"},"canonical":"https:\/\/www.happrunprojector.com\/de\/markengeschichte\/","og_locale":"de_DE","og_type":"article","og_title":"Our Journey - Happrun Projector","og_description":"Explore the fascinating journey of Happrun, from our humble beginnings to becoming a leading name in projector technology. Discover our mission, values, and commitment to delivering innovative entertainment solutions.","og_url":"https:\/\/www.happrunprojector.com\/de\/markengeschichte\/","og_site_name":"Happrun Projector","article_modified_time":"2024-12-09T14:20:15+00:00","og_image":[{"width":1000,"height":1500,"url":"https:\/\/www.happrunprojector.com\/wp-content\/uploads\/2024\/05\/pexels-photo-3131971.webp","type":"image\/webp"}],"twitter_card":"summary_large_image","twitter_misc":{"Gesch\u00e4tzte Lesezeit":"2 Minuten"},"schema":{"@context":"https:\/\/schema.org","@graph":[{"@type":"WebPage","@id":"https:\/\/www.happrunprojector.com\/brand-story\/","url":"https:\/\/www.happrunprojector.com\/brand-story\/","name":"Our Journey - Happrun Projector","isPartOf":{"@id":"https:\/\/www.happrunprojector.com\/#website"},"primaryImageOfPage":{"@id":"https:\/\/www.happrunprojector.com\/brand-story\/#primaryimage"},"image":{"@id":"https:\/\/www.happrunprojector.com\/brand-story\/#primaryimage"},"thumbnailUrl":"https:\/\/www.happrunprojector.com\/wp-content\/uploads\/2024\/05\/pexels-photo-3131971.webp","datePublished":"2018-08-28T09:52:26+00:00","dateModified":"2024-12-09T14:20:15+00:00","description":"Explore the fascinating journey of Happrun, from our humble beginnings to becoming a leading name in projector technology. Discover our mission, values, and commitment to delivering innovative entertainment solutions.","breadcrumb":{"@id":"https:\/\/www.happrunprojector.com\/brand-story\/#breadcrumb"},"inLanguage":"de","potentialAction":[{"@type":"ReadAction","target":["https:\/\/www.happrunprojector.com\/brand-story\/"]}]},{"@type":"ImageObject","inLanguage":"de","@id":"https:\/\/www.happrunprojector.com\/brand-story\/#primaryimage","url":"https:\/\/www.happrunprojector.com\/wp-content\/uploads\/2024\/05\/pexels-photo-3131971.webp","contentUrl":"https:\/\/www.happrunprojector.com\/wp-content\/uploads\/2024\/05\/pexels-photo-3131971.webp","width":1000,"height":1500},{"@type":"BreadcrumbList","@id":"https:\/\/www.happrunprojector.com\/brand-story\/#breadcrumb","itemListElement":[{"@type":"ListItem","position":1,"name":"Home","item":"https:\/\/www.happrunprojector.com\/"},{"@type":"ListItem","position":2,"name":"Brand Story"}]},{"@type":"WebSite","@id":"https:\/\/www.happrunprojector.com\/#website","url":"https:\/\/www.happrunprojector.com\/","name":"Happrun Projector","description":"","potentialAction":[{"@type":"SearchAction","target":{"@type":"EntryPoint","urlTemplate":"https:\/\/www.happrunprojector.com\/?s={search_term_string}"},"query-input":"required name=search_term_string"}],"inLanguage":"de"}]}},"_links":{"self":[{"href":"https:\/\/www.happrunprojector.com\/de\/wp-json\/wp\/v2\/pages\/160","targetHints":{"allow":["GET"]}}],"collection":[{"href":"https:\/\/www.happrunprojector.com\/de\/wp-json\/wp\/v2\/pages"}],"about":[{"href":"https:\/\/www.happrunprojector.com\/de\/wp-json\/wp\/v2\/types\/page"}],"author":[{"embeddable":true,"href":"https:\/\/www.happrunprojector.com\/de\/wp-json\/wp\/v2\/users\/1"}],"replies":[{"embeddable":true,"href":"https:\/\/www.happrunprojector.com\/de\/wp-json\/wp\/v2\/comments?post=160"}],"version-history":[{"count":13,"href":"https:\/\/www.happrunprojector.com\/de\/wp-json\/wp\/v2\/pages\/160\/revisions"}],"predecessor-version":[{"id":3688,"href":"https:\/\/www.happrunprojector.com\/de\/wp-json\/wp\/v2\/pages\/160\/revisions\/3688"}],"wp:featuredmedia":[{"embeddable":true,"href":"https:\/\/www.happrunprojector.com\/de\/wp-json\/wp\/v2\/media\/3441"}],"wp:attachment":[{"href":"https:\/\/www.happrunprojector.com\/de\/wp-json\/wp\/v2\/media?parent=160"}],"curies":[{"name":"wp","href":"https:\/\/api.w.org\/{rel}","templated":true}]}}